{"id":6790,"date":"2026-01-09T09:39:05","date_gmt":"2026-01-09T08:39:05","guid":{"rendered":"https:\/\/wordpress.nibis.de\/gsneuhof\/?page_id=6790"},"modified":"2026-01-09T09:39:05","modified_gmt":"2026-01-09T08:39:05","slug":"skipping-hearts","status":"publish","type":"page","link":"https:\/\/wordpress.nibis.de\/gsneuhof\/skipping-hearts\/","title":{"rendered":"&#8222;Skipping Hearts&#8220;"},"content":{"rendered":"\n<p>Gestern fand an unserer Schule das Projekt \u201eSkipping Hearts\u201c der Deutschen Herzstiftung statt.<br>Alle Kinder hatten die M\u00f6glichkeit, viele verschiedene Einzel- und Partnerspr\u00fcnge zu erlernen. In der kurzen Zeit haben sie erstaunlich viel dazugelernt \u2013 es war sehr beeindruckend, diese Entwicklung zu beobachten. Die Kinder k\u00f6nnen wirklich stolz auf sich sein.<\/p>\n<p>Alle hatten gro\u00dfe Freude an dem Projekt und waren mit viel Motivation dabei.<br>Zum Abschluss gab es eine Vorf\u00fchrung f\u00fcr die zweiten Klassen und die Eltern. Anschlie\u00dfend hatten auch die zweiten Klassen die Gelegenheit, das Seilspringen selbst auszuprobieren.<\/p>\n\n\n\n<figure class=\"wp-block-gallery has-nested-images columns-2 is-cropped wp-block-gallery-1 is-layout-flex wp-block-gallery-is-layout-flex\">\n<figure class=\"wp-block-image size-large\"><img loading=\"lazy\" decoding=\"async\" width=\"800\" height=\"600\" data-id=\"6791\" src=\"https:\/\/wordpress.nibis.de\/gsneuhof\/files\/2026\/01\/K1600_IMG_0436-800x600.jpg\" alt=\"\" class=\"wp-image-6791\" srcset=\"https:\/\/wordpress.nibis.de\/gsneuhof\/files\/2026\/01\/K1600_IMG_0436-800x600.jpg 800w, https:\/\/wordpress.nibis.de\/gsneuhof\/files\/2026\/01\/K1600_IMG_0436-300x225.jpg 300w, https:\/\/wordpress.nibis.de\/gsneuhof\/files\/2026\/01\/K1600_IMG_0436-768x576.jpg 768w, https:\/\/wordpress.nibis.de\/gsneuhof\/files\/2026\/01\/K1600_IMG_0436-100x75.jpg 100w, https:\/\/wordpress.nibis.de\/gsneuhof\/files\/2026\/01\/K1600_IMG_0436-1536x1152.jpg 1536w, https:\/\/wordpress.nibis.de\/gsneuhof\/files\/2026\/01\/K1600_IMG_0436.jpg 1600w\" sizes=\"auto, (max-width: 800px) 100vw, 800px\" \/><\/figure>\n\n\n\n<figure class=\"wp-block-image size-large\"><img loading=\"lazy\" decoding=\"async\" width=\"800\" height=\"600\" data-id=\"6792\" src=\"https:\/\/wordpress.nibis.de\/gsneuhof\/files\/2026\/01\/K1600_IMG_0437-800x600.jpg\" alt=\"\" class=\"wp-image-6792\" srcset=\"https:\/\/wordpress.nibis.de\/gsneuhof\/files\/2026\/01\/K1600_IMG_0437-800x600.jpg 800w, https:\/\/wordpress.nibis.de\/gsneuhof\/files\/2026\/01\/K1600_IMG_0437-300x225.jpg 300w, https:\/\/wordpress.nibis.de\/gsneuhof\/files\/2026\/01\/K1600_IMG_0437-768x576.jpg 768w, https:\/\/wordpress.nibis.de\/gsneuhof\/files\/2026\/01\/K1600_IMG_0437-100x75.jpg 100w, https:\/\/wordpress.nibis.de\/gsneuhof\/files\/2026\/01\/K1600_IMG_0437-1536x1152.jpg 1536w, https:\/\/wordpress.nibis.de\/gsneuhof\/files\/2026\/01\/K1600_IMG_0437.jpg 1600w\" sizes=\"auto, (max-width: 800px) 100vw, 800px\" \/><\/figure>\n\n\n\n<figure class=\"wp-block-image size-large\"><img loading=\"lazy\" decoding=\"async\" width=\"800\" height=\"600\" data-id=\"6793\" src=\"https:\/\/wordpress.nibis.de\/gsneuhof\/files\/2026\/01\/K1600_IMG_0440-800x600.jpg\" alt=\"\" class=\"wp-image-6793\" srcset=\"https:\/\/wordpress.nibis.de\/gsneuhof\/files\/2026\/01\/K1600_IMG_0440-800x600.jpg 800w, https:\/\/wordpress.nibis.de\/gsneuhof\/files\/2026\/01\/K1600_IMG_0440-300x225.jpg 300w, https:\/\/wordpress.nibis.de\/gsneuhof\/files\/2026\/01\/K1600_IMG_0440-768x576.jpg 768w, https:\/\/wordpress.nibis.de\/gsneuhof\/files\/2026\/01\/K1600_IMG_0440-100x75.jpg 100w, https:\/\/wordpress.nibis.de\/gsneuhof\/files\/2026\/01\/K1600_IMG_0440-1536x1152.jpg 1536w, https:\/\/wordpress.nibis.de\/gsneuhof\/files\/2026\/01\/K1600_IMG_0440.jpg 1600w\" sizes=\"auto, (max-width: 800px) 100vw, 800px\" \/><\/figure>\n\n\n\n<figure class=\"wp-block-image size-large\"><img loading=\"lazy\" decoding=\"async\" width=\"800\" height=\"600\" data-id=\"6794\" src=\"https:\/\/wordpress.nibis.de\/gsneuhof\/files\/2026\/01\/K1600_IMG_0444-800x600.jpg\" alt=\"\" class=\"wp-image-6794\" srcset=\"https:\/\/wordpress.nibis.de\/gsneuhof\/files\/2026\/01\/K1600_IMG_0444-800x600.jpg 800w, https:\/\/wordpress.nibis.de\/gsneuhof\/files\/2026\/01\/K1600_IMG_0444-300x225.jpg 300w, https:\/\/wordpress.nibis.de\/gsneuhof\/files\/2026\/01\/K1600_IMG_0444-768x576.jpg 768w, https:\/\/wordpress.nibis.de\/gsneuhof\/files\/2026\/01\/K1600_IMG_0444-100x75.jpg 100w, https:\/\/wordpress.nibis.de\/gsneuhof\/files\/2026\/01\/K1600_IMG_0444-1536x1152.jpg 1536w, https:\/\/wordpress.nibis.de\/gsneuhof\/files\/2026\/01\/K1600_IMG_0444.jpg 1600w\" sizes=\"auto, (max-width: 800px) 100vw, 800px\" \/><\/figure>\n\n\n\n<figure class=\"wp-block-image size-large\"><img loading=\"lazy\" decoding=\"async\" width=\"800\" height=\"600\" data-id=\"6795\" src=\"https:\/\/wordpress.nibis.de\/gsneuhof\/files\/2026\/01\/K1600_IMG_0451-800x600.jpg\" alt=\"\" class=\"wp-image-6795\" srcset=\"https:\/\/wordpress.nibis.de\/gsneuhof\/files\/2026\/01\/K1600_IMG_0451-800x600.jpg 800w, https:\/\/wordpress.nibis.de\/gsneuhof\/files\/2026\/01\/K1600_IMG_0451-300x225.jpg 300w, https:\/\/wordpress.nibis.de\/gsneuhof\/files\/2026\/01\/K1600_IMG_0451-768x576.jpg 768w, https:\/\/wordpress.nibis.de\/gsneuhof\/files\/2026\/01\/K1600_IMG_0451-100x75.jpg 100w, https:\/\/wordpress.nibis.de\/gsneuhof\/files\/2026\/01\/K1600_IMG_0451-1536x1152.jpg 1536w, https:\/\/wordpress.nibis.de\/gsneuhof\/files\/2026\/01\/K1600_IMG_0451.jpg 1600w\" sizes=\"auto, (max-width: 800px) 100vw, 800px\" \/><\/figure>\n<\/figure>\n\n\n\n<p>Text: Frau Haberlach\/ Bilder: Frau Henning<\/p>\n","protected":false},"excerpt":{"rendered":"<p>Gestern fand an unserer Schule das Projekt \u201eSkipping Hearts\u201c der Deutschen Herzstiftung statt.Alle Kinder hatten die M\u00f6glichkeit, viele verschiedene Einzel- und Partnerspr\u00fcnge zu erlernen. In der kurzen Zeit haben sie erstaunlich viel dazugelernt \u2013 es war sehr beeindruckend, diese Entwicklung &hellip; <a href=\"https:\/\/wordpress.nibis.de\/gsneuhof\/skipping-hearts\/\">Weiterlesen <span class=\"meta-nav\">&rarr;<\/span><\/a><\/p>\n","protected":false},"author":781,"featured_media":0,"parent":0,"menu_order":0,"comment_status":"closed","ping_status":"closed","template":"","meta":{"footnotes":""},"class_list":["post-6790","page","type-page","status-publish","hentry"],"_links":{"self":[{"href":"https:\/\/wordpress.nibis.de\/gsneuhof\/wp-json\/wp\/v2\/pages\/6790","targetHints":{"allow":["GET"]}}],"collection":[{"href":"https:\/\/wordpress.nibis.de\/gsneuhof\/wp-json\/wp\/v2\/pages"}],"about":[{"href":"https:\/\/wordpress.nibis.de\/gsneuhof\/wp-json\/wp\/v2\/types\/page"}],"author":[{"embeddable":true,"href":"https:\/\/wordpress.nibis.de\/gsneuhof\/wp-json\/wp\/v2\/users\/781"}],"replies":[{"embeddable":true,"href":"https:\/\/wordpress.nibis.de\/gsneuhof\/wp-json\/wp\/v2\/comments?post=6790"}],"version-history":[{"count":2,"href":"https:\/\/wordpress.nibis.de\/gsneuhof\/wp-json\/wp\/v2\/pages\/6790\/revisions"}],"predecessor-version":[{"id":6798,"href":"https:\/\/wordpress.nibis.de\/gsneuhof\/wp-json\/wp\/v2\/pages\/6790\/revisions\/6798"}],"wp:attachment":[{"href":"https:\/\/wordpress.nibis.de\/gsneuhof\/wp-json\/wp\/v2\/media?parent=6790"}],"curies":[{"name":"wp","href":"https:\/\/api.w.org\/{rel}","templated":true}]}}