{"id":6974,"date":"2026-02-10T15:56:10","date_gmt":"2026-02-10T14:56:10","guid":{"rendered":"https:\/\/wordpress.nibis.de\/gsneuhof\/?page_id=6974"},"modified":"2026-02-10T15:56:10","modified_gmt":"2026-02-10T14:56:10","slug":"fussballturnier-am-10-02-2026","status":"publish","type":"page","link":"https:\/\/wordpress.nibis.de\/gsneuhof\/fussballturnier-am-10-02-2026\/","title":{"rendered":"Fu\u00dfballturnier am 10.02.2026"},"content":{"rendered":"\n<p>Bei der diesj\u00e4hrigen Vorrunde des Hallenfu\u00dfballturniers der Grundschulen in Himmelsth\u00fcr war unsere Schule mit einer Mannschaft aus sieben engagierten Jungs vertreten. Insgesamt traten acht Teams in zwei Gruppen gegeneinander an und sorgten f\u00fcr einen spannenden, sportlich fairen Wettkampftag.<br \/>Von Beginn an zeigten unsere Spieler gro\u00dfen Einsatz, Teamgeist und viel Freude am Fu\u00dfball. In jedem Spiel wurde gek\u00e4mpft, angefeuert und zusammengehalten \u2013 ganz im Sinne des Sports. Auch wenn es am Ende f\u00fcr uns nicht in die n\u00e4chste Runde geht, reicht es f\u00fcr den 6. Platz und unsere Jungs k\u00f6nnen stolz auf ihre Leistung sein. Sie sammelten wertvolle Spielerfahrung, machten gute Torsch\u00fcsse und bewiesen, dass Zusammenhalt und Spa\u00df am Spiel genauso wichtig sind wie das Ergebnis.<br \/>Ein gro\u00dfes Lob geht an unsere Mannschaft und unseren Trainer f\u00fcr ihren Einsatz sowie an die Organisatoren f\u00fcr ein gelungenes Turnier. Herzlichen Dank an alle Helferinnen und Helfer. Wir freuen uns schon auf das n\u00e4chste sportliche Ereignis!<\/p>\n<p>\u00a0<\/p>\n\n\n\n<figure class=\"wp-block-gallery has-nested-images columns-default is-cropped wp-block-gallery-1 is-layout-flex wp-block-gallery-is-layout-flex\">\n<figure class=\"wp-block-image size-large\"><img loading=\"lazy\" decoding=\"async\" width=\"800\" height=\"600\" data-id=\"6978\" src=\"https:\/\/wordpress.nibis.de\/gsneuhof\/files\/2026\/02\/IMG_0699-800x600.jpg\" alt=\"\" class=\"wp-image-6978\" srcset=\"https:\/\/wordpress.nibis.de\/gsneuhof\/files\/2026\/02\/IMG_0699-800x600.jpg 800w, https:\/\/wordpress.nibis.de\/gsneuhof\/files\/2026\/02\/IMG_0699-300x225.jpg 300w, https:\/\/wordpress.nibis.de\/gsneuhof\/files\/2026\/02\/IMG_0699-768x576.jpg 768w, https:\/\/wordpress.nibis.de\/gsneuhof\/files\/2026\/02\/IMG_0699-100x75.jpg 100w, https:\/\/wordpress.nibis.de\/gsneuhof\/files\/2026\/02\/IMG_0699-1536x1152.jpg 1536w, https:\/\/wordpress.nibis.de\/gsneuhof\/files\/2026\/02\/IMG_0699-2048x1536.jpg 2048w\" sizes=\"auto, (max-width: 800px) 100vw, 800px\" \/><\/figure>\n\n\n\n<figure class=\"wp-block-image size-large\"><img loading=\"lazy\" decoding=\"async\" width=\"800\" height=\"600\" data-id=\"6977\" src=\"https:\/\/wordpress.nibis.de\/gsneuhof\/files\/2026\/02\/IMG_0693-800x600.jpg\" alt=\"\" class=\"wp-image-6977\" srcset=\"https:\/\/wordpress.nibis.de\/gsneuhof\/files\/2026\/02\/IMG_0693-800x600.jpg 800w, https:\/\/wordpress.nibis.de\/gsneuhof\/files\/2026\/02\/IMG_0693-300x225.jpg 300w, https:\/\/wordpress.nibis.de\/gsneuhof\/files\/2026\/02\/IMG_0693-768x576.jpg 768w, https:\/\/wordpress.nibis.de\/gsneuhof\/files\/2026\/02\/IMG_0693-100x75.jpg 100w, https:\/\/wordpress.nibis.de\/gsneuhof\/files\/2026\/02\/IMG_0693-1536x1152.jpg 1536w, https:\/\/wordpress.nibis.de\/gsneuhof\/files\/2026\/02\/IMG_0693-2048x1536.jpg 2048w\" sizes=\"auto, (max-width: 800px) 100vw, 800px\" \/><\/figure>\n\n\n\n<figure class=\"wp-block-image size-large\"><img loading=\"lazy\" decoding=\"async\" width=\"800\" height=\"600\" data-id=\"6975\" src=\"https:\/\/wordpress.nibis.de\/gsneuhof\/files\/2026\/02\/IMG_0690-800x600.jpg\" alt=\"\" class=\"wp-image-6975\" srcset=\"https:\/\/wordpress.nibis.de\/gsneuhof\/files\/2026\/02\/IMG_0690-800x600.jpg 800w, https:\/\/wordpress.nibis.de\/gsneuhof\/files\/2026\/02\/IMG_0690-300x225.jpg 300w, https:\/\/wordpress.nibis.de\/gsneuhof\/files\/2026\/02\/IMG_0690-768x576.jpg 768w, https:\/\/wordpress.nibis.de\/gsneuhof\/files\/2026\/02\/IMG_0690-100x75.jpg 100w, https:\/\/wordpress.nibis.de\/gsneuhof\/files\/2026\/02\/IMG_0690-1536x1152.jpg 1536w, https:\/\/wordpress.nibis.de\/gsneuhof\/files\/2026\/02\/IMG_0690-2048x1536.jpg 2048w\" sizes=\"auto, (max-width: 800px) 100vw, 800px\" \/><\/figure>\n\n\n\n<figure class=\"wp-block-image size-large\"><img loading=\"lazy\" decoding=\"async\" width=\"800\" height=\"600\" data-id=\"6976\" src=\"https:\/\/wordpress.nibis.de\/gsneuhof\/files\/2026\/02\/IMG_0689-800x600.jpg\" alt=\"\" class=\"wp-image-6976\" srcset=\"https:\/\/wordpress.nibis.de\/gsneuhof\/files\/2026\/02\/IMG_0689-800x600.jpg 800w, https:\/\/wordpress.nibis.de\/gsneuhof\/files\/2026\/02\/IMG_0689-300x225.jpg 300w, https:\/\/wordpress.nibis.de\/gsneuhof\/files\/2026\/02\/IMG_0689-768x576.jpg 768w, https:\/\/wordpress.nibis.de\/gsneuhof\/files\/2026\/02\/IMG_0689-100x75.jpg 100w, https:\/\/wordpress.nibis.de\/gsneuhof\/files\/2026\/02\/IMG_0689-1536x1152.jpg 1536w, https:\/\/wordpress.nibis.de\/gsneuhof\/files\/2026\/02\/IMG_0689-2048x1536.jpg 2048w\" sizes=\"auto, (max-width: 800px) 100vw, 800px\" \/><\/figure>\n<\/figure>\n\n\n\n<p>Text und Bild: Frau Henning<\/p>\n","protected":false},"excerpt":{"rendered":"<p>Bei der diesj\u00e4hrigen Vorrunde des Hallenfu\u00dfballturniers der Grundschulen in Himmelsth\u00fcr war unsere Schule mit einer Mannschaft aus sieben engagierten Jungs vertreten. Insgesamt traten acht Teams in zwei Gruppen gegeneinander an und sorgten f\u00fcr einen spannenden, sportlich fairen Wettkampftag.Von Beginn an &hellip; <a href=\"https:\/\/wordpress.nibis.de\/gsneuhof\/fussballturnier-am-10-02-2026\/\">Weiterlesen <span class=\"meta-nav\">&rarr;<\/span><\/a><\/p>\n","protected":false},"author":781,"featured_media":0,"parent":0,"menu_order":0,"comment_status":"closed","ping_status":"closed","template":"","meta":{"footnotes":""},"class_list":["post-6974","page","type-page","status-publish","hentry"],"_links":{"self":[{"href":"https:\/\/wordpress.nibis.de\/gsneuhof\/wp-json\/wp\/v2\/pages\/6974","targetHints":{"allow":["GET"]}}],"collection":[{"href":"https:\/\/wordpress.nibis.de\/gsneuhof\/wp-json\/wp\/v2\/pages"}],"about":[{"href":"https:\/\/wordpress.nibis.de\/gsneuhof\/wp-json\/wp\/v2\/types\/page"}],"author":[{"embeddable":true,"href":"https:\/\/wordpress.nibis.de\/gsneuhof\/wp-json\/wp\/v2\/users\/781"}],"replies":[{"embeddable":true,"href":"https:\/\/wordpress.nibis.de\/gsneuhof\/wp-json\/wp\/v2\/comments?post=6974"}],"version-history":[{"count":3,"href":"https:\/\/wordpress.nibis.de\/gsneuhof\/wp-json\/wp\/v2\/pages\/6974\/revisions"}],"predecessor-version":[{"id":6982,"href":"https:\/\/wordpress.nibis.de\/gsneuhof\/wp-json\/wp\/v2\/pages\/6974\/revisions\/6982"}],"wp:attachment":[{"href":"https:\/\/wordpress.nibis.de\/gsneuhof\/wp-json\/wp\/v2\/media?parent=6974"}],"curies":[{"name":"wp","href":"https:\/\/api.w.org\/{rel}","templated":true}]}}