{"id":7007,"date":"2026-02-16T13:30:35","date_gmt":"2026-02-16T12:30:35","guid":{"rendered":"https:\/\/wordpress.nibis.de\/gsneuhof\/?page_id=7007"},"modified":"2026-02-16T14:01:27","modified_gmt":"2026-02-16T13:01:27","slug":"rosenmontag-2026","status":"publish","type":"page","link":"https:\/\/wordpress.nibis.de\/gsneuhof\/rosenmontag-2026\/","title":{"rendered":"Rosenmontag 2026"},"content":{"rendered":"\n<p>Endlich war es wieder soweit: Rosenmontag.<\/p>\n<p>Alle Kinder kamen heute bunt verkleidet in die Schule. (Und bei dem ein oder anderen mussten wir ganz genau hinschauen, wer sich dahinter verbirgt.)<\/p>\n<p>In den ersten zwei Stunden wurde in der Klasse getanzt, gespielt und lecker gefr\u00fchst\u00fcckt. Danach hat sich die ganze Schule in der Turnhalle getroffen. Es gab eine Polon\u00e4se, es wurde getanzt und die einzelnen Verkleidungen gew\u00fcrdigt. Danach war noch Zeit, um in den Klassen weiter zu feiern.<\/p>\n<p>&nbsp;<\/p>\n\n\n\n<figure class=\"wp-block-gallery has-nested-images columns-2 is-cropped wp-block-gallery-1 is-layout-flex wp-block-gallery-is-layout-flex\">\n<figure class=\"wp-block-image size-large\"><img loading=\"lazy\" decoding=\"async\" width=\"800\" height=\"600\" data-id=\"7009\" src=\"https:\/\/wordpress.nibis.de\/gsneuhof\/files\/2026\/02\/K1600_P1070111-800x600.jpg\" alt=\"\" class=\"wp-image-7009\" srcset=\"https:\/\/wordpress.nibis.de\/gsneuhof\/files\/2026\/02\/K1600_P1070111-800x600.jpg 800w, https:\/\/wordpress.nibis.de\/gsneuhof\/files\/2026\/02\/K1600_P1070111-300x225.jpg 300w, https:\/\/wordpress.nibis.de\/gsneuhof\/files\/2026\/02\/K1600_P1070111-768x576.jpg 768w, https:\/\/wordpress.nibis.de\/gsneuhof\/files\/2026\/02\/K1600_P1070111-100x75.jpg 100w, https:\/\/wordpress.nibis.de\/gsneuhof\/files\/2026\/02\/K1600_P1070111-1536x1152.jpg 1536w, https:\/\/wordpress.nibis.de\/gsneuhof\/files\/2026\/02\/K1600_P1070111.jpg 1600w\" sizes=\"auto, (max-width: 800px) 100vw, 800px\" \/><\/figure>\n\n\n\n<figure class=\"wp-block-image size-large\"><img loading=\"lazy\" decoding=\"async\" width=\"800\" height=\"600\" data-id=\"7008\" src=\"https:\/\/wordpress.nibis.de\/gsneuhof\/files\/2026\/02\/K1600_P1070112-800x600.jpg\" alt=\"\" class=\"wp-image-7008\" srcset=\"https:\/\/wordpress.nibis.de\/gsneuhof\/files\/2026\/02\/K1600_P1070112-800x600.jpg 800w, https:\/\/wordpress.nibis.de\/gsneuhof\/files\/2026\/02\/K1600_P1070112-300x225.jpg 300w, https:\/\/wordpress.nibis.de\/gsneuhof\/files\/2026\/02\/K1600_P1070112-768x576.jpg 768w, https:\/\/wordpress.nibis.de\/gsneuhof\/files\/2026\/02\/K1600_P1070112-100x75.jpg 100w, https:\/\/wordpress.nibis.de\/gsneuhof\/files\/2026\/02\/K1600_P1070112-1536x1152.jpg 1536w, https:\/\/wordpress.nibis.de\/gsneuhof\/files\/2026\/02\/K1600_P1070112.jpg 1600w\" sizes=\"auto, (max-width: 800px) 100vw, 800px\" \/><\/figure>\n\n\n\n<figure class=\"wp-block-image size-large\"><img loading=\"lazy\" decoding=\"async\" width=\"800\" height=\"600\" data-id=\"7012\" src=\"https:\/\/wordpress.nibis.de\/gsneuhof\/files\/2026\/02\/K1600_P1070120-800x600.jpg\" alt=\"\" class=\"wp-image-7012\" srcset=\"https:\/\/wordpress.nibis.de\/gsneuhof\/files\/2026\/02\/K1600_P1070120-800x600.jpg 800w, https:\/\/wordpress.nibis.de\/gsneuhof\/files\/2026\/02\/K1600_P1070120-300x225.jpg 300w, https:\/\/wordpress.nibis.de\/gsneuhof\/files\/2026\/02\/K1600_P1070120-768x576.jpg 768w, https:\/\/wordpress.nibis.de\/gsneuhof\/files\/2026\/02\/K1600_P1070120-100x75.jpg 100w, https:\/\/wordpress.nibis.de\/gsneuhof\/files\/2026\/02\/K1600_P1070120-1536x1152.jpg 1536w, https:\/\/wordpress.nibis.de\/gsneuhof\/files\/2026\/02\/K1600_P1070120.jpg 1600w\" sizes=\"auto, (max-width: 800px) 100vw, 800px\" \/><\/figure>\n\n\n\n<figure class=\"wp-block-image size-large\"><img loading=\"lazy\" decoding=\"async\" width=\"800\" height=\"600\" data-id=\"7010\" src=\"https:\/\/wordpress.nibis.de\/gsneuhof\/files\/2026\/02\/K1600_P1070122-800x600.jpg\" alt=\"\" class=\"wp-image-7010\" srcset=\"https:\/\/wordpress.nibis.de\/gsneuhof\/files\/2026\/02\/K1600_P1070122-800x600.jpg 800w, https:\/\/wordpress.nibis.de\/gsneuhof\/files\/2026\/02\/K1600_P1070122-300x225.jpg 300w, https:\/\/wordpress.nibis.de\/gsneuhof\/files\/2026\/02\/K1600_P1070122-768x576.jpg 768w, https:\/\/wordpress.nibis.de\/gsneuhof\/files\/2026\/02\/K1600_P1070122-100x75.jpg 100w, https:\/\/wordpress.nibis.de\/gsneuhof\/files\/2026\/02\/K1600_P1070122-1536x1152.jpg 1536w, https:\/\/wordpress.nibis.de\/gsneuhof\/files\/2026\/02\/K1600_P1070122.jpg 1600w\" sizes=\"auto, (max-width: 800px) 100vw, 800px\" \/><\/figure>\n<\/figure>\n\n\n\n<p>\u00a0<\/p>\n<p>Text und Bild: Frau Kunold<\/p>\n\n\n\n<p><\/p>\n\n\n","protected":false},"excerpt":{"rendered":"<p>Endlich war es wieder soweit: Rosenmontag. Alle Kinder kamen heute bunt verkleidet in die Schule. (Und bei dem ein oder anderen mussten wir ganz genau hinschauen, wer sich dahinter verbirgt.) In den ersten zwei Stunden wurde in der Klasse getanzt, &hellip; <a href=\"https:\/\/wordpress.nibis.de\/gsneuhof\/rosenmontag-2026\/\">Weiterlesen <span class=\"meta-nav\">&rarr;<\/span><\/a><\/p>\n","protected":false},"author":781,"featured_media":0,"parent":0,"menu_order":0,"comment_status":"closed","ping_status":"closed","template":"","meta":{"footnotes":""},"class_list":["post-7007","page","type-page","status-publish","hentry"],"_links":{"self":[{"href":"https:\/\/wordpress.nibis.de\/gsneuhof\/wp-json\/wp\/v2\/pages\/7007","targetHints":{"allow":["GET"]}}],"collection":[{"href":"https:\/\/wordpress.nibis.de\/gsneuhof\/wp-json\/wp\/v2\/pages"}],"about":[{"href":"https:\/\/wordpress.nibis.de\/gsneuhof\/wp-json\/wp\/v2\/types\/page"}],"author":[{"embeddable":true,"href":"https:\/\/wordpress.nibis.de\/gsneuhof\/wp-json\/wp\/v2\/users\/781"}],"replies":[{"embeddable":true,"href":"https:\/\/wordpress.nibis.de\/gsneuhof\/wp-json\/wp\/v2\/comments?post=7007"}],"version-history":[{"count":2,"href":"https:\/\/wordpress.nibis.de\/gsneuhof\/wp-json\/wp\/v2\/pages\/7007\/revisions"}],"predecessor-version":[{"id":7018,"href":"https:\/\/wordpress.nibis.de\/gsneuhof\/wp-json\/wp\/v2\/pages\/7007\/revisions\/7018"}],"wp:attachment":[{"href":"https:\/\/wordpress.nibis.de\/gsneuhof\/wp-json\/wp\/v2\/media?parent=7007"}],"curies":[{"name":"wp","href":"https:\/\/api.w.org\/{rel}","templated":true}]}}