{"id":7268,"date":"2026-03-20T13:10:26","date_gmt":"2026-03-20T12:10:26","guid":{"rendered":"https:\/\/wordpress.nibis.de\/gsneuhof\/?page_id=7268"},"modified":"2026-03-20T13:10:26","modified_gmt":"2026-03-20T12:10:26","slug":"talentshow-2026","status":"publish","type":"page","link":"https:\/\/wordpress.nibis.de\/gsneuhof\/talentshow-2026\/","title":{"rendered":"Talentshow 2026"},"content":{"rendered":"\n<p>Heute, am letzten Tag vor den Osterferien hat sich die Schulgemeinschaft in der Turnhalle getroffen. Eingeladen waren auch die Eltern, Verwandte und die zuk\u00fcnftigen Erstkl\u00e4ssler.<\/p>\n<p>Es war ein sch\u00f6ner, gemeinsamer Abschluss vor den Ferien, denn heute gab es eine Talentshow: Kinder der&nbsp; 2.-4. Klassen haben in den letzten Wochen flei\u00dfig daf\u00fcr ge\u00fcbt. Heute durften sie zeigen, was f\u00fcr Talente in ihnen stecken:<\/p>\n<p>Es wurde gezaubert, getanzt und geschauspielert. Eine Sch\u00fclerin hat etwas auf ihrer Trompete vorgespielt. Das Schullied durfte nat\u00fcrlich auch nicht fehlen.<br>Zum Schluss wurden alle Kinder der Talentshow mit einer Urkunde gew\u00fcrdigt.<br>Nun kann es endlich in die wohlverdienten Osterferien gehen.<\/p>\n<p>&nbsp;<\/p>\n\n\n\n<div class=\"wp-block-group\"><div class=\"wp-block-group__inner-container is-layout-constrained wp-block-group-is-layout-constrained\">\n<div class=\"wp-block-columns is-layout-flex wp-container-core-columns-is-layout-abceabcf wp-block-columns-is-layout-flex\">\n<div class=\"wp-block-column is-layout-flow wp-block-column-is-layout-flow\" style=\"--col-width:100%;flex-basis:100%\">\n<figure class=\"wp-block-gallery has-nested-images columns-default is-cropped wp-block-gallery-1 is-layout-flex wp-block-gallery-is-layout-flex\">\n<figure class=\"wp-block-image size-large\"><img loading=\"lazy\" decoding=\"async\" width=\"800\" height=\"600\" data-id=\"7273\" src=\"https:\/\/wordpress.nibis.de\/gsneuhof\/files\/2026\/03\/K1600_P1070215-800x600.jpg\" alt=\"\" class=\"wp-image-7273\" srcset=\"https:\/\/wordpress.nibis.de\/gsneuhof\/files\/2026\/03\/K1600_P1070215-800x600.jpg 800w, https:\/\/wordpress.nibis.de\/gsneuhof\/files\/2026\/03\/K1600_P1070215-300x225.jpg 300w, https:\/\/wordpress.nibis.de\/gsneuhof\/files\/2026\/03\/K1600_P1070215-768x576.jpg 768w, https:\/\/wordpress.nibis.de\/gsneuhof\/files\/2026\/03\/K1600_P1070215-100x75.jpg 100w, https:\/\/wordpress.nibis.de\/gsneuhof\/files\/2026\/03\/K1600_P1070215-1536x1152.jpg 1536w, https:\/\/wordpress.nibis.de\/gsneuhof\/files\/2026\/03\/K1600_P1070215.jpg 1600w\" sizes=\"auto, (max-width: 800px) 100vw, 800px\" \/><\/figure>\n\n\n\n<figure class=\"wp-block-image size-large\"><img loading=\"lazy\" decoding=\"async\" width=\"800\" height=\"600\" data-id=\"7276\" src=\"https:\/\/wordpress.nibis.de\/gsneuhof\/files\/2026\/03\/K1600_P1070226-800x600.jpg\" alt=\"\" class=\"wp-image-7276\" srcset=\"https:\/\/wordpress.nibis.de\/gsneuhof\/files\/2026\/03\/K1600_P1070226-800x600.jpg 800w, https:\/\/wordpress.nibis.de\/gsneuhof\/files\/2026\/03\/K1600_P1070226-300x225.jpg 300w, https:\/\/wordpress.nibis.de\/gsneuhof\/files\/2026\/03\/K1600_P1070226-768x576.jpg 768w, https:\/\/wordpress.nibis.de\/gsneuhof\/files\/2026\/03\/K1600_P1070226-100x75.jpg 100w, https:\/\/wordpress.nibis.de\/gsneuhof\/files\/2026\/03\/K1600_P1070226-1536x1152.jpg 1536w, https:\/\/wordpress.nibis.de\/gsneuhof\/files\/2026\/03\/K1600_P1070226.jpg 1600w\" sizes=\"auto, (max-width: 800px) 100vw, 800px\" \/><\/figure>\n\n\n\n<figure class=\"wp-block-image size-large\"><img loading=\"lazy\" decoding=\"async\" width=\"800\" height=\"600\" data-id=\"7279\" src=\"https:\/\/wordpress.nibis.de\/gsneuhof\/files\/2026\/03\/K1600_P1070242-800x600.jpg\" alt=\"\" class=\"wp-image-7279\" srcset=\"https:\/\/wordpress.nibis.de\/gsneuhof\/files\/2026\/03\/K1600_P1070242-800x600.jpg 800w, https:\/\/wordpress.nibis.de\/gsneuhof\/files\/2026\/03\/K1600_P1070242-300x225.jpg 300w, https:\/\/wordpress.nibis.de\/gsneuhof\/files\/2026\/03\/K1600_P1070242-768x576.jpg 768w, https:\/\/wordpress.nibis.de\/gsneuhof\/files\/2026\/03\/K1600_P1070242-100x75.jpg 100w, https:\/\/wordpress.nibis.de\/gsneuhof\/files\/2026\/03\/K1600_P1070242-1536x1152.jpg 1536w, https:\/\/wordpress.nibis.de\/gsneuhof\/files\/2026\/03\/K1600_P1070242.jpg 1600w\" sizes=\"auto, (max-width: 800px) 100vw, 800px\" \/><\/figure>\n\n\n\n<figure class=\"wp-block-image size-large\"><img loading=\"lazy\" decoding=\"async\" width=\"800\" height=\"600\" data-id=\"7274\" src=\"https:\/\/wordpress.nibis.de\/gsneuhof\/files\/2026\/03\/K1600_P1070217-800x600.jpg\" alt=\"\" class=\"wp-image-7274\" srcset=\"https:\/\/wordpress.nibis.de\/gsneuhof\/files\/2026\/03\/K1600_P1070217-800x600.jpg 800w, https:\/\/wordpress.nibis.de\/gsneuhof\/files\/2026\/03\/K1600_P1070217-300x225.jpg 300w, https:\/\/wordpress.nibis.de\/gsneuhof\/files\/2026\/03\/K1600_P1070217-768x576.jpg 768w, https:\/\/wordpress.nibis.de\/gsneuhof\/files\/2026\/03\/K1600_P1070217-100x75.jpg 100w, https:\/\/wordpress.nibis.de\/gsneuhof\/files\/2026\/03\/K1600_P1070217-1536x1152.jpg 1536w, https:\/\/wordpress.nibis.de\/gsneuhof\/files\/2026\/03\/K1600_P1070217.jpg 1600w\" sizes=\"auto, (max-width: 800px) 100vw, 800px\" \/><\/figure>\n\n\n\n<figure class=\"wp-block-image size-large\"><img loading=\"lazy\" decoding=\"async\" width=\"800\" height=\"600\" data-id=\"7275\" src=\"https:\/\/wordpress.nibis.de\/gsneuhof\/files\/2026\/03\/K1600_P1070219-800x600.jpg\" alt=\"\" class=\"wp-image-7275\" srcset=\"https:\/\/wordpress.nibis.de\/gsneuhof\/files\/2026\/03\/K1600_P1070219-800x600.jpg 800w, https:\/\/wordpress.nibis.de\/gsneuhof\/files\/2026\/03\/K1600_P1070219-300x225.jpg 300w, https:\/\/wordpress.nibis.de\/gsneuhof\/files\/2026\/03\/K1600_P1070219-768x576.jpg 768w, https:\/\/wordpress.nibis.de\/gsneuhof\/files\/2026\/03\/K1600_P1070219-100x75.jpg 100w, https:\/\/wordpress.nibis.de\/gsneuhof\/files\/2026\/03\/K1600_P1070219-1536x1152.jpg 1536w, https:\/\/wordpress.nibis.de\/gsneuhof\/files\/2026\/03\/K1600_P1070219.jpg 1600w\" sizes=\"auto, (max-width: 800px) 100vw, 800px\" \/><\/figure>\n\n\n\n<figure class=\"wp-block-image size-large\"><img loading=\"lazy\" decoding=\"async\" width=\"800\" height=\"600\" data-id=\"7277\" src=\"https:\/\/wordpress.nibis.de\/gsneuhof\/files\/2026\/03\/K1600_P1070232-800x600.jpg\" alt=\"\" class=\"wp-image-7277\" srcset=\"https:\/\/wordpress.nibis.de\/gsneuhof\/files\/2026\/03\/K1600_P1070232-800x600.jpg 800w, https:\/\/wordpress.nibis.de\/gsneuhof\/files\/2026\/03\/K1600_P1070232-300x225.jpg 300w, https:\/\/wordpress.nibis.de\/gsneuhof\/files\/2026\/03\/K1600_P1070232-768x576.jpg 768w, https:\/\/wordpress.nibis.de\/gsneuhof\/files\/2026\/03\/K1600_P1070232-100x75.jpg 100w, https:\/\/wordpress.nibis.de\/gsneuhof\/files\/2026\/03\/K1600_P1070232-1536x1152.jpg 1536w, https:\/\/wordpress.nibis.de\/gsneuhof\/files\/2026\/03\/K1600_P1070232.jpg 1600w\" sizes=\"auto, (max-width: 800px) 100vw, 800px\" \/><\/figure>\n\n\n\n<figure class=\"wp-block-image size-large\"><img loading=\"lazy\" decoding=\"async\" width=\"800\" height=\"600\" data-id=\"7278\" src=\"https:\/\/wordpress.nibis.de\/gsneuhof\/files\/2026\/03\/K1600_P1070239-800x600.jpg\" alt=\"\" class=\"wp-image-7278\" srcset=\"https:\/\/wordpress.nibis.de\/gsneuhof\/files\/2026\/03\/K1600_P1070239-800x600.jpg 800w, https:\/\/wordpress.nibis.de\/gsneuhof\/files\/2026\/03\/K1600_P1070239-300x225.jpg 300w, https:\/\/wordpress.nibis.de\/gsneuhof\/files\/2026\/03\/K1600_P1070239-768x576.jpg 768w, https:\/\/wordpress.nibis.de\/gsneuhof\/files\/2026\/03\/K1600_P1070239-100x75.jpg 100w, https:\/\/wordpress.nibis.de\/gsneuhof\/files\/2026\/03\/K1600_P1070239-1536x1152.jpg 1536w, https:\/\/wordpress.nibis.de\/gsneuhof\/files\/2026\/03\/K1600_P1070239.jpg 1600w\" sizes=\"auto, (max-width: 800px) 100vw, 800px\" \/><\/figure>\n\n\n\n<figure class=\"wp-block-image size-large\"><img loading=\"lazy\" decoding=\"async\" width=\"800\" height=\"600\" data-id=\"7272\" src=\"https:\/\/wordpress.nibis.de\/gsneuhof\/files\/2026\/03\/K1600_P1070210-800x600.jpg\" alt=\"\" class=\"wp-image-7272\" srcset=\"https:\/\/wordpress.nibis.de\/gsneuhof\/files\/2026\/03\/K1600_P1070210-800x600.jpg 800w, https:\/\/wordpress.nibis.de\/gsneuhof\/files\/2026\/03\/K1600_P1070210-300x225.jpg 300w, https:\/\/wordpress.nibis.de\/gsneuhof\/files\/2026\/03\/K1600_P1070210-768x576.jpg 768w, https:\/\/wordpress.nibis.de\/gsneuhof\/files\/2026\/03\/K1600_P1070210-100x75.jpg 100w, https:\/\/wordpress.nibis.de\/gsneuhof\/files\/2026\/03\/K1600_P1070210-1536x1152.jpg 1536w, https:\/\/wordpress.nibis.de\/gsneuhof\/files\/2026\/03\/K1600_P1070210.jpg 1600w\" sizes=\"auto, (max-width: 800px) 100vw, 800px\" \/><\/figure>\n<\/figure>\n<\/div>\n<\/div>\n<\/div><\/div>\n\n\n\n<p>Text und Bild: Frau Kunold<\/p>\n\n\n","protected":false},"excerpt":{"rendered":"<p>Heute, am letzten Tag vor den Osterferien hat sich die Schulgemeinschaft in der Turnhalle getroffen. Eingeladen waren auch die Eltern, Verwandte und die zuk\u00fcnftigen Erstkl\u00e4ssler. Es war ein sch\u00f6ner, gemeinsamer Abschluss vor den Ferien, denn heute gab es eine Talentshow: &hellip; <a href=\"https:\/\/wordpress.nibis.de\/gsneuhof\/talentshow-2026\/\">Weiterlesen <span class=\"meta-nav\">&rarr;<\/span><\/a><\/p>\n","protected":false},"author":781,"featured_media":0,"parent":0,"menu_order":0,"comment_status":"closed","ping_status":"closed","template":"","meta":{"footnotes":""},"class_list":["post-7268","page","type-page","status-publish","hentry"],"_links":{"self":[{"href":"https:\/\/wordpress.nibis.de\/gsneuhof\/wp-json\/wp\/v2\/pages\/7268","targetHints":{"allow":["GET"]}}],"collection":[{"href":"https:\/\/wordpress.nibis.de\/gsneuhof\/wp-json\/wp\/v2\/pages"}],"about":[{"href":"https:\/\/wordpress.nibis.de\/gsneuhof\/wp-json\/wp\/v2\/types\/page"}],"author":[{"embeddable":true,"href":"https:\/\/wordpress.nibis.de\/gsneuhof\/wp-json\/wp\/v2\/users\/781"}],"replies":[{"embeddable":true,"href":"https:\/\/wordpress.nibis.de\/gsneuhof\/wp-json\/wp\/v2\/comments?post=7268"}],"version-history":[{"count":4,"href":"https:\/\/wordpress.nibis.de\/gsneuhof\/wp-json\/wp\/v2\/pages\/7268\/revisions"}],"predecessor-version":[{"id":7281,"href":"https:\/\/wordpress.nibis.de\/gsneuhof\/wp-json\/wp\/v2\/pages\/7268\/revisions\/7281"}],"wp:attachment":[{"href":"https:\/\/wordpress.nibis.de\/gsneuhof\/wp-json\/wp\/v2\/media?parent=7268"}],"curies":[{"name":"wp","href":"https:\/\/api.w.org\/{rel}","templated":true}]}}