{"id":1649,"date":"2022-07-01T19:17:40","date_gmt":"2022-07-01T17:17:40","guid":{"rendered":"https:\/\/wordpress.nibis.de\/gsnordhorn\/?page_id=1649"},"modified":"2024-09-18T11:05:03","modified_gmt":"2024-09-18T09:05:03","slug":"unsere-schule","status":"publish","type":"page","link":"https:\/\/wordpress.nibis.de\/gsnordhorn\/unsere-schule\/","title":{"rendered":"Unsere Schule"},"content":{"rendered":"\n<figure class=\"wp-block-gallery has-nested-images columns-default is-cropped wp-block-gallery-1 is-layout-flex wp-block-gallery-is-layout-flex\">\n<figure class=\"wp-block-image size-large\"><img loading=\"lazy\" decoding=\"async\" width=\"2364\" height=\"1773\" data-id=\"1594\" src=\"https:\/\/wordpress.nibis.de\/gsnordhorn\/files\/2021\/10\/schule-klein.jpeg\" alt=\"\" class=\"wp-image-1594\" srcset=\"https:\/\/wordpress.nibis.de\/gsnordhorn\/files\/2021\/10\/schule-klein.jpeg 2364w, https:\/\/wordpress.nibis.de\/gsnordhorn\/files\/2021\/10\/schule-klein-300x225.jpeg 300w, https:\/\/wordpress.nibis.de\/gsnordhorn\/files\/2021\/10\/schule-klein-1024x768.jpeg 1024w, https:\/\/wordpress.nibis.de\/gsnordhorn\/files\/2021\/10\/schule-klein-768x576.jpeg 768w, https:\/\/wordpress.nibis.de\/gsnordhorn\/files\/2021\/10\/schule-klein-1536x1152.jpeg 1536w, https:\/\/wordpress.nibis.de\/gsnordhorn\/files\/2021\/10\/schule-klein-2048x1536.jpeg 2048w\" sizes=\"auto, (max-width: 2364px) 100vw, 2364px\" \/><\/figure>\n\n\n\n<figure class=\"wp-block-image size-large\"><img loading=\"lazy\" decoding=\"async\" width=\"2560\" height=\"1920\" data-id=\"1573\" src=\"https:\/\/wordpress.nibis.de\/gsnordhorn\/files\/2021\/03\/DSC00101-scaled.jpg\" alt=\"\" class=\"wp-image-1573\" srcset=\"https:\/\/wordpress.nibis.de\/gsnordhorn\/files\/2021\/03\/DSC00101-scaled.jpg 2560w, https:\/\/wordpress.nibis.de\/gsnordhorn\/files\/2021\/03\/DSC00101-300x225.jpg 300w, https:\/\/wordpress.nibis.de\/gsnordhorn\/files\/2021\/03\/DSC00101-1024x768.jpg 1024w, https:\/\/wordpress.nibis.de\/gsnordhorn\/files\/2021\/03\/DSC00101-768x576.jpg 768w, https:\/\/wordpress.nibis.de\/gsnordhorn\/files\/2021\/03\/DSC00101-1536x1152.jpg 1536w, https:\/\/wordpress.nibis.de\/gsnordhorn\/files\/2021\/03\/DSC00101-2048x1536.jpg 2048w\" sizes=\"auto, (max-width: 2560px) 100vw, 2560px\" \/><\/figure>\n\n\n\n<figure class=\"wp-block-image size-large\"><img loading=\"lazy\" decoding=\"async\" width=\"2560\" height=\"1920\" data-id=\"1572\" src=\"https:\/\/wordpress.nibis.de\/gsnordhorn\/files\/2021\/03\/DSC00100-scaled.jpg\" alt=\"\" class=\"wp-image-1572\" srcset=\"https:\/\/wordpress.nibis.de\/gsnordhorn\/files\/2021\/03\/DSC00100-scaled.jpg 2560w, https:\/\/wordpress.nibis.de\/gsnordhorn\/files\/2021\/03\/DSC00100-300x225.jpg 300w, https:\/\/wordpress.nibis.de\/gsnordhorn\/files\/2021\/03\/DSC00100-1024x768.jpg 1024w, https:\/\/wordpress.nibis.de\/gsnordhorn\/files\/2021\/03\/DSC00100-768x576.jpg 768w, https:\/\/wordpress.nibis.de\/gsnordhorn\/files\/2021\/03\/DSC00100-1536x1152.jpg 1536w, https:\/\/wordpress.nibis.de\/gsnordhorn\/files\/2021\/03\/DSC00100-2048x1536.jpg 2048w\" sizes=\"auto, (max-width: 2560px) 100vw, 2560px\" \/><\/figure>\n<\/figure>\n\n\n\n<p><\/p>\n\n\n\n<p>Die&nbsp;Pestalozzischule&nbsp;liegt im <strong>Schulbezirk Nord der Stadt Nordhorn<\/strong> und geh\u00f6rt zum Stadtteil Bookholt. Das Schulgeb\u00e4ude wurde 1910 errichtet, mittlerweile wurden aber mehrere Um- und Neubauten vorgenommen. Insgesamt verf\u00fcgt unsere Schule \u00fcber 6 Klassenr\u00e4ume, einen Kunst- und Werkraum, ein F\u00f6rderraum, einen Mehrzweckraum mit B\u00fchne, eine K\u00fcche mit angrenzender Mensa, eine Sch\u00fclerb\u00fccherei sowie die \u00fcblichen schulorganisatorischen R\u00e4ume. Alle Klassen verf\u00fcgen \u00fcber einen eigenen Gruppenraum, was u.a. die Arbeit in Kleingruppen und die individuelle F\u00f6rderung einzelner Sch\u00fcler\/innen und Kleingruppen erleichtert. Seit dem Auszug der Astrid-Lindgren-F\u00f6rderschule im Sommer 2018 befindet sich ausschlie\u00dflich die Grundschule Pestalozzischule in dem Geb\u00e4ude.<\/p>\n\n\n\n<p>Unsere Schule hat einen besonders sch\u00f6nen Schulhof mit einem eigenen Schulwald, gro\u00dfer Gr\u00fcnfl\u00e4che, einem Fu\u00dfballplatz mit gummiertem Boden, einem Balancierpfad, mehreren Kletterger\u00e4ten und Sandspielpl\u00e4tzen sowie einer gro\u00dfen gepflasterten Fl\u00e4che, die ausreichend Platz f\u00fcr Spiele aller Art bietet. Auch eine Tischtennisplatte ist im Schulwald vorhanden.<\/p>\n","protected":false},"excerpt":{"rendered":"<p>Die&nbsp;Pestalozzischule&nbsp;liegt im Schulbezirk Nord der Stadt Nordhorn und geh\u00f6rt zum Stadtteil Bookholt. Das Schulgeb\u00e4ude wurde 1910 errichtet, mittlerweile wurden aber mehrere Um- und Neubauten vorgenommen. Insgesamt verf\u00fcgt unsere Schule \u00fcber 6 Klassenr\u00e4ume, einen Kunst- und Werkraum, ein F\u00f6rderraum, einen Mehrzweckraum mit B\u00fchne, eine K\u00fcche mit angrenzender Mensa, eine Sch\u00fclerb\u00fccherei sowie die \u00fcblichen schulorganisatorischen R\u00e4ume. Alle Klassen verf\u00fcgen \u00fcber einen eigenen Gruppenraum, was u.a. die Arbeit in Kleingruppen und die individuelle F\u00f6rderung einzelner Sch\u00fcler\/innen und Kleingruppen erleichtert. Seit dem Auszug der&#8230;<\/p>\n<p class=\"read-more\"><a class=\"btn btn-default\" href=\"https:\/\/wordpress.nibis.de\/gsnordhorn\/unsere-schule\/\">Weiterlesen<span class=\"screen-reader-text\"> Weiterlesen<\/span><\/a><\/p>\n","protected":false},"author":1187,"featured_media":2417,"parent":0,"menu_order":0,"comment_status":"closed","ping_status":"closed","template":"","meta":{"footnotes":""},"class_list":["post-1649","page","type-page","status-publish","has-post-thumbnail","hentry"],"_links":{"self":[{"href":"https:\/\/wordpress.nibis.de\/gsnordhorn\/wp-json\/wp\/v2\/pages\/1649","targetHints":{"allow":["GET"]}}],"collection":[{"href":"https:\/\/wordpress.nibis.de\/gsnordhorn\/wp-json\/wp\/v2\/pages"}],"about":[{"href":"https:\/\/wordpress.nibis.de\/gsnordhorn\/wp-json\/wp\/v2\/types\/page"}],"author":[{"embeddable":true,"href":"https:\/\/wordpress.nibis.de\/gsnordhorn\/wp-json\/wp\/v2\/users\/1187"}],"replies":[{"embeddable":true,"href":"https:\/\/wordpress.nibis.de\/gsnordhorn\/wp-json\/wp\/v2\/comments?post=1649"}],"version-history":[{"count":5,"href":"https:\/\/wordpress.nibis.de\/gsnordhorn\/wp-json\/wp\/v2\/pages\/1649\/revisions"}],"predecessor-version":[{"id":2418,"href":"https:\/\/wordpress.nibis.de\/gsnordhorn\/wp-json\/wp\/v2\/pages\/1649\/revisions\/2418"}],"wp:featuredmedia":[{"embeddable":true,"href":"https:\/\/wordpress.nibis.de\/gsnordhorn\/wp-json\/wp\/v2\/media\/2417"}],"wp:attachment":[{"href":"https:\/\/wordpress.nibis.de\/gsnordhorn\/wp-json\/wp\/v2\/media?parent=1649"}],"curies":[{"name":"wp","href":"https:\/\/api.w.org\/{rel}","templated":true}]}}