{"id":1672,"date":"2022-07-01T19:46:03","date_gmt":"2022-07-01T17:46:03","guid":{"rendered":"https:\/\/wordpress.nibis.de\/gsnordhorn\/?page_id=1672"},"modified":"2026-03-18T17:42:09","modified_gmt":"2026-03-18T16:42:09","slug":"das-team","status":"publish","type":"page","link":"https:\/\/wordpress.nibis.de\/gsnordhorn\/das-team\/","title":{"rendered":"Das Team"},"content":{"rendered":"\n<figure class=\"wp-block-image size-large\"><img loading=\"lazy\" decoding=\"async\" width=\"1200\" height=\"857\" src=\"https:\/\/wordpress.nibis.de\/gsnordhorn\/files\/2025\/09\/ASF_0819-Kollegium-1200x857.jpg\" alt=\"\" class=\"wp-image-2652\" srcset=\"https:\/\/wordpress.nibis.de\/gsnordhorn\/files\/2025\/09\/ASF_0819-Kollegium-1200x857.jpg 1200w, https:\/\/wordpress.nibis.de\/gsnordhorn\/files\/2025\/09\/ASF_0819-Kollegium-850x607.jpg 850w, https:\/\/wordpress.nibis.de\/gsnordhorn\/files\/2025\/09\/ASF_0819-Kollegium-250x179.jpg 250w, https:\/\/wordpress.nibis.de\/gsnordhorn\/files\/2025\/09\/ASF_0819-Kollegium-768x549.jpg 768w, https:\/\/wordpress.nibis.de\/gsnordhorn\/files\/2025\/09\/ASF_0819-Kollegium-1536x1097.jpg 1536w, https:\/\/wordpress.nibis.de\/gsnordhorn\/files\/2025\/09\/ASF_0819-Kollegium-2048x1463.jpg 2048w, https:\/\/wordpress.nibis.de\/gsnordhorn\/files\/2025\/09\/ASF_0819-Kollegium-378x270.jpg 378w\" sizes=\"auto, (max-width: 1200px) 100vw, 1200px\" \/><\/figure>\n\n\n\n<p>Unser Schulteam besteht aktuell aus folgenden Mitarbeiter:innen:<\/p>\n<p>Schulleitung: Frau Keller<\/p>\n<p>Klasse 1: Herr Quednau<br \/>Klasse 2: Frau Ickerott<br \/>Klasse 3: Frau We\u00dfling<br \/>Klasse 4a: Frau Lansink<br \/>Klasse 4b: Frau Krey<\/p>\n<p>Sportabordnung: Frau Scholten &amp; Herr R\u00f6ttger<\/p>\n<p>F\u00f6rderlehrkraft: Frau H\u00f6llmann<br \/>Schulsozialarbeit: &#8212;<\/p>\n<p>Sekretariat: Frau Ramaker<br \/>Hausmeister: Herr van T\u00fcbbergen<\/p>\n<p>P\u00e4dagogische Mitarbeiterinnen: Frau Ayoso &amp; Frau Plonke<br \/>Mitarbeiterin im FSJ: Frau Rakers<\/p>\n<p>sowie Schulbegleitungen und wechselnde Praktikantinnen und Praktikanten.<\/p>\n","protected":false},"excerpt":{"rendered":"<p>Unser Schulteam besteht aktuell aus folgenden Mitarbeiter:innen: Schulleitung: Frau Keller Klasse 1: Herr QuednauKlasse 2: Frau IckerottKlasse 3: Frau We\u00dflingKlasse 4a: Frau LansinkKlasse 4b: Frau Krey Sportabordnung: Frau Scholten &amp; Herr R\u00f6ttger F\u00f6rderlehrkraft: Frau H\u00f6llmannSchulsozialarbeit: &#8212; Sekretariat: Frau RamakerHausmeister: Herr van T\u00fcbbergen P\u00e4dagogische Mitarbeiterinnen: Frau Ayoso &amp; Frau PlonkeMitarbeiterin im FSJ: Frau Rakers sowie Schulbegleitungen und wechselnde Praktikantinnen und Praktikanten.<\/p>\n","protected":false},"author":1187,"featured_media":0,"parent":0,"menu_order":0,"comment_status":"closed","ping_status":"closed","template":"","meta":{"footnotes":""},"class_list":["post-1672","page","type-page","status-publish","hentry"],"_links":{"self":[{"href":"https:\/\/wordpress.nibis.de\/gsnordhorn\/wp-json\/wp\/v2\/pages\/1672","targetHints":{"allow":["GET"]}}],"collection":[{"href":"https:\/\/wordpress.nibis.de\/gsnordhorn\/wp-json\/wp\/v2\/pages"}],"about":[{"href":"https:\/\/wordpress.nibis.de\/gsnordhorn\/wp-json\/wp\/v2\/types\/page"}],"author":[{"embeddable":true,"href":"https:\/\/wordpress.nibis.de\/gsnordhorn\/wp-json\/wp\/v2\/users\/1187"}],"replies":[{"embeddable":true,"href":"https:\/\/wordpress.nibis.de\/gsnordhorn\/wp-json\/wp\/v2\/comments?post=1672"}],"version-history":[{"count":19,"href":"https:\/\/wordpress.nibis.de\/gsnordhorn\/wp-json\/wp\/v2\/pages\/1672\/revisions"}],"predecessor-version":[{"id":2948,"href":"https:\/\/wordpress.nibis.de\/gsnordhorn\/wp-json\/wp\/v2\/pages\/1672\/revisions\/2948"}],"wp:attachment":[{"href":"https:\/\/wordpress.nibis.de\/gsnordhorn\/wp-json\/wp\/v2\/media?parent=1672"}],"curies":[{"name":"wp","href":"https:\/\/api.w.org\/{rel}","templated":true}]}}