{"id":1680,"date":"2022-07-01T19:46:03","date_gmt":"2022-07-01T17:46:03","guid":{"rendered":"https:\/\/wordpress.nibis.de\/gsnordhorn\/?page_id=1680"},"modified":"2022-07-04T13:59:36","modified_gmt":"2022-07-04T11:59:36","slug":"buecherei","status":"publish","type":"page","link":"https:\/\/wordpress.nibis.de\/gsnordhorn\/buecherei\/","title":{"rendered":"B\u00fccherei"},"content":{"rendered":"\n<figure class=\"wp-block-gallery has-nested-images columns-default is-cropped wp-block-gallery-1 is-layout-flex wp-block-gallery-is-layout-flex\">\n<figure class=\"wp-block-image size-large\"><img loading=\"lazy\" decoding=\"async\" width=\"2560\" height=\"1920\" data-id=\"1811\" src=\"https:\/\/wordpress.nibis.de\/gsnordhorn\/files\/2022\/07\/IMG_3749-scaled.jpeg\" alt=\"\" class=\"wp-image-1811\" srcset=\"https:\/\/wordpress.nibis.de\/gsnordhorn\/files\/2022\/07\/IMG_3749-scaled.jpeg 2560w, https:\/\/wordpress.nibis.de\/gsnordhorn\/files\/2022\/07\/IMG_3749-768x576.jpeg 768w, https:\/\/wordpress.nibis.de\/gsnordhorn\/files\/2022\/07\/IMG_3749-1536x1152.jpeg 1536w, https:\/\/wordpress.nibis.de\/gsnordhorn\/files\/2022\/07\/IMG_3749-2048x1536.jpeg 2048w, https:\/\/wordpress.nibis.de\/gsnordhorn\/files\/2022\/07\/IMG_3749-360x270.jpeg 360w\" sizes=\"auto, (max-width: 2560px) 100vw, 2560px\" \/><\/figure>\n\n\n\n<figure class=\"wp-block-image size-large\"><img loading=\"lazy\" decoding=\"async\" width=\"2560\" height=\"1920\" data-id=\"1813\" src=\"https:\/\/wordpress.nibis.de\/gsnordhorn\/files\/2022\/07\/IMG_3751-scaled.jpeg\" alt=\"\" class=\"wp-image-1813\" srcset=\"https:\/\/wordpress.nibis.de\/gsnordhorn\/files\/2022\/07\/IMG_3751-scaled.jpeg 2560w, https:\/\/wordpress.nibis.de\/gsnordhorn\/files\/2022\/07\/IMG_3751-768x576.jpeg 768w, https:\/\/wordpress.nibis.de\/gsnordhorn\/files\/2022\/07\/IMG_3751-1536x1152.jpeg 1536w, https:\/\/wordpress.nibis.de\/gsnordhorn\/files\/2022\/07\/IMG_3751-2048x1536.jpeg 2048w, https:\/\/wordpress.nibis.de\/gsnordhorn\/files\/2022\/07\/IMG_3751-360x270.jpeg 360w\" sizes=\"auto, (max-width: 2560px) 100vw, 2560px\" \/><\/figure>\n<\/figure>\n\n\n\n<p><br \/>In unserer Schulb\u00fccherei gibt es ein gro\u00dfes Angebot verschiedenster Kinderliteratur und gem\u00fctliche Sitzecken zum Lesen. Neben Besuchen im Deutschunterricht kann jedes Kind am Mittwoch die B\u00fcchereipause nutzen, um sich ein Buch auszuleihen und mit nach Hause zu nehmen.<\/p>\n","protected":false},"excerpt":{"rendered":"<p>In unserer Schulb\u00fccherei gibt es ein gro\u00dfes Angebot verschiedenster Kinderliteratur und gem\u00fctliche Sitzecken zum Lesen. Neben Besuchen im Deutschunterricht kann jedes Kind am Mittwoch die B\u00fcchereipause nutzen, um sich ein Buch auszuleihen und mit nach Hause zu nehmen.<\/p>\n","protected":false},"author":1187,"featured_media":0,"parent":0,"menu_order":0,"comment_status":"closed","ping_status":"closed","template":"","meta":{"footnotes":""},"class_list":["post-1680","page","type-page","status-publish","hentry"],"_links":{"self":[{"href":"https:\/\/wordpress.nibis.de\/gsnordhorn\/wp-json\/wp\/v2\/pages\/1680","targetHints":{"allow":["GET"]}}],"collection":[{"href":"https:\/\/wordpress.nibis.de\/gsnordhorn\/wp-json\/wp\/v2\/pages"}],"about":[{"href":"https:\/\/wordpress.nibis.de\/gsnordhorn\/wp-json\/wp\/v2\/types\/page"}],"author":[{"embeddable":true,"href":"https:\/\/wordpress.nibis.de\/gsnordhorn\/wp-json\/wp\/v2\/users\/1187"}],"replies":[{"embeddable":true,"href":"https:\/\/wordpress.nibis.de\/gsnordhorn\/wp-json\/wp\/v2\/comments?post=1680"}],"version-history":[{"count":8,"href":"https:\/\/wordpress.nibis.de\/gsnordhorn\/wp-json\/wp\/v2\/pages\/1680\/revisions"}],"predecessor-version":[{"id":1826,"href":"https:\/\/wordpress.nibis.de\/gsnordhorn\/wp-json\/wp\/v2\/pages\/1680\/revisions\/1826"}],"wp:attachment":[{"href":"https:\/\/wordpress.nibis.de\/gsnordhorn\/wp-json\/wp\/v2\/media?parent=1680"}],"curies":[{"name":"wp","href":"https:\/\/api.w.org\/{rel}","templated":true}]}}