{"id":1681,"date":"2022-07-01T19:46:03","date_gmt":"2022-07-01T17:46:03","guid":{"rendered":"https:\/\/wordpress.nibis.de\/gsnordhorn\/?page_id=1681"},"modified":"2023-09-06T17:48:06","modified_gmt":"2023-09-06T15:48:06","slug":"schulhof","status":"publish","type":"page","link":"https:\/\/wordpress.nibis.de\/gsnordhorn\/schulhof\/","title":{"rendered":"Schulhof"},"content":{"rendered":"\n<p>Rund um das Schulgeb\u00e4ude verl\u00e4uft unser abwechslungsreicher Schulhof. Hier gibt es vom Kletterparcours im Schulwald, \u00fcber den gro\u00dfen Sandkastenbereich und die zwei Fu\u00dfballpl\u00e4tze bis zur gepflasterten R\u00fcckseite mit dem Ballkorb viel zu Entdecken und reichlich Platz zum Spielen und Toben.<\/p>\n\n\n\n<figure class=\"wp-block-gallery has-nested-images columns-default is-cropped wp-block-gallery-1 is-layout-flex wp-block-gallery-is-layout-flex\">\n<figure class=\"wp-block-image size-large\"><img loading=\"lazy\" decoding=\"async\" width=\"1200\" height=\"675\" data-id=\"2172\" src=\"https:\/\/wordpress.nibis.de\/gsnordhorn\/files\/2023\/09\/20230906_171409-1200x675.jpg\" alt=\"\" class=\"wp-image-2172\" srcset=\"https:\/\/wordpress.nibis.de\/gsnordhorn\/files\/2023\/09\/20230906_171409-1200x675.jpg 1200w, https:\/\/wordpress.nibis.de\/gsnordhorn\/files\/2023\/09\/20230906_171409-850x478.jpg 850w\" sizes=\"auto, (max-width: 1200px) 100vw, 1200px\" \/><\/figure>\n\n\n\n<figure class=\"wp-block-image size-full\"><img loading=\"lazy\" decoding=\"async\" width=\"1920\" height=\"2560\" data-id=\"2170\" src=\"https:\/\/wordpress.nibis.de\/gsnordhorn\/files\/2023\/09\/20230906_171340-scaled.jpg\" alt=\"\" class=\"wp-image-2170\" srcset=\"https:\/\/wordpress.nibis.de\/gsnordhorn\/files\/2023\/09\/20230906_171340-scaled.jpg 1920w, https:\/\/wordpress.nibis.de\/gsnordhorn\/files\/2023\/09\/20230906_171340-106x141.jpg 106w, https:\/\/wordpress.nibis.de\/gsnordhorn\/files\/2023\/09\/20230906_171340-768x1024.jpg 768w, https:\/\/wordpress.nibis.de\/gsnordhorn\/files\/2023\/09\/20230906_171340-1152x1536.jpg 1152w, https:\/\/wordpress.nibis.de\/gsnordhorn\/files\/2023\/09\/20230906_171340-1536x2048.jpg 1536w, https:\/\/wordpress.nibis.de\/gsnordhorn\/files\/2023\/09\/20230906_171340-203x270.jpg 203w\" sizes=\"auto, (max-width: 1920px) 100vw, 1920px\" \/><\/figure>\n\n\n\n<figure class=\"wp-block-image size-large\"><img loading=\"lazy\" decoding=\"async\" width=\"1200\" height=\"675\" data-id=\"2171\" src=\"https:\/\/wordpress.nibis.de\/gsnordhorn\/files\/2023\/09\/20230906_170952-1200x675.jpg\" alt=\"\" class=\"wp-image-2171\" srcset=\"https:\/\/wordpress.nibis.de\/gsnordhorn\/files\/2023\/09\/20230906_170952-1200x675.jpg 1200w, https:\/\/wordpress.nibis.de\/gsnordhorn\/files\/2023\/09\/20230906_170952-850x478.jpg 850w\" sizes=\"auto, (max-width: 1200px) 100vw, 1200px\" \/><\/figure>\n\n\n\n<figure class=\"wp-block-image size-large\"><img loading=\"lazy\" decoding=\"async\" width=\"1200\" height=\"675\" data-id=\"2173\" src=\"https:\/\/wordpress.nibis.de\/gsnordhorn\/files\/2023\/09\/20230906_170655-1200x675.jpg\" alt=\"\" class=\"wp-image-2173\" srcset=\"https:\/\/wordpress.nibis.de\/gsnordhorn\/files\/2023\/09\/20230906_170655-1200x675.jpg 1200w, https:\/\/wordpress.nibis.de\/gsnordhorn\/files\/2023\/09\/20230906_170655-850x478.jpg 850w\" sizes=\"auto, (max-width: 1200px) 100vw, 1200px\" \/><\/figure>\n\n\n\n<figure class=\"wp-block-image size-large\"><img loading=\"lazy\" decoding=\"async\" width=\"1200\" height=\"675\" data-id=\"2174\" src=\"https:\/\/wordpress.nibis.de\/gsnordhorn\/files\/2023\/09\/20230906_170622-1200x675.jpg\" alt=\"\" class=\"wp-image-2174\" srcset=\"https:\/\/wordpress.nibis.de\/gsnordhorn\/files\/2023\/09\/20230906_170622-1200x675.jpg 1200w, https:\/\/wordpress.nibis.de\/gsnordhorn\/files\/2023\/09\/20230906_170622-850x478.jpg 850w\" sizes=\"auto, (max-width: 1200px) 100vw, 1200px\" \/><\/figure>\n<\/figure>\n\n\n","protected":false},"excerpt":{"rendered":"<p>Rund um das Schulgeb\u00e4ude verl\u00e4uft unser abwechslungsreicher Schulhof. Hier gibt es vom Kletterparcours im Schulwald, \u00fcber den gro\u00dfen Sandkastenbereich und die zwei Fu\u00dfballpl\u00e4tze bis zur gepflasterten R\u00fcckseite mit dem Ballkorb viel zu Entdecken und reichlich Platz zum Spielen und Toben.<\/p>\n","protected":false},"author":1187,"featured_media":0,"parent":0,"menu_order":0,"comment_status":"closed","ping_status":"closed","template":"","meta":{"footnotes":""},"class_list":["post-1681","page","type-page","status-publish","hentry"],"_links":{"self":[{"href":"https:\/\/wordpress.nibis.de\/gsnordhorn\/wp-json\/wp\/v2\/pages\/1681","targetHints":{"allow":["GET"]}}],"collection":[{"href":"https:\/\/wordpress.nibis.de\/gsnordhorn\/wp-json\/wp\/v2\/pages"}],"about":[{"href":"https:\/\/wordpress.nibis.de\/gsnordhorn\/wp-json\/wp\/v2\/types\/page"}],"author":[{"embeddable":true,"href":"https:\/\/wordpress.nibis.de\/gsnordhorn\/wp-json\/wp\/v2\/users\/1187"}],"replies":[{"embeddable":true,"href":"https:\/\/wordpress.nibis.de\/gsnordhorn\/wp-json\/wp\/v2\/comments?post=1681"}],"version-history":[{"count":3,"href":"https:\/\/wordpress.nibis.de\/gsnordhorn\/wp-json\/wp\/v2\/pages\/1681\/revisions"}],"predecessor-version":[{"id":2176,"href":"https:\/\/wordpress.nibis.de\/gsnordhorn\/wp-json\/wp\/v2\/pages\/1681\/revisions\/2176"}],"wp:attachment":[{"href":"https:\/\/wordpress.nibis.de\/gsnordhorn\/wp-json\/wp\/v2\/media?parent=1681"}],"curies":[{"name":"wp","href":"https:\/\/api.w.org\/{rel}","templated":true}]}}