{"id":1682,"date":"2022-07-01T19:46:03","date_gmt":"2022-07-01T17:46:03","guid":{"rendered":"https:\/\/wordpress.nibis.de\/gsnordhorn\/?page_id=1682"},"modified":"2025-08-29T09:50:53","modified_gmt":"2025-08-29T07:50:53","slug":"mittagessen","status":"publish","type":"page","link":"https:\/\/wordpress.nibis.de\/gsnordhorn\/mittagessen\/","title":{"rendered":"Mittagessen"},"content":{"rendered":"\n<p>Sollten Ihre Kinder f\u00fcr das Mittagessen der Ganztagesbetreuung angemeldet sein, haben Sie zwei M\u00f6glichkeiten: Entweder, Sie melden Ihr Kind f\u00fcr die Gruppe &#8222;Kaltesser&#8220; an und geben Ihrem Kind gen\u00fcgend Essen von zu Hause mit, dass es dann w\u00e4hrend der Mittagszeit zu sich nehmen kann ODER Sie melden Ihr Kind f\u00fcr die Gruppe der &#8222;Warmesser&#8220; an, die in unserer Schulmensa ein Mittagessen der <em>GFB Catering GmbH<\/em> erhalten. Sollten Sie eine Essensversorgung \u00fcber die Schulmensa w\u00fcnschen, m\u00fcssen Sie sich im Vorfeld bei der Firma <em>GFB Catering<\/em> registrieren. Die dazu n\u00f6tigen Formulare und Informationen erhalten Sie in unserem Sekretariat.<\/p>\n<p>F\u00fcr die regelm\u00e4\u00dfige Essensbestellung beim Caterer besuchen Sie bitte <a href=\"http:\/\/www.kochloeffel-gfb.de\" target=\"_blank\" rel=\"noopener noreferrer\">www.kochloeffel-gfb.de<\/a> .<\/p>\n<p>Es ist uns wichtig, dass jedes Kind, das im Ganztag angemeldet ist, zu Mittag isst. Ein Kind, f\u00fcr das weder Essen bei der Firma <em>GFB Catering<\/em> bestellt wurde, noch gen\u00fcgend Essen von zu Hause mitgebracht hat, kann nicht am Ganztagesprogramm teilnehmen. In diesen F\u00e4llen werden die Eltern informiert und k\u00f6nnen entweder etwas zu Essen nachbringen oder m\u00fcssen Ihr Kind abholen.<\/p>\n","protected":false},"excerpt":{"rendered":"<p>Sollten Ihre Kinder f\u00fcr das Mittagessen der Ganztagesbetreuung angemeldet sein, haben Sie zwei M\u00f6glichkeiten: Entweder, Sie melden Ihr Kind f\u00fcr die Gruppe &#8222;Kaltesser&#8220; an und geben Ihrem Kind gen\u00fcgend Essen von zu Hause mit, dass es dann w\u00e4hrend der Mittagszeit zu sich nehmen kann ODER Sie melden Ihr Kind f\u00fcr die Gruppe der &#8222;Warmesser&#8220; an, die in unserer Schulmensa ein Mittagessen der GFB Catering GmbH erhalten. Sollten Sie eine Essensversorgung \u00fcber die Schulmensa w\u00fcnschen, m\u00fcssen Sie sich im Vorfeld bei&#8230;<\/p>\n<p class=\"read-more\"><a class=\"btn btn-default\" href=\"https:\/\/wordpress.nibis.de\/gsnordhorn\/mittagessen\/\">Weiterlesen<span class=\"screen-reader-text\"> Weiterlesen<\/span><\/a><\/p>\n","protected":false},"author":1187,"featured_media":0,"parent":0,"menu_order":0,"comment_status":"closed","ping_status":"closed","template":"","meta":{"footnotes":""},"class_list":["post-1682","page","type-page","status-publish","hentry"],"_links":{"self":[{"href":"https:\/\/wordpress.nibis.de\/gsnordhorn\/wp-json\/wp\/v2\/pages\/1682","targetHints":{"allow":["GET"]}}],"collection":[{"href":"https:\/\/wordpress.nibis.de\/gsnordhorn\/wp-json\/wp\/v2\/pages"}],"about":[{"href":"https:\/\/wordpress.nibis.de\/gsnordhorn\/wp-json\/wp\/v2\/types\/page"}],"author":[{"embeddable":true,"href":"https:\/\/wordpress.nibis.de\/gsnordhorn\/wp-json\/wp\/v2\/users\/1187"}],"replies":[{"embeddable":true,"href":"https:\/\/wordpress.nibis.de\/gsnordhorn\/wp-json\/wp\/v2\/comments?post=1682"}],"version-history":[{"count":6,"href":"https:\/\/wordpress.nibis.de\/gsnordhorn\/wp-json\/wp\/v2\/pages\/1682\/revisions"}],"predecessor-version":[{"id":2629,"href":"https:\/\/wordpress.nibis.de\/gsnordhorn\/wp-json\/wp\/v2\/pages\/1682\/revisions\/2629"}],"wp:attachment":[{"href":"https:\/\/wordpress.nibis.de\/gsnordhorn\/wp-json\/wp\/v2\/media?parent=1682"}],"curies":[{"name":"wp","href":"https:\/\/api.w.org\/{rel}","templated":true}]}}