{"id":1683,"date":"2022-07-01T19:46:03","date_gmt":"2022-07-01T17:46:03","guid":{"rendered":"https:\/\/wordpress.nibis.de\/gsnordhorn\/?page_id=1683"},"modified":"2024-08-14T11:08:03","modified_gmt":"2024-08-14T09:08:03","slug":"struktur-und-regeln","status":"publish","type":"page","link":"https:\/\/wordpress.nibis.de\/gsnordhorn\/struktur-und-regeln\/","title":{"rendered":"Struktur und Regeln"},"content":{"rendered":"\n<p>Unser freiwilliges Ganztagsangebot gliedert sich in vier Programmbl\u00f6cke. Es ist m\u00f6glich, das Ganztagsangebot nur an einzelnen Tagen oder bis zu bestimmten Programmbl\u00f6cken zu nutzen (z.B. Montags und Mittwochs bis zum Mittagessen). M\u00f6chte Ihr Kind an einer Arbeitsgemeinschaft teilnehmen, muss es aus versicherungstechnischen Gr\u00fcnden allerdings bis dahin in der Schule bleiben und darf nicht zwischenzeitlich nach Hause gehen.<\/p>\n\n\n\n<p>Freitags findet nur die Randstundenbetreuung statt. Die Schule endet dann f\u00fcr alle Kinder sp\u00e4testens um 13 Uhr, eine anschlie\u00dfende Betreuung ist nicht m\u00f6glich.<\/p>\n\n\n\n<figure class=\"wp-block-table is-style-stripes\"><table class=\"has-background has-fixed-layout\" style=\"background-color:#a7d793\"><thead><tr><th class=\"has-text-align-center\" data-align=\"center\">Zeiten<\/th><th class=\"has-text-align-center\" data-align=\"center\">Programmbl\u00f6cke<\/th><\/tr><\/thead><tbody><tr><td class=\"has-text-align-center\" data-align=\"center\">12.20 &#8211; 13.00 Uhr<\/td><td class=\"has-text-align-center\" data-align=\"center\">nur Klasse 1+2:<br>Mittagessen\/Randstundenbetreuung<\/td><\/tr><tr><td class=\"has-text-align-center\" data-align=\"center\">13.00 &#8211; 13.30 Uhr<\/td><td class=\"has-text-align-center\" data-align=\"center\">Klasse 1+2: Spielpause<br>Klasse 3+4: Mittagessen<\/td><\/tr><tr><td class=\"has-text-align-center\" data-align=\"center\">13.30 &#8211; 14:30 Uhr<\/td><td class=\"has-text-align-center\" data-align=\"center\">Pausenangebote:<br>Sportpause\/ Ruhepause\/ Spiel- und Malpause<\/td><\/tr><tr><td class=\"has-text-align-center\" data-align=\"center\">14:30 &#8211; 16:00 Uhr<\/td><td class=\"has-text-align-center\" data-align=\"center\">Arbeitsgemeinschaften und Freizeitangebote<\/td><\/tr><\/tbody><\/table><\/figure>\n\n\n\n<p>Bitte beachten Sie, dass die Anmeldung Ihres Kindes f\u00fcr je ein Schulhalbjahr verbindlich ist. <strong>Sollte Ihr Kind einmal verhindert sein, teilen Sie uns dies bitte unbedingt rechtzeitig mit!<\/strong><\/p>\n<p>Wir behalten uns vor, Kinder bei wiederholtem Fehlverhalten vom Ganztagsprogramm ganz oder teilweise auszuschlie\u00dfen. Dies dient dem Schutz der interessierten Sch\u00fclerinnen und Sch\u00fcler sowie der Fachkr\u00e4fte.<\/p>\n","protected":false},"excerpt":{"rendered":"<p>Unser freiwilliges Ganztagsangebot gliedert sich in vier Programmbl\u00f6cke. Es ist m\u00f6glich, das Ganztagsangebot nur an einzelnen Tagen oder bis zu bestimmten Programmbl\u00f6cken zu nutzen (z.B. Montags und Mittwochs bis zum Mittagessen). M\u00f6chte Ihr Kind an einer Arbeitsgemeinschaft teilnehmen, muss es aus versicherungstechnischen Gr\u00fcnden allerdings bis dahin in der Schule bleiben und darf nicht zwischenzeitlich nach Hause gehen. Freitags findet nur die Randstundenbetreuung statt. Die Schule endet dann f\u00fcr alle Kinder sp\u00e4testens um 13 Uhr, eine anschlie\u00dfende Betreuung ist nicht m\u00f6glich&#8230;.<\/p>\n<p class=\"read-more\"><a class=\"btn btn-default\" href=\"https:\/\/wordpress.nibis.de\/gsnordhorn\/struktur-und-regeln\/\">Weiterlesen<span class=\"screen-reader-text\"> Weiterlesen<\/span><\/a><\/p>\n","protected":false},"author":1187,"featured_media":0,"parent":0,"menu_order":0,"comment_status":"closed","ping_status":"closed","template":"","meta":{"footnotes":""},"class_list":["post-1683","page","type-page","status-publish","hentry"],"_links":{"self":[{"href":"https:\/\/wordpress.nibis.de\/gsnordhorn\/wp-json\/wp\/v2\/pages\/1683","targetHints":{"allow":["GET"]}}],"collection":[{"href":"https:\/\/wordpress.nibis.de\/gsnordhorn\/wp-json\/wp\/v2\/pages"}],"about":[{"href":"https:\/\/wordpress.nibis.de\/gsnordhorn\/wp-json\/wp\/v2\/types\/page"}],"author":[{"embeddable":true,"href":"https:\/\/wordpress.nibis.de\/gsnordhorn\/wp-json\/wp\/v2\/users\/1187"}],"replies":[{"embeddable":true,"href":"https:\/\/wordpress.nibis.de\/gsnordhorn\/wp-json\/wp\/v2\/comments?post=1683"}],"version-history":[{"count":8,"href":"https:\/\/wordpress.nibis.de\/gsnordhorn\/wp-json\/wp\/v2\/pages\/1683\/revisions"}],"predecessor-version":[{"id":2338,"href":"https:\/\/wordpress.nibis.de\/gsnordhorn\/wp-json\/wp\/v2\/pages\/1683\/revisions\/2338"}],"wp:attachment":[{"href":"https:\/\/wordpress.nibis.de\/gsnordhorn\/wp-json\/wp\/v2\/media?parent=1683"}],"curies":[{"name":"wp","href":"https:\/\/api.w.org\/{rel}","templated":true}]}}