{"id":1685,"date":"2022-07-01T19:46:04","date_gmt":"2022-07-01T17:46:04","guid":{"rendered":"https:\/\/wordpress.nibis.de\/gsnordhorn\/?page_id=1685"},"modified":"2026-04-16T08:51:41","modified_gmt":"2026-04-16T06:51:41","slug":"freizeitangebote","status":"publish","type":"page","link":"https:\/\/wordpress.nibis.de\/gsnordhorn\/freizeitangebote\/","title":{"rendered":"AG-Angebote"},"content":{"rendered":"\n<p>Von Montag bis Donnerstag bieten wir von 14:30 Uhr bis 16:00 Uhr unseren Sch\u00fclerinnen und Sch\u00fclern ein umfangreiches AG-Angebot an. Die Anmeldung erfolgt jeweils zum Ende des laufenden Halbjahres verbindlich f\u00fcr das kommende Halbjahr.<\/p>\n<p>Die folgenden Arbeitsgemeinschaften finden im 2. Halbjahr 2025\/2026 statt:<\/p>\n\n\n\n\n\n<div data-wp-interactive=\"core\/file\" class=\"wp-block-file\"><object data-wp-bind--hidden=\"!state.hasPdfPreview\" hidden class=\"wp-block-file__embed\" data=\"https:\/\/wordpress.nibis.de\/gsnordhorn\/files\/2026\/04\/Angebotsheft-2025-26.-2.-Halbjahr.pdf\" type=\"application\/pdf\" style=\"width:100%;height:600px\" aria-label=\"Einbettung von Angebotsheft 2025-26. 2. Halbjahr.\"><\/object><a id=\"wp-block-file--media-1f34a8cb-3460-4a5f-ad7b-ae3852af58b6\" href=\"https:\/\/wordpress.nibis.de\/gsnordhorn\/files\/2026\/04\/Angebotsheft-2025-26.-2.-Halbjahr.pdf\">Angebotsheft 2025-26. 2. Halbjahr<\/a><a href=\"https:\/\/wordpress.nibis.de\/gsnordhorn\/files\/2026\/04\/Angebotsheft-2025-26.-2.-Halbjahr.pdf\" class=\"wp-block-file__button wp-element-button\" download aria-describedby=\"wp-block-file--media-1f34a8cb-3460-4a5f-ad7b-ae3852af58b6\">Herunterladen<\/a><\/div>\n","protected":false},"excerpt":{"rendered":"<p>Von Montag bis Donnerstag bieten wir von 14:30 Uhr bis 16:00 Uhr unseren Sch\u00fclerinnen und Sch\u00fclern ein umfangreiches AG-Angebot an. Die Anmeldung erfolgt jeweils zum Ende des laufenden Halbjahres verbindlich f\u00fcr das kommende Halbjahr. Die folgenden Arbeitsgemeinschaften finden im 2. Halbjahr 2025\/2026 statt:<\/p>\n","protected":false},"author":1187,"featured_media":0,"parent":0,"menu_order":0,"comment_status":"closed","ping_status":"closed","template":"","meta":{"footnotes":""},"class_list":["post-1685","page","type-page","status-publish","hentry"],"_links":{"self":[{"href":"https:\/\/wordpress.nibis.de\/gsnordhorn\/wp-json\/wp\/v2\/pages\/1685","targetHints":{"allow":["GET"]}}],"collection":[{"href":"https:\/\/wordpress.nibis.de\/gsnordhorn\/wp-json\/wp\/v2\/pages"}],"about":[{"href":"https:\/\/wordpress.nibis.de\/gsnordhorn\/wp-json\/wp\/v2\/types\/page"}],"author":[{"embeddable":true,"href":"https:\/\/wordpress.nibis.de\/gsnordhorn\/wp-json\/wp\/v2\/users\/1187"}],"replies":[{"embeddable":true,"href":"https:\/\/wordpress.nibis.de\/gsnordhorn\/wp-json\/wp\/v2\/comments?post=1685"}],"version-history":[{"count":11,"href":"https:\/\/wordpress.nibis.de\/gsnordhorn\/wp-json\/wp\/v2\/pages\/1685\/revisions"}],"predecessor-version":[{"id":2988,"href":"https:\/\/wordpress.nibis.de\/gsnordhorn\/wp-json\/wp\/v2\/pages\/1685\/revisions\/2988"}],"wp:attachment":[{"href":"https:\/\/wordpress.nibis.de\/gsnordhorn\/wp-json\/wp\/v2\/media?parent=1685"}],"curies":[{"name":"wp","href":"https:\/\/api.w.org\/{rel}","templated":true}]}}