{"id":1261,"date":"2022-11-02T16:51:44","date_gmt":"2022-11-02T15:51:44","guid":{"rendered":"https:\/\/wordpress.nibis.de\/gsoberg\/?page_id=1261"},"modified":"2023-03-23T15:08:33","modified_gmt":"2023-03-23T14:08:33","slug":"frieden-schmeckt-nach-zuckerwatte","status":"publish","type":"page","link":"https:\/\/wordpress.nibis.de\/gsoberg\/frieden-schmeckt-nach-zuckerwatte\/","title":{"rendered":"Frieden schmeckt nach Zuckerwatte"},"content":{"rendered":"<blockquote><p>Unsere Sch\u00fclerinnen und Sch\u00fcler machten Werbung f\u00fcr den Frieden<\/p><\/blockquote>\n<p><img loading=\"lazy\" decoding=\"async\" class=\"aligncenter size-full wp-image-1242\" src=\"https:\/\/wordpress.nibis.de\/gsoberg\/files\/2022\/10\/Grundschule-Oberg-Frieden-07.jpg\" alt=\"\" width=\"300\" height=\"244\" \/><\/p>\n<p>Als die Sch\u00fclerinnen und Sch\u00fcler der Grundschule Oberg am Morgen des 7.10.2022 auf<br \/>\ndem Schulhof eintrafen, bot sich ihnen ein ungewohntes Bild: Ihre Schulleiterin Frau Nickel<br \/>\nbegr\u00fc\u00dfte sie mit dem Lied \u201eEin bisschen Frieden\u201c, die Luft flimmerte voller Seifenblasen und<br \/>\nin den G\u00e4ngen ihrer Schule duftete es nach Zuckerwatte.<br \/>\nVor dem Hintergrund des Ukraine- Kriegs fand an der Schule der Projekttag unter dem Motto<br \/>\n\u201cFrieden mit allen Sinnen\u201c statt. An verschiedenen Stationen bastelten die Kinder<br \/>\nFriedenslichter, gestalteten einen Friedensbaum, sangen, malten und setzten ihren<br \/>\nFriedengedanken um.<\/p>\n<p><img loading=\"lazy\" decoding=\"async\" class=\"aligncenter size-full wp-image-1245\" src=\"https:\/\/wordpress.nibis.de\/gsoberg\/files\/2022\/10\/Grundschule-Oberg-Frieden-09.jpg\" alt=\"\" width=\"225\" height=\"300\" \/><br \/>\nZum Abschluss des Tages gestaltete jede Klasse ihr Werbefenster f\u00fcr den Frieden. Dabei<br \/>\nkonnte jede Klasse ihre Idee von Frieden kreativ mit den f\u00fcnf Sinnen verkn\u00fcpfen:<br \/>\nFrieden schmeckt wie\u2026<br \/>\nFrieden sieht aus wie\u2026<br \/>\nFrieden riecht wie\u2026<br \/>\nFrieden klingt wie\u2026<br \/>\nFrieden f\u00fchlt sich an wie\u2026<br \/>\nDie Ideen der Kinder k\u00f6nnen seit den Herbstferien an den Fenstern der Schule bewundert<br \/>\nwerden. Und am Ende des Tages fanden die Kinder schlie\u00dflich auch noch heraus, wie<br \/>\nFrieden schmecken k\u00f6nnte: S\u00fc\u00df wie rosa Zuckerwatte. <em>(L. Flemming)<\/em><\/p>\n<p><img loading=\"lazy\" decoding=\"async\" class=\"aligncenter size-full wp-image-1240\" src=\"https:\/\/wordpress.nibis.de\/gsoberg\/files\/2022\/10\/Grundschule-Oberg-Frieden-03.jpg\" alt=\"\" width=\"350\" height=\"270\" \/><\/p>\n","protected":false},"excerpt":{"rendered":"<p>Unsere Sch\u00fclerinnen und Sch\u00fcler machten Werbung f\u00fcr den Frieden Als die Sch\u00fclerinnen und Sch\u00fcler der Grundschule Oberg am Morgen des 7.10.2022 auf dem Schulhof eintrafen, bot sich ihnen ein ungewohntes Bild: Ihre Schulleiterin Frau Nickel begr\u00fc\u00dfte sie mit dem Lied \u201eEin bisschen Frieden\u201c, die Luft flimmerte voller Seifenblasen und in den G\u00e4ngen ihrer Schule duftete &#8230; <a title=\"Frieden schmeckt nach Zuckerwatte\" class=\"read-more\" href=\"https:\/\/wordpress.nibis.de\/gsoberg\/frieden-schmeckt-nach-zuckerwatte\/\" aria-label=\"Mehr Informationen \u00fcber Frieden schmeckt nach Zuckerwatte\">Weiterlesen<\/a><\/p>\n","protected":false},"author":9192944,"featured_media":0,"parent":0,"menu_order":0,"comment_status":"closed","ping_status":"closed","template":"","meta":{"footnotes":""},"class_list":["post-1261","page","type-page","status-publish"],"_links":{"self":[{"href":"https:\/\/wordpress.nibis.de\/gsoberg\/wp-json\/wp\/v2\/pages\/1261","targetHints":{"allow":["GET"]}}],"collection":[{"href":"https:\/\/wordpress.nibis.de\/gsoberg\/wp-json\/wp\/v2\/pages"}],"about":[{"href":"https:\/\/wordpress.nibis.de\/gsoberg\/wp-json\/wp\/v2\/types\/page"}],"author":[{"embeddable":true,"href":"https:\/\/wordpress.nibis.de\/gsoberg\/wp-json\/wp\/v2\/users\/9192944"}],"replies":[{"embeddable":true,"href":"https:\/\/wordpress.nibis.de\/gsoberg\/wp-json\/wp\/v2\/comments?post=1261"}],"version-history":[{"count":2,"href":"https:\/\/wordpress.nibis.de\/gsoberg\/wp-json\/wp\/v2\/pages\/1261\/revisions"}],"predecessor-version":[{"id":1267,"href":"https:\/\/wordpress.nibis.de\/gsoberg\/wp-json\/wp\/v2\/pages\/1261\/revisions\/1267"}],"wp:attachment":[{"href":"https:\/\/wordpress.nibis.de\/gsoberg\/wp-json\/wp\/v2\/media?parent=1261"}],"curies":[{"name":"wp","href":"https:\/\/api.w.org\/{rel}","templated":true}]}}