{"id":1275,"date":"2022-11-04T15:53:23","date_gmt":"2022-11-04T14:53:23","guid":{"rendered":"https:\/\/wordpress.nibis.de\/gsoberg\/?page_id=1275"},"modified":"2022-11-04T15:53:25","modified_gmt":"2022-11-04T14:53:25","slug":"mathematikunterricht-handlungsorientiert","status":"publish","type":"page","link":"https:\/\/wordpress.nibis.de\/gsoberg\/mathematikunterricht-handlungsorientiert\/","title":{"rendered":"Mathematikunterricht &#8211; handlungsorientiert"},"content":{"rendered":"<p>Die Sch\u00fclerinnen und Sch\u00fcler der zweiten Klassen haben eifrig den Zahlenraum bis 100 entdeckt. Sie haben gez\u00e4hlt und geb\u00fcndelt &#8211; immer zehn Gegenst\u00e4nde zusammen. Anschlie\u00dfend werden die Zehner gez\u00e4hlt und noch die einzelnen, die \u00fcbrig bleiben. Am Ende haben sie Bausteine, Wasserperlen, Kastanien, W\u00e4scheklammern, W\u00fcrfel und vieles mehr gez\u00e4hlt. Die Freude am Lernen war deutlich zu sp\u00fcren.\u00a0<\/p>\n\n\n<figure class=\"wp-block-image size-large is-resized\"><img loading=\"lazy\" decoding=\"async\" src=\"https:\/\/wordpress.nibis.de\/gsoberg\/files\/2022\/11\/Buendeln-ZR-100-rotated.jpg\" alt=\"\" class=\"wp-image-1276\" width=\"796\" height=\"1061\" \/><figcaption>Ein vorbereiteter Arbeitsplatz<\/figcaption><\/figure>\n\n\n\n<figure class=\"wp-block-gallery has-nested-images columns-default is-cropped wp-block-gallery-1 is-layout-flex wp-block-gallery-is-layout-flex\">\n<figure class=\"wp-block-image size-large\"><img loading=\"lazy\" decoding=\"async\" width=\"480\" height=\"640\" data-id=\"1280\" src=\"https:\/\/wordpress.nibis.de\/gsoberg\/files\/2022\/11\/Buendeln-ZR-100_2-rotated.jpg\" alt=\"\" class=\"wp-image-1280\" \/><\/figure>\n\n\n\n<figure class=\"wp-block-image size-large\"><img loading=\"lazy\" decoding=\"async\" width=\"480\" height=\"640\" data-id=\"1278\" src=\"https:\/\/wordpress.nibis.de\/gsoberg\/files\/2022\/11\/Buendeln-ZR-100_3-rotated.jpg\" alt=\"\" class=\"wp-image-1278\" \/><\/figure>\n\n\n\n<figure class=\"wp-block-image size-large\"><img loading=\"lazy\" decoding=\"async\" width=\"480\" height=\"640\" data-id=\"1281\" src=\"https:\/\/wordpress.nibis.de\/gsoberg\/files\/2022\/11\/Buendeln-ZR-100_4-rotated.jpg\" alt=\"\" class=\"wp-image-1281\" \/><\/figure>\n\n\n\n<figure class=\"wp-block-image size-large\"><img loading=\"lazy\" decoding=\"async\" width=\"480\" height=\"640\" data-id=\"1277\" src=\"https:\/\/wordpress.nibis.de\/gsoberg\/files\/2022\/11\/Buendeln-ZR-100_5-rotated.jpg\" alt=\"\" class=\"wp-image-1277\" \/><\/figure>\n\n\n\n<figure class=\"wp-block-image size-large\"><img decoding=\"async\" data-id=\"1279\" src=\"https:\/\/wordpress.nibis.de\/gsoberg\/files\/2022\/11\/Buendeln-ZR-100_6-rotated.jpg\" alt=\"\" class=\"wp-image-1279\" \/><\/figure>\n\n\n\n<figure class=\"wp-block-image size-large\"><img loading=\"lazy\" decoding=\"async\" width=\"480\" height=\"640\" data-id=\"1282\" src=\"https:\/\/wordpress.nibis.de\/gsoberg\/files\/2022\/11\/Buendeln-ZR-100_7-rotated.jpg\" alt=\"\" class=\"wp-image-1282\" \/><\/figure>\n<\/figure>\n","protected":false},"excerpt":{"rendered":"<p>Die Sch\u00fclerinnen und Sch\u00fcler der zweiten Klassen haben eifrig den Zahlenraum bis 100 entdeckt. Sie haben gez\u00e4hlt und geb\u00fcndelt &#8211; immer zehn Gegenst\u00e4nde zusammen. Anschlie\u00dfend werden die Zehner gez\u00e4hlt und noch die einzelnen, die \u00fcbrig bleiben. Am Ende haben sie Bausteine, Wasserperlen, Kastanien, W\u00e4scheklammern, W\u00fcrfel und vieles mehr gez\u00e4hlt. Die Freude am Lernen war deutlich &#8230; <a title=\"Mathematikunterricht &#8211; handlungsorientiert\" class=\"read-more\" href=\"https:\/\/wordpress.nibis.de\/gsoberg\/mathematikunterricht-handlungsorientiert\/\" aria-label=\"Mehr Informationen \u00fcber Mathematikunterricht &#8211; handlungsorientiert\">Weiterlesen<\/a><\/p>\n","protected":false},"author":9192944,"featured_media":0,"parent":0,"menu_order":0,"comment_status":"closed","ping_status":"closed","template":"","meta":{"footnotes":""},"class_list":["post-1275","page","type-page","status-publish"],"_links":{"self":[{"href":"https:\/\/wordpress.nibis.de\/gsoberg\/wp-json\/wp\/v2\/pages\/1275","targetHints":{"allow":["GET"]}}],"collection":[{"href":"https:\/\/wordpress.nibis.de\/gsoberg\/wp-json\/wp\/v2\/pages"}],"about":[{"href":"https:\/\/wordpress.nibis.de\/gsoberg\/wp-json\/wp\/v2\/types\/page"}],"author":[{"embeddable":true,"href":"https:\/\/wordpress.nibis.de\/gsoberg\/wp-json\/wp\/v2\/users\/9192944"}],"replies":[{"embeddable":true,"href":"https:\/\/wordpress.nibis.de\/gsoberg\/wp-json\/wp\/v2\/comments?post=1275"}],"version-history":[{"count":2,"href":"https:\/\/wordpress.nibis.de\/gsoberg\/wp-json\/wp\/v2\/pages\/1275\/revisions"}],"predecessor-version":[{"id":1286,"href":"https:\/\/wordpress.nibis.de\/gsoberg\/wp-json\/wp\/v2\/pages\/1275\/revisions\/1286"}],"wp:attachment":[{"href":"https:\/\/wordpress.nibis.de\/gsoberg\/wp-json\/wp\/v2\/media?parent=1275"}],"curies":[{"name":"wp","href":"https:\/\/api.w.org\/{rel}","templated":true}]}}