{"id":1321,"date":"2023-02-19T16:05:09","date_gmt":"2023-02-19T15:05:09","guid":{"rendered":"https:\/\/wordpress.nibis.de\/gsoberg\/?page_id=1321"},"modified":"2023-02-20T20:06:22","modified_gmt":"2023-02-20T19:06:22","slug":"medienbildung","status":"publish","type":"page","link":"https:\/\/wordpress.nibis.de\/gsoberg\/medienbildung\/","title":{"rendered":"Medienbildung"},"content":{"rendered":"\n<p>Unsere Schule schreibt sich die <strong>Medienbildung<\/strong> auf die <em><span style=\"color:var(--accent)\" class=\"tadv-color\">Fahne<\/span><\/em>!<\/p>\n\n\n\n<p><\/p>\n\n\n\n<p>Seit 2018 gibt es an unserer Schule eine Arbeitsgruppe \u201eMedien\u201c. Sie hat nicht nur ein neues Medienkonzept entworfen, sondern auch den Schulserver IServ als Lehrmittel eingef\u00fchrt und besch\u00e4ftigt sich zudem mit der Digitalisierung der Schule. Seit 2021 befindet sich in einer Klasse eine interaktive Tafel, die die altmodische Kreidetafel ersetzt. Weitere sollen noch von der Gemeinde angeschafft werden. <\/p>\n\n\n\n<p><\/p>\n\n\n\n<p>Zudem hat die Arbeitsgruppe zusammen mit dem Kollegium und den Elternvertretern in der Gesamtkonferenz verabschiedet, dass eine Sachunterrichtsstunde der Klassen 3 und 4 zu einer sogenannten &#8222;<strong>Medienstunde<\/strong>&#8220; wird und somit in der Stundentafel f\u00fcr alle Sch\u00fclerinnen und Sch\u00fcler fest verankert ist. <\/p>\n\n\n\n<p>Auf dem <em>Lehrplan<\/em> stehen &#8230;<\/p>\n\n\n\n<p>&#8230;Ger\u00e4tekunde, <\/p>\n\n\n\n<p>&#8230;das Arbeiten mit Paint und Word,<\/p>\n\n\n\n<p>&#8230;Definition Internet und das Zurechtfinden auf Internetseiten,<\/p>\n\n\n\n<p>&#8230;Recherchieren anhand verschiedener Kindersuchmaschinen,<\/p>\n\n\n\n<p>&#8230;Kennenlernen und Benutzen unseres IServs,<\/p>\n\n\n\n<p>&#8230;Gefahren im Internet: sicheres Passwort, Mobbing, Internetkriminalit\u00e4t,<\/p>\n\n\n\n<p>&#8230;und das Erstellen eigener Medien: H\u00f6rspiel, Film o.\u00e4.<\/p>\n\n\n\n<p><\/p>\n\n\n\n<p>Zus\u00e4tzlich nutzen wir manchmal im Unterricht <strong>IPads oder Laptops<\/strong>. Durch das Arbeiten mit Lernapps wie z.B. &#8222;Anton&#8220; oder &#8222;Antolin&#8220;, kann man Gelerntes motivierend und durch eine hohe Aufgabenvielfalt festigen. <\/p>\n\n\n\n<p>Aber auch besondere Lernaufgaben, um kreativ und vertiefend an Unterrichtsinhalten zu arbeiten, lassen sich hervorragend in den Unterricht integrieren. Comics, B\u00fccher oder Erkl\u00e4rfilme werden hier zu einem bestimmten Thema erstellt und teilweise auch ver\u00f6ffentlicht.<\/p>\n\n\n\n<figure class=\"wp-block-gallery has-nested-images columns-default is-cropped wp-block-gallery-1 is-layout-flex wp-block-gallery-is-layout-flex\">\n<figure class=\"wp-block-image size-large\"><img loading=\"lazy\" decoding=\"async\" width=\"574\" height=\"675\" data-id=\"1394\" src=\"https:\/\/wordpress.nibis.de\/gsoberg\/files\/2023\/02\/Langeoog-2-2-574x675.jpg\" alt=\"\" class=\"wp-image-1394\" \/><\/figure>\n\n\n\n<figure class=\"wp-block-image size-large\"><img loading=\"lazy\" decoding=\"async\" width=\"464\" height=\"646\" data-id=\"1393\" src=\"https:\/\/wordpress.nibis.de\/gsoberg\/files\/2023\/02\/Langeoog-3.jpg\" alt=\"\" class=\"wp-image-1393\" \/><\/figure>\n\n\n\n<figure class=\"wp-block-image size-large\"><img loading=\"lazy\" decoding=\"async\" width=\"722\" height=\"573\" data-id=\"1395\" src=\"https:\/\/wordpress.nibis.de\/gsoberg\/files\/2023\/02\/Mathe-Projekt-ganz-2.jpg\" alt=\"\" class=\"wp-image-1395\" \/><\/figure>\n\n\n\n<figure class=\"wp-block-image size-large\"><img loading=\"lazy\" decoding=\"async\" width=\"484\" height=\"320\" data-id=\"1392\" src=\"https:\/\/wordpress.nibis.de\/gsoberg\/files\/2023\/02\/Mathe-Projekt-2.jpg\" alt=\"\" class=\"wp-image-1392\" \/><\/figure>\n\n\n\n<figure class=\"wp-block-image size-large\"><img loading=\"lazy\" decoding=\"async\" width=\"652\" height=\"530\" data-id=\"1391\" src=\"https:\/\/wordpress.nibis.de\/gsoberg\/files\/2023\/02\/Planung-2.jpg\" alt=\"\" class=\"wp-image-1391\" \/><\/figure>\n<figcaption class=\"blocks-gallery-caption\">Mathe Projekt der 4b, Februar 2023<\/figcaption><\/figure>\n\n\n\n<p><\/p>\n\n\n\n<p>Unser Medienangebot rundet eine Medien-AG ab, die vertiefend in die Arbeit mit Medien geht. Hier hat man noch mehr Zeit Unterrichtsinhalte genauer zu beleuchten, auszuprobieren und auch Programme zu schreiben und kleine Roboter oder Platinen zu programmieren.<\/p>\n","protected":false},"excerpt":{"rendered":"<p>Unsere Schule schreibt sich die Medienbildung auf die Fahne! Seit 2018 gibt es an unserer Schule eine Arbeitsgruppe \u201eMedien\u201c. Sie hat nicht nur ein neues Medienkonzept entworfen, sondern auch den Schulserver IServ als Lehrmittel eingef\u00fchrt und besch\u00e4ftigt sich zudem mit der Digitalisierung der Schule. Seit 2021 befindet sich in einer Klasse eine interaktive Tafel, die &#8230; <a title=\"Medienbildung\" class=\"read-more\" href=\"https:\/\/wordpress.nibis.de\/gsoberg\/medienbildung\/\" aria-label=\"Mehr Informationen \u00fcber Medienbildung\">Weiterlesen<\/a><\/p>\n","protected":false},"author":9194160,"featured_media":0,"parent":0,"menu_order":0,"comment_status":"closed","ping_status":"closed","template":"","meta":{"footnotes":""},"class_list":["post-1321","page","type-page","status-publish"],"_links":{"self":[{"href":"https:\/\/wordpress.nibis.de\/gsoberg\/wp-json\/wp\/v2\/pages\/1321","targetHints":{"allow":["GET"]}}],"collection":[{"href":"https:\/\/wordpress.nibis.de\/gsoberg\/wp-json\/wp\/v2\/pages"}],"about":[{"href":"https:\/\/wordpress.nibis.de\/gsoberg\/wp-json\/wp\/v2\/types\/page"}],"author":[{"embeddable":true,"href":"https:\/\/wordpress.nibis.de\/gsoberg\/wp-json\/wp\/v2\/users\/9194160"}],"replies":[{"embeddable":true,"href":"https:\/\/wordpress.nibis.de\/gsoberg\/wp-json\/wp\/v2\/comments?post=1321"}],"version-history":[{"count":6,"href":"https:\/\/wordpress.nibis.de\/gsoberg\/wp-json\/wp\/v2\/pages\/1321\/revisions"}],"predecessor-version":[{"id":1399,"href":"https:\/\/wordpress.nibis.de\/gsoberg\/wp-json\/wp\/v2\/pages\/1321\/revisions\/1399"}],"wp:attachment":[{"href":"https:\/\/wordpress.nibis.de\/gsoberg\/wp-json\/wp\/v2\/media?parent=1321"}],"curies":[{"name":"wp","href":"https:\/\/api.w.org\/{rel}","templated":true}]}}