{"id":1353,"date":"2023-02-19T16:13:56","date_gmt":"2023-02-19T15:13:56","guid":{"rendered":"https:\/\/wordpress.nibis.de\/gsoberg\/?page_id=1353"},"modified":"2023-05-30T13:25:57","modified_gmt":"2023-05-30T11:25:57","slug":"ag-medien-produzieren-und-programmieren","status":"publish","type":"page","link":"https:\/\/wordpress.nibis.de\/gsoberg\/ag-medien-produzieren-und-programmieren\/","title":{"rendered":"AG Medien produzieren und programmieren"},"content":{"rendered":"\n<p>Im ersten Halbjahr 2022\/23 startete die langersehnte AG, welche vom F\u00f6rderverein mit dem Kauf von sechs Ozobot Bits und einem Klassensatz Calliope Minis unterst\u00fctzt wurde. <\/p>\n\n\n\n<p><\/p>\n\n\n\n<p>Als Einstieg programmierten Sch\u00fclerinnen und Sch\u00fcler (SuS) zun\u00e4chst die Ozobot Bits. Sie lernten wie man anhand von Farbcodes den Ozobot bestimmte Wege abfahren lassen kann, die Geschwindigkeit reguliert, die Farbe wechseln l\u00e4sst oder lustige Moves lassen machen kann. Zum Schluss wurden anspruchsvolle Denkaufgaben gestellt, die die Kinder mit Hilfe von Codes l\u00f6sen mussten.<\/p>\n\n\n\n<p><\/p>\n\n\n\n<p><\/p>\n\n\n\n<p>Darauf folgte das Programmieren des Calliope Minis. Diese programmiert man nicht mit Farbcodes, sondern hier m\u00fcssen die SuS in einem Editor ein Programm schreiben und auf den Calliope \u00fcbertragen. So konnten die AG-Mitglieder\/innen sich pers\u00f6nlich von ihrem Calliope begr\u00fc\u00dfen lassen, programmierten ein Herz oder andere Bilder. Manche musizierten mit den Calliope oder komponierten kleine Musiksequenzen.<\/p>\n\n\n\n<p><\/p>\n\n\n\n<p><\/p>\n\n\n\n<p>Im zweiten Halbjahr lernten wir den Umgang mit IPads kennen. Mit der App \u201eActionbound\u201c wurde eine GS Oberg Rallye veranstaltet. Aktuell wird zu dem Gesellschaftsspiel \u201eDie Legenden von Andor\u201c ein Comic kreativ angefertigt, bei dem die Sch\u00fclerinnen und Sch\u00fcler Szenen anhand des Spielmaterials nachstellen, fotografieren und dazu eine Story schreiben.<\/p>\n\n\n\n<figure class=\"wp-block-gallery has-nested-images columns-default is-cropped wp-block-gallery-1 is-layout-flex wp-block-gallery-is-layout-flex\">\n<figure class=\"wp-block-image size-large\"><img loading=\"lazy\" decoding=\"async\" width=\"587\" height=\"551\" data-id=\"1402\" src=\"https:\/\/wordpress.nibis.de\/gsoberg\/files\/2023\/02\/Einfuehrung-Andor-2.jpg\" alt=\"\" class=\"wp-image-1402\" \/><\/figure>\n\n\n\n<figure class=\"wp-block-image size-large\"><img loading=\"lazy\" decoding=\"async\" width=\"567\" height=\"346\" data-id=\"1401\" src=\"https:\/\/wordpress.nibis.de\/gsoberg\/files\/2023\/02\/Karte-1.jpg\" alt=\"\" class=\"wp-image-1401\" \/><\/figure>\n<figcaption class=\"blocks-gallery-caption\">Einf\u00fchrung der Legenden von Andor<\/figcaption><\/figure>\n\n\n\n<p><\/p>\n\n\n\n<p><\/p>\n\n\n\n<p>Hier die fertigen Comics der Sch\u00fclerinnen und Sch\u00fcler:<\/p>\n\n\n\n<div data-wp-interactive=\"core\/file\" class=\"wp-block-file\"><object data-wp-bind--hidden=\"!state.hasPdfPreview\" hidden class=\"wp-block-file__embed\" data=\"https:\/\/wordpress.nibis.de\/gsoberg\/files\/2023\/05\/Cool-Squad-1.pdf\" type=\"application\/pdf\" style=\"width:100%;height:600px\" aria-label=\"Einbettung von Einbettung von Cool-Squad-1..\"><\/object><a id=\"wp-block-file--media-8fd7c927-45e3-4936-a330-646347033bdc\" href=\"https:\/\/wordpress.nibis.de\/gsoberg\/files\/2023\/05\/Cool-Squad-1.pdf\">Cool-Squad-1<\/a><a href=\"https:\/\/wordpress.nibis.de\/gsoberg\/files\/2023\/05\/Cool-Squad-1.pdf\" class=\"wp-block-file__button\" download aria-describedby=\"wp-block-file--media-8fd7c927-45e3-4936-a330-646347033bdc\">Herunterladen<\/a><\/div>\n\n\n\n<div data-wp-interactive=\"core\/file\" class=\"wp-block-file\"><object data-wp-bind--hidden=\"!state.hasPdfPreview\" hidden class=\"wp-block-file__embed\" data=\"https:\/\/wordpress.nibis.de\/gsoberg\/files\/2023\/05\/Seasons-Winter.pdf\" type=\"application\/pdf\" style=\"width:100%;height:600px\" aria-label=\"Einbettung von Einbettung von Seasons-Winter..\"><\/object><a id=\"wp-block-file--media-a77820d2-db21-4398-814a-127bbc8bad35\" href=\"https:\/\/wordpress.nibis.de\/gsoberg\/files\/2023\/05\/Seasons-Winter.pdf\">Seasons-Winter<\/a><a href=\"https:\/\/wordpress.nibis.de\/gsoberg\/files\/2023\/05\/Seasons-Winter.pdf\" class=\"wp-block-file__button\" download aria-describedby=\"wp-block-file--media-a77820d2-db21-4398-814a-127bbc8bad35\">Herunterladen<\/a><\/div>\n\n\n\n<div data-wp-interactive=\"core\/file\" class=\"wp-block-file\"><object data-wp-bind--hidden=\"!state.hasPdfPreview\" hidden class=\"wp-block-file__embed\" data=\"https:\/\/wordpress.nibis.de\/gsoberg\/files\/2023\/05\/Super-Hero.pdf\" type=\"application\/pdf\" style=\"width:100%;height:600px\" aria-label=\"Einbettung von Einbettung von Super-Hero..\"><\/object><a id=\"wp-block-file--media-d4557bca-26d7-4d89-8cc5-cb20ff30f3bd\" href=\"https:\/\/wordpress.nibis.de\/gsoberg\/files\/2023\/05\/Super-Hero.pdf\">Super-Hero<\/a><a href=\"https:\/\/wordpress.nibis.de\/gsoberg\/files\/2023\/05\/Super-Hero.pdf\" class=\"wp-block-file__button\" download aria-describedby=\"wp-block-file--media-d4557bca-26d7-4d89-8cc5-cb20ff30f3bd\">Herunterladen<\/a><\/div>\n\n\n\n<div data-wp-interactive=\"core\/file\" class=\"wp-block-file\"><object data-wp-bind--hidden=\"!state.hasPdfPreview\" hidden class=\"wp-block-file__embed\" data=\"https:\/\/wordpress.nibis.de\/gsoberg\/files\/2023\/05\/Super-Story.pdf\" type=\"application\/pdf\" style=\"width:100%;height:600px\" aria-label=\"Einbettung von Einbettung von Super-Story..\"><\/object><a id=\"wp-block-file--media-d2e07bea-34f5-40de-80f4-911d4fd3083c\" href=\"https:\/\/wordpress.nibis.de\/gsoberg\/files\/2023\/05\/Super-Story.pdf\">Super-Story<\/a><a href=\"https:\/\/wordpress.nibis.de\/gsoberg\/files\/2023\/05\/Super-Story.pdf\" class=\"wp-block-file__button\" download aria-describedby=\"wp-block-file--media-d2e07bea-34f5-40de-80f4-911d4fd3083c\">Herunterladen<\/a><\/div>\n\n\n\n<div data-wp-interactive=\"core\/file\" class=\"wp-block-file\"><object data-wp-bind--hidden=\"!state.hasPdfPreview\" hidden class=\"wp-block-file__embed\" data=\"https:\/\/wordpress.nibis.de\/gsoberg\/files\/2023\/05\/Tafelberg.pdf\" type=\"application\/pdf\" style=\"width:100%;height:600px\" aria-label=\"Einbettung von Einbettung von Tafelberg..\"><\/object><a id=\"wp-block-file--media-d173f4fd-3e38-49ac-90f3-d57b3ff209f4\" href=\"https:\/\/wordpress.nibis.de\/gsoberg\/files\/2023\/05\/Tafelberg.pdf\">Tafelberg<\/a><a href=\"https:\/\/wordpress.nibis.de\/gsoberg\/files\/2023\/05\/Tafelberg.pdf\" class=\"wp-block-file__button\" download aria-describedby=\"wp-block-file--media-d173f4fd-3e38-49ac-90f3-d57b3ff209f4\">Herunterladen<\/a><\/div>\n\n\n\n<div data-wp-interactive=\"core\/file\" class=\"wp-block-file\"><object data-wp-bind--hidden=\"!state.hasPdfPreview\" hidden class=\"wp-block-file__embed\" data=\"https:\/\/wordpress.nibis.de\/gsoberg\/files\/2023\/05\/Urbana.pdf\" type=\"application\/pdf\" style=\"width:100%;height:600px\" aria-label=\"Einbettung von Einbettung von Urbana..\"><\/object><a id=\"wp-block-file--media-954a7eb9-cbd7-4af4-9f3a-05c9b458b5b0\" href=\"https:\/\/wordpress.nibis.de\/gsoberg\/files\/2023\/05\/Urbana.pdf\">Urbana<\/a><a href=\"https:\/\/wordpress.nibis.de\/gsoberg\/files\/2023\/05\/Urbana.pdf\" class=\"wp-block-file__button\" download aria-describedby=\"wp-block-file--media-954a7eb9-cbd7-4af4-9f3a-05c9b458b5b0\">Herunterladen<\/a><\/div>\n\n\n\n<div data-wp-interactive=\"core\/file\" class=\"wp-block-file\"><object data-wp-bind--hidden=\"!state.hasPdfPreview\" hidden class=\"wp-block-file__embed\" data=\"https:\/\/wordpress.nibis.de\/gsoberg\/files\/2023\/05\/Urbana-1.pdf\" type=\"application\/pdf\" style=\"width:100%;height:600px\" aria-label=\"Einbettung von Einbettung von Urbana-1..\"><\/object><a id=\"wp-block-file--media-dc299775-241f-42da-8bb6-6274b3d81d85\" href=\"https:\/\/wordpress.nibis.de\/gsoberg\/files\/2023\/05\/Urbana-1.pdf\">Urbana-1<\/a><a href=\"https:\/\/wordpress.nibis.de\/gsoberg\/files\/2023\/05\/Urbana-1.pdf\" class=\"wp-block-file__button\" download aria-describedby=\"wp-block-file--media-dc299775-241f-42da-8bb6-6274b3d81d85\">Herunterladen<\/a><\/div>\n","protected":false},"excerpt":{"rendered":"<p>Im ersten Halbjahr 2022\/23 startete die langersehnte AG, welche vom F\u00f6rderverein mit dem Kauf von sechs Ozobot Bits und einem Klassensatz Calliope Minis unterst\u00fctzt wurde. Als Einstieg programmierten Sch\u00fclerinnen und Sch\u00fcler (SuS) zun\u00e4chst die Ozobot Bits. Sie lernten wie man anhand von Farbcodes den Ozobot bestimmte Wege abfahren lassen kann, die Geschwindigkeit reguliert, die Farbe &#8230; <a title=\"AG Medien produzieren und programmieren\" class=\"read-more\" href=\"https:\/\/wordpress.nibis.de\/gsoberg\/ag-medien-produzieren-und-programmieren\/\" aria-label=\"Mehr Informationen \u00fcber AG Medien produzieren und programmieren\">Weiterlesen<\/a><\/p>\n","protected":false},"author":9194160,"featured_media":0,"parent":0,"menu_order":0,"comment_status":"closed","ping_status":"closed","template":"","meta":{"footnotes":""},"class_list":["post-1353","page","type-page","status-publish"],"_links":{"self":[{"href":"https:\/\/wordpress.nibis.de\/gsoberg\/wp-json\/wp\/v2\/pages\/1353","targetHints":{"allow":["GET"]}}],"collection":[{"href":"https:\/\/wordpress.nibis.de\/gsoberg\/wp-json\/wp\/v2\/pages"}],"about":[{"href":"https:\/\/wordpress.nibis.de\/gsoberg\/wp-json\/wp\/v2\/types\/page"}],"author":[{"embeddable":true,"href":"https:\/\/wordpress.nibis.de\/gsoberg\/wp-json\/wp\/v2\/users\/9194160"}],"replies":[{"embeddable":true,"href":"https:\/\/wordpress.nibis.de\/gsoberg\/wp-json\/wp\/v2\/comments?post=1353"}],"version-history":[{"count":6,"href":"https:\/\/wordpress.nibis.de\/gsoberg\/wp-json\/wp\/v2\/pages\/1353\/revisions"}],"predecessor-version":[{"id":1578,"href":"https:\/\/wordpress.nibis.de\/gsoberg\/wp-json\/wp\/v2\/pages\/1353\/revisions\/1578"}],"wp:attachment":[{"href":"https:\/\/wordpress.nibis.de\/gsoberg\/wp-json\/wp\/v2\/media?parent=1353"}],"curies":[{"name":"wp","href":"https:\/\/api.w.org\/{rel}","templated":true}]}}