{"id":141,"date":"2019-02-06T12:22:49","date_gmt":"2019-02-06T11:22:49","guid":{"rendered":"http:\/\/wordpress.nibis.de\/gsoberg\/?page_id=141"},"modified":"2026-03-25T09:50:46","modified_gmt":"2026-03-25T08:50:46","slug":"weiterfuehrende-schulen","status":"publish","type":"page","link":"https:\/\/wordpress.nibis.de\/gsoberg\/aktuelles\/weiterfuehrende-schulen\/","title":{"rendered":"Weiterf\u00fchrende Schulen"},"content":{"rendered":"<p><a href=\"https:\/\/wordpress.nibis.de\/gsoberg\/files\/2026\/03\/Anmeldetermine-2026.pdf\">Anmeldetermine 2026<\/a><\/p>\n<p><span style=\"margin: 0px;font-family: 'Calibri',sans-serif;font-size: 12pt\"><span style=\"color: #000000\">Die Anmeldung an der von Ihnen f\u00fcr Ihr Kind gew\u00fcnschten Schulform m\u00fcssen Sie selbst vornehmen und der Grundschule mitteilen, an welcher Schule Ihr Kind angemeldet wurde.<\/span><\/span><\/p>\n\n\n<p><\/p>\n","protected":false},"excerpt":{"rendered":"<p>Anmeldetermine 2026 Die Anmeldung an der von Ihnen f\u00fcr Ihr Kind gew\u00fcnschten Schulform m\u00fcssen Sie selbst vornehmen und der Grundschule mitteilen, an welcher Schule Ihr Kind angemeldet wurde.<\/p>\n","protected":false},"author":9192632,"featured_media":0,"parent":43,"menu_order":4,"comment_status":"closed","ping_status":"closed","template":"","meta":{"footnotes":""},"class_list":["post-141","page","type-page","status-publish"],"_links":{"self":[{"href":"https:\/\/wordpress.nibis.de\/gsoberg\/wp-json\/wp\/v2\/pages\/141","targetHints":{"allow":["GET"]}}],"collection":[{"href":"https:\/\/wordpress.nibis.de\/gsoberg\/wp-json\/wp\/v2\/pages"}],"about":[{"href":"https:\/\/wordpress.nibis.de\/gsoberg\/wp-json\/wp\/v2\/types\/page"}],"author":[{"embeddable":true,"href":"https:\/\/wordpress.nibis.de\/gsoberg\/wp-json\/wp\/v2\/users\/9192632"}],"replies":[{"embeddable":true,"href":"https:\/\/wordpress.nibis.de\/gsoberg\/wp-json\/wp\/v2\/comments?post=141"}],"version-history":[{"count":20,"href":"https:\/\/wordpress.nibis.de\/gsoberg\/wp-json\/wp\/v2\/pages\/141\/revisions"}],"predecessor-version":[{"id":1996,"href":"https:\/\/wordpress.nibis.de\/gsoberg\/wp-json\/wp\/v2\/pages\/141\/revisions\/1996"}],"up":[{"embeddable":true,"href":"https:\/\/wordpress.nibis.de\/gsoberg\/wp-json\/wp\/v2\/pages\/43"}],"wp:attachment":[{"href":"https:\/\/wordpress.nibis.de\/gsoberg\/wp-json\/wp\/v2\/media?parent=141"}],"curies":[{"name":"wp","href":"https:\/\/api.w.org\/{rel}","templated":true}]}}