{"id":1504,"date":"2023-03-23T14:27:24","date_gmt":"2023-03-23T13:27:24","guid":{"rendered":"https:\/\/wordpress.nibis.de\/gsoberg\/?page_id=1504"},"modified":"2023-03-23T15:07:23","modified_gmt":"2023-03-23T14:07:23","slug":"die-klasse-4b-nahm-im-februar-2023-an-einem-kunstprojekt-zur-portraitmalerei-teil","status":"publish","type":"page","link":"https:\/\/wordpress.nibis.de\/gsoberg\/die-klasse-4b-nahm-im-februar-2023-an-einem-kunstprojekt-zur-portraitmalerei-teil\/","title":{"rendered":"Kunstprojekt"},"content":{"rendered":"\n<p><\/p>\n\n\n\n<p>Die Sch\u00fclerinnen und Sch\u00fcler der Klasse 4b sollten in allt\u00e4glichen Dingen Gesichter erkennen und mit I Pads fotografieren. Das Wesentliche eines Gesichts sollte abgepaust, ausgeschnitten und auf einen selbst gestalteten einfarbigen Hintergrund geklebt werden. Somit entstanden viele kleine Pop Art Bilder, die in der Schule zum R\u00e4tseln ausgestellt wurden.<\/p>\n\n\n\n<p><\/p>\n\n\n\n<p>Erkennen <strong>SIE<\/strong> diese Dinge?<\/p>\n\n\n\n<p><\/p>\n\n\n\n<figure class=\"wp-block-gallery has-nested-images columns-default is-cropped wp-block-gallery-1 is-layout-flex wp-block-gallery-is-layout-flex\">\n<figure class=\"wp-block-image size-large\"><img loading=\"lazy\" decoding=\"async\" width=\"1200\" height=\"675\" data-id=\"1471\" src=\"https:\/\/wordpress.nibis.de\/gsoberg\/files\/2023\/03\/20230301_181945-1-1200x675.jpg\" alt=\"\" class=\"wp-image-1471\" srcset=\"https:\/\/wordpress.nibis.de\/gsoberg\/files\/2023\/03\/20230301_181945-1-1200x675.jpg 1200w, https:\/\/wordpress.nibis.de\/gsoberg\/files\/2023\/03\/20230301_181945-1-850x478.jpg 850w, https:\/\/wordpress.nibis.de\/gsoberg\/files\/2023\/03\/20230301_181945-1-250x141.jpg 250w\" sizes=\"auto, (max-width: 1200px) 100vw, 1200px\" \/><figcaption>Obstkiste mit zwei Papierrollen darauf<\/figcaption><\/figure>\n\n\n\n<figure class=\"wp-block-image size-large\"><img loading=\"lazy\" decoding=\"async\" width=\"1200\" height=\"675\" data-id=\"1473\" src=\"https:\/\/wordpress.nibis.de\/gsoberg\/files\/2023\/03\/20230301_181948-1-1200x675.jpg\" alt=\"\" class=\"wp-image-1473\" srcset=\"https:\/\/wordpress.nibis.de\/gsoberg\/files\/2023\/03\/20230301_181948-1-1200x675.jpg 1200w, https:\/\/wordpress.nibis.de\/gsoberg\/files\/2023\/03\/20230301_181948-1-850x478.jpg 850w, https:\/\/wordpress.nibis.de\/gsoberg\/files\/2023\/03\/20230301_181948-1-250x141.jpg 250w\" sizes=\"auto, (max-width: 1200px) 100vw, 1200px\" \/><figcaption>Webrahmen<\/figcaption><\/figure>\n\n\n\n<figure class=\"wp-block-image size-large\"><img loading=\"lazy\" decoding=\"async\" width=\"850\" height=\"478\" data-id=\"1472\" src=\"https:\/\/wordpress.nibis.de\/gsoberg\/files\/2023\/03\/20230301_181950-1-850x478.jpg\" alt=\"\" class=\"wp-image-1472\" srcset=\"https:\/\/wordpress.nibis.de\/gsoberg\/files\/2023\/03\/20230301_181950-1-850x478.jpg 850w, https:\/\/wordpress.nibis.de\/gsoberg\/files\/2023\/03\/20230301_181950-1-1200x675.jpg 1200w, https:\/\/wordpress.nibis.de\/gsoberg\/files\/2023\/03\/20230301_181950-1-250x141.jpg 250w\" sizes=\"auto, (max-width: 850px) 100vw, 850px\" \/><figcaption>T\u00fcrschild<\/figcaption><\/figure>\n\n\n\n<figure class=\"wp-block-image size-large\"><img loading=\"lazy\" decoding=\"async\" width=\"1200\" height=\"675\" data-id=\"1474\" src=\"https:\/\/wordpress.nibis.de\/gsoberg\/files\/2023\/03\/20230301_181954-1-1200x675.jpg\" alt=\"\" class=\"wp-image-1474\" srcset=\"https:\/\/wordpress.nibis.de\/gsoberg\/files\/2023\/03\/20230301_181954-1-1200x675.jpg 1200w, https:\/\/wordpress.nibis.de\/gsoberg\/files\/2023\/03\/20230301_181954-1-850x478.jpg 850w, https:\/\/wordpress.nibis.de\/gsoberg\/files\/2023\/03\/20230301_181954-1-250x141.jpg 250w\" sizes=\"auto, (max-width: 1200px) 100vw, 1200px\" \/><figcaption>Steckdose<\/figcaption><\/figure>\n\n\n\n<figure class=\"wp-block-image size-large\"><img loading=\"lazy\" decoding=\"async\" width=\"1200\" height=\"675\" data-id=\"1476\" src=\"https:\/\/wordpress.nibis.de\/gsoberg\/files\/2023\/03\/20230301_181957-1-1200x675.jpg\" alt=\"\" class=\"wp-image-1476\" srcset=\"https:\/\/wordpress.nibis.de\/gsoberg\/files\/2023\/03\/20230301_181957-1-1200x675.jpg 1200w, https:\/\/wordpress.nibis.de\/gsoberg\/files\/2023\/03\/20230301_181957-1-850x478.jpg 850w, https:\/\/wordpress.nibis.de\/gsoberg\/files\/2023\/03\/20230301_181957-1-250x141.jpg 250w\" sizes=\"auto, (max-width: 1200px) 100vw, 1200px\" \/><figcaption>Au\u00dfenansicht: 2 Fenster, GS Oberg Schild, Rollos<\/figcaption><\/figure>\n\n\n\n<figure class=\"wp-block-image size-large\"><img loading=\"lazy\" decoding=\"async\" width=\"1200\" height=\"675\" data-id=\"1475\" src=\"https:\/\/wordpress.nibis.de\/gsoberg\/files\/2023\/03\/20230301_182001-1-1200x675.jpg\" alt=\"\" class=\"wp-image-1475\" srcset=\"https:\/\/wordpress.nibis.de\/gsoberg\/files\/2023\/03\/20230301_182001-1-1200x675.jpg 1200w, https:\/\/wordpress.nibis.de\/gsoberg\/files\/2023\/03\/20230301_182001-1-850x478.jpg 850w, https:\/\/wordpress.nibis.de\/gsoberg\/files\/2023\/03\/20230301_182001-1-250x141.jpg 250w\" sizes=\"auto, (max-width: 1200px) 100vw, 1200px\" \/><figcaption>Webrahmen Nr. 2<\/figcaption><\/figure>\n\n\n\n<figure class=\"wp-block-image size-large\"><img loading=\"lazy\" decoding=\"async\" width=\"1200\" height=\"675\" data-id=\"1482\" src=\"https:\/\/wordpress.nibis.de\/gsoberg\/files\/2023\/03\/20230301_182004-1-1200x675.jpg\" alt=\"\" class=\"wp-image-1482\" srcset=\"https:\/\/wordpress.nibis.de\/gsoberg\/files\/2023\/03\/20230301_182004-1-1200x675.jpg 1200w, https:\/\/wordpress.nibis.de\/gsoberg\/files\/2023\/03\/20230301_182004-1-850x478.jpg 850w, https:\/\/wordpress.nibis.de\/gsoberg\/files\/2023\/03\/20230301_182004-1-250x141.jpg 250w\" sizes=\"auto, (max-width: 1200px) 100vw, 1200px\" \/><figcaption>B\u00fcgeleisen<\/figcaption><\/figure>\n\n\n\n<figure class=\"wp-block-image size-large\"><img loading=\"lazy\" decoding=\"async\" width=\"1200\" height=\"675\" data-id=\"1478\" src=\"https:\/\/wordpress.nibis.de\/gsoberg\/files\/2023\/03\/20230301_182006-1-1200x675.jpg\" alt=\"\" class=\"wp-image-1478\" srcset=\"https:\/\/wordpress.nibis.de\/gsoberg\/files\/2023\/03\/20230301_182006-1-1200x675.jpg 1200w, https:\/\/wordpress.nibis.de\/gsoberg\/files\/2023\/03\/20230301_182006-1-850x478.jpg 850w, https:\/\/wordpress.nibis.de\/gsoberg\/files\/2023\/03\/20230301_182006-1-250x141.jpg 250w\" sizes=\"auto, (max-width: 1200px) 100vw, 1200px\" \/><figcaption>Kletterstein<\/figcaption><\/figure>\n\n\n\n<figure class=\"wp-block-image size-large\"><img loading=\"lazy\" decoding=\"async\" width=\"1200\" height=\"675\" data-id=\"1480\" src=\"https:\/\/wordpress.nibis.de\/gsoberg\/files\/2023\/03\/20230301_182009-1-1200x675.jpg\" alt=\"\" class=\"wp-image-1480\" srcset=\"https:\/\/wordpress.nibis.de\/gsoberg\/files\/2023\/03\/20230301_182009-1-1200x675.jpg 1200w, https:\/\/wordpress.nibis.de\/gsoberg\/files\/2023\/03\/20230301_182009-1-850x478.jpg 850w, https:\/\/wordpress.nibis.de\/gsoberg\/files\/2023\/03\/20230301_182009-1-250x141.jpg 250w\" sizes=\"auto, (max-width: 1200px) 100vw, 1200px\" \/><figcaption>Baum auf dem Schulhof<\/figcaption><\/figure>\n\n\n\n<figure class=\"wp-block-image size-large\"><img loading=\"lazy\" decoding=\"async\" width=\"1200\" height=\"675\" data-id=\"1477\" src=\"https:\/\/wordpress.nibis.de\/gsoberg\/files\/2023\/03\/20230301_182013-1-1200x675.jpg\" alt=\"\" class=\"wp-image-1477\" srcset=\"https:\/\/wordpress.nibis.de\/gsoberg\/files\/2023\/03\/20230301_182013-1-1200x675.jpg 1200w, https:\/\/wordpress.nibis.de\/gsoberg\/files\/2023\/03\/20230301_182013-1-850x478.jpg 850w, https:\/\/wordpress.nibis.de\/gsoberg\/files\/2023\/03\/20230301_182013-1-250x141.jpg 250w\" sizes=\"auto, (max-width: 1200px) 100vw, 1200px\" \/><figcaption>Backofen in der Schulk\u00fcche<\/figcaption><\/figure>\n\n\n\n<figure class=\"wp-block-image size-large\"><img loading=\"lazy\" decoding=\"async\" width=\"1200\" height=\"675\" data-id=\"1481\" src=\"https:\/\/wordpress.nibis.de\/gsoberg\/files\/2023\/03\/20230301_182015-1-1200x675.jpg\" alt=\"\" class=\"wp-image-1481\" srcset=\"https:\/\/wordpress.nibis.de\/gsoberg\/files\/2023\/03\/20230301_182015-1-1200x675.jpg 1200w, https:\/\/wordpress.nibis.de\/gsoberg\/files\/2023\/03\/20230301_182015-1-850x478.jpg 850w, https:\/\/wordpress.nibis.de\/gsoberg\/files\/2023\/03\/20230301_182015-1-250x141.jpg 250w\" sizes=\"auto, (max-width: 1200px) 100vw, 1200px\" \/><figcaption>WC<\/figcaption><\/figure>\n\n\n\n<figure class=\"wp-block-image size-large\"><img loading=\"lazy\" decoding=\"async\" width=\"1200\" height=\"675\" data-id=\"1479\" src=\"https:\/\/wordpress.nibis.de\/gsoberg\/files\/2023\/03\/20230301_182019-1-1200x675.jpg\" alt=\"\" class=\"wp-image-1479\" srcset=\"https:\/\/wordpress.nibis.de\/gsoberg\/files\/2023\/03\/20230301_182019-1-1200x675.jpg 1200w, https:\/\/wordpress.nibis.de\/gsoberg\/files\/2023\/03\/20230301_182019-1-850x478.jpg 850w, https:\/\/wordpress.nibis.de\/gsoberg\/files\/2023\/03\/20230301_182019-1-250x141.jpg 250w\" sizes=\"auto, (max-width: 1200px) 100vw, 1200px\" \/><figcaption>St\u00fchle angeordnet als Gesicht<\/figcaption><\/figure>\n<\/figure>\n","protected":false},"excerpt":{"rendered":"<p>Die Sch\u00fclerinnen und Sch\u00fcler der Klasse 4b sollten in allt\u00e4glichen Dingen Gesichter erkennen und mit I Pads fotografieren. Das Wesentliche eines Gesichts sollte abgepaust, ausgeschnitten und auf einen selbst gestalteten einfarbigen Hintergrund geklebt werden. Somit entstanden viele kleine Pop Art Bilder, die in der Schule zum R\u00e4tseln ausgestellt wurden. Erkennen SIE diese Dinge?<\/p>\n","protected":false},"author":9194160,"featured_media":0,"parent":0,"menu_order":0,"comment_status":"closed","ping_status":"closed","template":"","meta":{"footnotes":""},"class_list":["post-1504","page","type-page","status-publish"],"_links":{"self":[{"href":"https:\/\/wordpress.nibis.de\/gsoberg\/wp-json\/wp\/v2\/pages\/1504","targetHints":{"allow":["GET"]}}],"collection":[{"href":"https:\/\/wordpress.nibis.de\/gsoberg\/wp-json\/wp\/v2\/pages"}],"about":[{"href":"https:\/\/wordpress.nibis.de\/gsoberg\/wp-json\/wp\/v2\/types\/page"}],"author":[{"embeddable":true,"href":"https:\/\/wordpress.nibis.de\/gsoberg\/wp-json\/wp\/v2\/users\/9194160"}],"replies":[{"embeddable":true,"href":"https:\/\/wordpress.nibis.de\/gsoberg\/wp-json\/wp\/v2\/comments?post=1504"}],"version-history":[{"count":2,"href":"https:\/\/wordpress.nibis.de\/gsoberg\/wp-json\/wp\/v2\/pages\/1504\/revisions"}],"predecessor-version":[{"id":1528,"href":"https:\/\/wordpress.nibis.de\/gsoberg\/wp-json\/wp\/v2\/pages\/1504\/revisions\/1528"}],"wp:attachment":[{"href":"https:\/\/wordpress.nibis.de\/gsoberg\/wp-json\/wp\/v2\/media?parent=1504"}],"curies":[{"name":"wp","href":"https:\/\/api.w.org\/{rel}","templated":true}]}}