{"id":1663,"date":"2024-04-19T13:11:24","date_gmt":"2024-04-19T11:11:24","guid":{"rendered":"https:\/\/wordpress.nibis.de\/gsoberg\/?page_id=1663"},"modified":"2024-04-19T13:14:52","modified_gmt":"2024-04-19T11:14:52","slug":"unfallversicherung","status":"publish","type":"page","link":"https:\/\/wordpress.nibis.de\/gsoberg\/unfallversicherung\/","title":{"rendered":"Unfallversicherung"},"content":{"rendered":"\n<p>Die gesetzliche Unfallversicherung wird durch den zust\u00e4ndigen Unfallversicherungstr\u00e4ger Braunschweigischer Gemeinde-Unfallversicherungsverband \u00fcbernommen.<\/p>\n\n\n\n<p><\/p>\n\n\n<p>Da vielen Eltern nicht bewusst ist, wann ihr Kind gesetzlich unfallversichert ist und was dies genau bedeutet, wurden die wesentlichen Informationen in einem <a href=\"https:\/\/wordpress.nibis.de\/gsoberg\/files\/2024\/04\/BS-GUV_Flyer_Grundschule.pdf\">Flyer<\/a> zusammengefasst.<\/p>\n\n\n<p>Inhalte sind:<\/p>\n\n\n\n<ul class=\"wp-block-list\"><li>Wann ist mein Kind versichert?<\/li><li>Was ist ein sicherer Schulweg?<\/li><li>Wie verhalte ich mich nach einem Unfall?<\/li><li>Wie erreiche ich den BS GUV?<\/li><\/ul>\n\n\n\n<p><\/p>\n\n\n\n<p><\/p>\n","protected":false},"excerpt":{"rendered":"<p>Die gesetzliche Unfallversicherung wird durch den zust\u00e4ndigen Unfallversicherungstr\u00e4ger Braunschweigischer Gemeinde-Unfallversicherungsverband \u00fcbernommen. Da vielen Eltern nicht bewusst ist, wann ihr Kind gesetzlich unfallversichert ist und was dies genau bedeutet, wurden die wesentlichen Informationen in einem Flyer zusammengefasst. Inhalte sind: Wann ist mein Kind versichert? Was ist ein sicherer Schulweg? Wie verhalte ich mich nach einem Unfall? &#8230; <a title=\"Unfallversicherung\" class=\"read-more\" href=\"https:\/\/wordpress.nibis.de\/gsoberg\/unfallversicherung\/\" aria-label=\"Mehr Informationen \u00fcber Unfallversicherung\">Weiterlesen<\/a><\/p>\n","protected":false},"author":9192944,"featured_media":0,"parent":0,"menu_order":0,"comment_status":"closed","ping_status":"closed","template":"","meta":{"footnotes":""},"class_list":["post-1663","page","type-page","status-publish"],"_links":{"self":[{"href":"https:\/\/wordpress.nibis.de\/gsoberg\/wp-json\/wp\/v2\/pages\/1663","targetHints":{"allow":["GET"]}}],"collection":[{"href":"https:\/\/wordpress.nibis.de\/gsoberg\/wp-json\/wp\/v2\/pages"}],"about":[{"href":"https:\/\/wordpress.nibis.de\/gsoberg\/wp-json\/wp\/v2\/types\/page"}],"author":[{"embeddable":true,"href":"https:\/\/wordpress.nibis.de\/gsoberg\/wp-json\/wp\/v2\/users\/9192944"}],"replies":[{"embeddable":true,"href":"https:\/\/wordpress.nibis.de\/gsoberg\/wp-json\/wp\/v2\/comments?post=1663"}],"version-history":[{"count":4,"href":"https:\/\/wordpress.nibis.de\/gsoberg\/wp-json\/wp\/v2\/pages\/1663\/revisions"}],"predecessor-version":[{"id":1672,"href":"https:\/\/wordpress.nibis.de\/gsoberg\/wp-json\/wp\/v2\/pages\/1663\/revisions\/1672"}],"wp:attachment":[{"href":"https:\/\/wordpress.nibis.de\/gsoberg\/wp-json\/wp\/v2\/media?parent=1663"}],"curies":[{"name":"wp","href":"https:\/\/api.w.org\/{rel}","templated":true}]}}