{"id":1771,"date":"2025-10-14T09:47:14","date_gmt":"2025-10-14T07:47:14","guid":{"rendered":"https:\/\/wordpress.nibis.de\/gsoberg\/?page_id=1771"},"modified":"2025-10-14T09:47:20","modified_gmt":"2025-10-14T07:47:20","slug":"zukunftstag","status":"publish","type":"page","link":"https:\/\/wordpress.nibis.de\/gsoberg\/zukunftstag\/","title":{"rendered":"Zukunftstag"},"content":{"rendered":"<p data-start=\"215\" data-end=\"506\"><strong>Einblicke in den Beruf als Lehrkraft<\/strong><\/p>\n<p data-start=\"215\" data-end=\"506\">Wir freuen uns sehr \u00fcber alle Sch\u00fclerinnen und Sch\u00fcler, die am Zukunftstag einen Tag lang in den Grundschulalltag hineinschnuppern m\u00f6chten. Der Zukunftstag bietet eine sch\u00f6ne Gelegenheit, den Beruf der Lehrkraft aus einer neuen Perspektive kennenzulernen, jenseits des eigenen Schulbesuchs.<\/p>\n<p data-start=\"508\" data-end=\"964\">Damit dieser Einblick wirklich spannend und gewinnbringend ist, achten wir darauf, dass die Kinder, die zu uns kommen, auch tats\u00e4chlich Neues entdecken k\u00f6nnen. Wer unsere Schule erst seit kurzer Zeit verlassen hat, zum Beispiel in den ersten Jahren nach dem Wechsel auf die weiterf\u00fchrende Schule, kennt den Alltag, die R\u00e4ume und viele Bezugspersonen oft noch sehr gut. In solchen F\u00e4llen entsteht erfahrungsgem\u00e4\u00df wenig neue Perspektive auf das Berufsfeld.<\/p>\n<p data-start=\"966\" data-end=\"1038\">Deshalb vergeben wir die Pl\u00e4tze bevorzugt an Sch\u00fclerinnen und Sch\u00fcler,<\/p>\n<ul>\n<li data-start=\"1041\" data-end=\"1090\">die unsere Grundschule nicht besucht haben oder<\/li>\n<li data-start=\"1091\" data-end=\"1174\">\n<p data-start=\"1093\" data-end=\"1174\">die mit etwas Abstand noch einmal \u201evon au\u00dfen\u201c auf den Schulalltag schauen k\u00f6nnen.<\/p>\n<\/li>\n<\/ul>\n<h3 data-start=\"1176\" data-end=\"1217\">Ehemalige Kinder sind jederzeit willkommen<\/h3>\n<p data-start=\"1219\" data-end=\"1521\">Unabh\u00e4ngig davon gilt: Ehemalige Sch\u00fclerinnen und Sch\u00fcler sind bei uns immer gern gesehen! Wer uns besuchen m\u00f6chte oder seinen schulfreien Tag nach vorheriger Absprache bei uns verbringen will, ist herzlich eingeladen, sich zu melden. Wir freuen uns immer \u00fcber bekannte Gesichter und kurze Begegnungen.<\/p>\n<p data-start=\"1523\" data-end=\"1571\">Bei R\u00fcckfragen helfen wir nat\u00fcrlich gern weiter.<\/p>\n","protected":false},"excerpt":{"rendered":"<p>Einblicke in den Beruf als Lehrkraft Wir freuen uns sehr \u00fcber alle Sch\u00fclerinnen und Sch\u00fcler, die am Zukunftstag einen Tag lang in den Grundschulalltag hineinschnuppern m\u00f6chten. Der Zukunftstag bietet eine sch\u00f6ne Gelegenheit, den Beruf der Lehrkraft aus einer neuen Perspektive kennenzulernen, jenseits des eigenen Schulbesuchs. Damit dieser Einblick wirklich spannend und gewinnbringend ist, achten wir &#8230; <a title=\"Zukunftstag\" class=\"read-more\" href=\"https:\/\/wordpress.nibis.de\/gsoberg\/zukunftstag\/\" aria-label=\"Mehr Informationen \u00fcber Zukunftstag\">Weiterlesen<\/a><\/p>\n","protected":false},"author":9192944,"featured_media":0,"parent":0,"menu_order":0,"comment_status":"closed","ping_status":"closed","template":"","meta":{"footnotes":""},"class_list":["post-1771","page","type-page","status-publish"],"_links":{"self":[{"href":"https:\/\/wordpress.nibis.de\/gsoberg\/wp-json\/wp\/v2\/pages\/1771","targetHints":{"allow":["GET"]}}],"collection":[{"href":"https:\/\/wordpress.nibis.de\/gsoberg\/wp-json\/wp\/v2\/pages"}],"about":[{"href":"https:\/\/wordpress.nibis.de\/gsoberg\/wp-json\/wp\/v2\/types\/page"}],"author":[{"embeddable":true,"href":"https:\/\/wordpress.nibis.de\/gsoberg\/wp-json\/wp\/v2\/users\/9192944"}],"replies":[{"embeddable":true,"href":"https:\/\/wordpress.nibis.de\/gsoberg\/wp-json\/wp\/v2\/comments?post=1771"}],"version-history":[{"count":1,"href":"https:\/\/wordpress.nibis.de\/gsoberg\/wp-json\/wp\/v2\/pages\/1771\/revisions"}],"predecessor-version":[{"id":1774,"href":"https:\/\/wordpress.nibis.de\/gsoberg\/wp-json\/wp\/v2\/pages\/1771\/revisions\/1774"}],"wp:attachment":[{"href":"https:\/\/wordpress.nibis.de\/gsoberg\/wp-json\/wp\/v2\/media?parent=1771"}],"curies":[{"name":"wp","href":"https:\/\/api.w.org\/{rel}","templated":true}]}}