{"id":2,"date":"2018-08-03T11:46:15","date_gmt":"2018-08-03T09:46:15","guid":{"rendered":"http:\/\/wordpress.nibis.de\/gsoberg\/?page_id=2"},"modified":"2021-09-13T13:55:03","modified_gmt":"2021-09-13T11:55:03","slug":"impressum","status":"publish","type":"page","link":"https:\/\/wordpress.nibis.de\/gsoberg\/impressum\/","title":{"rendered":"Impressum"},"content":{"rendered":"<h3>I. Name und Anschrift des Verantwortlichen<\/h3>\n<p>Grundschule Oberg<\/p>\n<p>Peiner Weg 10<br \/>\n31246 Ilsede<br \/>\nTelefon: 05172-3488<br \/>\nE-Mail: verwaltung(at)gsoberg.de<\/p>\n<h3>Vertretungsberechtigt<\/h3>\n<p>Petra Geissler, Lehrerin<\/p>\n<h3>II. Kontaktdaten der Datenschutzbeauftragten<\/h3>\n<p>Tel.: 05172-3488<br \/>\nE-Mail: veraltung(at)gsoberg.de<\/p>\n<h3>III. Bereitstellung der Website und Erstellung von Logfiles<\/h3>\n<p>Bei jedem Aufruf unserer Internetseite erfasst unser System automatisiert Daten und Informationen vom Computersystem des aufrufenden Rechners. Folgende Daten werden hierbei erhoben:<\/p>\n<ol>\n<li>Datum und Uhrzeit des Zugriffes<\/li>\n<li>Die IP-Adresse des Nutzers<\/li>\n<li>Die Betriebssystemversion des Nutzers<\/li>\n<li>Der Browsertyp des Nutzers<\/li>\n<li>Die vom Nutzer aufgerufene Seite<\/li>\n<\/ol>\n<p>Die Daten werden in den Logfiles unseres Systems gespeichert. Eine Speicherung dieser Daten zusammen mit anderen personenbezogenen Daten des Nutzers findet nicht statt. Zweck der Datenspeicherung ist die technische Optimierung unserer Internetseite. Rechtsgrundlage f\u00fcr die vor\u00fcbergehende Speicherung der Daten ist Art. 6 Abs.1 lit.f DSGVO.<\/p>\n<p>Die Daten werden f\u00fcr zwei Monate gespeichert, sie werden lediglich statistisch ausgewertet.<\/p>\n<h2>IV. Verwendung von Cookies<\/h2>\n<p>Beim Aufruf unserer Seiten wird ein Session-Cookie gesetzt, das die Identit\u00e4t der Browser-Sitzung auf Ihrem Rechner festh\u00e4lt und nach Ende der Browser-Sitzung wieder von Ihrem Rechner gel\u00f6scht wird. Ein Cookie ist eine kleine Textdatei, die von Ihrem Browser auf Ihrem Rechner gespeichert wird. Die Verwendung des Session-Cookies erfolgt aus technischen Gr\u00fcnden und dient der Optimierung der Darstellung unserer Seiten in Ihrem Browser. Diese Information steht in sp\u00e4teren Browser-Sitzungen nicht mehr zur Verf\u00fcgung.<\/p>\n<p>Die durch diese Cookies verarbeiteten Daten sind f\u00fcr die genannten Zwecke zur Wahrung unserer berechtigten Interessen nach Art. 6 Abs. 1 S. 1 lit. f DSGVO erforderlich. Diese bestehen in einer technischen Optimierung der Bereitstellung unserer Internetseite.<\/p>\n<p>Es besteht die M\u00f6glichkeit, den Browser so einzustellen, dass keine Cookies gespeichert werden. In diesem Fall besteht allerdings die M\u00f6glichkeit, dass Sie nicht den vollen Funktionsumfang unserer Internetseiten nutzen k\u00f6nnen.<\/p>\n<h2>V. Speicherung personenbezogener Daten bei Kontaktaufnahme<\/h2>\n<p>Sofern Sie per E-Mail den Kontakt mit uns aufnehmen, werden die von Ihnen \u00fcbermittelten personenbezogenen Daten automatisch gespeichert. Diese Daten werden f\u00fcr Zwecke der Bearbeitung Ihres Anliegens und der Kontaktaufnahme mit Ihnen gespeichert.<\/p>\n<p>Die L\u00f6schung der Daten erfolgt, sobald deren Speicherung f\u00fcr die Bearbeitung Ihres Anliegens nicht mehr erforderlich ist.<\/p>\n<p><strong> Betroffenenrechte<\/strong><\/p>\n<p>Sie k\u00f6nnen folgende Rechte geltend machen:<\/p>\n<h3>Auskunft\/ Akteneinsicht<\/h3>\n<p>Gem. Art. 15 DSGVO haben Sie das Recht, Auskunft bzw. Akteneinsicht \u00fcber die von uns verarbeiteten personenbezogenen Daten zu erhalten.<\/p>\n<h3>Berichtigung<\/h3>\n<p>Sind bei uns gespeicherte personenbezogene Daten unrichtig oder unvollst\u00e4ndig, haben Sie gem. Art. 16 DSGVO das Recht, diese berichtigen bzw. vervollst\u00e4ndigen zu lassen.<\/p>\n<h3>L\u00f6schung<\/h3>\n<p>Art. 17 DSGVO normiert das Recht auf L\u00f6schung personenbezogener Daten. Dieses Recht steht Ihnen insbesondere dann zu, wenn die Speicherung der personenbezogenen Daten zur Erf\u00fcllung unserer gesetzlichen Aufgaben nicht mehr erforderlich ist oder Sie Ihre Einwilligung zur Datenverarbeitung mit Wirkung f\u00fcr die Zukunft widerrufen haben.<\/p>\n<h3>Einschr\u00e4nkung der Verarbeitung<\/h3>\n<p>Gem. Art. 18 DSGVO k\u00f6nnen Sie die Einschr\u00e4nkung der personenbezogenen Daten verlangen, wenn<\/p>\n<ul>\n<li>die Richtigkeit der Daten von Ihnen bestritten wird<\/li>\n<li>die Verarbeitung unrechtm\u00e4\u00dfig ist, Sie aber deren L\u00f6schung ablehnen<\/li>\n<li>wir die Daten nicht mehr ben\u00f6tigen, Sie jedoch diese zur Geltendmachung, Aus\u00fcbung oder Verteidigung von Rechtsanspr\u00fcchen ben\u00f6tigen<\/li>\n<li>oder Sie gem\u00e4\u00df Art. 21 DSGVO Widerspruch gegen die Verarbeitung eingelegt haben<\/li>\n<\/ul>\n<h3>Widerspruch<\/h3>\n<p>Sie k\u00f6nnen bei Gr\u00fcnden, die sich aus Ihrer besonderen Situation ergeben, ein Widerspruchsrecht geltend machen. Gem. Art. 21 DSGVO ist jedoch zu ber\u00fccksichtigten, ob schutzw\u00fcrdige Gr\u00fcnde f\u00fcr die Verarbeitung vorliegen oder die Verarbeitung der Geltendmachung, Aus\u00fcbung oder Verteidigung von Rechtsanspr\u00fcchen dient.<\/p>\n<h3>Daten\u00fcbertragbarkeit<\/h3>\n<p>Ist die Verarbeitung Ihrer Daten mit \u00a0Hilfe eines automatisierten Verfahrens erfolgt, haben Sie gem. Art. 20 DSGVO das Recht, die Daten in einem g\u00e4ngigen und maschinenlesbaren Format zu erhalten und an eine andere Schule zu \u00fcbermitteln bzw. durch uns \u00fcbermitteln zu lassen.<\/p>\n<h3>Widerruf der Einwilligung<\/h3>\n<p>Sie haben gem. Art. 7 Absatz 3 DSGVO das Recht, uns erteilte Einwilligungen jederzeit mit Wirkung f\u00fcr die Zukunft zu widerrufen.<\/p>\n<h3>Beschwerde<\/h3>\n<p>Art. 77 DSGVO normiert ein Beschwerderecht bei der Aufsichtsbeh\u00f6rde. Die f\u00fcr uns zust\u00e4ndige Aufsichtsbeh\u00f6rde ist die Landesbeauftragte f\u00fcr den Datenschutz Niedersachsen, Prinzenstra\u00dfe 5, 30159 Hannover. E-Mail: <a href=\"&#x6d;&#x61;&#x69;&#108;&#116;o:&#x70;&#x6f;&#x73;&#116;&#115;te&#x6c;&#x6c;&#x65;&#64;&#108;fd&#x2e;&#x6e;&#x69;&#101;&#100;er&#x73;&#x61;&#x63;&#104;&#115;en&#x2e;&#x64;&#x65;\">poststelle(at)lfd.niedersachsen(dot)de<\/a><\/p>\n","protected":false},"excerpt":{"rendered":"<p>I. Name und Anschrift des Verantwortlichen Grundschule Oberg Peiner Weg 10 31246 Ilsede Telefon: 05172-3488 E-Mail: verwaltung(at)gsoberg.de Vertretungsberechtigt Petra Geissler, Lehrerin II. Kontaktdaten der Datenschutzbeauftragten Tel.: 05172-3488 E-Mail: veraltung(at)gsoberg.de III. Bereitstellung der Website und Erstellung von Logfiles Bei jedem Aufruf unserer Internetseite erfasst unser System automatisiert Daten und Informationen vom Computersystem des aufrufenden Rechners. Folgende &#8230; <a title=\"Impressum\" class=\"read-more\" href=\"https:\/\/wordpress.nibis.de\/gsoberg\/impressum\/\" aria-label=\"Mehr Informationen \u00fcber Impressum\">Weiterlesen<\/a><\/p>\n","protected":false},"author":9192632,"featured_media":0,"parent":0,"menu_order":20,"comment_status":"closed","ping_status":"closed","template":"","meta":{"footnotes":""},"class_list":["post-2","page","type-page","status-publish"],"_links":{"self":[{"href":"https:\/\/wordpress.nibis.de\/gsoberg\/wp-json\/wp\/v2\/pages\/2","targetHints":{"allow":["GET"]}}],"collection":[{"href":"https:\/\/wordpress.nibis.de\/gsoberg\/wp-json\/wp\/v2\/pages"}],"about":[{"href":"https:\/\/wordpress.nibis.de\/gsoberg\/wp-json\/wp\/v2\/types\/page"}],"author":[{"embeddable":true,"href":"https:\/\/wordpress.nibis.de\/gsoberg\/wp-json\/wp\/v2\/users\/9192632"}],"replies":[{"embeddable":true,"href":"https:\/\/wordpress.nibis.de\/gsoberg\/wp-json\/wp\/v2\/comments?post=2"}],"version-history":[{"count":7,"href":"https:\/\/wordpress.nibis.de\/gsoberg\/wp-json\/wp\/v2\/pages\/2\/revisions"}],"predecessor-version":[{"id":1076,"href":"https:\/\/wordpress.nibis.de\/gsoberg\/wp-json\/wp\/v2\/pages\/2\/revisions\/1076"}],"wp:attachment":[{"href":"https:\/\/wordpress.nibis.de\/gsoberg\/wp-json\/wp\/v2\/media?parent=2"}],"curies":[{"name":"wp","href":"https:\/\/api.w.org\/{rel}","templated":true}]}}