{"id":252,"date":"2019-03-06T13:51:22","date_gmt":"2019-03-06T12:51:22","guid":{"rendered":"https:\/\/wordpress.nibis.de\/gsoberg\/?page_id=252"},"modified":"2021-10-13T16:11:01","modified_gmt":"2021-10-13T14:11:01","slug":"foerderverein","status":"publish","type":"page","link":"https:\/\/wordpress.nibis.de\/gsoberg\/foerderverein\/","title":{"rendered":"F\u00f6rderverein"},"content":{"rendered":"\n<p><img loading=\"lazy\" decoding=\"async\" class=\"alignnone size-full wp-image-1081\" src=\"https:\/\/wordpress.nibis.de\/gsoberg\/files\/2021\/10\/IMG-20211006-WA0008.jpg\" alt=\"\" width=\"1024\" height=\"819\" srcset=\"https:\/\/wordpress.nibis.de\/gsoberg\/files\/2021\/10\/IMG-20211006-WA0008.jpg 1024w, https:\/\/wordpress.nibis.de\/gsoberg\/files\/2021\/10\/IMG-20211006-WA0008-768x614.jpg 768w\" sizes=\"auto, (max-width: 1024px) 100vw, 1024px\" \/><\/p>\n<p>Am 16.07.2021 fanden im Rahmen der Mitgliederversammlung die Neuwahlen einiger Vorstandsmitglieder des F\u00f6rdervereins der Grundschule Oberg statt.<\/p>\n<p>Mit seiner Wiederwahl im Amt best\u00e4tigt wurde der 1. Vorsitzender Ralf Gremmer.<\/p>\n<p>Die Schriftf\u00fchrerin Susanne Meller und die Beisitzerinnen Sabine J\u00f6rissen und Beate Kippe haben ihre \u00c4mter abgegeben. Wir bedanken uns auch auf diesem Wege noch einmal herzlich f\u00fcr ihre Unterst\u00fctzung.<\/p>\n<p>Neu gew\u00e4hlt wurden Marleen Donhof als Schriftf\u00fchrerin und Frau Andrea Rump als 2. Beisitzerin.<\/p>\n<p>Weiterhin im Vorstand t\u00e4tig sind die 2. Vorsitzende Cornelia Buhmann, der Kassenwart Thorben Kobbe und<\/p>\n<p>die 1. Beisitzerin Petra Geissler.<\/p>\n<p>Der 1. Vorsitzende Ralf Gremmer freute sich, dass die \u00c4mter besetzt werden konnten, sodass der F\u00f6rderverein der Grundschule Oberg seine gute und wichtige Arbeit weiter fortsetzen kann.<br \/>Der Vorstand m\u00f6chte die Planung und Umsetzung weiterer Projekte in Angriff nehmen.<br \/>In den ersten beiden Vorstandssitzungen wurde bereits \u00fcber neue Vorhaben gesprochen, allerdings m\u00fcssen die aktuellen geltenden Regelungen der Coronaverordnung Ber\u00fccksichtigung finden. Das macht die Realisierung einiger sonst regelm\u00e4\u00dfig stattfindenden Veranstaltungen und die Planung weiterer Projekte schwierig bis<br \/>unm\u00f6glich. So m\u00fcssen wir auf diesem Wege mitteilen, dass der traditionelle Martinsumzug auch in diesem Jahr leider ausfallen wird.<br \/>Umso mehr freut es uns, dass bereits im vergangenen Jahr die Fu\u00dfballtore f\u00fcr den Au\u00dfenbereich der Grundschule Oberg angeschafft und aufgestellt werden konnten.<br \/>Eine weitere neue Tisch-Bank-Kombination l\u00e4dt nun nach einem anstrengenden Spiel auf dem Pausenhof zum Ausruhen ein. Wir unterst\u00fctzen nat\u00fcrlich weiterhin mit finanziellen Mitteln schulische Veranstaltungen und Projekte, u.a. f\u00f6rdern wir aktuell den K\u00e4nguru-Wettbewerb vom gemeinn\u00fctzigen Verein Mathematikwettbewerb e.V. und \u00fcbernehmen die Kosten f\u00fcr die Anschaffung eines mobilen Sprachverst\u00e4rkers.<br \/>Wie in vielen Bereichen wird es immer schwieriger, neue Leute f\u00fcr ein Ehrenamt zu gewinnen. Dabei hat jeder die M\u00f6glichkeit sich zu engagieren, denn jeder bringt eigene F\u00e4higkeiten und Kenntnisse mit, die neue Impulse geben und das Vereinsleben bereichern k\u00f6nnten. Der Einsatz ist lediglich ein wenig Zeit. Der F\u00f6rderverein lebt zwar<br \/>haupts\u00e4chlich von den Beitr\u00e4gen der Mitglieder, kann jedoch nur etwas bewirken, wenn es Personen gibt, die sich aktiv beteiligen und mit Ideen und Taten die Spendengelder in tolle Projekte umsetzen. Es ist schlie\u00dflich zum Wohle unserer Kinder und denen sollten wir doch alle ein gutes Vorbild sein. Wenn Sie Anregungen oder Fragen<br \/>haben, sprechen Sie uns gern an oder \u00fcbersenden Sie uns Ihr Anliegen an unsere Emailadresse: vorstand.foerderverein(at)gsoberg.de .<\/p>\n<p>Aktuelle Themen und Termine finden sich auch auf der Homepage der Grundschule Oberg.<br \/>Der Vorstand des F\u00f6rdervereins der GS Oberg<\/p>\n<p>\u00a0<\/p>\n<p><a href=\"https:\/\/wordpress.nibis.de\/gsoberg\/files\/2018\/10\/FVGSO-Beitrittserkl\u00e4rung-20190823.pdf\">Beitrittserkl\u00e4rung<\/a><\/p>\n\n\n\n<p><a href=\"https:\/\/wordpress.nibis.de\/gsoberg\/files\/2019\/05\/FVGSO-Satzung-20190308.pdf\">Satzung des Verein<\/a><\/p>\n","protected":false},"excerpt":{"rendered":"<p>Am 16.07.2021 fanden im Rahmen der Mitgliederversammlung die Neuwahlen einiger Vorstandsmitglieder des F\u00f6rdervereins der Grundschule Oberg statt. Mit seiner Wiederwahl im Amt best\u00e4tigt wurde der 1. Vorsitzender Ralf Gremmer. Die Schriftf\u00fchrerin Susanne Meller und die Beisitzerinnen Sabine J\u00f6rissen und Beate Kippe haben ihre \u00c4mter abgegeben. Wir bedanken uns auch auf diesem Wege noch einmal herzlich &#8230; <a title=\"F\u00f6rderverein\" class=\"read-more\" href=\"https:\/\/wordpress.nibis.de\/gsoberg\/foerderverein\/\" aria-label=\"Mehr Informationen \u00fcber F\u00f6rderverein\">Weiterlesen<\/a><\/p>\n","protected":false},"author":9192944,"featured_media":0,"parent":0,"menu_order":0,"comment_status":"closed","ping_status":"closed","template":"","meta":{"footnotes":""},"class_list":["post-252","page","type-page","status-publish"],"_links":{"self":[{"href":"https:\/\/wordpress.nibis.de\/gsoberg\/wp-json\/wp\/v2\/pages\/252","targetHints":{"allow":["GET"]}}],"collection":[{"href":"https:\/\/wordpress.nibis.de\/gsoberg\/wp-json\/wp\/v2\/pages"}],"about":[{"href":"https:\/\/wordpress.nibis.de\/gsoberg\/wp-json\/wp\/v2\/types\/page"}],"author":[{"embeddable":true,"href":"https:\/\/wordpress.nibis.de\/gsoberg\/wp-json\/wp\/v2\/users\/9192944"}],"replies":[{"embeddable":true,"href":"https:\/\/wordpress.nibis.de\/gsoberg\/wp-json\/wp\/v2\/comments?post=252"}],"version-history":[{"count":15,"href":"https:\/\/wordpress.nibis.de\/gsoberg\/wp-json\/wp\/v2\/pages\/252\/revisions"}],"predecessor-version":[{"id":1089,"href":"https:\/\/wordpress.nibis.de\/gsoberg\/wp-json\/wp\/v2\/pages\/252\/revisions\/1089"}],"wp:attachment":[{"href":"https:\/\/wordpress.nibis.de\/gsoberg\/wp-json\/wp\/v2\/media?parent=252"}],"curies":[{"name":"wp","href":"https:\/\/api.w.org\/{rel}","templated":true}]}}