{"id":39,"date":"2018-08-05T13:19:20","date_gmt":"2018-08-05T11:19:20","guid":{"rendered":"http:\/\/wordpress.nibis.de\/gsoberg\/?page_id=39"},"modified":"2023-08-31T08:29:18","modified_gmt":"2023-08-31T06:29:18","slug":"ganztagsschule","status":"publish","type":"page","link":"https:\/\/wordpress.nibis.de\/gsoberg\/ganztagsschule\/","title":{"rendered":"Ganztag"},"content":{"rendered":"<h4><strong>Der Ganztagsbetrieb an der GS Oberg<\/strong><\/h4>\n<p>Die Grundschule Oberg (Offene Ganztagschule) bietet au\u00dferhalb und erg\u00e4nzend zu den regul\u00e4ren Unterrichtszeiten montags bis freitags Angebote bis 15:30 Uhr an. Dies ist f\u00fcr alle Eltern interessant, die sichergehen m\u00fcssen, dass ihre Kinder zuverl\u00e4ssig betreut werden.<\/p>\n<p>Im Ganztag verbringen Sch\u00fcler*innen, Lehrer*innen und Betreuer*innen einen gro\u00dfen Teil des Tages gemeinsam. Neben dem Unterricht und der Lern- und Hausaufgabenzeit findet das gemeinsame Mittagessen statt, es gibt Pausen und freie Spielzeiten. Alle Beteiligten haben Zeit, sich besser kennenzulernen und sich auch \u00fcber Alltagsthemen und Schwierigkeiten auszutauschen. Die Lernwelt Schule wird zur Lebenswelt, in der die einzelne Pers\u00f6nlichkeit st\u00e4rker in den Fokus r\u00fcckt. Gerade bei Kindern, die den Schulbesuch als notwendiges \u00dcbel betrachten, kann die Ganztagsschule erheblich zum Schulerfolg und dazu beitragen, dass sich Ihr Kind morgens zufriedener auf den Weg macht.<\/p>\n<p>Durch die Zusammenarbeit von Lehrer*innen, Ganztagsmitarbeiter*innen und au\u00dferschulischen Partner*innen wird der Bildungs- und Erziehungsauftrag der Schule unterst\u00fctzt.<\/p>\n<p>\u00a0<\/p>\n<h4><strong>Ganz konkret: Ganztag an der GS Oberg (12:40 \u2013 15:30 Uhr) <\/strong><\/h4>\n<p>Sie haben die M\u00f6glichkeit, Ihr Kind am Montag, Dienstag, Mittwoch, Donnerstag und Freitag zu unserem offenen <img loading=\"lazy\" decoding=\"async\" class=\"wp-image-726 alignleft\" src=\"https:\/\/wordpress.nibis.de\/gsoberg\/files\/2020\/04\/image002-800x478.jpg\" alt=\"\" width=\"289\" height=\"173\" \/>Ganztagsangebot anzumelden. Sie k\u00f6nnen entscheiden, ob und an welchen Tagen Ihr Kind teilnimmt. Die Teilnahme am Ganztag ist kostenfrei. Kosten fallen f\u00fcr das Mittagessen in der Mensa an und in einigen Arbeitsgemeinschaften wird Materialgeld eingesammelt. Die Teilnahme an der Offenen Ganztagsschule ist freiwillig. Wenn Sie Ihr Kind anmelden, ist die Anwesenheit bis 15:30 Uhr f\u00fcr ein Schulhalbjahr verpflichtend. <a href=\"https:\/\/wordpress.nibis.de\/gsoberg\/stundentafel\/\">Hier<\/a> gelangen Sie zu unserer Stundentafel.<\/p>\n<p>\u00a0<\/p>\n<p style=\"text-align: left\">Der Ganztag umfasst drei Bereiche:<\/p>\n<p>\u00a0<\/p>\n<p style=\"text-align: left\"><img loading=\"lazy\" decoding=\"async\" class=\"wp-image-727 alignright\" src=\"https:\/\/wordpress.nibis.de\/gsoberg\/files\/2020\/04\/image003-800x478.jpg\" alt=\"\" width=\"303\" height=\"181\" \/><\/p>\n<ul>\n<li>Mittagspause (Essen und freie Spielzeit)<\/li>\n<\/ul>\n<ul>\n<li style=\"text-align: left\">Lern-, \u00dcbungs- und Hausaufgabenzeit<\/li>\n<\/ul>\n<ul>\n<li>Arbeitsgemeinschaften (AGs) nach Wahl<\/li>\n<\/ul>\n<p>\u00a0<\/p>\n<p>Alle Kinder einer Ganztagsgruppe gehen gemeinsam mit ihrem Ganztagsmitarbeiter*innen nach dem Unterricht bzw. der Betreuung in die Mensa. In der Lern-, \u00dcbungs- und Hausaufgabenzeit arbeiten<\/p>\n<p><img loading=\"lazy\" decoding=\"async\" class=\"wp-image-730 alignright\" src=\"https:\/\/wordpress.nibis.de\/gsoberg\/files\/2020\/04\/image006-800x478.jpg\" alt=\"\" width=\"395\" height=\"236\" \/><\/p>\n<p>Ganztagsmitarbeiter*innen und auch Lehrer*innen mit den Kindern. Abschlie\u00dfend nimmt Ihr Kind an einem AG-Angebot seiner Wahl teil. Hier k\u00f6nnen die Kinder die verschiedensten Freizeitbesch\u00e4ftigungen jenseits von Fernseher und Computerspielen kennenlernen. Die AG- Stunde bietet den Kindern auch Raum, um wichtige Schl\u00fcsselqualifikationen wie ihre Selbst- und Sozialkompetenz sowie ihre Kommunikations- und Teamf\u00e4higkeit zu entwickeln und auszubauen.<\/p>\n<p>\u00a0<\/p>\n<h4><strong>\u2026 kleine Hinweise zum Schluss:<\/strong><\/h4>\n<p>Die Hausaufgaben f\u00fchren in vielen Familien zu Konflikten. Durch die Lern-, \u00dcbungs- und Hausaufgabenzeit, die jeden Tag im Ganztag verankert ist, werden die Hausaufgaben gr\u00f6\u00dftenteils in der Schule erledigt, so dass mehr Zeit f\u00fcr das Familienleben bleibt. Jedoch k\u00f6nnen wir die vollst\u00e4ndige Erledigung und Korrektur der Hausaufgaben im Ganztag nicht vollst\u00e4ndig garantieren. Manche Aufgaben (Lesen, das Einmaleins \u00fcben, etc.) <img loading=\"lazy\" decoding=\"async\" class=\"alignleft wp-image-732 \" src=\"https:\/\/wordpress.nibis.de\/gsoberg\/files\/2020\/04\/lesen.jpg\" alt=\"\" width=\"122\" height=\"138\" \/>m\u00fcssen nach wie vor zuhause erledigt werden. N\u00e4here Informationen hierzu finden Sie in unserem Hausaufgabenkonzept.<\/p>\n<p>Eine letzte Bitte: Wenn ihr Kind krank ist und auch am Vormittagsunterricht nicht teilnimmt, ist keine separate Entschuldigung f\u00fcr den Ganztag notwendig. Nimmt ihr Kind lediglich ausnahmsweise, z. B. aufgrund eines Facharzttermins nicht am Ganztag teil, informieren Sie uns bitte \u00fcber das Hausaufgabenheft oder per Mail.<\/p>\n<p>\u00a0<\/p>\n\n\n<h4>Impressionen aus dem Ganztag<\/h4>\n\n\t\t<!-- MasterSlider -->\n\t\t<div id=\"P_MS69dfddb38921f\" class=\"master-slider-parent msl ms-parent-id-1\" style=\"max-width:800px;\">\n\n\t\t\t\n\t\t\t<!-- MasterSlider Main -->\n\t\t\t<div id=\"MS69dfddb38921f\" class=\"master-slider ms-skin-default\" >\n\t\t\t\t \t\t\t\t \n\t\t\t\t<div  class=\"ms-slide\" data-delay=\"3\" data-fill-mode=\"fill\"  >\n\t\t\t\t\t<img decoding=\"async\" src=\"https:\/\/wordpress.nibis.de\/gsoberg\/wp-content\/plugins\/master-slider\/public\/assets\/css\/blank.gif\" alt=\"\" title=\"\" data-src=\"https:\/\/wordpress.nibis.de\/gsoberg\/files\/2018\/11\/P1010248.jpg\" \/>\n\n\n\t<img decoding=\"async\" class=\"ms-thumb\" src=\"https:\/\/wordpress.nibis.de\/gsoberg\/files\/2018\/11\/P1010248-140x80.jpg\" alt=\"\" \/>\n\t<div class=\"ms-thumb\" ><div class=\"ms-tab-context\"><div class=\"&quot;ms-tab-context&quot;\"><\/div><\/div>\n<\/div>\n\t\t\t\t<\/div>\n\t\t\t\t<div  class=\"ms-slide\" data-delay=\"3\" data-fill-mode=\"fill\"  >\n\t\t\t\t\t<img decoding=\"async\" src=\"https:\/\/wordpress.nibis.de\/gsoberg\/wp-content\/plugins\/master-slider\/public\/assets\/css\/blank.gif\" alt=\"\" title=\"\" data-src=\"https:\/\/wordpress.nibis.de\/gsoberg\/files\/2020\/04\/image007.jpg\" \/>\n\n\n\t<img decoding=\"async\" class=\"ms-thumb\" src=\"https:\/\/wordpress.nibis.de\/gsoberg\/files\/2020\/04\/image007-140x80.jpg\" alt=\"\" \/>\n\t<div class=\"ms-thumb\" ><div class=\"ms-tab-context\"><div class=\"&quot;ms-tab-context&quot;\"><\/div><\/div>\n<\/div>\n\t\t\t\t<\/div>\n\t\t\t\t<div  class=\"ms-slide\" data-delay=\"3\" data-fill-mode=\"fill\"  >\n\t\t\t\t\t<img decoding=\"async\" src=\"https:\/\/wordpress.nibis.de\/gsoberg\/wp-content\/plugins\/master-slider\/public\/assets\/css\/blank.gif\" alt=\"\" title=\"\" data-src=\"https:\/\/wordpress.nibis.de\/gsoberg\/files\/2018\/11\/P1010261.jpg\" \/>\n\n\n\t<img decoding=\"async\" class=\"ms-thumb\" src=\"https:\/\/wordpress.nibis.de\/gsoberg\/files\/2018\/11\/P1010261-140x80.jpg\" alt=\"\" \/>\n\t<div class=\"ms-thumb\" ><div class=\"ms-tab-context\"><div class=\"&quot;ms-tab-context&quot;\"><\/div><\/div>\n<\/div>\n\t\t\t\t<\/div>\n\t\t\t\t<div  class=\"ms-slide\" data-delay=\"3\" data-fill-mode=\"fill\"  >\n\t\t\t\t\t<img decoding=\"async\" src=\"https:\/\/wordpress.nibis.de\/gsoberg\/wp-content\/plugins\/master-slider\/public\/assets\/css\/blank.gif\" alt=\"\" title=\"\" data-src=\"https:\/\/wordpress.nibis.de\/gsoberg\/files\/2018\/11\/P1010259.jpg\" \/>\n\n\n\t<img decoding=\"async\" class=\"ms-thumb\" src=\"https:\/\/wordpress.nibis.de\/gsoberg\/files\/2018\/11\/P1010259-140x80.jpg\" alt=\"\" \/>\n\t<div class=\"ms-thumb\" ><div class=\"ms-tab-context\"><div class=\"&quot;ms-tab-context&quot;\"><\/div><\/div>\n<\/div>\n\t\t\t\t<\/div>\n\t\t\t\t<div  class=\"ms-slide\" data-delay=\"3\" data-fill-mode=\"fill\"  >\n\t\t\t\t\t<img decoding=\"async\" src=\"https:\/\/wordpress.nibis.de\/gsoberg\/wp-content\/plugins\/master-slider\/public\/assets\/css\/blank.gif\" alt=\"\" title=\"\" data-src=\"https:\/\/wordpress.nibis.de\/gsoberg\/files\/2018\/11\/P1010251-1.jpg\" \/>\n\n\n\t<img decoding=\"async\" class=\"ms-thumb\" src=\"https:\/\/wordpress.nibis.de\/gsoberg\/files\/2018\/11\/P1010251-1-140x80.jpg\" alt=\"\" \/>\n\t<div class=\"ms-thumb\" ><div class=\"ms-tab-context\"><div class=\"&quot;ms-tab-context&quot;\"><\/div><\/div>\n<\/div>\n\t\t\t\t<\/div>\n\t\t\t\t<div  class=\"ms-slide\" data-delay=\"3\" data-fill-mode=\"fill\"  >\n\t\t\t\t\t<img decoding=\"async\" src=\"https:\/\/wordpress.nibis.de\/gsoberg\/wp-content\/plugins\/master-slider\/public\/assets\/css\/blank.gif\" alt=\"\" title=\"\" data-src=\"https:\/\/wordpress.nibis.de\/gsoberg\/files\/2018\/11\/P1020466-1.jpg\" \/>\n\n\n\t<img decoding=\"async\" class=\"ms-thumb\" src=\"https:\/\/wordpress.nibis.de\/gsoberg\/files\/2018\/11\/P1020466-1-140x80.jpg\" alt=\"\" \/>\n\t<div class=\"ms-thumb\" ><div class=\"ms-tab-context\"><div class=\"&quot;ms-tab-context&quot;\"><\/div><\/div>\n<\/div>\n\t\t\t\t<\/div>\n\t\t\t\t<div  class=\"ms-slide\" data-delay=\"3\" data-fill-mode=\"fill\"  >\n\t\t\t\t\t<img decoding=\"async\" src=\"https:\/\/wordpress.nibis.de\/gsoberg\/wp-content\/plugins\/master-slider\/public\/assets\/css\/blank.gif\" alt=\"\" title=\"\" data-src=\"https:\/\/wordpress.nibis.de\/gsoberg\/files\/2018\/11\/P1020463-e1541344136562.jpg\" \/>\n\n\n\t<img decoding=\"async\" class=\"ms-thumb\" src=\"https:\/\/wordpress.nibis.de\/gsoberg\/files\/2018\/11\/P1020463-e1541344136562-140x80.jpg\" alt=\"\" \/>\n\t<div class=\"ms-thumb\" ><div class=\"ms-tab-context\"><div class=\"&quot;ms-tab-context&quot;\"><\/div><\/div>\n<\/div>\n\t\t\t\t<\/div>\n\t\t\t\t<div  class=\"ms-slide\" data-delay=\"3\" data-fill-mode=\"fill\"  >\n\t\t\t\t\t<img decoding=\"async\" src=\"https:\/\/wordpress.nibis.de\/gsoberg\/wp-content\/plugins\/master-slider\/public\/assets\/css\/blank.gif\" alt=\"\" title=\"\" data-src=\"https:\/\/wordpress.nibis.de\/gsoberg\/files\/2020\/04\/image004.jpg\" \/>\n\n\n\t<img decoding=\"async\" class=\"ms-thumb\" src=\"https:\/\/wordpress.nibis.de\/gsoberg\/files\/2020\/04\/image004-140x80.jpg\" alt=\"\" \/>\n\t<div class=\"ms-thumb\" ><div class=\"ms-tab-context\"><div class=\"&quot;ms-tab-context&quot;\"><\/div><\/div>\n<\/div>\n\t\t\t\t<\/div>\n\t\t\t\t<div  class=\"ms-slide\" data-delay=\"3\" data-fill-mode=\"fill\"  >\n\t\t\t\t\t<img decoding=\"async\" src=\"https:\/\/wordpress.nibis.de\/gsoberg\/wp-content\/plugins\/master-slider\/public\/assets\/css\/blank.gif\" alt=\"\" title=\"\" data-src=\"https:\/\/wordpress.nibis.de\/gsoberg\/files\/2018\/11\/P1020461-e1541344154280.jpg\" \/>\n\n\n\t<img decoding=\"async\" class=\"ms-thumb\" src=\"https:\/\/wordpress.nibis.de\/gsoberg\/files\/2018\/11\/P1020461-e1541344154280-140x80.jpg\" alt=\"\" \/>\n\t<div class=\"ms-thumb\" ><div class=\"ms-tab-context\"><div class=\"&quot;ms-tab-context&quot;\"><\/div><\/div>\n<\/div>\n\t\t\t\t<\/div>\n\t\t\t\t<div  class=\"ms-slide\" data-delay=\"3\" data-fill-mode=\"fill\"  >\n\t\t\t\t\t<img decoding=\"async\" src=\"https:\/\/wordpress.nibis.de\/gsoberg\/wp-content\/plugins\/master-slider\/public\/assets\/css\/blank.gif\" alt=\"\" title=\"\" data-src=\"https:\/\/wordpress.nibis.de\/gsoberg\/files\/2018\/11\/P1020466.jpg\" \/>\n\n\n\t<img decoding=\"async\" class=\"ms-thumb\" src=\"https:\/\/wordpress.nibis.de\/gsoberg\/files\/2018\/11\/P1020466-140x80.jpg\" alt=\"\" \/>\n\t<div class=\"ms-thumb\" ><div class=\"ms-tab-context\"><div class=\"&quot;ms-tab-context&quot;\"><\/div><\/div>\n<\/div>\n\t\t\t\t<\/div>\n\t\t\t\t<div  class=\"ms-slide\" data-delay=\"3\" data-fill-mode=\"fill\"  >\n\t\t\t\t\t<img decoding=\"async\" src=\"https:\/\/wordpress.nibis.de\/gsoberg\/wp-content\/plugins\/master-slider\/public\/assets\/css\/blank.gif\" alt=\"\" title=\"\" data-src=\"https:\/\/wordpress.nibis.de\/gsoberg\/files\/2019\/09\/IMG_20180518_152858.jpg\" \/>\n\n\n\t<img decoding=\"async\" class=\"ms-thumb\" src=\"https:\/\/wordpress.nibis.de\/gsoberg\/files\/2019\/09\/IMG_20180518_152858-140x80.jpg\" alt=\"\" \/>\n\t<div class=\"ms-thumb\" ><div class=\"ms-tab-context\"><div class=\"&quot;ms-tab-context&quot;\"><\/div><\/div>\n<\/div>\n\t\t\t\t<\/div>\n\t\t\t\t<div  class=\"ms-slide\" data-delay=\"3\" data-fill-mode=\"fill\"  >\n\t\t\t\t\t<img decoding=\"async\" src=\"https:\/\/wordpress.nibis.de\/gsoberg\/wp-content\/plugins\/master-slider\/public\/assets\/css\/blank.gif\" alt=\"\" title=\"\" data-src=\"https:\/\/wordpress.nibis.de\/gsoberg\/files\/2019\/09\/IMG_20180615_151550.jpg\" \/>\n\n\n\t<img decoding=\"async\" class=\"ms-thumb\" src=\"https:\/\/wordpress.nibis.de\/gsoberg\/files\/2019\/09\/IMG_20180615_151550-140x80.jpg\" alt=\"\" \/>\n\t<div class=\"ms-thumb\" ><div class=\"ms-tab-context\"><div class=\"&quot;ms-tab-context&quot;\"><\/div><\/div>\n<\/div>\n\t\t\t\t<\/div>\n\t\t\t\t<div  class=\"ms-slide\" data-delay=\"3\" data-fill-mode=\"fill\"  >\n\t\t\t\t\t<img decoding=\"async\" src=\"https:\/\/wordpress.nibis.de\/gsoberg\/wp-content\/plugins\/master-slider\/public\/assets\/css\/blank.gif\" alt=\"\" title=\"\" data-src=\"https:\/\/wordpress.nibis.de\/gsoberg\/files\/2020\/04\/image005.jpg\" \/>\n\n\n\t<img decoding=\"async\" class=\"ms-thumb\" src=\"https:\/\/wordpress.nibis.de\/gsoberg\/files\/2020\/04\/image005-140x80.jpg\" alt=\"\" \/>\n\t<div class=\"ms-thumb\" ><div class=\"ms-tab-context\"><div class=\"&quot;ms-tab-context&quot;\"><\/div><\/div>\n<\/div>\n\t\t\t\t<\/div>\n\n\t\t\t<\/div>\n\t\t\t<!-- END MasterSlider Main -->\n\n\t\t\t \n\t\t<\/div>\n\t\t<!-- END MasterSlider -->\n\n\t\t<script>\n\t\t(function ( $ ) {\n\t\t\t\"use strict\";\n\n\t\t\t$(function () {\n\t\t\t\tvar masterslider_921f = new MasterSlider();\n\n\t\t\t\t\/\/ slider controls\n\t\t\t\tmasterslider_921f.control('arrows'     ,{ autohide:false, overVideo:true  });\t\t\t\tmasterslider_921f.control('bullets'    ,{ autohide:false, overVideo:true, dir:'h', align:'bottom' , margin:10  });\n\n\t\t\t\tmasterslider_921f.control('thumblist'  ,{ autohide:false, overVideo:true, dir:'h', speed:17, inset:false, arrows:false, hover:false, customClass:'', align:'bottom',type:'thumbs', margin:5, width:140, height:80, space:5, fillMode:'fill'  });\n\t\t\t\t\/\/ slider setup\n\t\t\t\tmasterslider_921f.setup(\"MS69dfddb38921f\", {\n\t\t\t\t\t\twidth           : 800,\n\t\t\t\t\t\theight          : 480,\n\t\t\t\t\t\tminHeight       : 0,\n\t\t\t\t\t\tspace           : 0,\n\t\t\t\t\t\tstart           : 1,\n\t\t\t\t\t\tgrabCursor      : true,\n\t\t\t\t\t\tswipe           : true,\n\t\t\t\t\t\tmouse           : true,\n\t\t\t\t\t\tlayout          : \"boxed\",\n\t\t\t\t\t\twheel           : false,\n\t\t\t\t\t\tautoplay        : false,\n\t\t\t\t\t\tinstantStartLayers:false,\n\t\t\t\t\t\tloop            : false,\n\t\t\t\t\t\tshuffle         : false,\n\t\t\t\t\t\tpreload         : 0,\n\t\t\t\t\t\theightLimit     : true,\n\t\t\t\t\t\tautoHeight      : false,\n\t\t\t\t\t\tsmoothHeight    : true,\n\t\t\t\t\t\tendPause        : false,\n\t\t\t\t\t\toverPause       : true,\n\t\t\t\t\t\tfillMode        : \"fill\",\n\t\t\t\t\t\tcenterControls  : true,\n\t\t\t\t\t\tstartOnAppear   : false,\n\t\t\t\t\t\tlayersMode      : \"center\",\n\t\t\t\t\t\thideLayers      : false,\n\t\t\t\t\t\tfullscreenMargin: 0,\n\t\t\t\t\t\tspeed           : 20,\n\t\t\t\t\t\tdir             : \"h\",\n\t\t\t\t\t\tparallaxMode    : 'swipe',\n\t\t\t\t\t\tview            : \"basic\"\n\t\t\t\t});\n\n\t\t\t\t\n\t\t\t\twindow.masterslider_instances = window.masterslider_instances || [];\n\t\t\t\twindow.masterslider_instances.push( masterslider_921f );\n\t\t\t });\n\n\t\t})(jQuery);\n\t\t<\/script>\n\n\n","protected":false},"excerpt":{"rendered":"<p>Der Ganztagsbetrieb an der GS Oberg Die Grundschule Oberg (Offene Ganztagschule) bietet au\u00dferhalb und erg\u00e4nzend zu den regul\u00e4ren Unterrichtszeiten montags bis freitags Angebote bis 15:30 Uhr an. Dies ist f\u00fcr alle Eltern interessant, die sichergehen m\u00fcssen, dass ihre Kinder zuverl\u00e4ssig betreut werden. Im Ganztag verbringen Sch\u00fcler*innen, Lehrer*innen und Betreuer*innen einen gro\u00dfen Teil des Tages gemeinsam. &#8230; <a title=\"Ganztag\" class=\"read-more\" href=\"https:\/\/wordpress.nibis.de\/gsoberg\/ganztagsschule\/\" aria-label=\"Mehr Informationen \u00fcber Ganztag\">Weiterlesen<\/a><\/p>\n","protected":false},"author":9192632,"featured_media":0,"parent":0,"menu_order":5,"comment_status":"closed","ping_status":"closed","template":"","meta":{"footnotes":""},"class_list":["post-39","page","type-page","status-publish"],"_links":{"self":[{"href":"https:\/\/wordpress.nibis.de\/gsoberg\/wp-json\/wp\/v2\/pages\/39","targetHints":{"allow":["GET"]}}],"collection":[{"href":"https:\/\/wordpress.nibis.de\/gsoberg\/wp-json\/wp\/v2\/pages"}],"about":[{"href":"https:\/\/wordpress.nibis.de\/gsoberg\/wp-json\/wp\/v2\/types\/page"}],"author":[{"embeddable":true,"href":"https:\/\/wordpress.nibis.de\/gsoberg\/wp-json\/wp\/v2\/users\/9192632"}],"replies":[{"embeddable":true,"href":"https:\/\/wordpress.nibis.de\/gsoberg\/wp-json\/wp\/v2\/comments?post=39"}],"version-history":[{"count":16,"href":"https:\/\/wordpress.nibis.de\/gsoberg\/wp-json\/wp\/v2\/pages\/39\/revisions"}],"predecessor-version":[{"id":1599,"href":"https:\/\/wordpress.nibis.de\/gsoberg\/wp-json\/wp\/v2\/pages\/39\/revisions\/1599"}],"wp:attachment":[{"href":"https:\/\/wordpress.nibis.de\/gsoberg\/wp-json\/wp\/v2\/media?parent=39"}],"curies":[{"name":"wp","href":"https:\/\/api.w.org\/{rel}","templated":true}]}}