{"id":468,"date":"2019-10-15T13:14:20","date_gmt":"2019-10-15T11:14:20","guid":{"rendered":"https:\/\/wordpress.nibis.de\/gsoberg\/?page_id=468"},"modified":"2019-10-15T13:14:21","modified_gmt":"2019-10-15T11:14:21","slug":"25-jaehriges-jubilaeum","status":"publish","type":"page","link":"https:\/\/wordpress.nibis.de\/gsoberg\/25-jaehriges-jubilaeum\/","title":{"rendered":"25 &#8211; j\u00e4hriges Jubil\u00e4um"},"content":{"rendered":"\n<p><span style=\"font-family: times new roman,times,serif\">\n\t\t<!-- MasterSlider -->\n\t\t<div id=\"P_MS69d7d320b566c\" class=\"master-slider-parent msl ms-parent-id-6\" style=\"max-width:945px;\">\n\n\t\t\t\n\t\t\t<!-- MasterSlider Main -->\n\t\t\t<div id=\"MS69d7d320b566c\" class=\"master-slider ms-skin-default\" >\n\t\t\t\t \t\t\t\t \n\t\t\t\t<div  class=\"ms-slide\" data-delay=\"3\" data-fill-mode=\"fill\"  >\n\t\t\t\t\t<img decoding=\"async\" src=\"https:\/\/wordpress.nibis.de\/gsoberg\/wp-content\/plugins\/master-slider\/public\/assets\/css\/blank.gif\" alt=\"\" title=\"\" data-src=\"https:\/\/wordpress.nibis.de\/gsoberg\/files\/2019\/10\/image001.jpg\" \/>\n\n\n\t<img decoding=\"async\" class=\"ms-thumb\" src=\"https:\/\/wordpress.nibis.de\/gsoberg\/files\/2019\/10\/image001-140x80.jpg\" alt=\"\" \/>\n\t<div class=\"ms-thumb\" ><div class=\"ms-tab-context\"><div class=\"&quot;ms-tab-context&quot;\"><\/div><\/div>\n<\/div>\n\t\t\t\t<\/div>\n\t\t\t\t<div  class=\"ms-slide\" data-delay=\"3\" data-fill-mode=\"fill\"  >\n\t\t\t\t\t<img decoding=\"async\" src=\"https:\/\/wordpress.nibis.de\/gsoberg\/wp-content\/plugins\/master-slider\/public\/assets\/css\/blank.gif\" alt=\"\" title=\"\" data-src=\"https:\/\/wordpress.nibis.de\/gsoberg\/files\/2019\/10\/image002.jpg\" \/>\n\n\n\t<img decoding=\"async\" class=\"ms-thumb\" src=\"https:\/\/wordpress.nibis.de\/gsoberg\/files\/2019\/10\/image002-140x80.jpg\" alt=\"\" \/>\n\t<div class=\"ms-thumb\" ><div class=\"ms-tab-context\"><div class=\"&quot;ms-tab-context&quot;\"><\/div><\/div>\n<\/div>\n\t\t\t\t<\/div>\n\t\t\t\t<div  class=\"ms-slide\" data-delay=\"3\" data-fill-mode=\"fill\"  >\n\t\t\t\t\t<img decoding=\"async\" src=\"https:\/\/wordpress.nibis.de\/gsoberg\/wp-content\/plugins\/master-slider\/public\/assets\/css\/blank.gif\" alt=\"\" title=\"\" data-src=\"https:\/\/wordpress.nibis.de\/gsoberg\/files\/2019\/10\/image005.jpg\" \/>\n\n\n\t<img decoding=\"async\" class=\"ms-thumb\" src=\"https:\/\/wordpress.nibis.de\/gsoberg\/files\/2019\/10\/image005-140x80.jpg\" alt=\"\" \/>\n\t<div class=\"ms-thumb\" ><div class=\"ms-tab-context\"><div class=\"&quot;ms-tab-context&quot;\"><\/div><\/div>\n<\/div>\n\t\t\t\t<\/div>\n\t\t\t\t<div  class=\"ms-slide\" data-delay=\"3\" data-fill-mode=\"fill\"  >\n\t\t\t\t\t<img decoding=\"async\" src=\"https:\/\/wordpress.nibis.de\/gsoberg\/wp-content\/plugins\/master-slider\/public\/assets\/css\/blank.gif\" alt=\"\" title=\"\" data-src=\"https:\/\/wordpress.nibis.de\/gsoberg\/files\/2019\/10\/image007.jpg\" \/>\n\n\n\t<img decoding=\"async\" class=\"ms-thumb\" src=\"https:\/\/wordpress.nibis.de\/gsoberg\/files\/2019\/10\/image007-140x80.jpg\" alt=\"\" \/>\n\t<div class=\"ms-thumb\" ><div class=\"ms-tab-context\"><div class=\"&quot;ms-tab-context&quot;\"><\/div><\/div>\n<\/div>\n\t\t\t\t<\/div>\n\t\t\t\t<div  class=\"ms-slide\" data-delay=\"4\" data-fill-mode=\"fit\"  >\n\t\t\t\t\t<img decoding=\"async\" src=\"https:\/\/wordpress.nibis.de\/gsoberg\/wp-content\/plugins\/master-slider\/public\/assets\/css\/blank.gif\" alt=\"\" title=\"\" data-src=\"https:\/\/wordpress.nibis.de\/gsoberg\/files\/2019\/10\/image008.jpg\" \/>\n\n\n\t<img decoding=\"async\" class=\"ms-thumb\" src=\"https:\/\/wordpress.nibis.de\/gsoberg\/files\/2019\/10\/image008-140x80.jpg\" alt=\"\" \/>\n\t<div class=\"ms-thumb\" ><div class=\"ms-tab-context\"><div class=\"&quot;ms-tab-context&quot;\"><\/div><\/div>\n<\/div>\n\t\t\t\t<\/div>\n\t\t\t\t<div  class=\"ms-slide\" data-delay=\"4\" data-fill-mode=\"fit\"  >\n\t\t\t\t\t<img decoding=\"async\" src=\"https:\/\/wordpress.nibis.de\/gsoberg\/wp-content\/plugins\/master-slider\/public\/assets\/css\/blank.gif\" alt=\"\" title=\"\" data-src=\"https:\/\/wordpress.nibis.de\/gsoberg\/files\/2019\/10\/vortrag.png\" \/>\n\n\n\t<img decoding=\"async\" class=\"ms-thumb\" src=\"https:\/\/wordpress.nibis.de\/gsoberg\/files\/2019\/10\/vortrag-140x80.png\" alt=\"\" \/>\n\t<div class=\"ms-thumb\" ><div class=\"ms-tab-context\"><div class=\"&quot;ms-tab-context&quot;\"><\/div><\/div>\n<\/div>\n\t\t\t\t<\/div>\n\t\t\t\t<div  class=\"ms-slide\" data-delay=\"3\" data-fill-mode=\"fill\"  >\n\t\t\t\t\t<img decoding=\"async\" src=\"https:\/\/wordpress.nibis.de\/gsoberg\/wp-content\/plugins\/master-slider\/public\/assets\/css\/blank.gif\" alt=\"\" title=\"\" data-src=\"https:\/\/wordpress.nibis.de\/gsoberg\/files\/2019\/10\/image003-1.jpg\" \/>\n\n\n\t<img decoding=\"async\" class=\"ms-thumb\" src=\"https:\/\/wordpress.nibis.de\/gsoberg\/files\/2019\/10\/image003-1-140x80.jpg\" alt=\"\" \/>\n\t<div class=\"ms-thumb\" ><div class=\"ms-tab-context\"><div class=\"&quot;ms-tab-context&quot;\"><\/div><\/div>\n<\/div>\n\t\t\t\t<\/div>\n\t\t\t\t<div  class=\"ms-slide\" data-delay=\"3\" data-fill-mode=\"fit\"  >\n\t\t\t\t\t<img decoding=\"async\" src=\"https:\/\/wordpress.nibis.de\/gsoberg\/wp-content\/plugins\/master-slider\/public\/assets\/css\/blank.gif\" alt=\"\" title=\"\" data-src=\"https:\/\/wordpress.nibis.de\/gsoberg\/files\/2019\/10\/image006-1.jpg\" \/>\n\n\n\t<img decoding=\"async\" class=\"ms-thumb\" src=\"https:\/\/wordpress.nibis.de\/gsoberg\/files\/2019\/10\/image006-1-140x80.jpg\" alt=\"\" \/>\n\t<div class=\"ms-thumb\" ><div class=\"ms-tab-context\"><div class=\"&quot;ms-tab-context&quot;\"><\/div><\/div>\n<\/div>\n\t\t\t\t<\/div>\n\n\t\t\t<\/div>\n\t\t\t<!-- END MasterSlider Main -->\n\n\t\t\t \n\t\t<\/div>\n\t\t<!-- END MasterSlider -->\n\n\t\t<script>\n\t\t(function ( $ ) {\n\t\t\t\"use strict\";\n\n\t\t\t$(function () {\n\t\t\t\tvar masterslider_566c = new MasterSlider();\n\n\t\t\t\t\/\/ slider controls\n\t\t\t\tmasterslider_566c.control('arrows'     ,{ autohide:false, overVideo:true  });\t\t\t\tmasterslider_566c.control('bullets'    ,{ autohide:false, overVideo:true, dir:'h', align:'bottom' , margin:10  });\n\n\t\t\t\tmasterslider_566c.control('thumblist'  ,{ autohide:false, overVideo:true, dir:'v', speed:17, inset:false, arrows:false, hover:false, customClass:'', align:'right',type:'thumbs', margin:5, width:140, height:80, space:5, fillMode:'fill'  });\n\t\t\t\t\/\/ slider setup\n\t\t\t\tmasterslider_566c.setup(\"MS69d7d320b566c\", {\n\t\t\t\t\t\twidth           : 800,\n\t\t\t\t\t\theight          : 480,\n\t\t\t\t\t\tminHeight       : 0,\n\t\t\t\t\t\tspace           : 0,\n\t\t\t\t\t\tstart           : 1,\n\t\t\t\t\t\tgrabCursor      : true,\n\t\t\t\t\t\tswipe           : true,\n\t\t\t\t\t\tmouse           : true,\n\t\t\t\t\t\tlayout          : \"boxed\",\n\t\t\t\t\t\twheel           : false,\n\t\t\t\t\t\tautoplay        : false,\n\t\t\t\t\t\tinstantStartLayers:false,\n\t\t\t\t\t\tloop            : true,\n\t\t\t\t\t\tshuffle         : false,\n\t\t\t\t\t\tpreload         : 0,\n\t\t\t\t\t\theightLimit     : true,\n\t\t\t\t\t\tautoHeight      : false,\n\t\t\t\t\t\tsmoothHeight    : true,\n\t\t\t\t\t\tendPause        : false,\n\t\t\t\t\t\toverPause       : true,\n\t\t\t\t\t\tfillMode        : \"fill\",\n\t\t\t\t\t\tcenterControls  : true,\n\t\t\t\t\t\tstartOnAppear   : false,\n\t\t\t\t\t\tlayersMode      : \"center\",\n\t\t\t\t\t\thideLayers      : false,\n\t\t\t\t\t\tfullscreenMargin: 0,\n\t\t\t\t\t\tspeed           : 20,\n\t\t\t\t\t\tdir             : \"h\",\n\t\t\t\t\t\tparallaxMode    : 'swipe',\n\t\t\t\t\t\tview            : \"basic\"\n\t\t\t\t});\n\n\t\t\t\t\n\t\t\t\twindow.masterslider_instances = window.masterslider_instances || [];\n\t\t\t\twindow.masterslider_instances.push( masterslider_566c );\n\t\t\t });\n\n\t\t})(jQuery);\n\t\t<\/script>\n\n<\/span><\/p>\n<p>\u00a0<\/p>\n<p><span style=\"font-family: times new roman,times,serif\">Am Freitag, den 30.08.2019, fand von 15 bis 18 Uhr ein gro\u00dfes Fest auf dem Schulhof der Grundschule Oberg anl\u00e4sslich des 25-J\u00e4hrigen Bestehens des F\u00f6rdervereins der Grundschule statt.<\/span><br \/><span style=\"font-family: times new roman,times,serif\">Bei strahlendem Sonnenschein konnten die Grundsch\u00fcler mit Freunden und Familie einen tollen Nachmittag mit Zauberershows, H\u00fcpfburgen, Dosenwerfen, Schatzsuche und vielen anderen Attraktionen erleben. Die gro\u00dfe Hitze war dank Slushy-Eis, Zuckerwatte und Eis f\u00fcr alle Kinder gut zu \u00fcberstehen. Au\u00dferdem gab es leckere W\u00fcrstchen vom Grill und k\u00fchle Getr\u00e4nke.<\/span><\/p>\n<p><br \/><span style=\"font-family: times new roman,times,serif\">Der 1. Vorsitzende des F\u00f6rdervereins Ralf Gremmer w\u00fcrdigte in seiner Ansprache die Arbeit der Gr\u00fcndungsmitglieder und aller bisherigen Vorst\u00e4nde, ohne die viele sch\u00f6ne Aktionen f\u00fcr die Grundsch\u00fcler in den letzten 25 Jahren gar nicht h\u00e4tten stattfinden oder unterst\u00fctzt werden k\u00f6nnen. Auch einer der Gr\u00fcnder des F\u00f6rdervereins, J\u00fcrgen Rissel, kam zu Wort und erz\u00e4hlte mitrei\u00dfend von den Anf\u00e4ngen des F\u00f6rdervereins. Ihm und den anderen bisherigen Vorstandsmitgliedern m\u00f6chten wir auch an dieser Stelle noch einmal f\u00fcr ihre ehrenamtliche Arbeit danken!<\/span><\/p>\n<p><br \/><span style=\"font-family: times new roman,times,serif\">Besonders m\u00f6chten wir uns f\u00fcr die Unterst\u00fctzung beim Auf- und Abbau und der Durchf\u00fchrung des Jubil\u00e4ums bei der Ferienaktion Oberg und\u00a0 der Freiwilligen Feuerwehr Oberg bedanken und freuen uns \u00fcber das gelungene Fest und die vielen strahlenden Kinderaugen.<br \/><br \/><\/span><span style=\"font-family: times new roman,times,serif\">Der F\u00f6rderverein der Grundschule Oberg<\/span><\/p>\n<p>\u00a0<\/p>\n<p>\u00a0<\/p>\n","protected":false},"excerpt":{"rendered":"<p>\u00a0 Am Freitag, den 30.08.2019, fand von 15 bis 18 Uhr ein gro\u00dfes Fest auf dem Schulhof der Grundschule Oberg anl\u00e4sslich des 25-J\u00e4hrigen Bestehens des F\u00f6rdervereins der Grundschule statt.Bei strahlendem Sonnenschein konnten die Grundsch\u00fcler mit Freunden und Familie einen tollen Nachmittag mit Zauberershows, H\u00fcpfburgen, Dosenwerfen, Schatzsuche und vielen anderen Attraktionen erleben. Die gro\u00dfe Hitze war &#8230; <a title=\"25 &#8211; j\u00e4hriges Jubil\u00e4um\" class=\"read-more\" href=\"https:\/\/wordpress.nibis.de\/gsoberg\/25-jaehriges-jubilaeum\/\" aria-label=\"Mehr Informationen \u00fcber 25 &#8211; j\u00e4hriges Jubil\u00e4um\">Weiterlesen<\/a><\/p>\n","protected":false},"author":9192944,"featured_media":0,"parent":0,"menu_order":0,"comment_status":"closed","ping_status":"closed","template":"","meta":{"footnotes":""},"class_list":["post-468","page","type-page","status-publish"],"_links":{"self":[{"href":"https:\/\/wordpress.nibis.de\/gsoberg\/wp-json\/wp\/v2\/pages\/468","targetHints":{"allow":["GET"]}}],"collection":[{"href":"https:\/\/wordpress.nibis.de\/gsoberg\/wp-json\/wp\/v2\/pages"}],"about":[{"href":"https:\/\/wordpress.nibis.de\/gsoberg\/wp-json\/wp\/v2\/types\/page"}],"author":[{"embeddable":true,"href":"https:\/\/wordpress.nibis.de\/gsoberg\/wp-json\/wp\/v2\/users\/9192944"}],"replies":[{"embeddable":true,"href":"https:\/\/wordpress.nibis.de\/gsoberg\/wp-json\/wp\/v2\/comments?post=468"}],"version-history":[{"count":5,"href":"https:\/\/wordpress.nibis.de\/gsoberg\/wp-json\/wp\/v2\/pages\/468\/revisions"}],"predecessor-version":[{"id":484,"href":"https:\/\/wordpress.nibis.de\/gsoberg\/wp-json\/wp\/v2\/pages\/468\/revisions\/484"}],"wp:attachment":[{"href":"https:\/\/wordpress.nibis.de\/gsoberg\/wp-json\/wp\/v2\/media?parent=468"}],"curies":[{"name":"wp","href":"https:\/\/api.w.org\/{rel}","templated":true}]}}