{"id":488,"date":"2019-10-23T22:16:04","date_gmt":"2019-10-23T20:16:04","guid":{"rendered":"https:\/\/wordpress.nibis.de\/gsoberg\/?page_id=488"},"modified":"2025-12-10T15:53:00","modified_gmt":"2025-12-10T14:53:00","slug":"das-kollegium","status":"publish","type":"page","link":"https:\/\/wordpress.nibis.de\/gsoberg\/das-kollegium\/","title":{"rendered":"Kollegium"},"content":{"rendered":"\n<p><img loading=\"lazy\" decoding=\"async\" class=\"aligncenter size-full wp-image-1778\" src=\"https:\/\/wordpress.nibis.de\/gsoberg\/files\/2025\/12\/250813_Grundschule_Oberg_5-scaled.jpg\" alt=\"\" width=\"2560\" height=\"1708\" srcset=\"https:\/\/wordpress.nibis.de\/gsoberg\/files\/2025\/12\/250813_Grundschule_Oberg_5-scaled.jpg 2560w, https:\/\/wordpress.nibis.de\/gsoberg\/files\/2025\/12\/250813_Grundschule_Oberg_5-768x512.jpg 768w, https:\/\/wordpress.nibis.de\/gsoberg\/files\/2025\/12\/250813_Grundschule_Oberg_5-1536x1025.jpg 1536w, https:\/\/wordpress.nibis.de\/gsoberg\/files\/2025\/12\/250813_Grundschule_Oberg_5-2048x1367.jpg 2048w\" sizes=\"auto, (max-width: 2560px) 100vw, 2560px\" \/><\/p>\n<p><strong>Schulleitung<\/strong>: Seraphine Nickel<\/p>\n<p>\u00a0<\/p>\n<p><strong>Sekretariat<\/strong>: Nicole Barleben<\/p>\n<p>\u00a0<\/p>\n<p><strong>Lehrerkr\u00e4fte<\/strong>: Inken Friese, Petra Geissler, Katrin Jackisch-Otto, Juliane Krupschtat, Cornelia L\u00fcders, Julia Schierding, Tanja Lehmberg, Jasmin P\u00f6rschke, Svenja Schenkemeyer, Jan-Luca Schewe, Severine Schild, Stefanie Vogel<\/p>\n<p>\u00a0<\/p>\n<p><strong>Anw\u00e4rterin: <\/strong>Mareike Dr\u00f6ge<\/p>\n<p>\u00a0<\/p>\n<p><strong>F\u00f6rderschullehrkraft<\/strong>: Antje Stein<\/p>\n<p>\u00a0<\/p>\n<p><strong>P\u00e4dagogische Mitarbeiterinnen<\/strong><span style=\"float: none;background-color: #ffffff;color: #3a3a3a;cursor: text;font-family: 'Open Sans',sans-serif;font-size: 15px;font-style: normal;font-variant: normal;font-weight: 400;letter-spacing: normal;text-align: left;text-decoration: none;text-indent: 0px;text-transform: none\">:\u00a0 Cornelia Buhmann, Sandra Gericke, Julia Laas, Katharina Wolf, Arife Er\u00f6z, Sabrina D\u00fcrdoth, Sandra Mindermann, Ilayda Er\u00f6z<\/span><\/p>\n<p>\u00a0<\/p>\n<p><strong>Organisation Ganztag<\/strong>: Jennifer Kirchner<\/p>\n<p>\u00a0<\/p>\n<p><strong>Hauswart: <\/strong>D.Harwardt<\/p>\n<p>\u00a0<\/p>\n<p><strong>Servicekr\u00e4fte in der Mensa: <\/strong>Frau Zummach und Frau St\u00fcmpel<\/p>\n<p>\u00a0<\/p>\n<p><strong>Integrationshelfer:innen: &#8211;<\/strong><\/p>\n<p>\u00a0<\/p>\n<p>\u00a0<\/p>\n<p>\u00a0<\/p>\n<p>\u00a0<\/p>\n<p>\u00a0<\/p>\n\n\n","protected":false},"excerpt":{"rendered":"<p>Schulleitung: Seraphine Nickel \u00a0 Sekretariat: Nicole Barleben \u00a0 Lehrerkr\u00e4fte: Inken Friese, Petra Geissler, Katrin Jackisch-Otto, Juliane Krupschtat, Cornelia L\u00fcders, Julia Schierding, Tanja Lehmberg, Jasmin P\u00f6rschke, Svenja Schenkemeyer, Jan-Luca Schewe, Severine Schild, Stefanie Vogel \u00a0 Anw\u00e4rterin: Mareike Dr\u00f6ge \u00a0 F\u00f6rderschullehrkraft: Antje Stein \u00a0 P\u00e4dagogische Mitarbeiterinnen:\u00a0 Cornelia Buhmann, Sandra Gericke, Julia Laas, Katharina Wolf, Arife Er\u00f6z, Sabrina &#8230; <a title=\"Kollegium\" class=\"read-more\" href=\"https:\/\/wordpress.nibis.de\/gsoberg\/das-kollegium\/\" aria-label=\"Mehr Informationen \u00fcber Kollegium\">Weiterlesen<\/a><\/p>\n","protected":false},"author":9192944,"featured_media":1782,"parent":0,"menu_order":0,"comment_status":"closed","ping_status":"closed","template":"","meta":{"footnotes":""},"class_list":["post-488","page","type-page","status-publish","has-post-thumbnail"],"_links":{"self":[{"href":"https:\/\/wordpress.nibis.de\/gsoberg\/wp-json\/wp\/v2\/pages\/488","targetHints":{"allow":["GET"]}}],"collection":[{"href":"https:\/\/wordpress.nibis.de\/gsoberg\/wp-json\/wp\/v2\/pages"}],"about":[{"href":"https:\/\/wordpress.nibis.de\/gsoberg\/wp-json\/wp\/v2\/types\/page"}],"author":[{"embeddable":true,"href":"https:\/\/wordpress.nibis.de\/gsoberg\/wp-json\/wp\/v2\/users\/9192944"}],"replies":[{"embeddable":true,"href":"https:\/\/wordpress.nibis.de\/gsoberg\/wp-json\/wp\/v2\/comments?post=488"}],"version-history":[{"count":23,"href":"https:\/\/wordpress.nibis.de\/gsoberg\/wp-json\/wp\/v2\/pages\/488\/revisions"}],"predecessor-version":[{"id":1781,"href":"https:\/\/wordpress.nibis.de\/gsoberg\/wp-json\/wp\/v2\/pages\/488\/revisions\/1781"}],"wp:featuredmedia":[{"embeddable":true,"href":"https:\/\/wordpress.nibis.de\/gsoberg\/wp-json\/wp\/v2\/media\/1782"}],"wp:attachment":[{"href":"https:\/\/wordpress.nibis.de\/gsoberg\/wp-json\/wp\/v2\/media?parent=488"}],"curies":[{"name":"wp","href":"https:\/\/api.w.org\/{rel}","templated":true}]}}