{"id":569,"date":"2019-12-22T21:27:50","date_gmt":"2019-12-22T20:27:50","guid":{"rendered":"https:\/\/wordpress.nibis.de\/gsoberg\/?page_id=569"},"modified":"2025-12-10T15:52:30","modified_gmt":"2025-12-10T14:52:30","slug":"schulvorstand","status":"publish","type":"page","link":"https:\/\/wordpress.nibis.de\/gsoberg\/schulvorstand\/","title":{"rendered":"Schulvorstand"},"content":{"rendered":"\n<p style=\"text-align: center\">\u00a0<\/p>\n<p>\u00a0<\/p>\n<p>\u00a0<\/p>\n<p style=\"text-align: left\"><sup><span style=\"font-family: helvetica,arial,sans-serif\">Mitglieder des Schulvorstands f\u00fcr die Schuljahre 2025\/2026 und 2026\/2027:<\/span><\/sup><\/p>\n<p style=\"text-align: left\"><sup><span style=\"font-family: helvetica,arial,sans-serif\">Eltern: Herr Barz, Frau Brandt, Herr Fischer, Frau Schoke,\u00a0<\/span><\/sup><\/p>\n<p style=\"text-align: left\"><sup><span style=\"font-family: helvetica,arial,sans-serif\">Lehrer und Lehrerinnen: Frau Nickel (Schulleitung), Frau Buhmann, Frau L\u00fcders, Frau Stein<\/span><\/sup><\/p>\n<p>\u00a0<\/p>\n<h5 style=\"text-align: justify\">Die Grundschule Oberg wurde zum 01.08.2007 Eigenverantwortliche Schule und w\u00e4hlte zu Beginn des <span style=\"font-family: helvetica,arial,sans-serif\">Schuljahres 2007\/2008 erstmals einen Schulvorstand. Dieses Gremium aus Lehrerinnen und Eltern nahm im November 2007 seine Arbeit auf, um gem\u00e4\u00df \u00a7 38a des Nieders\u00e4chsischen Schulgesetzes wichtige Entscheidungen f\u00fcr die Schule zu treffen. Der Schulvorstand besteht aus 8 Mitgliedern, die sich aus 4 Lehrkr\u00e4ften sowie aus 4 Vertretern der Elternschaft zusammensetzen. Au\u00dferdem nimmt eine Vertreterin der Gemeinde als Schultr\u00e4ger an den Sitzungen teil. <\/span><\/h5>\n<p>\u00a0<\/p>\n<h5 style=\"text-align: justify\"><span style=\"font-family: helvetica,arial,sans-serif\"><strong>WICHTIG:<\/strong> Es k\u00f6nnen sich alle interessierten Eltern zur Wahl aufstellen lassen! Gew\u00e4hlt werden die Elternvertreter\/-innen des Schulvorstandes vom Schulelternrat.<\/span><\/h5>\n<p>\u00a0<\/p>\n<h5 style=\"text-align: justify\"><span style=\"font-family: helvetica,arial,sans-serif\"><strong><span style=\"text-decoration: underline\">Aufgaben des Schulvorstandes<\/span><\/strong><\/span><\/h5>\n<h5 style=\"text-align: justify\"><span style=\"font-family: helvetica,arial,sans-serif\">Er trifft Entscheidungen \u00fcber Inhalte und Ausgestaltung der schulischen Arbeit, wie z.B.:<\/span><\/h5>\n<ul style=\"list-style-type: disc\">\n<li style=\"text-align: justify\">\n<h5><span style=\"font-family: helvetica,arial,sans-serif\">Plan \u00fcber die Verwendung der Haushaltsmittel<\/span><\/h5>\n<\/li>\n<li style=\"text-align: justify\">\n<h5><span style=\"font-family: helvetica,arial,sans-serif\">Entlastung der Schulleitung<\/span><\/h5>\n<\/li>\n<li style=\"text-align: justify\">\n<h5><span style=\"font-family: helvetica,arial,sans-serif\">Antr\u00e4ge an die Schulbeh\u00f6rde auf Genehmigung einer besonderen Organisation<\/span><\/h5>\n<\/li>\n<li style=\"text-align: justify\">\n<h5><span style=\"font-family: helvetica,arial,sans-serif\">Zusammenarbeit mit anderen Schulen<\/span><\/h5>\n<\/li>\n<li style=\"text-align: justify\">\n<h5><span style=\"font-family: helvetica,arial,sans-serif\">Ausgestaltung der Stundentafel<\/span><\/h5>\n<\/li>\n<li style=\"text-align: justify\">\n<h5><span style=\"font-family: helvetica,arial,sans-serif\">Mitwirkungsentscheidung bei der Namensgebung der Schule<\/span><\/h5>\n<\/li>\n<li style=\"text-align: justify\">\n<h5><span style=\"font-family: helvetica,arial,sans-serif\">Grunds\u00e4tze f\u00fcr die T\u00e4tigkeit der p\u00e4dagogischen Mitarbeiter und Mitarbeiterinnen an Grundschulen<\/span><\/h5>\n<\/li>\n<li style=\"text-align: justify\">\n<h5><span style=\"font-family: helvetica,arial,sans-serif\">Durchf\u00fchrung von Projektwochen, Werbung und Sponsoring<\/span><\/h5>\n<\/li>\n<\/ul>\n<p>\u00a0<\/p>\n","protected":false},"excerpt":{"rendered":"<p>\u00a0 \u00a0 \u00a0 Mitglieder des Schulvorstands f\u00fcr die Schuljahre 2025\/2026 und 2026\/2027: Eltern: Herr Barz, Frau Brandt, Herr Fischer, Frau Schoke,\u00a0 Lehrer und Lehrerinnen: Frau Nickel (Schulleitung), Frau Buhmann, Frau L\u00fcders, Frau Stein \u00a0 Die Grundschule Oberg wurde zum 01.08.2007 Eigenverantwortliche Schule und w\u00e4hlte zu Beginn des Schuljahres 2007\/2008 erstmals einen Schulvorstand. Dieses Gremium aus &#8230; <a title=\"Schulvorstand\" class=\"read-more\" href=\"https:\/\/wordpress.nibis.de\/gsoberg\/schulvorstand\/\" aria-label=\"Mehr Informationen \u00fcber Schulvorstand\">Weiterlesen<\/a><\/p>\n","protected":false},"author":9192944,"featured_media":0,"parent":0,"menu_order":0,"comment_status":"closed","ping_status":"closed","template":"","meta":{"footnotes":""},"class_list":["post-569","page","type-page","status-publish"],"_links":{"self":[{"href":"https:\/\/wordpress.nibis.de\/gsoberg\/wp-json\/wp\/v2\/pages\/569","targetHints":{"allow":["GET"]}}],"collection":[{"href":"https:\/\/wordpress.nibis.de\/gsoberg\/wp-json\/wp\/v2\/pages"}],"about":[{"href":"https:\/\/wordpress.nibis.de\/gsoberg\/wp-json\/wp\/v2\/types\/page"}],"author":[{"embeddable":true,"href":"https:\/\/wordpress.nibis.de\/gsoberg\/wp-json\/wp\/v2\/users\/9192944"}],"replies":[{"embeddable":true,"href":"https:\/\/wordpress.nibis.de\/gsoberg\/wp-json\/wp\/v2\/comments?post=569"}],"version-history":[{"count":16,"href":"https:\/\/wordpress.nibis.de\/gsoberg\/wp-json\/wp\/v2\/pages\/569\/revisions"}],"predecessor-version":[{"id":1785,"href":"https:\/\/wordpress.nibis.de\/gsoberg\/wp-json\/wp\/v2\/pages\/569\/revisions\/1785"}],"wp:attachment":[{"href":"https:\/\/wordpress.nibis.de\/gsoberg\/wp-json\/wp\/v2\/media?parent=569"}],"curies":[{"name":"wp","href":"https:\/\/api.w.org\/{rel}","templated":true}]}}