{"id":579,"date":"2020-01-03T12:33:42","date_gmt":"2020-01-03T11:33:42","guid":{"rendered":"https:\/\/wordpress.nibis.de\/gsoberg\/?page_id=579"},"modified":"2024-12-19T13:19:14","modified_gmt":"2024-12-19T12:19:14","slug":"beratungslehrerin","status":"publish","type":"page","link":"https:\/\/wordpress.nibis.de\/gsoberg\/beratungslehrerin\/","title":{"rendered":"Beratungslehrerin"},"content":{"rendered":"\n<p><span style=\"text-align: left;color: #000000;text-transform: none;line-height: 1.6;text-indent: 0px;letter-spacing: normal;font-family: book antiqua,palatino,serif;font-size: inherit;font-style: normal;font-variant: normal;font-weight: 400;text-decoration: none;float: none;background-color: #ffffff\">Beratungslehrerin der Grundschule Oberg:<\/span><\/p>\n<p>\u00a0<\/p>\n<p><span style=\"color: #000000;font-family: book antiqua,palatino,serif\"><strong>Severine Schild<\/strong><\/span><\/p>\n<p>\u00a0<\/p>\n<p><span style=\"text-align: left;color: #000000;text-transform: none;line-height: 1.6;text-indent: 0px;letter-spacing: normal;font-family: book antiqua,palatino,serif;font-size: inherit;font-style: normal;font-variant: normal;font-weight: 400;text-decoration: none;float: none;background-color: #ffffff\">Neben meiner Unterrichtst\u00e4tigkeit an der Schule stehe ich seit 2008 auch\u00a0f\u00fcr Beratungsgespr\u00e4che zur Verf\u00fcgung.<\/span><\/p>\n<p>\u00a0<\/p>\n<h4><span style=\"color: #000000;font-family: book antiqua,palatino,serif\">An wen richtet sich das Beratungsangebot?<\/span><\/h4>\n<p><span style=\"color: #000000;font-family: book antiqua,palatino,serif\">Beratungslehrer stehen allen an Schule beteiligten Personen zur Verf\u00fcgung (also Erziehungsberechtigten, Lehrkr\u00e4ften, Sch\u00fclerinnen und Sch\u00fclern&#8230;)<\/span><\/p>\n<p>\u00a0<\/p>\n<h4><span style=\"color: #000000;font-family: book antiqua,palatino,serif\">In welchen Situationen hilft die Beratungslehrerin?<\/span><\/h4>\n<p><span style=\"color: #000000;font-family: book antiqua,palatino,serif\">z.B.: <\/span><\/p>\n<ul>\n<li><span style=\"color: #000000;font-family: book antiqua,palatino,serif\">Probleme mit dem Kind<\/span><\/li>\n<li><span style=\"color: #000000;font-family: book antiqua,palatino,serif\">Probleme mit Lehrkr\u00e4ften<\/span><\/li>\n<li><span style=\"color: #000000;font-family: book antiqua,palatino,serif\">Pers\u00f6nliche Probleme<\/span><\/li>\n<li><span style=\"color: #000000;font-family: book antiqua,palatino,serif\">Schulangst<\/span><\/li>\n<li><span style=\"color: #000000;font-family: book antiqua,palatino,serif\">Mobbing<\/span><\/li>\n<li><span style=\"color: #000000;font-family: book antiqua,palatino,serif\">Lern- und Leistungsschwierigkeiten &#8230;<\/span><\/li>\n<\/ul>\n<p><span style=\"color: #000000;font-family: book antiqua,palatino,serif\">Beratung bietet allerdings keine fertigen L\u00f6sungen f\u00fcr ein Problem; gemeinsam werden wir versuchen, Ideen zu entwickeln, wie Sie mit <span style=\"text-align: left;text-transform: none;line-height: 1.6;text-indent: 0px;letter-spacing: normal;font-size: inherit;font-style: normal;font-variant: normal;font-weight: 400;text-decoration: none;float: none;background-color: #ffffff\">Probleme, Fragen, Belastungen oder \u00c4hnlichem umgehen k\u00f6nnen. Eine Beratung verpflichtet zu nichts. Sie bleiben selbst verantwortlich und entscheiden, wie Sie damit umgehen k\u00f6nnen.\u00a0<\/span><\/span><\/p>\n<p>\u00a0<\/p>\n<p><span style=\"color: #000000;font-family: book antiqua,palatino,serif\">Als Beratungslehrerin f\u00fchre ich auch mit allen Sch\u00fclerinnen und Sch\u00fclern der dritten Klassen ein Kurzprojekt unter dem Titel \u201eBesser Lernen\u201c durch.<\/span><\/p>\n<p>\u00a0<\/p>\n<p><span style=\"color: #000000;font-family: book antiqua,palatino,serif\">In Kleingruppen von in der Regel vier Kindern erarbeiten wir folgende Dinge:<\/span><\/p>\n<ul>\n<li><span style=\"color: #000000;font-family: book antiqua,palatino,serif\">Ordnung im Ranzen und Federmappe<\/span><\/li>\n<li><span style=\"color: #000000;font-family: book antiqua,palatino,serif\">Organisation des Arbeitsplatzes<\/span><\/li>\n<li><span style=\"color: #000000;font-family: book antiqua,palatino,serif\">Ordentliche Mappenf\u00fchrung<\/span><\/li>\n<\/ul>\n<p><span style=\"color: #000000;font-family: book antiqua,palatino,serif\">Zus\u00e4tzlich versuche ich auch jedes Mal ein kleines Spiel mit einzubauen, um das Miteinander zu st\u00e4rken.<\/span><\/p>\n<p>\u00a0<\/p>\n<h4><span style=\"color: #000000;font-family: book antiqua,palatino,serif\">Nach welchen Grunds\u00e4tzen findet Beratung statt?<\/span><\/h4>\n<p><span style=\"color: #000000;font-family: book antiqua,palatino,serif\">Besonders zentral ist das Prinzip von\u00a0<strong>Vertraulichkeit und Freiwilligkeit.\u00a0<\/strong><\/span><\/p>\n<p><span style=\"color: #000000;font-family: book antiqua,palatino,serif\">Jeder Ratsuchende kommt freiwillig zu mir, niemand wird &#8222;geschickt&#8220;. <\/span><\/p>\n<p><span style=\"color: #000000;font-family: book antiqua,palatino,serif\">Alles was mir erz\u00e4hlt wird, unterliegt der Schweigepflicht.<\/span><\/p>\n<p><span style=\"color: #000000;font-family: book antiqua,palatino,serif\">Der Ratsuchende kann jederzeit die Beratung beenden.\u00a0<\/span><\/p>\n<h4>\u00a0<\/h4>\n<h4><span style=\"color: #000000;font-family: book antiqua,palatino,serif\">Wie kann ich kontaktiert werden?<\/span><\/h4>\n<p><span style=\"color: #000000;font-family: book antiqua,palatino,serif\">per Mail: severine.schild(at)gsoberg.de<\/span><\/p>\n<p><span style=\"color: #000000;font-family: book antiqua,palatino,serif\">telefonisch: <span style=\"text-align: left;text-transform: none;text-indent: 0px;letter-spacing: normal;font-size: 15px;font-style: normal;font-variant: normal;font-weight: 400;text-decoration: none;float: none;background-color: #ffffff\">05172 \u2013 3488<\/span><\/span><\/p>\n<p><span style=\"color: #000000;font-family: book antiqua,palatino,serif\">Dar\u00fcber hinaus biete ich zurzeit in Klasse 3 die Streitschlichter-Ausbildung an.<\/span><\/p>\n","protected":false},"excerpt":{"rendered":"<p>Beratungslehrerin der Grundschule Oberg: \u00a0 Severine Schild \u00a0 Neben meiner Unterrichtst\u00e4tigkeit an der Schule stehe ich seit 2008 auch\u00a0f\u00fcr Beratungsgespr\u00e4che zur Verf\u00fcgung. \u00a0 An wen richtet sich das Beratungsangebot? Beratungslehrer stehen allen an Schule beteiligten Personen zur Verf\u00fcgung (also Erziehungsberechtigten, Lehrkr\u00e4ften, Sch\u00fclerinnen und Sch\u00fclern&#8230;) \u00a0 In welchen Situationen hilft die Beratungslehrerin? z.B.: Probleme mit dem &#8230; <a title=\"Beratungslehrerin\" class=\"read-more\" href=\"https:\/\/wordpress.nibis.de\/gsoberg\/beratungslehrerin\/\" aria-label=\"Mehr Informationen \u00fcber Beratungslehrerin\">Weiterlesen<\/a><\/p>\n","protected":false},"author":9192944,"featured_media":0,"parent":0,"menu_order":0,"comment_status":"closed","ping_status":"closed","template":"","meta":{"footnotes":""},"class_list":["post-579","page","type-page","status-publish"],"_links":{"self":[{"href":"https:\/\/wordpress.nibis.de\/gsoberg\/wp-json\/wp\/v2\/pages\/579","targetHints":{"allow":["GET"]}}],"collection":[{"href":"https:\/\/wordpress.nibis.de\/gsoberg\/wp-json\/wp\/v2\/pages"}],"about":[{"href":"https:\/\/wordpress.nibis.de\/gsoberg\/wp-json\/wp\/v2\/types\/page"}],"author":[{"embeddable":true,"href":"https:\/\/wordpress.nibis.de\/gsoberg\/wp-json\/wp\/v2\/users\/9192944"}],"replies":[{"embeddable":true,"href":"https:\/\/wordpress.nibis.de\/gsoberg\/wp-json\/wp\/v2\/comments?post=579"}],"version-history":[{"count":11,"href":"https:\/\/wordpress.nibis.de\/gsoberg\/wp-json\/wp\/v2\/pages\/579\/revisions"}],"predecessor-version":[{"id":1724,"href":"https:\/\/wordpress.nibis.de\/gsoberg\/wp-json\/wp\/v2\/pages\/579\/revisions\/1724"}],"wp:attachment":[{"href":"https:\/\/wordpress.nibis.de\/gsoberg\/wp-json\/wp\/v2\/media?parent=579"}],"curies":[{"name":"wp","href":"https:\/\/api.w.org\/{rel}","templated":true}]}}