{"id":615,"date":"2020-02-16T21:40:37","date_gmt":"2020-02-16T20:40:37","guid":{"rendered":"https:\/\/wordpress.nibis.de\/gsoberg\/?page_id=615"},"modified":"2024-12-19T13:16:58","modified_gmt":"2024-12-19T12:16:58","slug":"brueckenjahr","status":"publish","type":"page","link":"https:\/\/wordpress.nibis.de\/gsoberg\/brueckenjahr\/","title":{"rendered":"Vorschulkinder-Br\u00fcckenjahr"},"content":{"rendered":"<p style=\"text-align: right\">\n<p><img loading=\"lazy\" decoding=\"async\" class=\"alignnone size-full wp-image-748\" src=\"https:\/\/wordpress.nibis.de\/gsoberg\/files\/2020\/04\/Br\u00fccke-1.jpg\" alt=\"\" width=\"800\" height=\"388\" srcset=\"https:\/\/wordpress.nibis.de\/gsoberg\/files\/2020\/04\/Br\u00fccke-1.jpg 800w, https:\/\/wordpress.nibis.de\/gsoberg\/files\/2020\/04\/Br\u00fccke-1-768x372.jpg 768w\" sizes=\"auto, (max-width: 800px) 100vw, 800px\" \/><\/p>\n<p>Das Br\u00fcckenjahr ist das letzte Kindergartenjahr Ihrer Kinder. In diesem Jahr werden die Kinder langsam an die Schule herangef\u00fchrt.<a href=\"https:\/\/wordpress.nibis.de\/gsoberg\/files\/2020\/07\/Vorschul\u00fcbungen.pdf\"> Hier<\/a> finden Sie \u00dcbungen, die auf die Schule vorbereiten. Auch das Regionale Landesamt f\u00fcr Schule und Bildung hat einen <a href=\"https:\/\/www.mk.niedersachsen.de\/download\/4495\/Die_Arbeit_in_der_Grundschule_-_Informationen_fuer_Erziehungsberechtigte.pdf\">Ratgeber<\/a> herausgebracht, der viele Fragen zum Schuleintritt beantwortet. Um die Kinder auch sprachlich zu f\u00f6rdern, finden Sie <a href=\"https:\/\/wordpress.nibis.de\/gsoberg\/files\/2023\/02\/Wie_man_mit_Kindern_reden_sollte.pdf\">hier Tipps<\/a> f\u00fcr den Alltag.<\/p>\n<p>Im \u00fcbertragenden Sinne (wie auf dem Bild dargestellt) gehen Ihre Kinder Schritt f\u00fcr Schritt \u00fcber eine Br\u00fccke, die Kita und Schule verbindet.<\/p>\n<p><a href=\"https:\/\/de.padlet.com\/jasminpoerschke\/ctpu09xjjch3hylf\">Padlet f\u00fcr das Br\u00fcckenjahr<\/a><\/p>\n<p><a href=\"https:\/\/wordpress.nibis.de\/gsoberg\/files\/2021\/11\/Informationsblatt_Erziehungsberechtigte_Einschulungstermin_Stand_Januar_2021-1.pdf\"><strong>Informationsblatt zur Flexibilisierung des Einschulungstermins<\/strong><\/a><\/p>\n<p>So sieht ein typisches Br\u00fcckenjahr aus:<\/p>\n<p>Okt.:\u00a0 \u00a0 \u00a0 \u00a0 \u00a0 \u00a0 \u00a0 \u00a0 \u00a0 \u00a0 \u00a0 \u00a0 \u00a0 \u00a0Brief zur Begr\u00fc\u00dfung<\/p>\n<p>Nov.\/Dez:\u00a0 \u00a0 \u00a0 \u00a0 \u00a0 \u00a0 \u00a0 \u00a0 \u00a0 Elternabend<\/p>\n<p>Dez.:\u00a0 \u00a0 \u00a0 \u00a0 \u00a0 \u00a0 \u00a0 \u00a0 \u00a0 \u00a0 \u00a0 \u00a0 \u00a0 Vorlesen der 4. Klassen<\/p>\n<p>Jan.\/Feb.\u00a0 \u00a0 \u00a0 \u00a0 \u00a0 \u00a0 \u00a0 \u00a0 \u00a0 \u00a0<a href=\"https:\/\/wordpress.nibis.de\/gsoberg\/files\/2020\/09\/Mirola.pdf\">Mirola Reise<\/a><\/p>\n<p><span style=\"color: #000000\">M\u00e4rz:\u00a0 \u00a0 \u00a0 \u00a0 \u00a0 \u00a0 \u00a0 \u00a0 \u00a0 \u00a0 \u00a0 \u00a0 \u00a0Schulbesuch und gemeinsames Basteln<\/span><\/p>\n<p><span style=\"color: #000000\">Mai\/ Juni:\u00a0 \u00a0 \u00a0 \u00a0 \u00a0 \u00a0 \u00a0 \u00a0 <span style=\"background-color: #ffffff;color: #0000ff\">\u00a0 <\/span>Elternabend<\/span><\/p>\n<p><span style=\"color: #000000\">Juli:\u00a0 \u00a0 \u00a0 \u00a0 \u00a0 \u00a0 \u00a0 \u00a0 \u00a0 \u00a0 \u00a0 \u00a0 \u00a0 \u00a0 Schnupperstunde<\/span><\/p>\n<p>Ziel des \u201eBr\u00fcckenjahres\u201c ist es, die Anschlussf\u00e4higkeit von Kindergarten und Schule bezogen auf den Bildungsverlauf der Kinder zu verbessern, um den Kindern so einen leichteren \u00dcbergang in die Grundschule zu erm\u00f6glichen.<\/p>\n<p>Unser Konzept zum Projekt Br\u00fcckenjahr beinhaltet folgende Schwerpunkte:<\/p>\n<ul>\n<li>Besuche der \u201eSchulis\u201c in der Schule<\/li>\n<li>Ermittlung von Eingangsvoraussetzungen w\u00e4hrend eines \u201eSchnupper- und Spielvormittags\u201c<\/li>\n<li>Informationselternabend f\u00fcr alle Erziehungsberechtigten der Schulanf\u00e4nger in der Grundschule<\/li>\n<li>Gemeinsame Gespr\u00e4che der LehrerInnen und ErzieherInnen<\/li>\n<li>Frageb\u00f6gen an Erziehungsberechtigte und ErzieherInnen<\/li>\n<li>Durchf\u00fchrung einer Spiel- und Lernwerkstatt in der Grundschule an einem Vormittag<\/li>\n<li>Besuch einer Schnupperstunde in Klasse 1<\/li>\n<\/ul>\n","protected":false},"excerpt":{"rendered":"<p>Das Br\u00fcckenjahr ist das letzte Kindergartenjahr Ihrer Kinder. In diesem Jahr werden die Kinder langsam an die Schule herangef\u00fchrt. Hier finden Sie \u00dcbungen, die auf die Schule vorbereiten. Auch das Regionale Landesamt f\u00fcr Schule und Bildung hat einen Ratgeber herausgebracht, der viele Fragen zum Schuleintritt beantwortet. Um die Kinder auch sprachlich zu f\u00f6rdern, finden Sie &#8230; <a title=\"Vorschulkinder-Br\u00fcckenjahr\" class=\"read-more\" href=\"https:\/\/wordpress.nibis.de\/gsoberg\/brueckenjahr\/\" aria-label=\"Mehr Informationen \u00fcber Vorschulkinder-Br\u00fcckenjahr\">Weiterlesen<\/a><\/p>\n","protected":false},"author":9192944,"featured_media":0,"parent":0,"menu_order":0,"comment_status":"closed","ping_status":"closed","template":"","meta":{"footnotes":""},"class_list":["post-615","page","type-page","status-publish"],"_links":{"self":[{"href":"https:\/\/wordpress.nibis.de\/gsoberg\/wp-json\/wp\/v2\/pages\/615","targetHints":{"allow":["GET"]}}],"collection":[{"href":"https:\/\/wordpress.nibis.de\/gsoberg\/wp-json\/wp\/v2\/pages"}],"about":[{"href":"https:\/\/wordpress.nibis.de\/gsoberg\/wp-json\/wp\/v2\/types\/page"}],"author":[{"embeddable":true,"href":"https:\/\/wordpress.nibis.de\/gsoberg\/wp-json\/wp\/v2\/users\/9192944"}],"replies":[{"embeddable":true,"href":"https:\/\/wordpress.nibis.de\/gsoberg\/wp-json\/wp\/v2\/comments?post=615"}],"version-history":[{"count":25,"href":"https:\/\/wordpress.nibis.de\/gsoberg\/wp-json\/wp\/v2\/pages\/615\/revisions"}],"predecessor-version":[{"id":1723,"href":"https:\/\/wordpress.nibis.de\/gsoberg\/wp-json\/wp\/v2\/pages\/615\/revisions\/1723"}],"wp:attachment":[{"href":"https:\/\/wordpress.nibis.de\/gsoberg\/wp-json\/wp\/v2\/media?parent=615"}],"curies":[{"name":"wp","href":"https:\/\/api.w.org\/{rel}","templated":true}]}}