{"id":651,"date":"2020-03-25T21:33:50","date_gmt":"2020-03-25T20:33:50","guid":{"rendered":"https:\/\/wordpress.nibis.de\/gsoberg\/?page_id=651"},"modified":"2020-03-25T21:33:51","modified_gmt":"2020-03-25T20:33:51","slug":"streitschlichter","status":"publish","type":"page","link":"https:\/\/wordpress.nibis.de\/gsoberg\/streitschlichter\/","title":{"rendered":"Streitschlichter"},"content":{"rendered":"\n<p style=\"text-align: left\"><b><u><span style=\"font-size: 12.0pt;line-height: 107%;font-family: 'Arial',sans-serif\"><img loading=\"lazy\" decoding=\"async\" class=\"alignnone  wp-image-654 alignleft\" src=\"https:\/\/wordpress.nibis.de\/gsoberg\/files\/2020\/03\/Streitschlichter3-598x478.jpg\" alt=\"\" width=\"118\" height=\"94\" \/><\/span><\/u><\/b><\/p>\n<p><span style=\"font-size: 12.0pt;line-height: 107%;font-family: 'Arial',sans-serif\">\u00a0<\/span><\/p>\n<p><span style=\"font-size: 12.0pt;line-height: 107%;font-family: 'Arial',sans-serif\">Seit einigen Jahren gibt es an unserer Schule Streitschlichter, die die Lehrerinnen in den Pausen unterst\u00fctzen. <\/span><\/p>\n<p>\u00a0<\/p>\n<p><span style=\"font-size: 12.0pt;line-height: 107%;font-family: 'Arial',sans-serif\">Sie versuchen bei kleineren Streitereien zu helfen, unterst\u00fctzen aber auch, indem sie Pflaster oder K\u00fchlkissen organisieren, oder gerade auch neuen Sch\u00fclerinnen und Sch\u00fclern Fragen beantworten, wenn deren Paten gerade nicht zur Verf\u00fcgung stehen.<\/span><\/p>\n<p><span style=\"font-size: 12.0pt;line-height: 107%;font-family: 'Arial',sans-serif\">Jedes Jahr im zweiten Schulhalbjahr k\u00f6nnen die Kinder der dritten Klassen freiwillig an der Streitschlichter-AG teilnehmen. In kleinen Rollenspielen lernen sie den Umgang mit Konflikten und M\u00f6glichkeiten der L\u00f6sungsfindung.<img loading=\"lazy\" decoding=\"async\" class=\"wp-image-652  alignnone aligncenter\" src=\"https:\/\/wordpress.nibis.de\/gsoberg\/files\/2020\/03\/Streitschlichter.jpg\" alt=\"\" width=\"147\" height=\"136\" \/><\/span><\/p>\n<p><span style=\"font-size: 12.0pt;line-height: 107%;font-family: 'Arial',sans-serif\">Sobald sie dann Viertkl\u00e4ssler sind werden sie in den gro\u00dfen Pausen als Streitschlichter eingesetzt. Gut zu erkennen sind sie an ihren orangefarbenen Weste.<\/span><\/p>\n","protected":false},"excerpt":{"rendered":"<p>\u00a0 Seit einigen Jahren gibt es an unserer Schule Streitschlichter, die die Lehrerinnen in den Pausen unterst\u00fctzen. \u00a0 Sie versuchen bei kleineren Streitereien zu helfen, unterst\u00fctzen aber auch, indem sie Pflaster oder K\u00fchlkissen organisieren, oder gerade auch neuen Sch\u00fclerinnen und Sch\u00fclern Fragen beantworten, wenn deren Paten gerade nicht zur Verf\u00fcgung stehen. Jedes Jahr im zweiten &#8230; <a title=\"Streitschlichter\" class=\"read-more\" href=\"https:\/\/wordpress.nibis.de\/gsoberg\/streitschlichter\/\" aria-label=\"Mehr Informationen \u00fcber Streitschlichter\">Weiterlesen<\/a><\/p>\n","protected":false},"author":9192944,"featured_media":0,"parent":0,"menu_order":0,"comment_status":"closed","ping_status":"closed","template":"","meta":{"footnotes":""},"class_list":["post-651","page","type-page","status-publish"],"_links":{"self":[{"href":"https:\/\/wordpress.nibis.de\/gsoberg\/wp-json\/wp\/v2\/pages\/651","targetHints":{"allow":["GET"]}}],"collection":[{"href":"https:\/\/wordpress.nibis.de\/gsoberg\/wp-json\/wp\/v2\/pages"}],"about":[{"href":"https:\/\/wordpress.nibis.de\/gsoberg\/wp-json\/wp\/v2\/types\/page"}],"author":[{"embeddable":true,"href":"https:\/\/wordpress.nibis.de\/gsoberg\/wp-json\/wp\/v2\/users\/9192944"}],"replies":[{"embeddable":true,"href":"https:\/\/wordpress.nibis.de\/gsoberg\/wp-json\/wp\/v2\/comments?post=651"}],"version-history":[{"count":2,"href":"https:\/\/wordpress.nibis.de\/gsoberg\/wp-json\/wp\/v2\/pages\/651\/revisions"}],"predecessor-version":[{"id":656,"href":"https:\/\/wordpress.nibis.de\/gsoberg\/wp-json\/wp\/v2\/pages\/651\/revisions\/656"}],"wp:attachment":[{"href":"https:\/\/wordpress.nibis.de\/gsoberg\/wp-json\/wp\/v2\/media?parent=651"}],"curies":[{"name":"wp","href":"https:\/\/api.w.org\/{rel}","templated":true}]}}