{"id":700,"date":"2020-04-12T08:31:32","date_gmt":"2020-04-12T06:31:32","guid":{"rendered":"https:\/\/wordpress.nibis.de\/gsoberg\/?page_id=700"},"modified":"2021-10-13T16:13:01","modified_gmt":"2021-10-13T14:13:01","slug":"einblick-durchs-mikroskop","status":"publish","type":"page","link":"https:\/\/wordpress.nibis.de\/gsoberg\/einblick-durchs-mikroskop\/","title":{"rendered":"EinBlick durchs Mikroskop"},"content":{"rendered":"\n<blockquote>\n<p>Wundersch\u00f6ner Mikrokosmos Natur<\/p>\n<\/blockquote>\n<p>\u00a0<\/p>\n<p>In seinem Alltag als Leiter der Abteilung Zellphysiologie des Zoologischen Instituts der Technischen Universit\u00e4t Braunschweig k\u00fcmmert sich der Wissenschaftler Jochen Meier neben seiner Forschung im Gebiet der Neurobiologie naturgem\u00e4\u00df um die Ausbildung der Studierenden.<\/p>\n<p>\u00a0<\/p>\n<h4>&#8222;Wissen schaffen und Wissen teilen&#8220; ist seine Motivation seit vielen Jahren.<\/h4>\n<p>Begeisterung f\u00fcr Naturwissenschaften zu entfachen, das ist seine Mission. Dazu geh\u00f6rt u. a. die Lust, Neues zu entdecken, der Mut zum Experimentieren und die sich hieraus ergebende Kreativit\u00e4t.<\/p>\n<p>\u00a0<\/p>\n<p>Die vielf\u00e4ltige Sch\u00f6nheit der Natur auch im Kleinsten mit eigenen Augen zu sehen \u2013 mit einem Blick durchs Mikroskop, das weckt Interesse, schon bei Kindern im Grundschulalter.<\/p>\n<p>\u00a0<\/p>\n<p>2018 hat er unserer Schule ein Mikroskop geschenkt, das aber nicht verstauben, sondern genutzt werden sollte. Daf\u00fcr bietet er einmal j\u00e4hrlich einen Mikroskopier-Kurs f\u00fcr die vierten Klassen unserer Schule an.<\/p>\n<p>Die Sch\u00fclerinnen und Sch\u00fcler sind dann aufgerufen, f\u00fcr den Kurs Objekte mitzubringen, die sie sich &#8218;aus n\u00e4chster N\u00e4he&#8216; ansehen wollen. Mit gro\u00dfem Eifer und viel Neugier werden Dinge, wie Erdbeeren, Zwiebeln, Haare, diverse Insekten, Staub etc. aber auch Spuren der eigenen Fingerabdr\u00fccke untersucht. Am letzten Tag des Kurses haben die M\u00e4dchen und Jungen die M\u00f6glichkeit, ihre wissenschaftlichen Ergebnisse vorzustellen, indem sie die fotografierten Bilder mittels Beamer und Laserpointer den dritten und vierten Klassen sowie dem Lehrerkollegium pr\u00e4sentieren und ihre Gedanken dazu vortragen.<\/p>\n<p>\u00a0<\/p>\n<h4>&#8222;Besonders spannend fanden die Kinder die Formen, die sich in der Vergr\u00f6\u00dferung der Pr\u00e4parate zeigten. Das hat enorm die Fantasie angeregt und das Interesse am Mikroskopieren geweckt.&#8220;, so Jochen Meier.<\/h4>\n<p>\u00a0<\/p>\n<p>Eine Auswahl der in den Kursen entstandenen, grafisch interessanten und ansprechenden Bilder k\u00f6nnen nun auch Sie sich ansehen:<\/p>\n<p>\u00a0<\/p>\n\n\t\t<!-- MasterSlider -->\n\t\t<div id=\"P_MS69d4fa79e1192\" class=\"master-slider-parent msl ms-parent-id-7\" style=\"max-width:800px;\">\n\n\t\t\t\n\t\t\t<!-- MasterSlider Main -->\n\t\t\t<div id=\"MS69d4fa79e1192\" class=\"master-slider ms-skin-default\" >\n\t\t\t\t \t\t\t\t \n\t\t\t\t<div  class=\"ms-slide\" data-delay=\"3\" data-fill-mode=\"fill\"  >\n\t\t\t\t\t<img decoding=\"async\" src=\"https:\/\/wordpress.nibis.de\/gsoberg\/wp-content\/plugins\/master-slider\/public\/assets\/css\/blank.gif\" alt=\"\" title=\"\" data-src=\"https:\/\/wordpress.nibis.de\/gsoberg\/files\/2020\/04\/Erdbeere.jpg\" \/>\n\n\t\t\t\t\t<div class=\"ms-info\">Eine Erdbeere<\/div>\n\n\n\t<div class=\"ms-thumb\" ><div class=\"ms-tab-context\"><div class=\"&quot;ms-tab-context&quot;\"><\/div><\/div>\n<\/div>\n\t\t\t\t<\/div>\n\t\t\t\t<div  class=\"ms-slide\" data-delay=\"3\" data-fill-mode=\"fill\"  >\n\t\t\t\t\t<img decoding=\"async\" src=\"https:\/\/wordpress.nibis.de\/gsoberg\/wp-content\/plugins\/master-slider\/public\/assets\/css\/blank.gif\" alt=\"\" title=\"\" data-src=\"https:\/\/wordpress.nibis.de\/gsoberg\/files\/2020\/04\/Fingerabdruck.jpg\" \/>\n\n\t\t\t\t\t<div class=\"ms-info\"><span style=\"display: inline !important; float: none; background-color: #ffffff; color: #333333; cursor: text; font-family: Georgia,'Times New Roman','Bitstream Charter',Times,serif; font-size: 16px; font-style: normal; font-variant: normal; font-weight: 400; letter-spacing: normal; orphans: 2; text-align: left; text-decoration: none; text-indent: 0px; text-transform: none; -webkit-text-stroke-width: 0px; white-space: normal; word-spacing: 0px;\">Ein <\/span><span style=\"display: inline !important; float: none; background-color: #ffffff; color: #333333; cursor: text; font-family: Georgia,'Times New Roman','Bitstream Charter',Times,serif; font-size: 16px; font-style: normal; font-variant: normal; font-weight: 400; letter-spacing: normal; orphans: 2; text-align: left; text-decoration: none; text-indent: 0px; text-transform: none; -webkit-text-stroke-width: 0px; white-space: normal; word-spacing: 0px;\">Fingerabdruck<\/span><\/div>\n\n\n\t<div class=\"ms-thumb\" ><div class=\"ms-tab-context\"><div class=\"&quot;ms-tab-context&quot;\"><\/div><\/div>\n<\/div>\n\t\t\t\t<\/div>\n\t\t\t\t<div  class=\"ms-slide\" data-delay=\"3\" data-fill-mode=\"fill\"  >\n\t\t\t\t\t<img decoding=\"async\" src=\"https:\/\/wordpress.nibis.de\/gsoberg\/wp-content\/plugins\/master-slider\/public\/assets\/css\/blank.gif\" alt=\"\" title=\"\" data-src=\"https:\/\/wordpress.nibis.de\/gsoberg\/files\/2020\/04\/Insektenfl\u00fcgel.jpg\" \/>\n\n\t\t\t\t\t<div class=\"ms-info\"><span style=\"display: inline !important; float: none; background-color: #ffffff; color: #333333; cursor: text; font-family: Georgia,'Times New Roman','Bitstream Charter',Times,serif; font-size: 16px; font-style: normal; font-variant: normal; font-weight: 400; letter-spacing: normal; orphans: 2; text-align: left; text-decoration: none; text-indent: 0px; text-transform: none; -webkit-text-stroke-width: 0px; white-space: normal; word-spacing: 0px;\">Ein Insektenfl\u00fcgel<\/span><\/div>\n\n\n\t<div class=\"ms-thumb\" ><div class=\"ms-tab-context\"><div class=\"&quot;ms-tab-context&quot;\"><\/div><\/div>\n<\/div>\n\t\t\t\t<\/div>\n\t\t\t\t<div  class=\"ms-slide\" data-delay=\"3\" data-fill-mode=\"fill\"  >\n\t\t\t\t\t<img decoding=\"async\" src=\"https:\/\/wordpress.nibis.de\/gsoberg\/wp-content\/plugins\/master-slider\/public\/assets\/css\/blank.gif\" alt=\"\" title=\"\" data-src=\"https:\/\/wordpress.nibis.de\/gsoberg\/files\/2020\/04\/Insektenfl\u00fcgel-2.jpg\" \/>\n\n\t\t\t\t\t<div class=\"ms-info\">Ein weiterer <span style=\"display: inline !important; float: none; background-color: #ffffff; color: #333333; cursor: text; font-family: Georgia,'Times New Roman','Bitstream Charter',Times,serif; font-size: 16px; font-style: normal; font-variant: normal; font-weight: 400; letter-spacing: normal; orphans: 2; text-align: left; text-decoration: none; text-indent: 0px; text-transform: none; -webkit-text-stroke-width: 0px; white-space: normal; word-spacing: 0px;\">Insektenfl\u00fcgel<\/span><\/div>\n\n\n\t<div class=\"ms-thumb\" ><div class=\"ms-tab-context\"><div class=\"&quot;ms-tab-context&quot;\"><\/div><\/div>\n<\/div>\n\t\t\t\t<\/div>\n\t\t\t\t<div  class=\"ms-slide\" data-delay=\"3\" data-fill-mode=\"fill\"  >\n\t\t\t\t\t<img decoding=\"async\" src=\"https:\/\/wordpress.nibis.de\/gsoberg\/wp-content\/plugins\/master-slider\/public\/assets\/css\/blank.gif\" alt=\"\" title=\"\" data-src=\"https:\/\/wordpress.nibis.de\/gsoberg\/files\/2020\/04\/Kirsche.jpg\" \/>\n\n\t\t\t\t\t<div class=\"ms-info\"><span style=\"display: inline !important; float: none; background-color: #ffffff; color: #333333; cursor: text; font-family: Georgia,'Times New Roman','Bitstream Charter',Times,serif; font-size: 16px; font-style: normal; font-variant: normal; font-weight: 400; letter-spacing: normal; orphans: 2; text-align: left; text-decoration: none; text-indent: 0px; text-transform: none; -webkit-text-stroke-width: 0px; white-space: normal; word-spacing: 0px;\">Eine Kirsche<\/span><\/div>\n\n\n\t<div class=\"ms-thumb\" ><div class=\"ms-tab-context\"><div class=\"&quot;ms-tab-context&quot;\"><\/div><\/div>\n<\/div>\n\t\t\t\t<\/div>\n\t\t\t\t<div  class=\"ms-slide\" data-delay=\"3\" data-fill-mode=\"fill\"  >\n\t\t\t\t\t<img decoding=\"async\" src=\"https:\/\/wordpress.nibis.de\/gsoberg\/wp-content\/plugins\/master-slider\/public\/assets\/css\/blank.gif\" alt=\"\" title=\"\" data-src=\"https:\/\/wordpress.nibis.de\/gsoberg\/files\/2020\/04\/Zwiebel.jpg\" \/>\n\n\t\t\t\t\t<div class=\"ms-info\">Eine Zwiebel<\/div>\n\n\n\t<div class=\"ms-thumb\" ><div class=\"ms-tab-context\"><div class=\"&quot;ms-tab-context&quot;\"><\/div><\/div>\n<\/div>\n\t\t\t\t<\/div>\n\n\t\t\t<\/div>\n\t\t\t<!-- END MasterSlider Main -->\n\n\t\t\t \n\t\t<\/div>\n\t\t<!-- END MasterSlider -->\n\n\t\t<script>\n\t\t(function ( $ ) {\n\t\t\t\"use strict\";\n\n\t\t\t$(function () {\n\t\t\t\tvar masterslider_1192 = new MasterSlider();\n\n\t\t\t\t\/\/ slider controls\n\t\t\t\tmasterslider_1192.control('arrows'     ,{ autohide:false, overVideo:true  });\n\t\t\t\tmasterslider_1192.control('slideinfo'  ,{ autohide:false, overVideo:true, dir:'h', align:'bottom',inset:false , margin:10   });\n\t\t\t\t\/\/ slider setup\n\t\t\t\tmasterslider_1192.setup(\"MS69d4fa79e1192\", {\n\t\t\t\t\t\twidth           : 800,\n\t\t\t\t\t\theight          : 480,\n\t\t\t\t\t\tminHeight       : 0,\n\t\t\t\t\t\tspace           : 0,\n\t\t\t\t\t\tstart           : 1,\n\t\t\t\t\t\tgrabCursor      : true,\n\t\t\t\t\t\tswipe           : true,\n\t\t\t\t\t\tmouse           : true,\n\t\t\t\t\t\tlayout          : \"boxed\",\n\t\t\t\t\t\twheel           : false,\n\t\t\t\t\t\tautoplay        : false,\n\t\t\t\t\t\tinstantStartLayers:false,\n\t\t\t\t\t\tloop            : false,\n\t\t\t\t\t\tshuffle         : false,\n\t\t\t\t\t\tpreload         : 0,\n\t\t\t\t\t\theightLimit     : true,\n\t\t\t\t\t\tautoHeight      : false,\n\t\t\t\t\t\tsmoothHeight    : true,\n\t\t\t\t\t\tendPause        : false,\n\t\t\t\t\t\toverPause       : true,\n\t\t\t\t\t\tfillMode        : \"fill\",\n\t\t\t\t\t\tcenterControls  : true,\n\t\t\t\t\t\tstartOnAppear   : false,\n\t\t\t\t\t\tlayersMode      : \"center\",\n\t\t\t\t\t\thideLayers      : false,\n\t\t\t\t\t\tfullscreenMargin: 0,\n\t\t\t\t\t\tspeed           : 20,\n\t\t\t\t\t\tdir             : \"h\",\n\t\t\t\t\t\tparallaxMode    : 'swipe',\n\t\t\t\t\t\tview            : \"basic\"\n\t\t\t\t});\n\n\t\t\t\t\n\t\t\t\twindow.masterslider_instances = window.masterslider_instances || [];\n\t\t\t\twindow.masterslider_instances.push( masterslider_1192 );\n\t\t\t });\n\n\t\t})(jQuery);\n\t\t<\/script>\n\n\n<p>Bei Interesse haben Sie sogar die M\u00f6glichkeit, gegen eine Spende \u2013 mit der Sie den <a href=\"https:\/\/wordpress.nibis.de\/gsoberg\/foerderverein\/\">F\u00f6rderverein der Grundschule Oberg <\/a>unterst\u00fctzen \u2013 eine hochaufl\u00f6sende Datei ihres Wunschbildes\/ihrer Wunschbilder zu erhalten, das\/die Sie f\u00fcr nicht-kommerzielle Zwecke nutzen d\u00fcrfen.\u00a0<\/p>\n<p>(Originell, individuell und sch\u00f6n z. B. als Druck auf Leinwand oder als Poster oder als Motiv auf einem T-Shirt.)<\/p>\n<p>Sprechen Sie uns an oder schreiben Sie eine Mail.\u00a0<\/p>\n","protected":false},"excerpt":{"rendered":"<p>Wundersch\u00f6ner Mikrokosmos Natur \u00a0 In seinem Alltag als Leiter der Abteilung Zellphysiologie des Zoologischen Instituts der Technischen Universit\u00e4t Braunschweig k\u00fcmmert sich der Wissenschaftler Jochen Meier neben seiner Forschung im Gebiet der Neurobiologie naturgem\u00e4\u00df um die Ausbildung der Studierenden. \u00a0 &#8222;Wissen schaffen und Wissen teilen&#8220; ist seine Motivation seit vielen Jahren. Begeisterung f\u00fcr Naturwissenschaften zu entfachen, &#8230; <a title=\"EinBlick durchs Mikroskop\" class=\"read-more\" href=\"https:\/\/wordpress.nibis.de\/gsoberg\/einblick-durchs-mikroskop\/\" aria-label=\"Mehr Informationen \u00fcber EinBlick durchs Mikroskop\">Weiterlesen<\/a><\/p>\n","protected":false},"author":9192944,"featured_media":0,"parent":0,"menu_order":0,"comment_status":"closed","ping_status":"closed","template":"","meta":{"footnotes":""},"class_list":["post-700","page","type-page","status-publish"],"_links":{"self":[{"href":"https:\/\/wordpress.nibis.de\/gsoberg\/wp-json\/wp\/v2\/pages\/700","targetHints":{"allow":["GET"]}}],"collection":[{"href":"https:\/\/wordpress.nibis.de\/gsoberg\/wp-json\/wp\/v2\/pages"}],"about":[{"href":"https:\/\/wordpress.nibis.de\/gsoberg\/wp-json\/wp\/v2\/types\/page"}],"author":[{"embeddable":true,"href":"https:\/\/wordpress.nibis.de\/gsoberg\/wp-json\/wp\/v2\/users\/9192944"}],"replies":[{"embeddable":true,"href":"https:\/\/wordpress.nibis.de\/gsoberg\/wp-json\/wp\/v2\/comments?post=700"}],"version-history":[{"count":9,"href":"https:\/\/wordpress.nibis.de\/gsoberg\/wp-json\/wp\/v2\/pages\/700\/revisions"}],"predecessor-version":[{"id":1091,"href":"https:\/\/wordpress.nibis.de\/gsoberg\/wp-json\/wp\/v2\/pages\/700\/revisions\/1091"}],"wp:attachment":[{"href":"https:\/\/wordpress.nibis.de\/gsoberg\/wp-json\/wp\/v2\/media?parent=700"}],"curies":[{"name":"wp","href":"https:\/\/api.w.org\/{rel}","templated":true}]}}