{"id":791,"date":"2020-07-01T22:27:15","date_gmt":"2020-07-01T20:27:15","guid":{"rendered":"https:\/\/wordpress.nibis.de\/gsoberg\/?page_id=791"},"modified":"2023-02-21T13:44:18","modified_gmt":"2023-02-21T12:44:18","slug":"einschulung-2020-2021","status":"publish","type":"page","link":"https:\/\/wordpress.nibis.de\/gsoberg\/einschulung-2020-2021\/","title":{"rendered":"Einschulung"},"content":{"rendered":"<p>Hier finden Sie Unterlagen, Antr\u00e4ge und Informationen f\u00fcr die bevorstehende Einschulung zusammengefasst. Schauen Sie gern immer mal wieder auf die Padlets, denn wir wollen sie St\u00fcck f\u00fcr St\u00fcck erweitern.<\/p>\n<p><a href=\"https:\/\/wordpress.nibis.de\/gsoberg\/einschulung\/\">Antr\u00e4ge und Info zur Einschulung<\/a><\/p>\n<p><a href=\"https:\/\/wordpress.nibis.de\/gsoberg\/brueckenjahr\/\">Br\u00fcckenjahr &#8211; Was ist das?<\/a><\/p>\n<p><a href=\"https:\/\/padlet.com\/jasminpoerschke\/ctpu09xjjch3hylf\">Padlet Br\u00fcckenjahr<\/a><\/p>\n<p><a href=\"https:\/\/padlet.com\/jasminpoerschke\/ctpu09xjjch3hylf\"><img loading=\"lazy\" decoding=\"async\" class=\"alignright wp-image-1037\" src=\"https:\/\/wordpress.nibis.de\/gsoberg\/files\/2021\/06\/Padlet-692x478.png\" alt=\"\" width=\"327\" height=\"226\" \/><\/a><\/p>\n","protected":false},"excerpt":{"rendered":"<p>Hier finden Sie Unterlagen, Antr\u00e4ge und Informationen f\u00fcr die bevorstehende Einschulung zusammengefasst. Schauen Sie gern immer mal wieder auf die Padlets, denn wir wollen sie St\u00fcck f\u00fcr St\u00fcck erweitern. Antr\u00e4ge und Info zur Einschulung Br\u00fcckenjahr &#8211; Was ist das? Padlet Br\u00fcckenjahr<\/p>\n","protected":false},"author":9192944,"featured_media":0,"parent":0,"menu_order":0,"comment_status":"closed","ping_status":"closed","template":"","meta":{"footnotes":""},"class_list":["post-791","page","type-page","status-publish"],"_links":{"self":[{"href":"https:\/\/wordpress.nibis.de\/gsoberg\/wp-json\/wp\/v2\/pages\/791","targetHints":{"allow":["GET"]}}],"collection":[{"href":"https:\/\/wordpress.nibis.de\/gsoberg\/wp-json\/wp\/v2\/pages"}],"about":[{"href":"https:\/\/wordpress.nibis.de\/gsoberg\/wp-json\/wp\/v2\/types\/page"}],"author":[{"embeddable":true,"href":"https:\/\/wordpress.nibis.de\/gsoberg\/wp-json\/wp\/v2\/users\/9192944"}],"replies":[{"embeddable":true,"href":"https:\/\/wordpress.nibis.de\/gsoberg\/wp-json\/wp\/v2\/comments?post=791"}],"version-history":[{"count":22,"href":"https:\/\/wordpress.nibis.de\/gsoberg\/wp-json\/wp\/v2\/pages\/791\/revisions"}],"predecessor-version":[{"id":1430,"href":"https:\/\/wordpress.nibis.de\/gsoberg\/wp-json\/wp\/v2\/pages\/791\/revisions\/1430"}],"wp:attachment":[{"href":"https:\/\/wordpress.nibis.de\/gsoberg\/wp-json\/wp\/v2\/media?parent=791"}],"curies":[{"name":"wp","href":"https:\/\/api.w.org\/{rel}","templated":true}]}}