{"id":906,"date":"2020-09-27T12:24:11","date_gmt":"2020-09-27T10:24:11","guid":{"rendered":"https:\/\/wordpress.nibis.de\/gsoberg\/?page_id=906"},"modified":"2022-09-23T11:29:00","modified_gmt":"2022-09-23T09:29:00","slug":"krankmeldung","status":"publish","type":"page","link":"https:\/\/wordpress.nibis.de\/gsoberg\/krankmeldung\/","title":{"rendered":"Krankmeldung"},"content":{"rendered":"<blockquote><p>Die E-Mail-Adresse f\u00fcr Krankmeldungen lautet: <strong>krankmeldung(at)gsoberg.de<\/strong><\/p><\/blockquote>\n<ul style=\"list-style-type: square\">\n<li>Die Krankmeldung muss bis sp\u00e4testens 7.50 Uhr per Mail oder telefonisch erfolgen.<\/li>\n<li>Informieren Sie bitte auch die Klassenlehrkraft \u00fcber die bekannte E-Mail-Adresse vorn&#97;&#109;&#101;&#46;&#110;&#x61;&#x63;&#x68;&#x6e;&#x61;&#x6d;&#x65;&#64;gso&#98;&#101;&#114;&#103;&#46;&#x64;&#x65; \u00fcber die Krankmeldung.<\/li>\n<li>Zus\u00e4tzlich geben Sie (\u00fcber Ihr Kind) bitte immer eine schriftliche Entschuldigung \u00fcber den Schulplaner ab.<\/li>\n<li>Eine Krankmeldung per Mail ist w\u00fcnschenswert, trotzdem besteht weiterhin die M\u00f6glichkeit der telefonischen Abmeldung.<\/li>\n<\/ul>\n","protected":false},"excerpt":{"rendered":"<p>Die E-Mail-Adresse f\u00fcr Krankmeldungen lautet: krankmeldung(at)gsoberg.de Die Krankmeldung muss bis sp\u00e4testens 7.50 Uhr per Mail oder telefonisch erfolgen. Informieren Sie bitte auch die Klassenlehrkraft \u00fcber die bekannte E-Mail-Adresse &#118;o&#x72;n&#x61;m&#x65;&#46;&#x6e;&#97;&#x63;&#104;&#x6e;&#97;&#x6d;&#101;&#64;&#103;s&#x6f;b&#x65;r&#x67;&#46;&#x64;&#101; \u00fcber die Krankmeldung. Zus\u00e4tzlich geben Sie (\u00fcber Ihr Kind) bitte immer eine schriftliche Entschuldigung \u00fcber den Schulplaner ab. Eine Krankmeldung per Mail ist w\u00fcnschenswert, trotzdem besteht &#8230; <a title=\"Krankmeldung\" class=\"read-more\" href=\"https:\/\/wordpress.nibis.de\/gsoberg\/krankmeldung\/\" aria-label=\"Mehr Informationen \u00fcber Krankmeldung\">Weiterlesen<\/a><\/p>\n","protected":false},"author":9192944,"featured_media":0,"parent":0,"menu_order":0,"comment_status":"closed","ping_status":"closed","template":"","meta":{"footnotes":""},"class_list":["post-906","page","type-page","status-publish"],"_links":{"self":[{"href":"https:\/\/wordpress.nibis.de\/gsoberg\/wp-json\/wp\/v2\/pages\/906","targetHints":{"allow":["GET"]}}],"collection":[{"href":"https:\/\/wordpress.nibis.de\/gsoberg\/wp-json\/wp\/v2\/pages"}],"about":[{"href":"https:\/\/wordpress.nibis.de\/gsoberg\/wp-json\/wp\/v2\/types\/page"}],"author":[{"embeddable":true,"href":"https:\/\/wordpress.nibis.de\/gsoberg\/wp-json\/wp\/v2\/users\/9192944"}],"replies":[{"embeddable":true,"href":"https:\/\/wordpress.nibis.de\/gsoberg\/wp-json\/wp\/v2\/comments?post=906"}],"version-history":[{"count":4,"href":"https:\/\/wordpress.nibis.de\/gsoberg\/wp-json\/wp\/v2\/pages\/906\/revisions"}],"predecessor-version":[{"id":1232,"href":"https:\/\/wordpress.nibis.de\/gsoberg\/wp-json\/wp\/v2\/pages\/906\/revisions\/1232"}],"wp:attachment":[{"href":"https:\/\/wordpress.nibis.de\/gsoberg\/wp-json\/wp\/v2\/media?parent=906"}],"curies":[{"name":"wp","href":"https:\/\/api.w.org\/{rel}","templated":true}]}}