{"id":2,"date":"2024-03-26T10:15:54","date_gmt":"2024-03-26T09:15:54","guid":{"rendered":"https:\/\/wordpress.nibis.de\/gsobk\/?page_id=2"},"modified":"2025-06-19T12:02:09","modified_gmt":"2025-06-19T10:02:09","slug":"home","status":"publish","type":"page","link":"https:\/\/wordpress.nibis.de\/gsobk\/home\/","title":{"rendered":"Schulgeschichte und Schulgel\u00e4nde"},"content":{"rendered":"\n<p>Das Schulgeb\u00e4ude und die dazugeh\u00f6rige Turnhalle wurden am 26. M\u00e4rz 1981 als &#8222;Grundschulzentrum Obernkirchen&#8220; eingeweiht. Die Schule ging aus der Grundschule im Stadtkern und der Grundschule Krainhagen hervor. <br>Heute besuchen etwa 330 Sch\u00fclerinnen und Sch\u00fcler die Schule. Der Schulbezirk der Grundschule Obernkirchen umfasst das gesamte Stadtgebiet, da es die einzige Grundschule vor Ort ist.<\/p>\n\n\n\n<figure class=\"wp-block-gallery has-nested-images columns-default is-cropped wp-block-gallery-1 is-layout-flex wp-block-gallery-is-layout-flex\">\n<figure class=\"wp-block-image size-medium\"><img loading=\"lazy\" decoding=\"async\" width=\"850\" height=\"478\" data-id=\"572\" src=\"https:\/\/wordpress.nibis.de\/gsobk\/files\/2025\/06\/Grundschule-Obernkirchen-161-von-216-850x478.jpg\" alt=\"\" class=\"wp-image-572\" srcset=\"https:\/\/wordpress.nibis.de\/gsobk\/files\/2025\/06\/Grundschule-Obernkirchen-161-von-216-850x478.jpg 850w, https:\/\/wordpress.nibis.de\/gsobk\/files\/2025\/06\/Grundschule-Obernkirchen-161-von-216-1200x675.jpg 1200w, https:\/\/wordpress.nibis.de\/gsobk\/files\/2025\/06\/Grundschule-Obernkirchen-161-von-216-250x141.jpg 250w\" sizes=\"auto, (max-width: 850px) 100vw, 850px\" \/><\/figure>\n\n\n\n<figure class=\"wp-block-image size-medium is-style-default\"><img loading=\"lazy\" decoding=\"async\" width=\"850\" height=\"478\" data-id=\"570\" src=\"https:\/\/wordpress.nibis.de\/gsobk\/files\/2025\/06\/Grundschule-Obernkirchen-159-von-216-850x478.jpg\" alt=\"\" class=\"wp-image-570\" srcset=\"https:\/\/wordpress.nibis.de\/gsobk\/files\/2025\/06\/Grundschule-Obernkirchen-159-von-216-850x478.jpg 850w, https:\/\/wordpress.nibis.de\/gsobk\/files\/2025\/06\/Grundschule-Obernkirchen-159-von-216-1200x675.jpg 1200w, https:\/\/wordpress.nibis.de\/gsobk\/files\/2025\/06\/Grundschule-Obernkirchen-159-von-216-250x141.jpg 250w\" sizes=\"auto, (max-width: 850px) 100vw, 850px\" \/><\/figure>\n\n\n\n<figure class=\"wp-block-image size-medium\"><img loading=\"lazy\" decoding=\"async\" width=\"850\" height=\"478\" data-id=\"571\" src=\"https:\/\/wordpress.nibis.de\/gsobk\/files\/2025\/06\/Grundschule-Obernkirchen-160-von-216-850x478.jpg\" alt=\"\" class=\"wp-image-571\" srcset=\"https:\/\/wordpress.nibis.de\/gsobk\/files\/2025\/06\/Grundschule-Obernkirchen-160-von-216-850x478.jpg 850w, https:\/\/wordpress.nibis.de\/gsobk\/files\/2025\/06\/Grundschule-Obernkirchen-160-von-216-1200x675.jpg 1200w, https:\/\/wordpress.nibis.de\/gsobk\/files\/2025\/06\/Grundschule-Obernkirchen-160-von-216-250x141.jpg 250w\" sizes=\"auto, (max-width: 850px) 100vw, 850px\" \/><\/figure>\n<\/figure>\n\n\n\n<p><\/p>\n\n\n\n<p>Seit dem Schuljahr 2008\/2009 bietet die Schule einen offenen Ganztag an. Dadurch haben sich auch die Anforderungen an das Schulgeb\u00e4ude ver\u00e4ndert. Die urspr\u00fcngliche Hausmeisterwohnung, ein alleinstehendens Geb\u00e4ude auf dem Schulgel\u00e4nde, dient mittlerweile als Mensa. Au\u00dferdem bieten Betreuungsr\u00e4ume und unser Leseclub, zus\u00e4tzliche Angebote der Besch\u00e4ftigung. <\/p>\n\n\n\n<p>Auf unserem Schulgel\u00e4nde befindet sich die Sporthalle, unser Schulgarten, Sandk\u00e4sten, ein kleiner Fu\u00dfballplatz und weitere Bewegungsm\u00f6glichkeiten. Zur Zeit stehen Container auf dem Schulhof, in denen \u00fcberwiegend Betreuungsangebote im Ganztag stattfinden. <br>Es ist beabsichtigt das Schulgeb\u00e4ude zu erweitern, um den wachsenden Anforderungen im Schulalltag gerecht zu werden. Die Sch\u00fclerinnen und Sch\u00fcler verbringen heute mehr Zeit in der Schule. Neben Lernumgebungen werden Bewegungsangebote, Ruhezonen und Mahlzeiten f\u00fcr eine wachsende Sch\u00fclerzahl ben\u00f6tigt.   <\/p>\n\n\n\n<div style=\"height:14px\" aria-hidden=\"true\" class=\"wp-block-spacer\"><\/div>\n\n\n\n<figure class=\"wp-block-gallery has-nested-images columns-3 is-cropped wp-block-gallery-2 is-layout-flex wp-block-gallery-is-layout-flex\">\n<figure class=\"wp-block-image size-large\"><img loading=\"lazy\" decoding=\"async\" width=\"1200\" height=\"675\" data-id=\"566\" src=\"https:\/\/wordpress.nibis.de\/gsobk\/files\/2025\/06\/Grundschule-Obernkirchen-116-von-216-1200x675.jpg\" alt=\"\" class=\"wp-image-566\" srcset=\"https:\/\/wordpress.nibis.de\/gsobk\/files\/2025\/06\/Grundschule-Obernkirchen-116-von-216-1200x675.jpg 1200w, https:\/\/wordpress.nibis.de\/gsobk\/files\/2025\/06\/Grundschule-Obernkirchen-116-von-216-850x478.jpg 850w, https:\/\/wordpress.nibis.de\/gsobk\/files\/2025\/06\/Grundschule-Obernkirchen-116-von-216-250x141.jpg 250w\" sizes=\"auto, (max-width: 1200px) 100vw, 1200px\" \/><\/figure>\n\n\n\n<figure class=\"wp-block-image size-large\"><img loading=\"lazy\" decoding=\"async\" width=\"1200\" height=\"675\" data-id=\"575\" src=\"https:\/\/wordpress.nibis.de\/gsobk\/files\/2025\/06\/Grundschule-Obernkirchen-170-von-216-1200x675.jpg\" alt=\"\" class=\"wp-image-575\" srcset=\"https:\/\/wordpress.nibis.de\/gsobk\/files\/2025\/06\/Grundschule-Obernkirchen-170-von-216-1200x675.jpg 1200w, https:\/\/wordpress.nibis.de\/gsobk\/files\/2025\/06\/Grundschule-Obernkirchen-170-von-216-850x478.jpg 850w, https:\/\/wordpress.nibis.de\/gsobk\/files\/2025\/06\/Grundschule-Obernkirchen-170-von-216-250x141.jpg 250w\" sizes=\"auto, (max-width: 1200px) 100vw, 1200px\" \/><\/figure>\n\n\n\n<figure class=\"wp-block-image size-large\"><img loading=\"lazy\" decoding=\"async\" width=\"1200\" height=\"675\" data-id=\"598\" src=\"https:\/\/wordpress.nibis.de\/gsobk\/files\/2025\/06\/Grundschule-Obernkirchen-146-von-216-1200x675.jpg\" alt=\"\" class=\"wp-image-598\" srcset=\"https:\/\/wordpress.nibis.de\/gsobk\/files\/2025\/06\/Grundschule-Obernkirchen-146-von-216-1200x675.jpg 1200w, https:\/\/wordpress.nibis.de\/gsobk\/files\/2025\/06\/Grundschule-Obernkirchen-146-von-216-850x478.jpg 850w, https:\/\/wordpress.nibis.de\/gsobk\/files\/2025\/06\/Grundschule-Obernkirchen-146-von-216-250x141.jpg 250w\" sizes=\"auto, (max-width: 1200px) 100vw, 1200px\" \/><\/figure>\n\n\n\n<figure class=\"wp-block-image size-large\"><img loading=\"lazy\" decoding=\"async\" width=\"1200\" height=\"675\" data-id=\"569\" src=\"https:\/\/wordpress.nibis.de\/gsobk\/files\/2025\/06\/Grundschule-Obernkirchen-156-von-216-1200x675.jpg\" alt=\"\" class=\"wp-image-569\" srcset=\"https:\/\/wordpress.nibis.de\/gsobk\/files\/2025\/06\/Grundschule-Obernkirchen-156-von-216-1200x675.jpg 1200w, https:\/\/wordpress.nibis.de\/gsobk\/files\/2025\/06\/Grundschule-Obernkirchen-156-von-216-850x478.jpg 850w, https:\/\/wordpress.nibis.de\/gsobk\/files\/2025\/06\/Grundschule-Obernkirchen-156-von-216-250x141.jpg 250w\" sizes=\"auto, (max-width: 1200px) 100vw, 1200px\" \/><\/figure>\n\n\n\n<figure class=\"wp-block-image size-large\"><img loading=\"lazy\" decoding=\"async\" width=\"1200\" height=\"675\" data-id=\"573\" src=\"https:\/\/wordpress.nibis.de\/gsobk\/files\/2025\/06\/Grundschule-Obernkirchen-167-von-216-1200x675.jpg\" alt=\"\" class=\"wp-image-573\" srcset=\"https:\/\/wordpress.nibis.de\/gsobk\/files\/2025\/06\/Grundschule-Obernkirchen-167-von-216-1200x675.jpg 1200w, https:\/\/wordpress.nibis.de\/gsobk\/files\/2025\/06\/Grundschule-Obernkirchen-167-von-216-850x478.jpg 850w, https:\/\/wordpress.nibis.de\/gsobk\/files\/2025\/06\/Grundschule-Obernkirchen-167-von-216-250x141.jpg 250w\" sizes=\"auto, (max-width: 1200px) 100vw, 1200px\" \/><\/figure>\n<\/figure>\n","protected":false},"excerpt":{"rendered":"<p>Das Schulgeb\u00e4ude und die dazugeh\u00f6rige Turnhalle wurden am 26. M\u00e4rz 1981 als &#8222;Grundschulzentrum Obernkirchen&#8220; eingeweiht. Die Schule ging aus der Grundschule im Stadtkern und der Grundschule Krainhagen hervor. Heute besuchen etwa 330 Sch\u00fclerinnen und Sch\u00fcler die Schule. Der Schulbezirk der Grundschule Obernkirchen umfasst das gesamte Stadtgebiet, da es die einzige Grundschule vor Ort ist. Seit &#8230; <a title=\"Schulgeschichte und Schulgel\u00e4nde\" class=\"read-more\" href=\"https:\/\/wordpress.nibis.de\/gsobk\/home\/\" aria-label=\"Mehr Informationen \u00fcber Schulgeschichte und Schulgel\u00e4nde\">Weiterlesen<\/a><\/p>\n","protected":false},"author":9194377,"featured_media":0,"parent":0,"menu_order":0,"comment_status":"closed","ping_status":"closed","template":"","meta":{"footnotes":""},"class_list":["post-2","page","type-page","status-publish"],"_links":{"self":[{"href":"https:\/\/wordpress.nibis.de\/gsobk\/wp-json\/wp\/v2\/pages\/2","targetHints":{"allow":["GET"]}}],"collection":[{"href":"https:\/\/wordpress.nibis.de\/gsobk\/wp-json\/wp\/v2\/pages"}],"about":[{"href":"https:\/\/wordpress.nibis.de\/gsobk\/wp-json\/wp\/v2\/types\/page"}],"author":[{"embeddable":true,"href":"https:\/\/wordpress.nibis.de\/gsobk\/wp-json\/wp\/v2\/users\/9194377"}],"replies":[{"embeddable":true,"href":"https:\/\/wordpress.nibis.de\/gsobk\/wp-json\/wp\/v2\/comments?post=2"}],"version-history":[{"count":20,"href":"https:\/\/wordpress.nibis.de\/gsobk\/wp-json\/wp\/v2\/pages\/2\/revisions"}],"predecessor-version":[{"id":606,"href":"https:\/\/wordpress.nibis.de\/gsobk\/wp-json\/wp\/v2\/pages\/2\/revisions\/606"}],"wp:attachment":[{"href":"https:\/\/wordpress.nibis.de\/gsobk\/wp-json\/wp\/v2\/media?parent=2"}],"curies":[{"name":"wp","href":"https:\/\/api.w.org\/{rel}","templated":true}]}}