{"id":223,"date":"2024-09-13T09:31:46","date_gmt":"2024-09-13T07:31:46","guid":{"rendered":"https:\/\/wordpress.nibis.de\/gsobk\/?page_id=223"},"modified":"2025-08-18T11:40:55","modified_gmt":"2025-08-18T09:40:55","slug":"schule-2","status":"publish","type":"page","link":"https:\/\/wordpress.nibis.de\/gsobk\/","title":{"rendered":"Willkommen an der Grundschule Obernkirchen"},"content":{"rendered":"\n<p>Wir freuen uns, Sie auf der offiziellen Webseite der Grundschule Obernkirchen begr\u00fc\u00dfen zu d\u00fcrfen. Hier finden Sie alle Informationen \u00fcber uns und weiterf\u00fchrende Links zum Leben an der Schule.<\/p>\n\n\n\n<p>Die Grundschule Obernkirchen w\u00fcnscht allen Kindern, Eltern und Lehrkr\u00e4ften ein tolles Schuljahr 2025\/2026!<\/p>\n\n\n\n<p style=\"font-size:16px\"><strong>Aktuelles:<\/strong><\/p>\n\n\n<ul class=\"wp-block-latest-posts__list is-grid columns-3 has-dates is-style-tw-posts-card wp-block-latest-posts\"><li><a class=\"wp-block-latest-posts__post-title\" href=\"https:\/\/wordpress.nibis.de\/gsobk\/2025\/12\/05\/voelkerballturnier\/\">V\u00f6lkerballturnier<\/a><time datetime=\"2025-12-05T15:32:31+01:00\" class=\"wp-block-latest-posts__post-date\">5. Dezember 2025<\/time><\/li>\n<li><a class=\"wp-block-latest-posts__post-title\" href=\"https:\/\/wordpress.nibis.de\/gsobk\/2025\/12\/05\/kuerbisschnitzen-auf-dem-hof-eggelmann\/\">K\u00fcrbisschnitzen auf dem Hof Eggelmann<\/a><time datetime=\"2025-12-05T15:29:28+01:00\" class=\"wp-block-latest-posts__post-date\">5. Dezember 2025<\/time><\/li>\n<li><a class=\"wp-block-latest-posts__post-title\" href=\"https:\/\/wordpress.nibis.de\/gsobk\/2025\/10\/29\/auffaellig-im-strassenverkehr\/\">Auff\u00e4llig im Stra\u00dfenverkehr<\/a><time datetime=\"2025-10-29T12:34:28+01:00\" class=\"wp-block-latest-posts__post-date\">29. Oktober 2025<\/time><\/li>\n<li><a class=\"wp-block-latest-posts__post-title\" href=\"https:\/\/wordpress.nibis.de\/gsobk\/2025\/10\/09\/schulobst\/\">Schulobst<\/a><time datetime=\"2025-10-09T15:28:26+02:00\" class=\"wp-block-latest-posts__post-date\">9. Oktober 2025<\/time><\/li>\n<li><a class=\"wp-block-latest-posts__post-title\" href=\"https:\/\/wordpress.nibis.de\/gsobk\/2025\/08\/18\/einschulung\/\">Einschulung<\/a><time datetime=\"2025-08-18T11:44:34+02:00\" class=\"wp-block-latest-posts__post-date\">18. August 2025<\/time><\/li>\n<li><a class=\"wp-block-latest-posts__post-title\" href=\"https:\/\/wordpress.nibis.de\/gsobk\/2025\/05\/22\/adac-fahrradtraining\/\">ADAC Fahrradtraining<\/a><time datetime=\"2025-05-22T11:06:13+02:00\" class=\"wp-block-latest-posts__post-date\">22. Mai 2025<\/time><\/li>\n<\/ul>","protected":false},"excerpt":{"rendered":"<p>Wir freuen uns, Sie auf der offiziellen Webseite der Grundschule Obernkirchen begr\u00fc\u00dfen zu d\u00fcrfen. Hier finden Sie alle Informationen \u00fcber uns und weiterf\u00fchrende Links zum Leben an der Schule. Die Grundschule Obernkirchen w\u00fcnscht allen Kindern, Eltern und Lehrkr\u00e4ften ein tolles Schuljahr 2025\/2026! Aktuelles:<\/p>\n","protected":false},"author":9194377,"featured_media":0,"parent":0,"menu_order":0,"comment_status":"closed","ping_status":"closed","template":"","meta":{"footnotes":""},"class_list":["post-223","page","type-page","status-publish"],"_links":{"self":[{"href":"https:\/\/wordpress.nibis.de\/gsobk\/wp-json\/wp\/v2\/pages\/223","targetHints":{"allow":["GET"]}}],"collection":[{"href":"https:\/\/wordpress.nibis.de\/gsobk\/wp-json\/wp\/v2\/pages"}],"about":[{"href":"https:\/\/wordpress.nibis.de\/gsobk\/wp-json\/wp\/v2\/types\/page"}],"author":[{"embeddable":true,"href":"https:\/\/wordpress.nibis.de\/gsobk\/wp-json\/wp\/v2\/users\/9194377"}],"replies":[{"embeddable":true,"href":"https:\/\/wordpress.nibis.de\/gsobk\/wp-json\/wp\/v2\/comments?post=223"}],"version-history":[{"count":16,"href":"https:\/\/wordpress.nibis.de\/gsobk\/wp-json\/wp\/v2\/pages\/223\/revisions"}],"predecessor-version":[{"id":633,"href":"https:\/\/wordpress.nibis.de\/gsobk\/wp-json\/wp\/v2\/pages\/223\/revisions\/633"}],"wp:attachment":[{"href":"https:\/\/wordpress.nibis.de\/gsobk\/wp-json\/wp\/v2\/media?parent=223"}],"curies":[{"name":"wp","href":"https:\/\/api.w.org\/{rel}","templated":true}]}}