{"id":253,"date":"2024-10-23T08:46:41","date_gmt":"2024-10-23T06:46:41","guid":{"rendered":"https:\/\/wordpress.nibis.de\/gsobk\/?page_id=253"},"modified":"2024-10-29T09:47:48","modified_gmt":"2024-10-29T08:47:48","slug":"schulweg","status":"publish","type":"page","link":"https:\/\/wordpress.nibis.de\/gsobk\/schulweg\/","title":{"rendered":"Schulweg"},"content":{"rendered":"\n<p>Auf dieser Seite finden Sie Informationen zu den Schulwegen, unserem Projekt &#8222;Zu Fu\u00df zur Schule&#8220; und der Sch\u00fclerbef\u00f6rderung durch den Landkreis Schaumburg (unten). Gemeinsam mit Ihnen m\u00f6chten wir die Bewegung Ihrer Kinder f\u00f6rdern und gleichzeitig zur Umweltschonung beitragen. Lassen Sie Ihr Kind daher gerne zu Fu\u00df zur Schule kommen. <\/p>\n\n\n\n<p>Sie sind auf das Bringen mit dem Auto angewiesen? Ausreichend Parkpl\u00e4tze finden sie an der Kreissporthalle und am Busbahnhof (siehe Karte). Von hier ist der Weg zur Schule nicht mehr weit und Ihr Kind muss keine Stra\u00dfe \u00fcberqueren. Nutzen Sie bitte diese M\u00f6glichkeiten, um die Verkehrssituation an der Schule zu beruhigen und die dort endenden Schulwege f\u00fcr die zu Fu\u00df kommenden Kinder sicherer zu gestalten.<\/p>\n\n\n\n<div class=\"wp-block-file\"><a id=\"wp-block-file--media-8ef86295-5f3c-48a6-a602-441c9f1729d0\" href=\"https:\/\/wordpress.nibis.de\/gsobk\/files\/2024\/10\/SCHULWEGE-OBK-GS.pdf\">Schulwegeplan<\/a><a href=\"https:\/\/wordpress.nibis.de\/gsobk\/files\/2024\/10\/SCHULWEGE-OBK-GS.pdf\" class=\"wp-block-file__button\" download aria-describedby=\"wp-block-file--media-8ef86295-5f3c-48a6-a602-441c9f1729d0\">Herunterladen<\/a><\/div>\n\n\n\n<p><\/p>\n\n\n\n<h3 class=\"has-medium-font-size wp-block-heading\"><strong>Zu Fu\u00df zur Schule<\/strong><\/h3>\n\n\n\n<p>Seit 2021 gibt es \u201eZu Fu\u00df zur Schule\u201c f\u00fcr die Grundschule Obernkirchen. Diese Aktion wurde in Zusammenarbeit von Eltern, Lehrern, Polizei und der Stadt Obernkirchen entwickelt.<\/p>\n\n\n\n<p>Es gibt f\u00fcnf Treffpunkte, die mit einem gelben Schild gekennzeichnet sind. Hier k\u00f6nnen die Kinder sich treffen und gemeinsam zur Schule gehen.<\/p>\n\n\n\n<div class=\"wp-block-columns is-layout-flex wp-container-core-columns-is-layout-abceabcf wp-block-columns-is-layout-flex\">\n<div class=\"wp-block-column is-layout-flow wp-block-column-is-layout-flow\">\n<figure class=\"wp-block-image size-full\"><a href=\"https:\/\/umap.openstreetmap.de\/de\/map\/grundschule-obernkirchen-zu-fu-zur-schule_72020\"><img loading=\"lazy\" decoding=\"async\" width=\"576\" height=\"583\" src=\"https:\/\/wordpress.nibis.de\/gsobk\/files\/2024\/10\/Screenshot-2024-10-29-073028.jpg\" alt=\"\" class=\"wp-image-315\" \/><\/a><\/figure>\n\n\n\n<p>Diese Karte wurde mit <a rel=\"noreferrer noopener\" href=\"https:\/\/www.openstreetmap.org\/copyright\" target=\"_blank\">(c) OpenStreetMap<\/a> erstellt.<br><br>Klicken Sie zur genaueren Betrachtung auf die Karte.<\/p>\n<\/div>\n\n\n\n<div class=\"wp-block-column is-layout-flow wp-block-column-is-layout-flow\">\n<p><strong>Was k\u00f6nnen Sie tun, um dieses Projekt zu unterst\u00fctzen?<\/strong><\/p>\n\n\n\n<ul class=\"wp-block-list\"><li>schenken Sie Ihrem Kind Vertrauen<\/li><li>\u00fcben Sie den Schulweg und die Verkehrssicherheit mit Ihrem Kind<\/li><li>schenken Sie Ihrem Auto eine l\u00e4ngere Ruhepause<\/li><li>denken Sie an den Klimaschutz<\/li><\/ul>\n\n\n\n<p><strong>Die Treffpunkte helfen den Kindern<\/strong><\/p>\n\n\n\n<ul class=\"wp-block-list\"><li>als Verabredungspunkt mit Freunden<\/li><li>zur gemeinsame Wegbew\u00e4ltigung<\/li><li>zum Austausch mit Freunden vor Schulbeginn (das wichtigste von der Seele reden)<\/li><li>beim Sauerstofftanken und Bewegen f\u00fcr bessere Konzentration<\/li><li>selbstst\u00e4ndig und selbstbewusst zu werden<\/li><li>stark im Sozialverhalten zu werden<\/li><li>praktische Erfahrungen im Stra\u00dfenverkehr zu sammeln<\/li><li>auch zum Klimaschutz beizutragen<\/li><li>beim sicheren Aussteigen aus dem Auto<\/li><\/ul>\n\n\n\n<p><strong>Haben Sie noch Bedenken?<\/strong><\/p>\n\n\n\n<ul class=\"wp-block-list\"><li>Begleiten Sie Ihr Kind in der Anfangszeit<\/li><li>Sprechen Sie sich mit anderen Eltern ab<\/li><li>Fragen Sie die Lehrkr\u00e4fte nach Tipps und Ratschl\u00e4gen<\/li><\/ul>\n\n\n\n<p><strong>Wie unterst\u00fctzt die Schule dieses Projekt?<\/strong><\/p>\n\n\n\n<ul class=\"wp-block-list\"><li>Auseinandersetzung mit dem Projekt \u201eZu Fu\u00df zur Schule\u201c durch Projekttage<\/li><li>Ermutigung der Kinder durch Umwelterziehung und St\u00e4rken des Selbstbewusstseins<\/li><li>Verkehrserziehung<\/li><\/ul>\n<\/div>\n<\/div>\n\n\n\n<figure class=\"wp-block-table\"><table><tbody><tr><td><strong>Treffpunkt<\/strong><\/td><td><strong>Abmarsch<\/strong><\/td><td><strong>Gehzeit<\/strong><\/td><\/tr><tr><td>Busbahnhof<\/td><td>7:35 Uhr<\/td><td>5 Minuten<\/td><\/tr><tr><td>Stoevesantspielplatz<\/td><td>7:25 Uhr<\/td><td>10 Minuten<\/td><\/tr><tr><td>Volksbank<\/td><td>7:15 Uhr<\/td><td>15 Minuten<\/td><\/tr><tr><td>Flo\u2019s Fitnessstudio<\/td><td>7:20 Uhr<\/td><td>15 Minuten<\/td><\/tr><tr><td>Poggenort \/ Berliner Stra\u00dfe<\/td><td>7:25 Uhr<\/td><td>10 Minuten<\/td><\/tr><\/tbody><\/table><\/figure>\n\n\n\n<p><\/p>\n\n\n\n<p class=\"has-medium-font-size\"><strong>Sch\u00fclerbef\u00f6rderung<\/strong><\/p>\n\n\n\n<p>Ihre Ansprechperson zum Thema Sch\u00fclerbef\u00f6rderung ist der Landkreis Schaumburg &#8211; die Kontaktdaten&nbsp;f\u00fcr&nbsp;Fragen sowie einen Infoflyer finden Sie hier: <a href=\"http:\/\/www.schaumburg.de\/schuelerbefoerderung\/\">Landkreis Schaumburg &#8211; Sch\u00fclerbef\u00f6rderung<\/a><br><\/p>\n","protected":false},"excerpt":{"rendered":"<p>Auf dieser Seite finden Sie Informationen zu den Schulwegen, unserem Projekt &#8222;Zu Fu\u00df zur Schule&#8220; und der Sch\u00fclerbef\u00f6rderung durch den Landkreis Schaumburg (unten). Gemeinsam mit Ihnen m\u00f6chten wir die Bewegung Ihrer Kinder f\u00f6rdern und gleichzeitig zur Umweltschonung beitragen. Lassen Sie Ihr Kind daher gerne zu Fu\u00df zur Schule kommen. Sie sind auf das Bringen mit &#8230; <a title=\"Schulweg\" class=\"read-more\" href=\"https:\/\/wordpress.nibis.de\/gsobk\/schulweg\/\" aria-label=\"Mehr Informationen \u00fcber Schulweg\">Weiterlesen<\/a><\/p>\n","protected":false},"author":9194377,"featured_media":0,"parent":0,"menu_order":0,"comment_status":"closed","ping_status":"closed","template":"","meta":{"footnotes":""},"class_list":["post-253","page","type-page","status-publish"],"_links":{"self":[{"href":"https:\/\/wordpress.nibis.de\/gsobk\/wp-json\/wp\/v2\/pages\/253","targetHints":{"allow":["GET"]}}],"collection":[{"href":"https:\/\/wordpress.nibis.de\/gsobk\/wp-json\/wp\/v2\/pages"}],"about":[{"href":"https:\/\/wordpress.nibis.de\/gsobk\/wp-json\/wp\/v2\/types\/page"}],"author":[{"embeddable":true,"href":"https:\/\/wordpress.nibis.de\/gsobk\/wp-json\/wp\/v2\/users\/9194377"}],"replies":[{"embeddable":true,"href":"https:\/\/wordpress.nibis.de\/gsobk\/wp-json\/wp\/v2\/comments?post=253"}],"version-history":[{"count":21,"href":"https:\/\/wordpress.nibis.de\/gsobk\/wp-json\/wp\/v2\/pages\/253\/revisions"}],"predecessor-version":[{"id":321,"href":"https:\/\/wordpress.nibis.de\/gsobk\/wp-json\/wp\/v2\/pages\/253\/revisions\/321"}],"wp:attachment":[{"href":"https:\/\/wordpress.nibis.de\/gsobk\/wp-json\/wp\/v2\/media?parent=253"}],"curies":[{"name":"wp","href":"https:\/\/api.w.org\/{rel}","templated":true}]}}