{"id":33,"date":"2024-09-10T10:56:48","date_gmt":"2024-09-10T08:56:48","guid":{"rendered":"https:\/\/wordpress.nibis.de\/gsobk\/?page_id=33"},"modified":"2024-09-19T08:00:48","modified_gmt":"2024-09-19T06:00:48","slug":"impressum","status":"publish","type":"page","link":"https:\/\/wordpress.nibis.de\/gsobk\/impressum\/","title":{"rendered":"Impressum"},"content":{"rendered":"\n<p>Land Niedersachsen (Diensteanbieter im Sinne des Telemediengesetzes)<br>Das Land Niedersachsen ist eine juristische Person des \u00f6ffentlichen Rechts vertreten durch<br>Schulleitung: Lutz Kujath, Schulleiter<\/p>\n\n\n\n<p><strong>Grundschule Obernkirchen<\/strong><br>Kammweg 9<br>31683 Obernkirchen<br>Reg-nr. der Schule: 06816<br>Schultr\u00e4ger: Stadt Obernkirchen, Marktplatz 4, 31683 Obernkirchen<br>Telefon: 05724 \/ 913093<br>Fax: 05724 \/ 913095<br>Internet: https:\/\/www.grundschule-obernkirchen.de<br>E-Mail: &#x69;&#x6e;&#102;o&#x40;&#x67;&#114;&#117;n&#x64;&#x73;&#99;&#104;u&#x6c;&#x65;&#45;ob&#x65;&#x72;&#110;k&#x69;&#x72;&#99;&#104;e&#x6e;&#x2e;&#100;&#101;<\/p>\n\n\n\n<p><strong>Homepagepflege und Berichterstattung:<\/strong><br>Mario Woidsch\u00fctzke<br>Inhaltlich verantwortlich gem\u00e4\u00df \u00a7 6 MDstV: Lutz Kujath (Rektor)<\/p>\n","protected":false},"excerpt":{"rendered":"<p>Land Niedersachsen (Diensteanbieter im Sinne des Telemediengesetzes)Das Land Niedersachsen ist eine juristische Person des \u00f6ffentlichen Rechts vertreten durchSchulleitung: Lutz Kujath, Schulleiter Grundschule ObernkirchenKammweg 931683 ObernkirchenReg-nr. der Schule: 06816Schultr\u00e4ger: Stadt Obernkirchen, Marktplatz 4, 31683 ObernkirchenTelefon: 05724 \/ 913093Fax: 05724 \/ 913095Internet: https:\/\/www.grundschule-obernkirchen.deE-Mail: &#105;&#x6e;&#x66;o&#64;&#x67;r&#117;&#x6e;d&#115;&#x63;h&#117;&#x6c;&#x65;&#45;&#x6f;&#x62;e&#114;&#x6e;k&#105;&#x72;c&#104;&#x65;&#x6e;&#46;&#x64;&#x65; Homepagepflege und Berichterstattung:Mario Woidsch\u00fctzkeInhaltlich verantwortlich gem\u00e4\u00df \u00a7 6 MDstV: Lutz Kujath (Rektor)<\/p>\n","protected":false},"author":9194377,"featured_media":0,"parent":0,"menu_order":0,"comment_status":"closed","ping_status":"closed","template":"","meta":{"footnotes":""},"class_list":["post-33","page","type-page","status-publish"],"_links":{"self":[{"href":"https:\/\/wordpress.nibis.de\/gsobk\/wp-json\/wp\/v2\/pages\/33","targetHints":{"allow":["GET"]}}],"collection":[{"href":"https:\/\/wordpress.nibis.de\/gsobk\/wp-json\/wp\/v2\/pages"}],"about":[{"href":"https:\/\/wordpress.nibis.de\/gsobk\/wp-json\/wp\/v2\/types\/page"}],"author":[{"embeddable":true,"href":"https:\/\/wordpress.nibis.de\/gsobk\/wp-json\/wp\/v2\/users\/9194377"}],"replies":[{"embeddable":true,"href":"https:\/\/wordpress.nibis.de\/gsobk\/wp-json\/wp\/v2\/comments?post=33"}],"version-history":[{"count":3,"href":"https:\/\/wordpress.nibis.de\/gsobk\/wp-json\/wp\/v2\/pages\/33\/revisions"}],"predecessor-version":[{"id":249,"href":"https:\/\/wordpress.nibis.de\/gsobk\/wp-json\/wp\/v2\/pages\/33\/revisions\/249"}],"wp:attachment":[{"href":"https:\/\/wordpress.nibis.de\/gsobk\/wp-json\/wp\/v2\/media?parent=33"}],"curies":[{"name":"wp","href":"https:\/\/api.w.org\/{rel}","templated":true}]}}