{"id":39,"date":"2024-09-10T10:58:46","date_gmt":"2024-09-10T08:58:46","guid":{"rendered":"https:\/\/wordpress.nibis.de\/gsobk\/?page_id=39"},"modified":"2025-09-16T12:08:25","modified_gmt":"2025-09-16T10:08:25","slug":"foerderverein","status":"publish","type":"page","link":"https:\/\/wordpress.nibis.de\/gsobk\/foerderverein\/","title":{"rendered":"F\u00f6rderverein"},"content":{"rendered":"\n<div class=\"wp-block-columns is-layout-flex wp-container-core-columns-is-layout-abceabcf wp-block-columns-is-layout-flex\">\n<div class=\"wp-block-column is-layout-flow wp-block-column-is-layout-flow\">\n<p><\/p>\n\n\n\n<p> <\/p>\n\n\n\n<p><strong>Gemeinsam stark \u2013 f\u00fcr unsere Schulen und Kinder<\/strong><\/p>\n<\/div>\n\n\n\n<div class=\"wp-block-column is-layout-flow wp-block-column-is-layout-flow\">\n<figure class=\"wp-block-image size-full is-resized\"><img loading=\"lazy\" decoding=\"async\" src=\"https:\/\/wordpress.nibis.de\/gsobk\/files\/2024\/12\/Foerderverein.jpg\" alt=\"\" class=\"wp-image-357\" width=\"192\" height=\"139\" \/><\/figure>\n<\/div>\n<\/div>\n\n\n\n<p>Der Schulf\u00f6rderverein setzt sich seit 1968 f\u00fcr die beiden Obernkirchener Schulen ein. Wir m\u00f6chten Kinder und Lehrer unterst\u00fctzen und durch kleine und gro\u00dfe Aktionen, vor allem aber durch finanzielle Mittel dazu beitragen, dass die Schuljahre f\u00fcr alle Kinder zu einer Zeit werden, an die sie sich sp\u00e4ter gerne erinnern.<\/p>\n\n\n\n<p><strong><span style=\"color:#349d4b\" class=\"tadv-color\">Das ist unser Ziel \u2013 Daf\u00fcr brauchen wir SIE!<\/span><\/strong><\/p>\n\n\n\n<p>Hier ein kleiner Ausschnitt aus dem, was wir bereits erreicht haben:<\/p>\n\n\n\n<div class=\"wp-block-columns is-layout-flex wp-container-core-columns-is-layout-abceabcf wp-block-columns-is-layout-flex\">\n<div class=\"wp-block-column is-layout-flow wp-block-column-is-layout-flow\">\n<p>B\u00fccher und Ausstattung f\u00fcr die Schulb\u00fccherei<br>Spiele und GoKarts f\u00fcr den Ganztag<br>Spielger\u00e4te f\u00fcr den Schulhof<br>Tische und B\u00e4nke f\u00fcr ein Au\u00dfenklassenzimmer<br>J\u00e4hrliche F\u00f6rderung f\u00fcr unseren Schulplaner<\/p>\n<\/div>\n\n\n\n<div class=\"wp-block-column is-layout-flow wp-block-column-is-layout-flow\"><\/div>\n<\/div>\n\n\n\n<figure class=\"wp-block-gallery has-nested-images columns-default is-cropped wp-block-gallery-1 is-layout-flex wp-block-gallery-is-layout-flex\">\n<figure class=\"wp-block-image size-medium is-style-rounded\"><img loading=\"lazy\" decoding=\"async\" width=\"850\" height=\"478\" data-id=\"534\" src=\"https:\/\/wordpress.nibis.de\/gsobk\/files\/2025\/05\/IMG_0028-850x478.jpg\" alt=\"\" class=\"wp-image-534\" srcset=\"https:\/\/wordpress.nibis.de\/gsobk\/files\/2025\/05\/IMG_0028-850x478.jpg 850w, https:\/\/wordpress.nibis.de\/gsobk\/files\/2025\/05\/IMG_0028-1200x675.jpg 1200w, https:\/\/wordpress.nibis.de\/gsobk\/files\/2025\/05\/IMG_0028-250x141.jpg 250w\" sizes=\"auto, (max-width: 850px) 100vw, 850px\" \/><\/figure>\n\n\n\n<figure class=\"wp-block-image size-large is-style-tw-rounded-corners\"><img loading=\"lazy\" decoding=\"async\" width=\"880\" height=\"694\" data-id=\"477\" src=\"https:\/\/wordpress.nibis.de\/gsobk\/files\/2025\/05\/PHOTO-2025-01-21-12-30-28.jpg\" alt=\"\" class=\"wp-image-477\" srcset=\"https:\/\/wordpress.nibis.de\/gsobk\/files\/2025\/05\/PHOTO-2025-01-21-12-30-28.jpg 880w, https:\/\/wordpress.nibis.de\/gsobk\/files\/2025\/05\/PHOTO-2025-01-21-12-30-28-768x606.jpg 768w\" sizes=\"auto, (max-width: 880px) 100vw, 880px\" \/><\/figure>\n\n\n\n<figure class=\"wp-block-image size-large is-style-rounded\"><img loading=\"lazy\" decoding=\"async\" width=\"2560\" height=\"1828\" data-id=\"479\" src=\"https:\/\/wordpress.nibis.de\/gsobk\/files\/2025\/05\/IMG_9962-scaled.jpg\" alt=\"\" class=\"wp-image-479\" srcset=\"https:\/\/wordpress.nibis.de\/gsobk\/files\/2025\/05\/IMG_9962-scaled.jpg 2560w, https:\/\/wordpress.nibis.de\/gsobk\/files\/2025\/05\/IMG_9962-768x548.jpg 768w, https:\/\/wordpress.nibis.de\/gsobk\/files\/2025\/05\/IMG_9962-1536x1097.jpg 1536w, https:\/\/wordpress.nibis.de\/gsobk\/files\/2025\/05\/IMG_9962-2048x1462.jpg 2048w\" sizes=\"auto, (max-width: 2560px) 100vw, 2560px\" \/><\/figure>\n<\/figure>\n\n\n\n<p><\/p>\n\n\n\n<p>Damit es noch mehr werden kann, brauchen wir Sie! Unterst\u00fctzen Sie uns bitte, indem Sie Mitglied werden. Schon der Mindestbeitrag von 15,- Euro im Jahr hilft unserem Verein und damit unseren \u2013 und Ihren \u2013 Kindern. &nbsp;F\u00fcllen Sie einfach den unteren Abschnitt aus und f\u00fcgen Sie ihn der Schulanmeldung bei. Vielen Dank!<\/p>\n\n\n\n<div class=\"wp-block-file\"><a id=\"wp-block-file--media-40bd5ccd-d142-4f9f-9269-5e257f1a359a\" href=\"https:\/\/wordpress.nibis.de\/gsobk\/files\/2025\/09\/Beitrittserklaerung.pdf\" target=\"_blank\" rel=\"noreferrer noopener\">Beitrittserklaerung<\/a><\/div>\n\n\n\n<p><\/p>\n\n\n\n<p>Schulf\u00f6rderverein Obernkirchen e.V.<br>Kammweg 9<br>31683 Obernkirchen<br><br><strong>Bei Fragen, Anregungen oder Einzelspenden kontaktieren Sie uns gern per Mail:<\/strong><br>1.Vorsitzender: Roberto Wolf<br><a href=\"mailto:s&#99;&#104;&#117;&#108;&#102;&#111;&#101;&#114;&#100;&#101;&#x72;&#x76;&#x65;&#x72;&#x65;&#x69;&#x6e;&#x2e;&#x6f;&#x62;&#x65;&#x72;&#x6e;&#x6b;&#x69;rchen&#64;gm&#97;&#105;&#108;&#46;&#99;&#111;&#109;\">&#115;&#x63;h&#x75;l&#102;&#x6f;&#101;&#x72;d&#101;&#x72;&#118;&#x65;r&#x65;&#x69;&#110;&#x2e;o&#x62;e&#114;&#x6e;&#107;&#x69;r&#99;&#x68;&#101;&#x6e;&#64;&#103;&#x6d;&#97;&#x69;l&#x2e;&#x63;&#111;&#x6d;<\/a><\/p>\n","protected":false},"excerpt":{"rendered":"<p>Gemeinsam stark \u2013 f\u00fcr unsere Schulen und Kinder Der Schulf\u00f6rderverein setzt sich seit 1968 f\u00fcr die beiden Obernkirchener Schulen ein. Wir m\u00f6chten Kinder und Lehrer unterst\u00fctzen und durch kleine und gro\u00dfe Aktionen, vor allem aber durch finanzielle Mittel dazu beitragen, dass die Schuljahre f\u00fcr alle Kinder zu einer Zeit werden, an die sie sich sp\u00e4ter &#8230; <a title=\"F\u00f6rderverein\" class=\"read-more\" href=\"https:\/\/wordpress.nibis.de\/gsobk\/foerderverein\/\" aria-label=\"Mehr Informationen \u00fcber F\u00f6rderverein\">Weiterlesen<\/a><\/p>\n","protected":false},"author":9194377,"featured_media":0,"parent":0,"menu_order":0,"comment_status":"closed","ping_status":"closed","template":"","meta":{"footnotes":""},"class_list":["post-39","page","type-page","status-publish"],"_links":{"self":[{"href":"https:\/\/wordpress.nibis.de\/gsobk\/wp-json\/wp\/v2\/pages\/39","targetHints":{"allow":["GET"]}}],"collection":[{"href":"https:\/\/wordpress.nibis.de\/gsobk\/wp-json\/wp\/v2\/pages"}],"about":[{"href":"https:\/\/wordpress.nibis.de\/gsobk\/wp-json\/wp\/v2\/types\/page"}],"author":[{"embeddable":true,"href":"https:\/\/wordpress.nibis.de\/gsobk\/wp-json\/wp\/v2\/users\/9194377"}],"replies":[{"embeddable":true,"href":"https:\/\/wordpress.nibis.de\/gsobk\/wp-json\/wp\/v2\/comments?post=39"}],"version-history":[{"count":16,"href":"https:\/\/wordpress.nibis.de\/gsobk\/wp-json\/wp\/v2\/pages\/39\/revisions"}],"predecessor-version":[{"id":641,"href":"https:\/\/wordpress.nibis.de\/gsobk\/wp-json\/wp\/v2\/pages\/39\/revisions\/641"}],"wp:attachment":[{"href":"https:\/\/wordpress.nibis.de\/gsobk\/wp-json\/wp\/v2\/media?parent=39"}],"curies":[{"name":"wp","href":"https:\/\/api.w.org\/{rel}","templated":true}]}}