{"id":45,"date":"2024-09-10T11:03:00","date_gmt":"2024-09-10T09:03:00","guid":{"rendered":"https:\/\/wordpress.nibis.de\/gsobk\/?page_id=45"},"modified":"2025-05-15T13:54:52","modified_gmt":"2025-05-15T11:54:52","slug":"schulprogramm","status":"publish","type":"page","link":"https:\/\/wordpress.nibis.de\/gsobk\/home\/schulprogramm\/","title":{"rendered":"Schulprogramm und Konzepte"},"content":{"rendered":"\n<div class=\"wp-block-file\"><a id=\"wp-block-file--media-5ff8d907-609c-4714-b664-28458d7fb0f1\" href=\"https:\/\/wordpress.nibis.de\/gsobk\/files\/2024\/10\/Unser-Leitbild.pdf\">Unser Leitbild<\/a><a href=\"https:\/\/wordpress.nibis.de\/gsobk\/files\/2024\/10\/Unser-Leitbild.pdf\" class=\"wp-block-file__button\" download aria-describedby=\"wp-block-file--media-5ff8d907-609c-4714-b664-28458d7fb0f1\">Herunterladen<\/a><\/div>\n\n\n\n<p>Unsere Grundprinzipien, an denen sich die gesamte Grundschule Obernkirchen orientiert.<\/p>\n\n\n\n<div class=\"wp-block-file\"><a id=\"wp-block-file--media-c1a7c7a8-f843-47ca-a56b-304999a83589\" href=\"https:\/\/wordpress.nibis.de\/gsobk\/files\/2025\/03\/Schulordnung.pdf\">Schulordnung<\/a><a href=\"https:\/\/wordpress.nibis.de\/gsobk\/files\/2025\/03\/Schulordnung.pdf\" class=\"wp-block-file__button\" download aria-describedby=\"wp-block-file--media-c1a7c7a8-f843-47ca-a56b-304999a83589\">Herunterladen<\/a><\/div>\n\n\n\n<p>Schulregeln f\u00fcr ein gelingendes Miteinander.<\/p>\n\n\n\n<div class=\"wp-block-file\"><a id=\"wp-block-file--media-484b2a9b-9cfa-44ec-a0ad-bdd56128190d\" href=\"https:\/\/wordpress.nibis.de\/gsobk\/files\/2025\/05\/KommLeitfaden-angepasst.pdf\">Kommunikationsleitfaden<\/a><a href=\"https:\/\/wordpress.nibis.de\/gsobk\/files\/2025\/05\/KommLeitfaden-angepasst.pdf\" class=\"wp-block-file__button\" download aria-describedby=\"wp-block-file--media-484b2a9b-9cfa-44ec-a0ad-bdd56128190d\">Herunterladen<\/a><\/div>\n\n\n\n<p>Gespr\u00e4chswege f\u00fcr eine offene und zielf\u00fchrende Kommunikation.<\/p>\n\n\n\n<div class=\"wp-block-file\"><a id=\"wp-block-file--media-cebd5406-8e81-472c-b7f8-b07d8539e694\" href=\"https:\/\/wordpress.nibis.de\/gsobk\/files\/2025\/03\/Medienkonzept.pdf\">Medienkonzept<\/a><a href=\"https:\/\/wordpress.nibis.de\/gsobk\/files\/2025\/03\/Medienkonzept.pdf\" class=\"wp-block-file__button\" download aria-describedby=\"wp-block-file--media-cebd5406-8e81-472c-b7f8-b07d8539e694\">Herunterladen<\/a><\/div>\n\n\n\n<p>Arbeitsplan zur Nutzung digitaler Medien im Unterricht.<\/p>\n\n\n\n<p> <\/p>\n","protected":false},"excerpt":{"rendered":"<p>Unsere Grundprinzipien, an denen sich die gesamte Grundschule Obernkirchen orientiert. Schulregeln f\u00fcr ein gelingendes Miteinander. Gespr\u00e4chswege f\u00fcr eine offene und zielf\u00fchrende Kommunikation. Arbeitsplan zur Nutzung digitaler Medien im Unterricht.<\/p>\n","protected":false},"author":9194377,"featured_media":0,"parent":2,"menu_order":0,"comment_status":"closed","ping_status":"closed","template":"","meta":{"footnotes":""},"class_list":["post-45","page","type-page","status-publish"],"_links":{"self":[{"href":"https:\/\/wordpress.nibis.de\/gsobk\/wp-json\/wp\/v2\/pages\/45","targetHints":{"allow":["GET"]}}],"collection":[{"href":"https:\/\/wordpress.nibis.de\/gsobk\/wp-json\/wp\/v2\/pages"}],"about":[{"href":"https:\/\/wordpress.nibis.de\/gsobk\/wp-json\/wp\/v2\/types\/page"}],"author":[{"embeddable":true,"href":"https:\/\/wordpress.nibis.de\/gsobk\/wp-json\/wp\/v2\/users\/9194377"}],"replies":[{"embeddable":true,"href":"https:\/\/wordpress.nibis.de\/gsobk\/wp-json\/wp\/v2\/comments?post=45"}],"version-history":[{"count":9,"href":"https:\/\/wordpress.nibis.de\/gsobk\/wp-json\/wp\/v2\/pages\/45\/revisions"}],"predecessor-version":[{"id":450,"href":"https:\/\/wordpress.nibis.de\/gsobk\/wp-json\/wp\/v2\/pages\/45\/revisions\/450"}],"up":[{"embeddable":true,"href":"https:\/\/wordpress.nibis.de\/gsobk\/wp-json\/wp\/v2\/pages\/2"}],"wp:attachment":[{"href":"https:\/\/wordpress.nibis.de\/gsobk\/wp-json\/wp\/v2\/media?parent=45"}],"curies":[{"name":"wp","href":"https:\/\/api.w.org\/{rel}","templated":true}]}}