{"id":55,"date":"2024-09-10T11:06:12","date_gmt":"2024-09-10T09:06:12","guid":{"rendered":"https:\/\/wordpress.nibis.de\/gsobk\/?page_id=55"},"modified":"2025-06-19T10:17:29","modified_gmt":"2025-06-19T08:17:29","slug":"ags","status":"publish","type":"page","link":"https:\/\/wordpress.nibis.de\/gsobk\/schulleben\/ags\/","title":{"rendered":"AGs"},"content":{"rendered":"\n<p>Zu Beginn eines Schulhalbjahres w\u00e4hlen die Kinder in den Jahrg\u00e4ngen 3 und 4 eine AG aus, die zur Unterrichtsverpflichtung dazugeh\u00f6rt. Die AGs finden einmal w\u00f6chentlich in der 6. Stunde (12.25 &#8211; 13.10 Uhr) statt. Der Wochentag veriiert je nach AG. Das AG-Angebot kann von halbj\u00e4hrlich wechseln. Folgende AGs werden zur Zeit angeboten:<\/p>\n\n\n\n<div class=\"wp-block-columns is-layout-flex wp-container-core-columns-is-layout-abceabcf wp-block-columns-is-layout-flex\">\n<div class=\"wp-block-column is-layout-flow wp-block-column-is-layout-flow\">\n<p><\/p>\n\n\n\n<p><strong>Streitschlichter AG<\/strong><br>Bei der Streitschlichter AG lernen die Kinder spielerisch in Konfliktsituationen zwischen Kinder zu vermitteln und zu schlichten. Die Streitschlichter \u00fcben diese kl\u00e4rende Gespr\u00e4chsf\u00fchrung mithilfe des Streitschlichter-F\u00e4chers.<br>Nach der Ausbildung zur Streitschlichterin oder zum Streitschlichter d\u00fcrfen sie in Teams die Sch\u00fclerinnen und Sch\u00fcler bei kleinen Streitigkeiten oder Problemen in den gro\u00dfen Pausen unterst\u00fctzen.<\/p>\n<\/div>\n\n\n\n<div class=\"wp-block-column is-layout-flow wp-block-column-is-layout-flow\">\n<figure class=\"wp-block-gallery has-nested-images columns-default is-cropped wp-block-gallery-1 is-layout-flex wp-block-gallery-is-layout-flex\">\n<figure class=\"wp-block-image size-medium\"><img loading=\"lazy\" decoding=\"async\" width=\"850\" height=\"478\" data-id=\"591\" src=\"https:\/\/wordpress.nibis.de\/gsobk\/files\/2025\/06\/Grundschule-Obernkirchen-212-von-216-850x478.jpg\" alt=\"\" class=\"wp-image-591\" srcset=\"https:\/\/wordpress.nibis.de\/gsobk\/files\/2025\/06\/Grundschule-Obernkirchen-212-von-216-850x478.jpg 850w, https:\/\/wordpress.nibis.de\/gsobk\/files\/2025\/06\/Grundschule-Obernkirchen-212-von-216-1200x675.jpg 1200w, https:\/\/wordpress.nibis.de\/gsobk\/files\/2025\/06\/Grundschule-Obernkirchen-212-von-216-250x141.jpg 250w\" sizes=\"auto, (max-width: 850px) 100vw, 850px\" \/><\/figure>\n<\/figure>\n<\/div>\n<\/div>\n\n\n\n<p><strong>Hockey AG<\/strong><br>In der Hockey-AG sind wir in der Sporthalle und lernen dort die Grundtechniken des Hockeyspielens kennen. Wir \u00fcben die richtige Schl\u00e4gerhaltung, den Umgang mit dem Ball und einfache Spielformen. Nach ein paar Stunden, in denen einige Vor\u00fcbungen gemacht werden, machen wir auch immer wieder ein Spiel \u00fcber die ganze Halle. Hast du also Freude an der Bewegung und vielleicht an Ballsportarten, bist du in der Hockey-AG genau richtig.<\/p>\n\n\n\n<p><strong>Werken AG<\/strong><br>In der AG Werken stellen wir \u00e4hnlich des Werkunterrichts mithilfe von Holz, diversen anderen Materialien und Werkzeugen in kindgerechter Gr\u00f6\u00dfe verschiedene Werkst\u00fccke her. Hierzu z\u00e4hlen bspw. Fahrzeuge, Br\u00fccken oder T\u00fcrme. Gleichzeitig betrachten wir dabei auch immer wieder mal die Funktionsweisen einzelner Sch\u00fclerprodukte. Die Materialien hierzu bekommen wir dankenswerterweise von der Ardagh-Group (Standort Obernkirchen) gespendet, welche ihrerseits einer von vielen Kooperationspartnern in der Wissensfabrik ist.<\/p>\n\n\n\n<p><strong>Fu\u00dfball AG<\/strong><br>In der Fu\u00dfball-AG geht es nat\u00fcrlich ums Fu\u00dfballspielen! Allerdings lernst du hier vor allem verschiedene Spielformen wie Zahlenfu\u00dfball und Farbenfu\u00dfball kennen, spielst mal auf kleine und mal auf gro\u00dfe Tore. Egal ob Anf\u00e4nger oder \u201eProfi\u201c, hier findet jeder seinen Platz!<\/p>\n\n\n\n<p><strong>Naturwissenschafts AG<\/strong><br>Entdecke die Welt der Wissenschaft! Hier k\u00f6nnen die Kinder die spannenden Bereiche von Natur, Technik, Chemie und Physik entdecken. In einer Stunde pro Woche machen wir spannende Experimente, die Alltagsph\u00e4nomene zeigen. Die Kinder lernen, einfache wissenschaftliche Protokolle zu schreiben und ihre Beobachtungen festzuhalten. Wir arbeiten sowohl im Klassenraum als auch drau\u00dfen in der Natur, zum Beispiel im Wald, um die Umgebung zu erkunden. Die Kinder experimentieren mit Alltagsgegenst\u00e4nden, stellen Fragen und lernen neue Methoden kennen.<\/p>\n\n\n\n<p><strong>Schulgarten AG<\/strong><\/p>\n\n\n\n<p><strong>Textil AG<\/strong><\/p>\n\n\n\n<p><strong>Tablet AG<\/strong><br>In der Tablet AG besch\u00e4ftigen wir uns mit f\u00fcr die Sch\u00fclerinnen und Sch\u00fcler wichtigen Funktionen der Schul Tablets. Wir lernen grundlegende Funktionen und den Aufbau eines Tablets kennen. Die Sch\u00fclerinnen und Sch\u00fcler erproben erste Schreibprogramme und recherchieren zu verschiedensten Themen im Internet. Diese Arbeitsweisen k\u00f6nnen sie dann f\u00fcr ihren k\u00fcnftigen Unterricht nutzen.<\/p>\n","protected":false},"excerpt":{"rendered":"<p>Zu Beginn eines Schulhalbjahres w\u00e4hlen die Kinder in den Jahrg\u00e4ngen 3 und 4 eine AG aus, die zur Unterrichtsverpflichtung dazugeh\u00f6rt. Die AGs finden einmal w\u00f6chentlich in der 6. Stunde (12.25 &#8211; 13.10 Uhr) statt. Der Wochentag veriiert je nach AG. Das AG-Angebot kann von halbj\u00e4hrlich wechseln. Folgende AGs werden zur Zeit angeboten: Streitschlichter AGBei der &#8230; <a title=\"AGs\" class=\"read-more\" href=\"https:\/\/wordpress.nibis.de\/gsobk\/schulleben\/ags\/\" aria-label=\"Mehr Informationen \u00fcber AGs\">Weiterlesen<\/a><\/p>\n","protected":false},"author":9194377,"featured_media":0,"parent":51,"menu_order":0,"comment_status":"closed","ping_status":"closed","template":"","meta":{"footnotes":""},"class_list":["post-55","page","type-page","status-publish"],"_links":{"self":[{"href":"https:\/\/wordpress.nibis.de\/gsobk\/wp-json\/wp\/v2\/pages\/55","targetHints":{"allow":["GET"]}}],"collection":[{"href":"https:\/\/wordpress.nibis.de\/gsobk\/wp-json\/wp\/v2\/pages"}],"about":[{"href":"https:\/\/wordpress.nibis.de\/gsobk\/wp-json\/wp\/v2\/types\/page"}],"author":[{"embeddable":true,"href":"https:\/\/wordpress.nibis.de\/gsobk\/wp-json\/wp\/v2\/users\/9194377"}],"replies":[{"embeddable":true,"href":"https:\/\/wordpress.nibis.de\/gsobk\/wp-json\/wp\/v2\/comments?post=55"}],"version-history":[{"count":6,"href":"https:\/\/wordpress.nibis.de\/gsobk\/wp-json\/wp\/v2\/pages\/55\/revisions"}],"predecessor-version":[{"id":627,"href":"https:\/\/wordpress.nibis.de\/gsobk\/wp-json\/wp\/v2\/pages\/55\/revisions\/627"}],"up":[{"embeddable":true,"href":"https:\/\/wordpress.nibis.de\/gsobk\/wp-json\/wp\/v2\/pages\/51"}],"wp:attachment":[{"href":"https:\/\/wordpress.nibis.de\/gsobk\/wp-json\/wp\/v2\/media?parent=55"}],"curies":[{"name":"wp","href":"https:\/\/api.w.org\/{rel}","templated":true}]}}