{"id":57,"date":"2024-09-10T11:06:24","date_gmt":"2024-09-10T09:06:24","guid":{"rendered":"https:\/\/wordpress.nibis.de\/gsobk\/?page_id=57"},"modified":"2025-06-19T09:40:47","modified_gmt":"2025-06-19T07:40:47","slug":"umweltschule","status":"publish","type":"page","link":"https:\/\/wordpress.nibis.de\/gsobk\/schulleben\/umweltschule\/","title":{"rendered":"BNE &#8211; Bildung f\u00fcr nachhaltige Entwicklung"},"content":{"rendered":"\n<p>Die Grundschule Obernkirchen hat sich zum Ziel gesetzt, nachhaltige Entwicklung als zukunftsrelevantes Thema im Unterricht zu verankern und mit fachlichem Lernen zu verkn\u00fcpfen. Bereits in der Vergangenheit wurde die Schule als \u201eUmweltschule\u201c ausgezeichnet und hat verschiedene Projekte zu diesem Thema initiiert, von denen einige weiterhin umgesetzt werden. K\u00fcnftig wird nun die Bildung f\u00fcr nachhaltige Entwicklung eine Rolle im Schulalltag spielen. Sie greift bestehende Projekte auf und erweitert sie um zus\u00e4tzliche thematische Schwerpunkte.<\/p>\n\n\n\n<p>&#8222;Ziel von BNE ist es, den Sch\u00fclerinnen und Sch\u00fcler F\u00e4higkeiten und Werte zu vermitteln, die ihnen erm\u00f6glichen, die Auswirkungen des eigenen Handelns auf die Welt zu verstehen, kritisch zu hinterfragen und verantwortungsvolle Entscheidungen zu treffen. Dabei werden \u00f6kologische,<br>\u00f6konomische, soziale, politische, kulturelle sowie ethische und religi\u00f6se Dimensionen ber\u00fccksichtigt.&#8220; (RdErl. d. MK v. 1.3.2021 &#8211; Az. 23.5 80009\/ 1 &#8211; VORIS 22410 -) <\/p>\n\n\n\n<p>Aktuelle Projekte aus der Zeit als Umweltschule:<\/p>\n\n\n\n<ul class=\"wp-block-list\"><li>Zu Fu\u00df zur Schule (siehe hier: <a href=\"https:\/\/wordpress.nibis.de\/gsobk\/schulweg\/\" data-type=\"page\" data-id=\"253\">Schulweg<\/a>)<\/li><li>Schulgarten und bienenfreundliche Schulumgebung (Schulgarten AG und Pflanzk\u00fcbel f\u00fcr einzelne Klassen)  <\/li><\/ul>\n\n\n\n<figure class=\"wp-block-gallery has-nested-images columns-default is-cropped wp-block-gallery-1 is-layout-flex wp-block-gallery-is-layout-flex\">\n<figure class=\"wp-block-image size-medium\"><img loading=\"lazy\" decoding=\"async\" width=\"2560\" height=\"1706\" data-id=\"613\" src=\"https:\/\/wordpress.nibis.de\/gsobk\/files\/2025\/06\/Grundschule-Obernkirchen-184-von-216-edited-scaled.jpg\" alt=\"\" class=\"wp-image-613\" srcset=\"https:\/\/wordpress.nibis.de\/gsobk\/files\/2025\/06\/Grundschule-Obernkirchen-184-von-216-edited-scaled.jpg 2560w, https:\/\/wordpress.nibis.de\/gsobk\/files\/2025\/06\/Grundschule-Obernkirchen-184-von-216-edited-768x512.jpg 768w, https:\/\/wordpress.nibis.de\/gsobk\/files\/2025\/06\/Grundschule-Obernkirchen-184-von-216-edited-1536x1023.jpg 1536w, https:\/\/wordpress.nibis.de\/gsobk\/files\/2025\/06\/Grundschule-Obernkirchen-184-von-216-edited-2048x1365.jpg 2048w\" sizes=\"auto, (max-width: 2560px) 100vw, 2560px\" \/><\/figure>\n\n\n\n<figure class=\"wp-block-image size-medium\"><img loading=\"lazy\" decoding=\"async\" width=\"850\" height=\"478\" data-id=\"578\" src=\"https:\/\/wordpress.nibis.de\/gsobk\/files\/2025\/06\/Grundschule-Obernkirchen-192-von-216-850x478.jpg\" alt=\"\" class=\"wp-image-578\" srcset=\"https:\/\/wordpress.nibis.de\/gsobk\/files\/2025\/06\/Grundschule-Obernkirchen-192-von-216-850x478.jpg 850w, https:\/\/wordpress.nibis.de\/gsobk\/files\/2025\/06\/Grundschule-Obernkirchen-192-von-216-1200x675.jpg 1200w, https:\/\/wordpress.nibis.de\/gsobk\/files\/2025\/06\/Grundschule-Obernkirchen-192-von-216-250x141.jpg 250w\" sizes=\"auto, (max-width: 850px) 100vw, 850px\" \/><\/figure>\n\n\n\n<figure class=\"wp-block-image size-medium\"><img loading=\"lazy\" decoding=\"async\" width=\"850\" height=\"478\" data-id=\"611\" src=\"https:\/\/wordpress.nibis.de\/gsobk\/files\/2025\/06\/Grundschule-Obernkirchen-189-von-216-850x478.jpg\" alt=\"\" class=\"wp-image-611\" srcset=\"https:\/\/wordpress.nibis.de\/gsobk\/files\/2025\/06\/Grundschule-Obernkirchen-189-von-216-850x478.jpg 850w, https:\/\/wordpress.nibis.de\/gsobk\/files\/2025\/06\/Grundschule-Obernkirchen-189-von-216-1200x675.jpg 1200w, https:\/\/wordpress.nibis.de\/gsobk\/files\/2025\/06\/Grundschule-Obernkirchen-189-von-216-250x141.jpg 250w\" sizes=\"auto, (max-width: 850px) 100vw, 850px\" \/><\/figure>\n<\/figure>\n\n\n\n<div class=\"wp-block-file\"><a id=\"wp-block-file--media-fb92df86-ac77-4d7e-841c-c101f3ff0528\" href=\"https:\/\/wordpress.nibis.de\/gsobk\/files\/2025\/03\/Umweltschule2.pdf\">Hinweise zu Nachhaltigkeit und Schulmaterialien<\/a><a href=\"https:\/\/wordpress.nibis.de\/gsobk\/files\/2025\/03\/Umweltschule2.pdf\" class=\"wp-block-file__button\" download aria-describedby=\"wp-block-file--media-fb92df86-ac77-4d7e-841c-c101f3ff0528\">Herunterladen<\/a><\/div>\n\n\n\n<p><\/p>\n\n\n\n<p><strong>Weitere Informationen finden Sie hier:<\/strong><\/p>\n\n\n\n<p><a href=\"https:\/\/www.bne-portal.de\/bne\/de\/einstieg\/was-ist-bne\/was-ist-bne_node.html\">Bundesministerium f\u00fcr Bildung und Forschung<\/a><br><a href=\"https:\/\/www.mk.niedersachsen.de\/startseite\/schule\/schulerinnen_und_schuler_eltern\/bildung_fur_nachhaltige_entwicklung_bne\/bildung-fuer-nachhaltige-entwicklung-bne-90480.html\">MK Niedersachsen<\/a><\/p>\n","protected":false},"excerpt":{"rendered":"<p>Die Grundschule Obernkirchen hat sich zum Ziel gesetzt, nachhaltige Entwicklung als zukunftsrelevantes Thema im Unterricht zu verankern und mit fachlichem Lernen zu verkn\u00fcpfen. Bereits in der Vergangenheit wurde die Schule als \u201eUmweltschule\u201c ausgezeichnet und hat verschiedene Projekte zu diesem Thema initiiert, von denen einige weiterhin umgesetzt werden. K\u00fcnftig wird nun die Bildung f\u00fcr nachhaltige Entwicklung &#8230; <a title=\"BNE &#8211; Bildung f\u00fcr nachhaltige Entwicklung\" class=\"read-more\" href=\"https:\/\/wordpress.nibis.de\/gsobk\/schulleben\/umweltschule\/\" aria-label=\"Mehr Informationen \u00fcber BNE &#8211; Bildung f\u00fcr nachhaltige Entwicklung\">Weiterlesen<\/a><\/p>\n","protected":false},"author":9194377,"featured_media":0,"parent":51,"menu_order":0,"comment_status":"closed","ping_status":"closed","template":"","meta":{"footnotes":""},"class_list":["post-57","page","type-page","status-publish"],"_links":{"self":[{"href":"https:\/\/wordpress.nibis.de\/gsobk\/wp-json\/wp\/v2\/pages\/57","targetHints":{"allow":["GET"]}}],"collection":[{"href":"https:\/\/wordpress.nibis.de\/gsobk\/wp-json\/wp\/v2\/pages"}],"about":[{"href":"https:\/\/wordpress.nibis.de\/gsobk\/wp-json\/wp\/v2\/types\/page"}],"author":[{"embeddable":true,"href":"https:\/\/wordpress.nibis.de\/gsobk\/wp-json\/wp\/v2\/users\/9194377"}],"replies":[{"embeddable":true,"href":"https:\/\/wordpress.nibis.de\/gsobk\/wp-json\/wp\/v2\/comments?post=57"}],"version-history":[{"count":8,"href":"https:\/\/wordpress.nibis.de\/gsobk\/wp-json\/wp\/v2\/pages\/57\/revisions"}],"predecessor-version":[{"id":614,"href":"https:\/\/wordpress.nibis.de\/gsobk\/wp-json\/wp\/v2\/pages\/57\/revisions\/614"}],"up":[{"embeddable":true,"href":"https:\/\/wordpress.nibis.de\/gsobk\/wp-json\/wp\/v2\/pages\/51"}],"wp:attachment":[{"href":"https:\/\/wordpress.nibis.de\/gsobk\/wp-json\/wp\/v2\/media?parent=57"}],"curies":[{"name":"wp","href":"https:\/\/api.w.org\/{rel}","templated":true}]}}