{"id":59,"date":"2024-09-10T11:06:35","date_gmt":"2024-09-10T09:06:35","guid":{"rendered":"https:\/\/wordpress.nibis.de\/gsobk\/?page_id=59"},"modified":"2025-06-19T09:42:11","modified_gmt":"2025-06-19T07:42:11","slug":"informationen-des-kultusministeriums","status":"publish","type":"page","link":"https:\/\/wordpress.nibis.de\/gsobk\/schulleben\/informationen-des-kultusministeriums\/","title":{"rendered":"Sportfreundliche Schule"},"content":{"rendered":"\n<p>Unsere Schule ist als sportfreundliche Schule zertifiziert. Das bedeutet, dass wir in unserem Schulalltag und an verschiedenen Tagen im Schuljahr \u00fcber die Lehrpl\u00e4ne hinaus vielf\u00e4ltige Sport- und Fitnessangebote f\u00fcr unsere Sch\u00fclerinnen und Sch\u00fcler bereithalten, die auch in unserem Schulprogramm verankert sind.<\/p>\n\n\n\n<p>Diese Angebote und Projekte finden statt:<\/p>\n\n\n\n<p>Schul\u00fcbergriefendes Fu\u00dfballturnier der Fu\u00dfball AG<br>Abschlussturnier im 4. Jahrgang<br>Bewegungspausen w\u00e4hrend des Unterrichts im Klassenraum<br>Vielf\u00e4ltige Bewegungsangebote auf dem Schulgel\u00e4nde<br>Bewegungsspielzeug f\u00fcr die Pause in der Spielzeugausleihe<br>Triathlon<br>Schul\u00fcbergreifendes V\u00f6lkerballturnier<br>Teilnahme am Schlossparklauf in B\u00fcckeburg<br>Sinnesparcours<br>Fr\u00fchsport<br>Bewegungsbaustellen<br>Sportliche Angebote im Ganztag, unteranderem in Kooperation mit \u00f6rtlichen Vereinen<br><\/p>\n\n\n\n<figure class=\"wp-block-gallery has-nested-images columns-default is-cropped wp-block-gallery-1 is-layout-flex wp-block-gallery-is-layout-flex\">\n<figure class=\"wp-block-image size-medium\"><img loading=\"lazy\" decoding=\"async\" width=\"850\" height=\"478\" data-id=\"580\" src=\"https:\/\/wordpress.nibis.de\/gsobk\/files\/2025\/06\/Grundschule-Obernkirchen-11-von-216-850x478.jpg\" alt=\"\" class=\"wp-image-580\" srcset=\"https:\/\/wordpress.nibis.de\/gsobk\/files\/2025\/06\/Grundschule-Obernkirchen-11-von-216-850x478.jpg 850w, https:\/\/wordpress.nibis.de\/gsobk\/files\/2025\/06\/Grundschule-Obernkirchen-11-von-216-1200x675.jpg 1200w, https:\/\/wordpress.nibis.de\/gsobk\/files\/2025\/06\/Grundschule-Obernkirchen-11-von-216-250x141.jpg 250w\" sizes=\"auto, (max-width: 850px) 100vw, 850px\" \/><\/figure>\n\n\n\n<figure class=\"wp-block-image size-medium\"><img loading=\"lazy\" decoding=\"async\" width=\"850\" height=\"478\" data-id=\"567\" src=\"https:\/\/wordpress.nibis.de\/gsobk\/files\/2025\/06\/Grundschule-Obernkirchen-153-von-216-850x478.jpg\" alt=\"\" class=\"wp-image-567\" srcset=\"https:\/\/wordpress.nibis.de\/gsobk\/files\/2025\/06\/Grundschule-Obernkirchen-153-von-216-850x478.jpg 850w, https:\/\/wordpress.nibis.de\/gsobk\/files\/2025\/06\/Grundschule-Obernkirchen-153-von-216-1200x675.jpg 1200w, https:\/\/wordpress.nibis.de\/gsobk\/files\/2025\/06\/Grundschule-Obernkirchen-153-von-216-250x141.jpg 250w\" sizes=\"auto, (max-width: 850px) 100vw, 850px\" \/><\/figure>\n\n\n\n<figure class=\"wp-block-image size-medium\"><img loading=\"lazy\" decoding=\"async\" width=\"850\" height=\"478\" data-id=\"598\" src=\"https:\/\/wordpress.nibis.de\/gsobk\/files\/2025\/06\/Grundschule-Obernkirchen-146-von-216-850x478.jpg\" alt=\"\" class=\"wp-image-598\" srcset=\"https:\/\/wordpress.nibis.de\/gsobk\/files\/2025\/06\/Grundschule-Obernkirchen-146-von-216-850x478.jpg 850w, https:\/\/wordpress.nibis.de\/gsobk\/files\/2025\/06\/Grundschule-Obernkirchen-146-von-216-1200x675.jpg 1200w, https:\/\/wordpress.nibis.de\/gsobk\/files\/2025\/06\/Grundschule-Obernkirchen-146-von-216-250x141.jpg 250w\" sizes=\"auto, (max-width: 850px) 100vw, 850px\" \/><\/figure>\n<\/figure>\n\n\n\n<p><\/p>\n\n\n\n<p>Informationen des Kultusministeriums dazu finden Sie <a rel=\"noreferrer noopener\" href=\"https:\/\/www.mk.niedersachsen.de\/startseite\/schule\/schulerinnen_und_schuler_eltern\/schulsport\/projekte_aktionen_initiativen\/sportfreundliche_schule\/sportfreundliche-schule-154569.html\" target=\"_blank\">hier<\/a>.<\/p>\n","protected":false},"excerpt":{"rendered":"<p>Unsere Schule ist als sportfreundliche Schule zertifiziert. Das bedeutet, dass wir in unserem Schulalltag und an verschiedenen Tagen im Schuljahr \u00fcber die Lehrpl\u00e4ne hinaus vielf\u00e4ltige Sport- und Fitnessangebote f\u00fcr unsere Sch\u00fclerinnen und Sch\u00fcler bereithalten, die auch in unserem Schulprogramm verankert sind. Diese Angebote und Projekte finden statt: Schul\u00fcbergriefendes Fu\u00dfballturnier der Fu\u00dfball AGAbschlussturnier im 4. JahrgangBewegungspausen &#8230; <a title=\"Sportfreundliche Schule\" class=\"read-more\" href=\"https:\/\/wordpress.nibis.de\/gsobk\/schulleben\/informationen-des-kultusministeriums\/\" aria-label=\"Mehr Informationen \u00fcber Sportfreundliche Schule\">Weiterlesen<\/a><\/p>\n","protected":false},"author":9194377,"featured_media":0,"parent":51,"menu_order":0,"comment_status":"closed","ping_status":"closed","template":"","meta":{"footnotes":""},"class_list":["post-59","page","type-page","status-publish"],"_links":{"self":[{"href":"https:\/\/wordpress.nibis.de\/gsobk\/wp-json\/wp\/v2\/pages\/59","targetHints":{"allow":["GET"]}}],"collection":[{"href":"https:\/\/wordpress.nibis.de\/gsobk\/wp-json\/wp\/v2\/pages"}],"about":[{"href":"https:\/\/wordpress.nibis.de\/gsobk\/wp-json\/wp\/v2\/types\/page"}],"author":[{"embeddable":true,"href":"https:\/\/wordpress.nibis.de\/gsobk\/wp-json\/wp\/v2\/users\/9194377"}],"replies":[{"embeddable":true,"href":"https:\/\/wordpress.nibis.de\/gsobk\/wp-json\/wp\/v2\/comments?post=59"}],"version-history":[{"count":7,"href":"https:\/\/wordpress.nibis.de\/gsobk\/wp-json\/wp\/v2\/pages\/59\/revisions"}],"predecessor-version":[{"id":615,"href":"https:\/\/wordpress.nibis.de\/gsobk\/wp-json\/wp\/v2\/pages\/59\/revisions\/615"}],"up":[{"embeddable":true,"href":"https:\/\/wordpress.nibis.de\/gsobk\/wp-json\/wp\/v2\/pages\/51"}],"wp:attachment":[{"href":"https:\/\/wordpress.nibis.de\/gsobk\/wp-json\/wp\/v2\/media?parent=59"}],"curies":[{"name":"wp","href":"https:\/\/api.w.org\/{rel}","templated":true}]}}