{"id":61,"date":"2024-09-10T11:06:51","date_gmt":"2024-09-10T09:06:51","guid":{"rendered":"https:\/\/wordpress.nibis.de\/gsobk\/?page_id=61"},"modified":"2025-06-19T09:55:13","modified_gmt":"2025-06-19T07:55:13","slug":"kooperationen","status":"publish","type":"page","link":"https:\/\/wordpress.nibis.de\/gsobk\/schulleben\/kooperationen\/","title":{"rendered":"Kooperationen"},"content":{"rendered":"\n<p class=\"has-medium-font-size\"><a href=\"https:\/\/weidenkorb.de\/vielfalt-moeglichkeiten\/ambulante-und-teilstationaere-hilfen\/schulische-eingliederungshilfe\/insel-konzept-in-der-schule\/\"><strong>Weidenkorb \/ &#8222;Die Insel&#8220;<\/strong><\/a><\/p>\n\n\n\n<p>An der Grundschule Obernkirchen besteht seit viele Jahren eine Kooperation mit der Kinder- und Jugendhilfe Weidenkorb<strong>.<\/strong> Dem vorangegangen waren Gespr\u00e4che mit der Gesch\u00e4ftsf\u00fchrung der Gesellschaft f\u00fcr angewandte Sozialp\u00e4dagogik und Therapie mbH (als Tr\u00e4ger der KJH Weidenkorb) und der Schulleitung unter Zustimmung der Gesamtkonferenz, deren Zustimmung zur Errichtung der \u201eInsel\u201c an der Schule eingeholt wurde.<br><br>In einem von der Schule zur Verf\u00fcgung gestellten Raum arbeitet ein Team von Mitarbeitenden, die bei der Kinder- und Jugendhilfe Weidenkorb angestellt sind. Das Team besteht aus p\u00e4dagogischen Fachkr\u00e4ften und ist zust\u00e4ndig f\u00fcr die Kinder der Schule, bei denen ein Unterst\u00fctzungsbedarf nach \u00a7 35a SGB VIII festgestellt wurde. Das Ziel ist immer, dass das Kind zunehmend selbst\u00e4ndig und schlie\u00dflich ohne Unterst\u00fctzung vollst\u00e4ndig am Unterricht im Klassenverband teilnimmt. Dabei soll das Kind das Gef\u00fchl entwickeln, dass es sich das selbst erarbeitet hat und stolz auf sich sein kann.<br>Das Insel-Konzept sieht zudem vor, dass auch Kinder der Schule, die keinen festgestellten Unterst\u00fctzungsbedarf nach \u00a7 35a SGB VIII haben, punktuell Unterst\u00fctzung bekommen k\u00f6nnen. Das kann beispielsweise dann der Fall sein, wenn es Auseinandersetzungen erlebt hat und beruhigt werden muss oder es akuten Bedarf an Zuwendung\/Zuspruch hat, der zu dem Zeitpunkt nicht durch die Lehrkraft gedeckt werden kann.<br><br>\u201eIn einem Meer voller Anforderungen liegt immer eine Insel der M\u00f6glichkeiten\u201c<br><br>Bei Fragen wenden sie sich gerne an unser Team vor Ort oder an die Zust\u00e4ndige Leitung<br>Kerstin Nagel, 01512 6216325<\/p>\n\n\n\n<div style=\"height:10px\" aria-hidden=\"true\" class=\"wp-block-spacer\"><\/div>\n\n\n\n<p class=\"has-medium-font-size\"><a href=\"https:\/\/www.buergerstiftung-schaumburg.de\/projekt-leselust\/\"><strong>B\u00fcrgerstiftung Schaumburg &#8211; Leseclub<\/strong><\/a><\/p>\n\n\n\n<p>Der Leseclub ist unsere Schulb\u00fccherei, die durch das Projekt \u201eLeselust Schaumburg\u201c der B\u00fcrgerstiftung Schaumburg entstanden ist und gef\u00f6rdert wird. Ziel ist es, eine nachhaltige Freude f\u00fcrs Lesen und Lesen lernen zu wecken. Der Leseclub bietet eine umfangreiche Sammlung an B\u00fcchern, die nicht nur vor Ort gelesen sondern auch ausgeliehen werden k\u00f6nnen. Neben dem Leseclub unterst\u00fctzt uns das Projekt insbesondere durch Lesepatinnen und Lesepaten. Diese kommen w\u00f6chentlich meist in die 1. und 2. Klassen und lesen den Kindern Geschichten vor oder \u00fcben mit ihnen Texte aus dem Unterricht.<\/p>\n\n\n\n<figure class=\"wp-block-gallery has-nested-images columns-default is-cropped wp-block-gallery-1 is-layout-flex wp-block-gallery-is-layout-flex\">\n<figure class=\"wp-block-image size-medium\"><img loading=\"lazy\" decoding=\"async\" width=\"850\" height=\"478\" data-id=\"587\" src=\"https:\/\/wordpress.nibis.de\/gsobk\/files\/2025\/06\/Grundschule-Obernkirchen-69-von-216-850x478.jpg\" alt=\"\" class=\"wp-image-587\" srcset=\"https:\/\/wordpress.nibis.de\/gsobk\/files\/2025\/06\/Grundschule-Obernkirchen-69-von-216-850x478.jpg 850w, https:\/\/wordpress.nibis.de\/gsobk\/files\/2025\/06\/Grundschule-Obernkirchen-69-von-216-1200x675.jpg 1200w, https:\/\/wordpress.nibis.de\/gsobk\/files\/2025\/06\/Grundschule-Obernkirchen-69-von-216-250x141.jpg 250w\" sizes=\"auto, (max-width: 850px) 100vw, 850px\" \/><\/figure>\n\n\n\n<figure class=\"wp-block-image size-medium\"><img loading=\"lazy\" decoding=\"async\" width=\"850\" height=\"478\" data-id=\"586\" src=\"https:\/\/wordpress.nibis.de\/gsobk\/files\/2025\/06\/Grundschule-Obernkirchen-67-von-216-850x478.jpg\" alt=\"\" class=\"wp-image-586\" srcset=\"https:\/\/wordpress.nibis.de\/gsobk\/files\/2025\/06\/Grundschule-Obernkirchen-67-von-216-850x478.jpg 850w, https:\/\/wordpress.nibis.de\/gsobk\/files\/2025\/06\/Grundschule-Obernkirchen-67-von-216-1200x675.jpg 1200w, https:\/\/wordpress.nibis.de\/gsobk\/files\/2025\/06\/Grundschule-Obernkirchen-67-von-216-250x141.jpg 250w\" sizes=\"auto, (max-width: 850px) 100vw, 850px\" \/><\/figure>\n\n\n\n<figure class=\"wp-block-image size-medium\"><img loading=\"lazy\" decoding=\"async\" width=\"850\" height=\"478\" data-id=\"585\" src=\"https:\/\/wordpress.nibis.de\/gsobk\/files\/2025\/06\/Grundschule-Obernkirchen-58-von-216-850x478.jpg\" alt=\"\" class=\"wp-image-585\" srcset=\"https:\/\/wordpress.nibis.de\/gsobk\/files\/2025\/06\/Grundschule-Obernkirchen-58-von-216-850x478.jpg 850w, https:\/\/wordpress.nibis.de\/gsobk\/files\/2025\/06\/Grundschule-Obernkirchen-58-von-216-1200x675.jpg 1200w, https:\/\/wordpress.nibis.de\/gsobk\/files\/2025\/06\/Grundschule-Obernkirchen-58-von-216-250x141.jpg 250w\" sizes=\"auto, (max-width: 850px) 100vw, 850px\" \/><\/figure>\n<\/figure>\n\n\n\n<p><\/p>\n\n\n\n<div style=\"height:10px\" aria-hidden=\"true\" class=\"wp-block-spacer\"><\/div>\n\n\n\n<p class=\"has-medium-font-size\"><a href=\"https:\/\/www.kjms-schaumburg.de\/\"><strong>Kreisjugendmusikschule Schaumburg<\/strong><\/a><\/p>\n\n\n\n<p>\u00dcber das vom Land Niedersachsen gef\u00f6rderte Projekt &#8222;Wir machen die Musik!&#8220; bietet die Kreisjugendmusikschule Schaumburg Musikunterricht an der Grundschule Obernkirchen an. Aktuell findet Gitarren- (3.\/4. Jhg.) und Blockfl\u00f6tenunterricht (2. Jhg.) statt. Eine Anmeldung hierzu wird zu jedem Schuljahr neu ausgegeben.<\/p>\n\n\n\n<div style=\"height:10px\" aria-hidden=\"true\" class=\"wp-block-spacer\"><\/div>\n\n\n\n<p class=\"has-medium-font-size\"><a href=\"https:\/\/obernkirchenraptors.de\/\"><strong>Obernkirchen Raptors e.V.<\/strong><\/a><\/p>\n\n\n\n<p>Eine Kooperation mit den Obernkirchen Raptors bietet interessierten Sch\u00fclerinnen und Sch\u00fclern sportliche Angebote im Ganztag an.<\/p>\n","protected":false},"excerpt":{"rendered":"<p>Weidenkorb \/ &#8222;Die Insel&#8220; An der Grundschule Obernkirchen besteht seit viele Jahren eine Kooperation mit der Kinder- und Jugendhilfe Weidenkorb. Dem vorangegangen waren Gespr\u00e4che mit der Gesch\u00e4ftsf\u00fchrung der Gesellschaft f\u00fcr angewandte Sozialp\u00e4dagogik und Therapie mbH (als Tr\u00e4ger der KJH Weidenkorb) und der Schulleitung unter Zustimmung der Gesamtkonferenz, deren Zustimmung zur Errichtung der \u201eInsel\u201c an der &#8230; <a title=\"Kooperationen\" class=\"read-more\" href=\"https:\/\/wordpress.nibis.de\/gsobk\/schulleben\/kooperationen\/\" aria-label=\"Mehr Informationen \u00fcber Kooperationen\">Weiterlesen<\/a><\/p>\n","protected":false},"author":9194377,"featured_media":0,"parent":51,"menu_order":0,"comment_status":"closed","ping_status":"closed","template":"","meta":{"footnotes":""},"class_list":["post-61","page","type-page","status-publish"],"_links":{"self":[{"href":"https:\/\/wordpress.nibis.de\/gsobk\/wp-json\/wp\/v2\/pages\/61","targetHints":{"allow":["GET"]}}],"collection":[{"href":"https:\/\/wordpress.nibis.de\/gsobk\/wp-json\/wp\/v2\/pages"}],"about":[{"href":"https:\/\/wordpress.nibis.de\/gsobk\/wp-json\/wp\/v2\/types\/page"}],"author":[{"embeddable":true,"href":"https:\/\/wordpress.nibis.de\/gsobk\/wp-json\/wp\/v2\/users\/9194377"}],"replies":[{"embeddable":true,"href":"https:\/\/wordpress.nibis.de\/gsobk\/wp-json\/wp\/v2\/comments?post=61"}],"version-history":[{"count":12,"href":"https:\/\/wordpress.nibis.de\/gsobk\/wp-json\/wp\/v2\/pages\/61\/revisions"}],"predecessor-version":[{"id":622,"href":"https:\/\/wordpress.nibis.de\/gsobk\/wp-json\/wp\/v2\/pages\/61\/revisions\/622"}],"up":[{"embeddable":true,"href":"https:\/\/wordpress.nibis.de\/gsobk\/wp-json\/wp\/v2\/pages\/51"}],"wp:attachment":[{"href":"https:\/\/wordpress.nibis.de\/gsobk\/wp-json\/wp\/v2\/media?parent=61"}],"curies":[{"name":"wp","href":"https:\/\/api.w.org\/{rel}","templated":true}]}}