{"id":66,"date":"2024-09-10T11:16:55","date_gmt":"2024-09-10T09:16:55","guid":{"rendered":"https:\/\/wordpress.nibis.de\/gsobk\/?page_id=66"},"modified":"2025-06-05T10:04:12","modified_gmt":"2025-06-05T08:04:12","slug":"informationen-fuer-eltern","status":"publish","type":"page","link":"https:\/\/wordpress.nibis.de\/gsobk\/informationen-fuer-eltern\/","title":{"rendered":"Informationen f\u00fcr Eltern"},"content":{"rendered":"\n<p>Liebe Eltern und Erziehungsberechtigte,<br>hier und auf den folgenden Seiten im Men\u00fc &#8222;Eltern&#8220; finden Sie wichtige allgemeine Informationen und Dokumente.<br>Aktuelle Informationen erhalten Sie \u00fcber Ihren IServ-Zugang.<\/p>\n\n\n\n<div class=\"wp-block-file\"><a id=\"wp-block-file--media-727f304a-f7fb-42d9-8f19-d38b1a38463b\" href=\"https:\/\/wordpress.nibis.de\/gsobk\/files\/2025\/05\/Anmeldebogen-neu.pdf\">Schulanmeldung<\/a><a href=\"https:\/\/wordpress.nibis.de\/gsobk\/files\/2025\/05\/Anmeldebogen-neu.pdf\" class=\"wp-block-file__button\" download aria-describedby=\"wp-block-file--media-727f304a-f7fb-42d9-8f19-d38b1a38463b\">Herunterladen<\/a><\/div>\n\n\n\n<p>Sie sind gerade nach Obernkirchen gezogen? Hier finden Sie den Anmeldebogen, den Sie ausgef\u00fcllt mit zur Schule bringen k\u00f6nnen.<\/p>\n\n\n\n<div class=\"wp-block-file\"><a id=\"wp-block-file--media-6d92e819-620d-4ee7-bc83-a6298d8980d5\" href=\"https:\/\/wordpress.nibis.de\/gsobk\/files\/2025\/05\/Bildung-und-Teilhabe.pdf\">Bildung und Teilhabe<\/a><a href=\"https:\/\/wordpress.nibis.de\/gsobk\/files\/2025\/05\/Bildung-und-Teilhabe.pdf\" class=\"wp-block-file__button\" download aria-describedby=\"wp-block-file--media-6d92e819-620d-4ee7-bc83-a6298d8980d5\">Herunterladen<\/a><\/div>\n\n\n\n<p>Sie erhalten Sozialleistungen und ben\u00f6tigen Unterst\u00fctzung f\u00fcr Schulbedarf, Mittagsverpflegung, Ausfl\u00fcge, &#8230;? <br>In diesem Flyer finden Sie alle wichtigen Informationen vom Landkreis Schaumburg.<br>Bitte beachten Sie: Erhaltene Leistungen m\u00fcssen Sie immer wieder neu beantragen, bevor diese ablaufen. Ansonsten erhalten Sie selbst die Rechnung f\u00fcr z.B. das Mittagessen.<\/p>\n\n\n\n<p><span style=\"color:#1e73be\" class=\"tadv-color\">Schulbegleitung<\/span><br>Ihr Kind hat Bedarf an einer Unterst\u00fctzung durch eine Schulbegleitung? Die Schulbegleitung ist eine Leistung der Eingliederungshilfe. Die Kosten werden vom Sozialamt oder vom Jugendamt \u00fcbernommen, die Eltern m\u00fcssen die Schulbegleitung also nicht selbst bezahlen. Um aber eine Schulbegleitung zu bekommen, muss ein Antrag beim zust\u00e4ndigen Amt gestellt werden.<br>Durch die Kooperation mit dem Weidenkorb wird an unserer Schule eine besondere Form der Schulbegleitung angeboten. Informationen dazu finden Sie <a href=\"https:\/\/wordpress.nibis.de\/gsobk\/schulleben\/kooperationen\/\">hier<\/a>. <\/p>\n\n\n\n<div style=\"height:16px\" aria-hidden=\"true\" class=\"wp-block-spacer\"><\/div>\n\n\n\n<p class=\"has-medium-font-size\"><strong>Schulelternrat<\/strong><\/p>\n\n\n\n<p>Der Schulelternrat ist ein wichtiges Gremium, das die Interessen der Elternschaft vertritt und sich aus den gew\u00e4hlten Elternvertretungen aller Klassen zusammensetzt. Er er\u00f6rtert alle schulbezogenen Fragen und dient als Ansprechpartner f\u00fcr die Eltern.\u00a0<\/p>\n\n\n\n<p>1. Vorsitzende: Katrin Hitzemann<br>2. Vorsitzende: Jennifer Kaesler<\/p>\n","protected":false},"excerpt":{"rendered":"<p>Liebe Eltern und Erziehungsberechtigte,hier und auf den folgenden Seiten im Men\u00fc &#8222;Eltern&#8220; finden Sie wichtige allgemeine Informationen und Dokumente.Aktuelle Informationen erhalten Sie \u00fcber Ihren IServ-Zugang. Sie sind gerade nach Obernkirchen gezogen? Hier finden Sie den Anmeldebogen, den Sie ausgef\u00fcllt mit zur Schule bringen k\u00f6nnen. Sie erhalten Sozialleistungen und ben\u00f6tigen Unterst\u00fctzung f\u00fcr Schulbedarf, Mittagsverpflegung, Ausfl\u00fcge, &#8230;? &#8230; <a title=\"Informationen f\u00fcr Eltern\" class=\"read-more\" href=\"https:\/\/wordpress.nibis.de\/gsobk\/informationen-fuer-eltern\/\" aria-label=\"Mehr Informationen \u00fcber Informationen f\u00fcr Eltern\">Weiterlesen<\/a><\/p>\n","protected":false},"author":9194377,"featured_media":0,"parent":0,"menu_order":0,"comment_status":"closed","ping_status":"closed","template":"","meta":{"footnotes":""},"class_list":["post-66","page","type-page","status-publish"],"_links":{"self":[{"href":"https:\/\/wordpress.nibis.de\/gsobk\/wp-json\/wp\/v2\/pages\/66","targetHints":{"allow":["GET"]}}],"collection":[{"href":"https:\/\/wordpress.nibis.de\/gsobk\/wp-json\/wp\/v2\/pages"}],"about":[{"href":"https:\/\/wordpress.nibis.de\/gsobk\/wp-json\/wp\/v2\/types\/page"}],"author":[{"embeddable":true,"href":"https:\/\/wordpress.nibis.de\/gsobk\/wp-json\/wp\/v2\/users\/9194377"}],"replies":[{"embeddable":true,"href":"https:\/\/wordpress.nibis.de\/gsobk\/wp-json\/wp\/v2\/comments?post=66"}],"version-history":[{"count":5,"href":"https:\/\/wordpress.nibis.de\/gsobk\/wp-json\/wp\/v2\/pages\/66\/revisions"}],"predecessor-version":[{"id":560,"href":"https:\/\/wordpress.nibis.de\/gsobk\/wp-json\/wp\/v2\/pages\/66\/revisions\/560"}],"wp:attachment":[{"href":"https:\/\/wordpress.nibis.de\/gsobk\/wp-json\/wp\/v2\/media?parent=66"}],"curies":[{"name":"wp","href":"https:\/\/api.w.org\/{rel}","templated":true}]}}