{"id":68,"date":"2024-09-10T11:17:43","date_gmt":"2024-09-10T09:17:43","guid":{"rendered":"https:\/\/wordpress.nibis.de\/gsobk\/?page_id=68"},"modified":"2025-05-22T13:46:31","modified_gmt":"2025-05-22T11:46:31","slug":"im-krankheitsfall","status":"publish","type":"page","link":"https:\/\/wordpress.nibis.de\/gsobk\/informationen-fuer-eltern\/im-krankheitsfall\/","title":{"rendered":"Was passiert, wenn&#8230; ?"},"content":{"rendered":"\n<p class=\"has-medium-font-size\"><strong>Ihr Kind kann nicht zur Schule gehen?<\/strong><\/p>\n\n\n\n<p>Alle wichtigen Informationen finden Sie auf unserem Merkblatt. Dieses ist auch im Schulplaner abgedruckt.<\/p>\n\n\n\n<div class=\"wp-block-file\"><a id=\"wp-block-file--media-bd7674f6-8153-4d8e-b790-95eecab51373\" href=\"https:\/\/wordpress.nibis.de\/gsobk\/files\/2025\/05\/Seite-3.jpg\">Merkblatt Abmeldung<\/a><a href=\"https:\/\/wordpress.nibis.de\/gsobk\/files\/2025\/05\/Seite-3.jpg\" class=\"wp-block-file__button\" download aria-describedby=\"wp-block-file--media-bd7674f6-8153-4d8e-b790-95eecab51373\">Herunterladen<\/a><\/div>\n\n\n\n<p class=\"has-medium-font-size\"><strong>Abmeldung vom Ganztag<\/strong><\/p>\n\n\n\n<p>Die Teilnahme an unserem offenen Ganztagsangebot ist freiwillig. F\u00fcr Kinder, die zum Ganztag angemeldet sind, gilt die Schulpflicht (NSchG \u00a763) dann jedoch auch f\u00fcr die gesamte Zeit im Ganztag. Die Abmelderegelungen gelten somit f\u00fcr den Unterricht und f\u00fcr den Ganztag.<\/p>\n\n\n\n<ul class=\"wp-block-list\" type=\"1\"><li>Melden Sie sich fr\u00fchzeitig in der Schule, wenn Ihr Kind aus wichtigem Anlass f\u00fcr einen Tag vom Ganztag abgemeldet werden soll, bzw. fr\u00fchzeitig abgeholt werden muss. Eine kurze Notiz im Schulplaner am Tag des Fehlens ist nicht ausreichend. Sprechen Sie dies im Notfall vorher im Sekretariat ab.<\/li><\/ul>\n\n\n\n<ul class=\"wp-block-list\"><li>Fr\u00fchzeitige und zuvor abgesprochene Abholungen sind nur zu den vorhandenen Abholzeiten m\u00f6glich.<\/li><\/ul>\n\n\n\n<p class=\"has-medium-font-size\"><strong>Befreiung vom Sportunterricht<\/strong><\/p>\n\n\n\n<p>Sie k\u00f6nnen Ihr Kind aus gesundheitlichen Gr\u00fcnden schriftlich bei der Sportlehrkraft vom Sportunterricht befreien lassen. Hierzu bedarf es die Zustimmung der Lehrkraft.<\/p>\n\n\n\n<p>Eine Befreiung \u00fcber mehr als eine Woche muss formlos aber begr\u00fcndet bei der Schulleitung beantragt werden. Dies gilt auch nach der zweiten Einzelbefreiung in Folge.<\/p>\n\n\n\n<p class=\"has-medium-font-size\"><strong>Schulvermeidung<\/strong><\/p>\n\n\n\n<p>Schulvermeidung ist ein wichtiges und ernstzunehmendes Thema, welches schnell angesprochen werden sollte. Informationen und Unterst\u00fctzungsm\u00f6glichkeiten finden Sie im Flyer des Landkreises Schaumburg. <\/p>\n\n\n\n<div class=\"wp-block-file\"><a id=\"wp-block-file--media-b17b2b6d-dcbb-4c0d-b30f-b251045b9e03\" href=\"https:\/\/wordpress.nibis.de\/gsobk\/files\/2025\/05\/Schulvermeidung.pdf\">Flyer Schulvermeidung<\/a><a href=\"https:\/\/wordpress.nibis.de\/gsobk\/files\/2025\/05\/Schulvermeidung.pdf\" class=\"wp-block-file__button\" download aria-describedby=\"wp-block-file--media-b17b2b6d-dcbb-4c0d-b30f-b251045b9e03\">Herunterladen<\/a><\/div>\n\n\n\n<p class=\"has-medium-font-size\"><strong>Vorgehen bei L\u00e4usen<\/strong><\/p>\n\n\n\n<p>Wenn bei Ihrem Kind L\u00e4use oder Nissen vorhanden sind, sind Sie nach \u00a734 Infektionsschutzgesetz dazu verpflichtet, dies unverz\u00fcglich der Schule zu melden. Wir melden dies an das Gesundheitsamt weiter. Die Meldung hat den Vorteil, dass bei Freunden und Klassenkameraden Ihres Kindes kontrolliert und somit eine Weiterverbreitung verhindert werden kann.<\/p>\n\n\n\n<ul class=\"wp-block-list\" type=\"1\"><li>Behandeln Sie Ihr Kind mit einem handels\u00fcblichen Mittel gegen L\u00e4use. Behandeln Sie gem\u00e4\u00df Packungsbeilagen der L\u00e4usemittel auch die Umgebung wie Bettzeug, Sofa, Kleidung, Kuscheltiere, etc.<\/li><\/ul>\n\n\n\n<ul class=\"wp-block-list\"><li>Nach der Behandlung darf das Kind die Schule wieder besuchen. Lassen Sie sich von Ihrem behandelnden Arzt best\u00e4tigen, dass Ihr Kind nissenfrei ist. Geben Sie diese Bescheinigung bei der Klassenlehrkraft ab.<\/li><\/ul>\n","protected":false},"excerpt":{"rendered":"<p>Ihr Kind kann nicht zur Schule gehen? Alle wichtigen Informationen finden Sie auf unserem Merkblatt. Dieses ist auch im Schulplaner abgedruckt. Abmeldung vom Ganztag Die Teilnahme an unserem offenen Ganztagsangebot ist freiwillig. F\u00fcr Kinder, die zum Ganztag angemeldet sind, gilt die Schulpflicht (NSchG \u00a763) dann jedoch auch f\u00fcr die gesamte Zeit im Ganztag. Die Abmelderegelungen &#8230; <a title=\"Was passiert, wenn&#8230; ?\" class=\"read-more\" href=\"https:\/\/wordpress.nibis.de\/gsobk\/informationen-fuer-eltern\/im-krankheitsfall\/\" aria-label=\"Mehr Informationen \u00fcber Was passiert, wenn&#8230; ?\">Weiterlesen<\/a><\/p>\n","protected":false},"author":9194377,"featured_media":0,"parent":66,"menu_order":0,"comment_status":"closed","ping_status":"closed","template":"","meta":{"footnotes":""},"class_list":["post-68","page","type-page","status-publish"],"_links":{"self":[{"href":"https:\/\/wordpress.nibis.de\/gsobk\/wp-json\/wp\/v2\/pages\/68","targetHints":{"allow":["GET"]}}],"collection":[{"href":"https:\/\/wordpress.nibis.de\/gsobk\/wp-json\/wp\/v2\/pages"}],"about":[{"href":"https:\/\/wordpress.nibis.de\/gsobk\/wp-json\/wp\/v2\/types\/page"}],"author":[{"embeddable":true,"href":"https:\/\/wordpress.nibis.de\/gsobk\/wp-json\/wp\/v2\/users\/9194377"}],"replies":[{"embeddable":true,"href":"https:\/\/wordpress.nibis.de\/gsobk\/wp-json\/wp\/v2\/comments?post=68"}],"version-history":[{"count":5,"href":"https:\/\/wordpress.nibis.de\/gsobk\/wp-json\/wp\/v2\/pages\/68\/revisions"}],"predecessor-version":[{"id":544,"href":"https:\/\/wordpress.nibis.de\/gsobk\/wp-json\/wp\/v2\/pages\/68\/revisions\/544"}],"up":[{"embeddable":true,"href":"https:\/\/wordpress.nibis.de\/gsobk\/wp-json\/wp\/v2\/pages\/66"}],"wp:attachment":[{"href":"https:\/\/wordpress.nibis.de\/gsobk\/wp-json\/wp\/v2\/media?parent=68"}],"curies":[{"name":"wp","href":"https:\/\/api.w.org\/{rel}","templated":true}]}}