{"id":90,"date":"2024-09-10T11:25:36","date_gmt":"2024-09-10T09:25:36","guid":{"rendered":"https:\/\/wordpress.nibis.de\/gsobk\/?page_id=90"},"modified":"2025-05-15T13:56:27","modified_gmt":"2025-05-15T11:56:27","slug":"organisation","status":"publish","type":"page","link":"https:\/\/wordpress.nibis.de\/gsobk\/home\/organisation\/","title":{"rendered":"Organisation"},"content":{"rendered":"\n<pre class=\"wp-block-preformatted has-base-3-background-color has-background\"><strong>Fr\u00fchbetreuung<\/strong>\nWir bieten eine Fr\u00fchbetreuung ab 7.15 Uhr an. Eine Anmeldung erfolgt vor Beginn des neuen Halbjahres \u00fcber den Anmeldebogen Ganztag (<a href=\"https:\/\/wordpress.nibis.de\/gsobk\/ganztag\/\" data-type=\"page\">Anmeldung Ganztag<\/a>). F\u00fcr die Fr\u00fchbetreuung muss ein Nachweis des Arbeitgebers vorgezeigt werden.\nF\u00fcr alle anderen Kinder wird die Eingangst\u00fcr der Schule ab 7.35 Uhr ge\u00f6ffnet.<\/pre>\n\n\n\n<pre class=\"wp-block-preformatted has-base-3-background-color has-background\"><strong>Unterrichtszeiten<\/strong>\n\nDie 1. Klassen haben montags 5 und ansonsten 4 Unterrichtsstunden. \nDie 2. Klassen haben montags und dienstags 5 und ansonsten 4 Unterrichtsstunden.\nDie 3. und 4. Klassen haben t\u00e4glich 5 Unterrichtsstunden. Hinzu kommt einmal w\u00f6chentlich eine AG in der 6. Stunde.\nBis 12.20 Uhr findet eine Betreuung in Jhg. 1+2 statt, anschlie\u00dfend beginnt der offene Ganztag (<a href=\"https:\/\/wordpress.nibis.de\/gsobk\/ganztag\/\" data-type=\"page\">Anmeldung Ganztag<\/a>).\n\n1. Stunde\u00a0\u00a0\u00a0\u00a0\u00a0\u00a0\u00a0\u00a0\u00a0\u00a0\u00a0\u00a0        07.45 \u2013 08.30 Uhr\n2. Stunde                    08.30 - 09.15 Uhr\nFr\u00fchst\u00fcckspause      09.15 \u2013 09.25 Uhr\nHofpause                   09.25 \u2013 09.45 Uhr\n3. Stunde                   09.45 - 10.30 Uhr\n4. Stunde                   10.30 - 11.15 Uhr\nHofpause                   11.15 \u2013 11.35 Uhr\n5. Stunde                   11.35 \u2013 12.20 Uhr                                                                             \n6. Stunde                   12.25 \u2013 13.10 Uhr (1x w\u00f6chentliche AG in Jhg. 3+4)<\/pre>\n\n\n\n<pre class=\"wp-block-preformatted has-base-3-background-color has-background\"><strong>Ganztag<\/strong> (au\u00dfer freitags)<br><br>Mittagessen                                   Zeiten variieren je nach Jhg.<br>Hausaufgabenbetreuung           13.15 - 14.00 Uhr<br>Freie Spielzeit und Angebote     14.00 - 15.00 Uhr<\/pre>\n","protected":false},"excerpt":{"rendered":"<p>Fr\u00fchbetreuung Wir bieten eine Fr\u00fchbetreuung ab 7.15 Uhr an. Eine Anmeldung erfolgt vor Beginn des neuen Halbjahres \u00fcber den Anmeldebogen Ganztag (Anmeldung Ganztag). F\u00fcr die Fr\u00fchbetreuung muss ein Nachweis des Arbeitgebers vorgezeigt werden. F\u00fcr alle anderen Kinder wird die Eingangst\u00fcr der Schule ab 7.35 Uhr ge\u00f6ffnet. Unterrichtszeiten Die 1. Klassen haben montags 5 und ansonsten &#8230; <a title=\"Organisation\" class=\"read-more\" href=\"https:\/\/wordpress.nibis.de\/gsobk\/home\/organisation\/\" aria-label=\"Mehr Informationen \u00fcber Organisation\">Weiterlesen<\/a><\/p>\n","protected":false},"author":9194377,"featured_media":0,"parent":2,"menu_order":0,"comment_status":"closed","ping_status":"closed","template":"","meta":{"footnotes":""},"class_list":["post-90","page","type-page","status-publish"],"_links":{"self":[{"href":"https:\/\/wordpress.nibis.de\/gsobk\/wp-json\/wp\/v2\/pages\/90","targetHints":{"allow":["GET"]}}],"collection":[{"href":"https:\/\/wordpress.nibis.de\/gsobk\/wp-json\/wp\/v2\/pages"}],"about":[{"href":"https:\/\/wordpress.nibis.de\/gsobk\/wp-json\/wp\/v2\/types\/page"}],"author":[{"embeddable":true,"href":"https:\/\/wordpress.nibis.de\/gsobk\/wp-json\/wp\/v2\/users\/9194377"}],"replies":[{"embeddable":true,"href":"https:\/\/wordpress.nibis.de\/gsobk\/wp-json\/wp\/v2\/comments?post=90"}],"version-history":[{"count":10,"href":"https:\/\/wordpress.nibis.de\/gsobk\/wp-json\/wp\/v2\/pages\/90\/revisions"}],"predecessor-version":[{"id":452,"href":"https:\/\/wordpress.nibis.de\/gsobk\/wp-json\/wp\/v2\/pages\/90\/revisions\/452"}],"up":[{"embeddable":true,"href":"https:\/\/wordpress.nibis.de\/gsobk\/wp-json\/wp\/v2\/pages\/2"}],"wp:attachment":[{"href":"https:\/\/wordpress.nibis.de\/gsobk\/wp-json\/wp\/v2\/media?parent=90"}],"curies":[{"name":"wp","href":"https:\/\/api.w.org\/{rel}","templated":true}]}}