{"id":101,"date":"2022-10-22T18:29:22","date_gmt":"2022-10-22T16:29:22","guid":{"rendered":"https:\/\/wordpress.nibis.de\/gsoesing\/?page_id=101"},"modified":"2022-10-22T21:25:40","modified_gmt":"2022-10-22T19:25:40","slug":"elternmitarbeit","status":"publish","type":"page","link":"https:\/\/wordpress.nibis.de\/gsoesing\/elternmitarbeit\/","title":{"rendered":"Elternmitarbeit"},"content":{"rendered":"<p>Die Eltern k\u00f6nnen die Regenbogenschule auf unterschiedlichste Art und Weise unterst\u00fctzen:<br>Vom Obst- und Gem\u00fcseschneiden, Waffeln- oder Kuchenbacken f\u00fcr Schulveranstaltungen \u00fcber die Mitgestaltung von Klassen- Sport- und Schulfesten oder der Mitarbeit in den Elternr\u00e4ten und dem Schulvorstand.<\/p>\n\n\n<div style=\"height:10px\" aria-hidden=\"true\" class=\"wp-block-spacer\"><\/div>\n\n\n<h3>Elternabend<\/h3>\n<p>Auf den Elternabenden trifft sich die Elternschaft einer Klasse. Sie finden einmal pro Schulhalbjahr statt, bei Bedarf auch h\u00e4ufiger. In der Regel geben die Lehrkr\u00e4fte \u00fcber die Inhalte und die Leistungsbewertung in den Hauptf\u00e4chern (Deutsch, Mathematik, Sachunterricht) und ab Klasse 3 im Fach Englisch Auskunft. Die Klassenlehrkr\u00e4fte berichten zus\u00e4tzlich \u00fcber die Situation in der Klasse. Die Elternvertreter*innen berichten \u00fcber Aktivit\u00e4ten aus dem Schulelternrat (SER). Die Eltern haben die M\u00f6glichkeit, ihre Anliegen zur Sprache zu bringen. Hier k\u00f6nnen auch gemeinsame Aktivit\u00e4ten geplant werden. Der erste Elternabend dient in den 1. und 3. Klassen unter anderem zur Wahl der Elternvertreter*innen und der Beisitzer*innen f\u00fcr die Klassenkonferenzen.<\/p>\n\n\n<div style=\"height:10px\" aria-hidden=\"true\" class=\"wp-block-spacer\"><\/div>\n\n\n<h3>Elternsprechtage<\/h3>\n<p>Sie finden einmal j\u00e4hrlich im November statt. Dazu erhalten die Erziehungsberechtigten im Vorfeld ein Elterninformationsschreiben, dem die genauen Termine und Informationen zur Anmeldung entnommen werden k\u00f6nnen.<br>Die Lehrkr\u00e4fte stehen Ihnen nat\u00fcrlich auch au\u00dferhalb der Sprechtage f\u00fcr ein Gespr\u00e4ch zur Verf\u00fcgung. Bitte vereinbaren Sie bei Bedarf einen Termin \u00fcber das <a href=\"m&#97;&#105;&#x6c;&#x74;&#x6f;:r&#101;&#103;&#x65;&#x6e;&#x62;o&#103;&#101;&#110;&#x73;&#x63;&#x68;u&#108;&#101;&#x67;&#x72;&#x6f;ss&#111;&#101;&#x73;&#x69;&#x6e;g&#101;&#110;&#64;&#x74;&#x2d;&#x6f;n&#108;&#105;&#x6e;&#x65;&#x2e;de\">B\u00fcro der Regenbogenschule<\/a>.<\/p>\n\n\n<div style=\"height:10px\" aria-hidden=\"true\" class=\"wp-block-spacer\"><\/div>\n\n\n<h3>Elternvertreter*innen<\/h3>\n<p>Eine Elternvertreterin oder ein Elternvertreter und sein*e Stellvertreter*in werden von der Klassenelternschaft f\u00fcr zwei Jahre gew\u00e4hlt. Sie vertreten die Interessen der Elternschaft im Schulelternrat und gegen\u00fcber der Lehrerschaft und berichten auf den von ihnen einberufenen Elternabenden \u00fcber ihre T\u00e4tigkeit und die Schulelternratssitzung.<\/p>\n\n\n<div style=\"height:10px\" aria-hidden=\"true\" class=\"wp-block-spacer\"><\/div>\n\n\n<h3>Schulelternrat<\/h3>\n<p>Zum Schulelternrat der Regenbogenschule geh\u00f6ren die gew\u00e4hlten Vorsitzenden und Stellvertreter*innen der Elternschaft jeder Klasse.<br \/>Der Schulelternrat w\u00e4hlt f\u00fcr 2 Jahre:<br \/>&#8211; 1 Schulelternratsvorsitzende*n,<br \/>&#8211; 1 Stellvertreter*in,<br \/>&#8211; 4 Vertreter*innen f\u00fcr die Gesamtkonferenz,<br \/>&#8211; 20 Vertreter*innen f\u00fcr die Fachkonferenzen,<br \/>&#8211; 4 Schulvorstandsmitglieder (aus der gesamten Elternschaft) und<br \/>&#8211; 2 Vertreter*innen f\u00fcr den Samtgemeindeelternrat (Schultr\u00e4gerelternrat)<\/p>\n<p>Schulelternratsvorsitzende*r und Stellvertreter*in sind gemeinsam das Bindeglied zwischen Schulelternschaft und Schule\/Schulleitung. Zu den Aufgaben geh\u00f6ren:<\/p>\n<ul>\n<li>Organisation und Durchf\u00fchrung von Schulelternratssitzungen (in Absprache mit Schulleitung)<\/li>\n<li>Pflege der Mitgliederliste<\/li>\n<li>Kontakt und Absprachen mit Schulleitung<\/li>\n<li>Weitergabe aller Informationen an den Schulelternrat<\/li>\n<li>Planung und Durchf\u00fchrung schulischer Aktionen (in Absprache mit Schulleitung)<\/li>\n<\/ul>\n\n\n<div style=\"height:10px\" aria-hidden=\"true\" class=\"wp-block-spacer\"><\/div>\n\n\n<h3>Schulvorstand<\/h3>\n<p>In der Regenbogenschule geh\u00f6ren 4 Lehrer*innen (darunter die Schulleiterin) und 4 Eltern zum Schulvorstand.<br \/>Die Eltern werden f\u00fcr zwei Jahre vom Schulelternrat gew\u00e4hlt, die Lehrer*innen ebenfalls f\u00fcr zwei Jahre von der Gesamtkonferenz. Es werden auch Stellvertreter*innen bestimmt.<br \/>Zu den Entscheidungsbereichen des Schulvorstands geh\u00f6ren z. B.:<\/p>\n<ul>\n<li>Verwendung der Haushaltsmittel (Entlastung der Schulleiterin)<\/li>\n<li>eine besondere Organisation der Schule (z. B. Ganztagsschule)<\/li>\n<li>Schulversuche<\/li>\n<li>Ausgestaltung der Stundentafel<\/li>\n<li>Sch\u00fcleraustausch<\/li>\n<li>Projekte &#8211; Projektwochen<\/li>\n<li>Vorschl\u00e4ge f\u00fcr das Schulprogramm und die Schulordnung<\/li>\n<\/ul>\n<p>Die genaue Liste der Aufgaben ist im Nieders\u00e4chsischen Schulgesetz (\u00a7 38) zu lesen.<\/p>\n\n\n<p><\/p>\n","protected":false},"excerpt":{"rendered":"<p>Die Eltern k\u00f6nnen die Regenbogenschule auf unterschiedlichste Art und Weise unterst\u00fctzen:Vom Obst- und Gem\u00fcseschneiden, Waffeln- oder Kuchenbacken f\u00fcr Schulveranstaltungen \u00fcber die Mitgestaltung von Klassen- Sport- und Schulfesten oder der Mitarbeit in den Elternr\u00e4ten und dem Schulvorstand. Elternabend Auf den Elternabenden <span class=\"excerpt-dots\">&hellip;<\/span> <a class=\"more-link\" href=\"https:\/\/wordpress.nibis.de\/gsoesing\/elternmitarbeit\/\"><span class=\"more-msg\">Weiterlesen &rarr;<\/span><\/a><\/p>\n","protected":false},"author":9194057,"featured_media":0,"parent":0,"menu_order":0,"comment_status":"closed","ping_status":"closed","template":"","meta":{"footnotes":""},"class_list":["post-101","page","type-page","status-publish","hentry"],"_links":{"self":[{"href":"https:\/\/wordpress.nibis.de\/gsoesing\/wp-json\/wp\/v2\/pages\/101","targetHints":{"allow":["GET"]}}],"collection":[{"href":"https:\/\/wordpress.nibis.de\/gsoesing\/wp-json\/wp\/v2\/pages"}],"about":[{"href":"https:\/\/wordpress.nibis.de\/gsoesing\/wp-json\/wp\/v2\/types\/page"}],"author":[{"embeddable":true,"href":"https:\/\/wordpress.nibis.de\/gsoesing\/wp-json\/wp\/v2\/users\/9194057"}],"replies":[{"embeddable":true,"href":"https:\/\/wordpress.nibis.de\/gsoesing\/wp-json\/wp\/v2\/comments?post=101"}],"version-history":[{"count":14,"href":"https:\/\/wordpress.nibis.de\/gsoesing\/wp-json\/wp\/v2\/pages\/101\/revisions"}],"predecessor-version":[{"id":407,"href":"https:\/\/wordpress.nibis.de\/gsoesing\/wp-json\/wp\/v2\/pages\/101\/revisions\/407"}],"wp:attachment":[{"href":"https:\/\/wordpress.nibis.de\/gsoesing\/wp-json\/wp\/v2\/media?parent=101"}],"curies":[{"name":"wp","href":"https:\/\/api.w.org\/{rel}","templated":true}]}}