{"id":20,"date":"2022-09-17T13:20:44","date_gmt":"2022-09-17T11:20:44","guid":{"rendered":"https:\/\/wordpress.nibis.de\/gsoesing\/?page_id=20"},"modified":"2026-01-12T10:46:37","modified_gmt":"2026-01-12T09:46:37","slug":"impressum","status":"publish","type":"page","link":"https:\/\/wordpress.nibis.de\/gsoesing\/impressum\/","title":{"rendered":"Impressum"},"content":{"rendered":"<p>Land Niedersachens (Dienstanbieter im Sinne des Telemediengesetzes)<\/p>\n\n\n<div style=\"height:10px\" aria-hidden=\"true\" class=\"wp-block-spacer\"><\/div>\n\n\n<p>Das Land Niedersachsen ist eine juristische Person des \u00f6ffentlichen Rechts\u00a0vertreten durch<\/p>\n<p>Anja Prei\u00dfner, Schulleiterin<br \/>Regenbogenschule Gro\u00df Oesingen<br \/>Schulstra\u00dfe 8<br \/>29393 Gro\u00df Oesingen<br \/>Tel.: 05838 330<br \/>Fax.: 05838 1317<br \/>E-Mail: <a href=\"&#x6d;&#x61;&#x69;&#108;&#116;o:&#x72;&#x65;&#x67;&#x65;&#110;&#98;og&#x65;&#x6e;&#x73;&#99;&#104;&#117;le&#x67;&#x72;&#x6f;&#115;&#115;oe&#x73;&#x69;&#x6e;&#x67;&#101;&#110;&#64;t&#x2d;&#x6f;&#x6e;&#108;&#105;&#110;e&#46;&#x64;&#x65;\">regenbogensc&#104;&#117;&#108;&#101;&#103;&#114;&#111;&#115;&#115;&#111;&#101;&#115;&#105;&#110;&#103;&#x65;&#x6e;&#x40;&#x74;&#x2d;&#x6f;&#x6e;&#x6c;&#x69;&#x6e;&#x65;&#x2e;&#x64;&#x65;<\/a><br \/>Schulische Datenschutzbeauftragte: <a href=\"&#109;&#x61;&#105;&#x6c;t&#111;&#x3a;&#102;&#x72;a&#x75;&#46;&#112;&#x72;&#101;&#x69;s&#x73;&#x6e;&#101;&#x72;&#64;&#x67;s&#111;&#x65;&#115;&#x69;n&#x67;e&#110;&#x2e;&#100;&#x65;\">frau&#46;pre&#105;&#115;&#115;&#110;&#101;&#114;&#64;&#103;&#115;&#111;&#x65;&#x73;&#x69;&#x6e;&#x67;&#x65;&#x6e;&#x2e;&#x64;&#x65;<\/a><\/p>\n\n\n<div style=\"height:10px\" aria-hidden=\"true\" class=\"wp-block-spacer\"><\/div>\n\n\n<p>Verantwortlich f\u00fcr redaktionell-journalistische Angebote i. S. d. \u00a7 55 Abs. 2 Rundfunkstaatsvertrag<\/p>\n<p><br \/>Regenbogenschule Gro\u00df Oesingen<br \/>Schulstra\u00dfe 8<br \/>29393 Gro\u00df Oesingen<\/p>\n\n\n<div style=\"height:10px\" aria-hidden=\"true\" class=\"wp-block-spacer\"><\/div>\n\n\n<p>Disclaimer:<\/p>\n<p>Diese Webseite beinhaltet externe Links. Deren Inhalte entziehen sich unserer Einflussnahme, sodass eine Gew\u00e4hr f\u00fcr solche Inhalte von uns nicht \u00fcbernommen werden kann.<br \/>Die Verantwortung liegt stets beim jeweiligen Betreiber der externen Seiten. Zum Zeitpunkt der Verkn\u00fcpfung der externen Links waren keine Rechtsverst\u00f6\u00dfe ersichtlich. Die permanente \u00dcberwachung fremder Inhalte auf Rechtsverst\u00f6\u00dfe ohne konkrete Hinweise ist uns nicht zumutbar.<br \/>Sollten wir Kenntnis von Rechtsverletzungen erlangen, werden wir die entsprechenden externen Links unverz\u00fcglich entfernen.<\/p>\n\n\n<p><\/p>\n","protected":false},"excerpt":{"rendered":"<p>Land Niedersachens (Dienstanbieter im Sinne des Telemediengesetzes) Das Land Niedersachsen ist eine juristische Person des \u00f6ffentlichen Rechts\u00a0vertreten durch Anja Prei\u00dfner, SchulleiterinRegenbogenschule Gro\u00df OesingenSchulstra\u00dfe 829393 Gro\u00df OesingenTel.: 05838 330Fax.: 05838 1317E-Mail: &#x72;&#x65;&#x67;&#101;&#110;&#98;og&#x65;&#x6e;&#x73;&#x63;&#104;&#117;le&#x67;&#x72;&#x6f;&#x73;&#115;&#111;es&#x69;&#x6e;&#x67;&#x65;&#110;&#64;&#116;-o&#x6e;&#x6c;&#x69;&#x6e;&#101;&#46;deSchulische Datenschutzbeauftragte: fra&#117;&#46;&#112;&#x72;&#x65;&#x69;&#x73;&#x73;&#x6e;er&#64;&#103;&#115;&#111;&#101;&#x73;&#x69;&#x6e;&#x67;&#x65;&#x6e;&#46;de Verantwortlich f\u00fcr redaktionell-journalistische Angebote i. S. d. <span class=\"excerpt-dots\">&hellip;<\/span> <a class=\"more-link\" href=\"https:\/\/wordpress.nibis.de\/gsoesing\/impressum\/\"><span class=\"more-msg\">Weiterlesen &rarr;<\/span><\/a><\/p>\n","protected":false},"author":9194057,"featured_media":0,"parent":0,"menu_order":0,"comment_status":"closed","ping_status":"closed","template":"","meta":{"footnotes":""},"class_list":["post-20","page","type-page","status-publish","hentry"],"_links":{"self":[{"href":"https:\/\/wordpress.nibis.de\/gsoesing\/wp-json\/wp\/v2\/pages\/20","targetHints":{"allow":["GET"]}}],"collection":[{"href":"https:\/\/wordpress.nibis.de\/gsoesing\/wp-json\/wp\/v2\/pages"}],"about":[{"href":"https:\/\/wordpress.nibis.de\/gsoesing\/wp-json\/wp\/v2\/types\/page"}],"author":[{"embeddable":true,"href":"https:\/\/wordpress.nibis.de\/gsoesing\/wp-json\/wp\/v2\/users\/9194057"}],"replies":[{"embeddable":true,"href":"https:\/\/wordpress.nibis.de\/gsoesing\/wp-json\/wp\/v2\/comments?post=20"}],"version-history":[{"count":9,"href":"https:\/\/wordpress.nibis.de\/gsoesing\/wp-json\/wp\/v2\/pages\/20\/revisions"}],"predecessor-version":[{"id":535,"href":"https:\/\/wordpress.nibis.de\/gsoesing\/wp-json\/wp\/v2\/pages\/20\/revisions\/535"}],"wp:attachment":[{"href":"https:\/\/wordpress.nibis.de\/gsoesing\/wp-json\/wp\/v2\/media?parent=20"}],"curies":[{"name":"wp","href":"https:\/\/api.w.org\/{rel}","templated":true}]}}