{"id":22,"date":"2022-09-17T13:21:32","date_gmt":"2022-09-17T11:21:32","guid":{"rendered":"https:\/\/wordpress.nibis.de\/gsoesing\/?page_id=22"},"modified":"2022-10-23T20:28:31","modified_gmt":"2022-10-23T18:28:31","slug":"leitbild","status":"publish","type":"page","link":"https:\/\/wordpress.nibis.de\/gsoesing\/startseite\/schulprofil\/leitbild\/","title":{"rendered":"Leitbild"},"content":{"rendered":"\n<figure class=\"wp-block-image size-full\"><img loading=\"lazy\" decoding=\"async\" width=\"800\" height=\"470\" src=\"https:\/\/wordpress.nibis.de\/gsoesing\/files\/2022\/10\/image.png\" alt=\"\" class=\"wp-image-427\" srcset=\"https:\/\/wordpress.nibis.de\/gsoesing\/files\/2022\/10\/image.png 800w, https:\/\/wordpress.nibis.de\/gsoesing\/files\/2022\/10\/image-300x176.png 300w, https:\/\/wordpress.nibis.de\/gsoesing\/files\/2022\/10\/image-768x451.png 768w\" sizes=\"auto, (max-width: 800px) 100vw, 800px\" \/><\/figure>\n\n\n<p>\u00a0<\/p>\n<table style=\"height: 289px;width: 100%;border-collapse: collapse;border-style: solid\">\n<tbody>\n<tr style=\"border-style: hidden\">\n<td style=\"width: 1.041667%;vertical-align: top;height: 67px\">1.<\/td>\n<td style=\"width: 98.958333%;height: 67px;border-style: hidden;vertical-align: top\">\n<p>Wir m\u00f6chten, dass sich unsere Schulkinder zu selbstst\u00e4ndigen Pers\u00f6nlichkeiten entwickeln. Deshalb werden sie seit dem Eintritt in die Kindertagesst\u00e4tte gemeinsam von Erzieher*innen, Lehrer*innen und Eltern begleitet.<\/p>\n<\/td>\n<\/tr>\n<tr style=\"border-style: hidden\">\n<td style=\"width: 1.041667%;vertical-align: top;height: 46px;border-style: hidden\">2.<\/td>\n<td style=\"width: 98.958333%;height: 46px;vertical-align: top\">\n<p>Durch Sprachbeobachtungen wird gezielte F\u00f6rderung erm\u00f6glicht. Das einzelne Kind mit seinen individuellen St\u00e4rken und Interessen wird so unterst\u00fctzt, dass es die n\u00e4chste Stufe seiner sprachlichen Entwicklung erreichen kann.\u00a0<\/p>\n<\/td>\n<\/tr>\n<tr style=\"border-style: hidden\">\n<td style=\"width: 1.041667%;vertical-align: top;height: 45px;border-style: hidden\">3.<\/td>\n<td style=\"width: 98.958333%;height: 45px;vertical-align: top\">\n<p>An unserer Schule sollen sich alle beim Lernen wohlf\u00fchlen, deshalb wollen wir auch erfahren, was dem K\u00f6rper und unserer Seele gut tut und sie gesund erh\u00e4lt. Im Projekt \u201eKlasse 2000\u201c k\u00f6nnen wir dies aktiv erproben, unter anderem beim Thema Gesunde Ern\u00e4hrung.\u00a0<\/p>\n<\/td>\n<\/tr>\n<tr style=\"border-style: hidden\">\n<td style=\"width: 1.041667%;vertical-align: top;height: 14px;border-style: hidden\">4.<\/td>\n<td style=\"width: 98.958333%;height: 14px;vertical-align: top\">\n<p>Elektronische Medien werden immer wichtiger. Darauf wollen wir unsere Schulkinder vorbereiten, indem wir auch im schulischen Lernalltag elektronische Medien verwenden.\u00a0<\/p>\n<\/td>\n<\/tr>\n<tr style=\"border-style: hidden\">\n<td style=\"width: 1.041667%;vertical-align: top;height: 117px;border-style: hidden\">5.<\/td>\n<td style=\"width: 98.958333%;height: 117px;vertical-align: top\">\n<p>Unsere Schule ist eine sportfreundliche Schule. Mit unserem vielf\u00e4ltigen Bewegungsangebot innerhalb und au\u00dferhalb des Unterrichts f\u00f6rdern wir die Entwicklung aller Kinder und erm\u00f6glichen ihnen, wichtige Kernkompetenzen f\u00fcr den Sport zu entwickeln.<\/p>\n<\/td>\n<\/tr>\n<\/tbody>\n<\/table>\n\n\n<p><\/p>\n","protected":false},"excerpt":{"rendered":"<p>\u00a0 1. Wir m\u00f6chten, dass sich unsere Schulkinder zu selbstst\u00e4ndigen Pers\u00f6nlichkeiten entwickeln. Deshalb werden sie seit dem Eintritt in die Kindertagesst\u00e4tte gemeinsam von Erzieher*innen, Lehrer*innen und Eltern begleitet. 2. Durch Sprachbeobachtungen wird gezielte F\u00f6rderung erm\u00f6glicht. Das einzelne Kind mit seinen <span class=\"excerpt-dots\">&hellip;<\/span> <a class=\"more-link\" href=\"https:\/\/wordpress.nibis.de\/gsoesing\/startseite\/schulprofil\/leitbild\/\"><span class=\"more-msg\">Weiterlesen &rarr;<\/span><\/a><\/p>\n","protected":false},"author":9194057,"featured_media":0,"parent":70,"menu_order":0,"comment_status":"closed","ping_status":"closed","template":"","meta":{"footnotes":""},"class_list":["post-22","page","type-page","status-publish","hentry"],"_links":{"self":[{"href":"https:\/\/wordpress.nibis.de\/gsoesing\/wp-json\/wp\/v2\/pages\/22","targetHints":{"allow":["GET"]}}],"collection":[{"href":"https:\/\/wordpress.nibis.de\/gsoesing\/wp-json\/wp\/v2\/pages"}],"about":[{"href":"https:\/\/wordpress.nibis.de\/gsoesing\/wp-json\/wp\/v2\/types\/page"}],"author":[{"embeddable":true,"href":"https:\/\/wordpress.nibis.de\/gsoesing\/wp-json\/wp\/v2\/users\/9194057"}],"replies":[{"embeddable":true,"href":"https:\/\/wordpress.nibis.de\/gsoesing\/wp-json\/wp\/v2\/comments?post=22"}],"version-history":[{"count":10,"href":"https:\/\/wordpress.nibis.de\/gsoesing\/wp-json\/wp\/v2\/pages\/22\/revisions"}],"predecessor-version":[{"id":429,"href":"https:\/\/wordpress.nibis.de\/gsoesing\/wp-json\/wp\/v2\/pages\/22\/revisions\/429"}],"up":[{"embeddable":true,"href":"https:\/\/wordpress.nibis.de\/gsoesing\/wp-json\/wp\/v2\/pages\/70"}],"wp:attachment":[{"href":"https:\/\/wordpress.nibis.de\/gsoesing\/wp-json\/wp\/v2\/media?parent=22"}],"curies":[{"name":"wp","href":"https:\/\/api.w.org\/{rel}","templated":true}]}}