{"id":86,"date":"2015-04-01T13:36:22","date_gmt":"2015-04-01T11:36:22","guid":{"rendered":"http:\/\/wordpress.nibis.de\/gsoffleben\/?page_id=86"},"modified":"2025-02-12T11:59:29","modified_gmt":"2025-02-12T10:59:29","slug":"impressum-und-datenschutz","status":"publish","type":"page","link":"https:\/\/wordpress.nibis.de\/gsoffleben\/impressum-und-datenschutz\/","title":{"rendered":"Impressum"},"content":{"rendered":"<div id=\"c166\" class=\"csc-default\">\n<p class=\"bodytext\">Land Niedersachsen (Dienstanbieter im Sinne des Telemediengesetzes)<\/p>\n<p class=\"bodytext\">Das Land Niedersachsen ist eine juristische Person des \u00f6ffentlichen Rechts vertreten durch<\/p>\n<p class=\"bodytext\">Schulleitung:<\/p>\n<p>Eva Kotzerke<br \/>\nGrundschule Offleben<br \/>\nAlversdorferstr. 42<br \/>\n38372 B\u00fcddenstedt<\/p>\n<p class=\"bodytext\">Tel.: 05351-17-6031<br \/>\ne-Mail: gs-offleben[at]stadt-helmstedt.de<\/p>\n<p class=\"bodytext\">ebenso verantwortlich f\u00fcr redaktionell-journalistische Angebote i.S.d. \u00a755 Abs. 2 Rundfunkstaatenvertrag.<\/p>\n<p class=\"bodytext\"><strong>Haftung f\u00fcr Inhalte<br \/>\n<\/strong><span class=\"ff3 fc2 fs10 \">Die Inhalte unserer Seiten wurden mit gr\u00f6\u00dfter Sorgfalt erstellt. F\u00fcr die Richtigkeit, Vollst\u00e4ndigkeit und Aktualit\u00e4t der Inhalte k\u00f6nnen wir jedoch keine Gew\u00e4hr \u00fcbernehmen.<br \/>\nAls Diensteanbieter sind wir gem\u00e4\u00df \u00a7 7 Abs.1 TMG f\u00fcr eigene Inhalte auf diesen Seiten nach den allgemeinen Gesetzen verantwortlich. Nach \u00a7\u00a7 8 bis 10 TMG sind wir als Diensteanbieter jedoch nicht verpflichtet, \u00fcbermittelte oder gespeicherte fremde Informationen zu \u00fcberwachen oder nach Umst\u00e4nden zu forschen, die auf eine rechtswidrige T\u00e4tigkeit hinweisen. Verpflichtungen zur Entfernung oder Sperrung der Nutzung von Informationen nach den allgemeinen Gesetzen bleiben hiervon unber\u00fchrt. Eine diesbez\u00fcgliche Haftung ist jedoch erst ab dem Zeitpunkt der Kenntnis einer konkreten Rechtsverletzung m\u00f6glich. Bei bekannt werden von entsprechenden Rechtsverletzungen werden wir diese Inhalte umgehend entfernen.<br \/>\n<\/span><\/p>\n<\/div>\n<div id=\"c167\" class=\"csc-default\">\n<p class=\"bodytext\"><span class=\"ff3 fc2 fs10 fb \"><strong>Haftung f\u00fcr Links<\/strong><br \/>\n<\/span><span class=\"ff3 fc2 fs10 \">Unser Angebot enth\u00e4lt Links zu externen Webseiten Dritter, auf deren Inhalte wir keinen Einfluss haben. Deshalb k\u00f6nnen wir f\u00fcr diese fremden Inhalte auch keine Gew\u00e4hr \u00fcbernehmen. F\u00fcr die Inhalte der verlinkten Seiten ist stets der jeweilige Anbieter oder Betreiber der Seiten verantwortlich. Die verlinkten Seiten wurden zum Zeitpunkt der Verlinkung auf m\u00f6gliche Rechtsverst\u00f6\u00dfe \u00fcberpr\u00fcft. Rechtswidrige Inhalte waren zum Zeitpunkt der Verlinkung nicht erkennbar. Eine permanente inhaltliche Kontrolle der verlinkten Seiten ist jedoch ohne konkrete Anhaltspunkte einer Rechtsverletzung nicht zumutbar. Bei bekannt werden von Rechtsverletzungen werden wir derartige Links umgehend entfernen.<br \/>\n<\/span><\/p>\n<\/div>\n<div id=\"c168\" class=\"csc-default\">\n<p class=\"bodytext\"><span class=\"ff3 fc2 fs10 fb \"><strong>Urheberrecht<\/strong><br \/>\n<\/span><span class=\"ff3 fc2 fs10 \">Die durch die Seitenbetreiber erstellten Inhalte und Werke auf diesen Seiten unterliegen dem deutschen Urheberrecht. Beitr\u00e4ge Dritter sind als solche gekennzeichnet. Die Vervielf\u00e4ltigung, Bearbeitung, Verbreitung und jede Art der Verwertung au\u00dferhalb der Grenzen des Urheberrechtes bed\u00fcrfen der schriftlichen Zustimmung des jeweiligen Autors bzw. Erstellers. Downloads und Kopien dieser Seite sind nur f\u00fcr den privaten, nicht kommerziellen Gebrauch gestattet.<br \/>\nDie Betreiber der Seiten sind bem\u00fcht, stets die Urheberrechte anderer zu beachten bzw. auf selbst erstellte sowie lizenzfreie Werke zur\u00fcckzugreifen.<br \/>\n<\/span><\/p>\n<\/div>\n<div id=\"c169\" class=\"csc-default\">\n<p>Quelle: eRecht24.de &#8211; <b>Rechtsberatung von Anwalt<\/b> S\u00f6ren Siebert<\/p>\n<\/div>\n","protected":false},"excerpt":{"rendered":"<p>Land Niedersachsen (Dienstanbieter im Sinne des Telemediengesetzes) Das Land Niedersachsen ist eine juristische Person des \u00f6ffentlichen Rechts vertreten durch Schulleitung: Eva Kotzerke Grundschule Offleben Alversdorferstr. 42 38372 B\u00fcddenstedt Tel.: 05351-17-6031 e-Mail: gs-offleben[at]stadt-helmstedt.de ebenso verantwortlich f\u00fcr redaktionell-journalistische Angebote i.S.d. \u00a755 Abs. 2 Rundfunkstaatenvertrag. Haftung f\u00fcr Inhalte Die Inhalte unserer Seiten wurden mit gr\u00f6\u00dfter Sorgfalt erstellt. F\u00fcr &hellip; <a href=\"https:\/\/wordpress.nibis.de\/gsoffleben\/impressum-und-datenschutz\/\" class=\"more-link\"><span class=\"screen-reader-text\">Impressum<\/span> weiterlesen <span class=\"meta-nav\">&rarr;<\/span><\/a><\/p>\n","protected":false},"author":698,"featured_media":0,"parent":0,"menu_order":0,"comment_status":"closed","ping_status":"closed","template":"","meta":{"footnotes":""},"class_list":["post-86","page","type-page","status-publish","hentry"],"_links":{"self":[{"href":"https:\/\/wordpress.nibis.de\/gsoffleben\/wp-json\/wp\/v2\/pages\/86","targetHints":{"allow":["GET"]}}],"collection":[{"href":"https:\/\/wordpress.nibis.de\/gsoffleben\/wp-json\/wp\/v2\/pages"}],"about":[{"href":"https:\/\/wordpress.nibis.de\/gsoffleben\/wp-json\/wp\/v2\/types\/page"}],"author":[{"embeddable":true,"href":"https:\/\/wordpress.nibis.de\/gsoffleben\/wp-json\/wp\/v2\/users\/698"}],"replies":[{"embeddable":true,"href":"https:\/\/wordpress.nibis.de\/gsoffleben\/wp-json\/wp\/v2\/comments?post=86"}],"version-history":[{"count":6,"href":"https:\/\/wordpress.nibis.de\/gsoffleben\/wp-json\/wp\/v2\/pages\/86\/revisions"}],"predecessor-version":[{"id":1334,"href":"https:\/\/wordpress.nibis.de\/gsoffleben\/wp-json\/wp\/v2\/pages\/86\/revisions\/1334"}],"wp:attachment":[{"href":"https:\/\/wordpress.nibis.de\/gsoffleben\/wp-json\/wp\/v2\/media?parent=86"}],"curies":[{"name":"wp","href":"https:\/\/api.w.org\/{rel}","templated":true}]}}