{"id":104,"date":"2018-09-18T10:41:56","date_gmt":"2018-09-18T08:41:56","guid":{"rendered":"http:\/\/wordpress.nibis.de\/gsoldendorf\/?page_id=104"},"modified":"2018-09-30T17:33:27","modified_gmt":"2018-09-30T15:33:27","slug":"kontakt","status":"publish","type":"page","link":"https:\/\/wordpress.nibis.de\/gsoldendorf\/kontakt\/","title":{"rendered":"Kontakt \/ IServ"},"content":{"rendered":"<p>Grundschule Oldendorf<br \/>\nAm Kreimerhof 14<br \/>\n49324 Melle<br \/>\nTel.: 05422-8395<br \/>\nFax: 05422-924919<br \/>\nse&#107;&#114;&#101;&#x74;&#x61;&#x72;&#x69;at&#64;&#103;&#115;&#x2d;&#x6f;&#x6c;&#x64;en&#100;&#111;&#114;&#x66;&#x2e;&#x64;&#x65;<\/p>\n<p>&nbsp;<\/p>\n<p>Die Grundschule Oldendorf verf\u00fcgt \u00fcber ein schulinternes Netzwerk (IServ), \u00fcber das Sie alle Lehrer, Sch\u00fcler und Mitarbeiter erreichen k\u00f6nnen.<\/p>\n<p>Bitte in neuem Tab \u00f6ffnen:<\/p>\n<p><a href=\"http:\/\/www.gs-oldendorf.net\">http:\/\/www.gs-oldendorf.net<\/a><\/p>\n<p>&nbsp;<\/p>\n","protected":false},"excerpt":{"rendered":"<p>Grundschule Oldendorf Am Kreimerhof 14 49324 Melle Tel.: 05422-8395 Fax: 05422-924919 &#x73;&#x65;&#x6b;&#x72;&#x65;&#x74;&#x61;&#x72;&#x69;&#x61;&#x74;&#64;&#103;&#115;&#45;&#111;&#108;&#100;endorf&#x2e;&#x64;&#x65; &nbsp; Die Grundschule Oldendorf verf\u00fcgt \u00fcber ein schulinternes Netzwerk (IServ), \u00fcber das Sie alle Lehrer, Sch\u00fcler und Mitarbeiter erreichen k\u00f6nnen. Bitte in neuem Tab \u00f6ffnen: http:\/\/www.gs-oldendorf.net &nbsp;<\/p>\n","protected":false},"author":9192749,"featured_media":0,"parent":0,"menu_order":0,"comment_status":"closed","ping_status":"closed","template":"","meta":{"footnotes":""},"class_list":["post-104","page","type-page","status-publish","hentry"],"_links":{"self":[{"href":"https:\/\/wordpress.nibis.de\/gsoldendorf\/wp-json\/wp\/v2\/pages\/104","targetHints":{"allow":["GET"]}}],"collection":[{"href":"https:\/\/wordpress.nibis.de\/gsoldendorf\/wp-json\/wp\/v2\/pages"}],"about":[{"href":"https:\/\/wordpress.nibis.de\/gsoldendorf\/wp-json\/wp\/v2\/types\/page"}],"author":[{"embeddable":true,"href":"https:\/\/wordpress.nibis.de\/gsoldendorf\/wp-json\/wp\/v2\/users\/9192749"}],"replies":[{"embeddable":true,"href":"https:\/\/wordpress.nibis.de\/gsoldendorf\/wp-json\/wp\/v2\/comments?post=104"}],"version-history":[{"count":7,"href":"https:\/\/wordpress.nibis.de\/gsoldendorf\/wp-json\/wp\/v2\/pages\/104\/revisions"}],"predecessor-version":[{"id":331,"href":"https:\/\/wordpress.nibis.de\/gsoldendorf\/wp-json\/wp\/v2\/pages\/104\/revisions\/331"}],"wp:attachment":[{"href":"https:\/\/wordpress.nibis.de\/gsoldendorf\/wp-json\/wp\/v2\/media?parent=104"}],"curies":[{"name":"wp","href":"https:\/\/api.w.org\/{rel}","templated":true}]}}