{"id":12,"date":"2018-09-17T16:07:23","date_gmt":"2018-09-17T14:07:23","guid":{"rendered":"http:\/\/wordpress.nibis.de\/gsoldendorf\/?page_id=12"},"modified":"2026-03-04T14:31:28","modified_gmt":"2026-03-04T13:31:28","slug":"unser-team","status":"publish","type":"page","link":"https:\/\/wordpress.nibis.de\/gsoldendorf\/unser-team\/","title":{"rendered":"Team"},"content":{"rendered":"\n<p><\/p>\n\n\n\n<p><\/p>\n\n\n\n<p><img loading=\"lazy\" decoding=\"async\" class=\"alignnone size-full wp-image-2834\" src=\"https:\/\/wordpress.nibis.de\/gsoldendorf\/files\/2024\/08\/K800_0001a.jpg\" alt=\"\" width=\"900\" height=\"600\" srcset=\"https:\/\/wordpress.nibis.de\/gsoldendorf\/files\/2024\/08\/K800_0001a.jpg 900w, https:\/\/wordpress.nibis.de\/gsoldendorf\/files\/2024\/08\/K800_0001a-300x200.jpg 300w, https:\/\/wordpress.nibis.de\/gsoldendorf\/files\/2024\/08\/K800_0001a-768x512.jpg 768w, https:\/\/wordpress.nibis.de\/gsoldendorf\/files\/2024\/08\/K800_0001a-75x50.jpg 75w\" sizes=\"auto, (max-width: 900px) 100vw, 900px\" \/><\/p>\n\n\n\n<p>Team der Grundschule Oldendorf (2025\/26):<\/p>\n\n\n\n<ol class=\"wp-block-list\">\n<li>Reihe v. l. n. r. : Yvonne Bressert (Lehrerin), Wiebke Wiesehahn (Lehrerin), Silke Wiedner (Lehrerin)  Johanna B\u00f6ttcher (LiVD), Christiane Langener-H\u00f6lscher (Schulleiterin) <\/li>\n\n\n\n<li>Reihe v.l.n.r. : Alexandra Osterheider (Sekret\u00e4rin), Birgit Brinkmeyer (P\u00e4dagogische Mitarbeiterin), Heike Kattner (Lehrerin), Maren Henke (P\u00e4dagogische Mitarbeiterin), Annika Bockstette (F\u00f6rderschullehrerin)<\/li>\n<\/ol>\n\n\n\n<p>        Annika L\u00fcbke ( Lehrerin) nicht auf dem Bild<\/p>\n\n\n","protected":false},"excerpt":{"rendered":"<p>Team der Grundschule Oldendorf (2025\/26): Annika L\u00fcbke ( Lehrerin) nicht auf dem Bild<\/p>\n","protected":false},"author":9192721,"featured_media":0,"parent":0,"menu_order":0,"comment_status":"closed","ping_status":"closed","template":"","meta":{"footnotes":""},"class_list":["post-12","page","type-page","status-publish","hentry"],"_links":{"self":[{"href":"https:\/\/wordpress.nibis.de\/gsoldendorf\/wp-json\/wp\/v2\/pages\/12","targetHints":{"allow":["GET"]}}],"collection":[{"href":"https:\/\/wordpress.nibis.de\/gsoldendorf\/wp-json\/wp\/v2\/pages"}],"about":[{"href":"https:\/\/wordpress.nibis.de\/gsoldendorf\/wp-json\/wp\/v2\/types\/page"}],"author":[{"embeddable":true,"href":"https:\/\/wordpress.nibis.de\/gsoldendorf\/wp-json\/wp\/v2\/users\/9192721"}],"replies":[{"embeddable":true,"href":"https:\/\/wordpress.nibis.de\/gsoldendorf\/wp-json\/wp\/v2\/comments?post=12"}],"version-history":[{"count":24,"href":"https:\/\/wordpress.nibis.de\/gsoldendorf\/wp-json\/wp\/v2\/pages\/12\/revisions"}],"predecessor-version":[{"id":3607,"href":"https:\/\/wordpress.nibis.de\/gsoldendorf\/wp-json\/wp\/v2\/pages\/12\/revisions\/3607"}],"wp:attachment":[{"href":"https:\/\/wordpress.nibis.de\/gsoldendorf\/wp-json\/wp\/v2\/media?parent=12"}],"curies":[{"name":"wp","href":"https:\/\/api.w.org\/{rel}","templated":true}]}}